{"id":6278,"date":"2015-12-24T12:01:56","date_gmt":"2015-12-24T12:01:56","guid":{"rendered":"https:\/\/www.ohselection.com\/a-propos-oh-selection\/"},"modified":"2017-09-23T12:16:32","modified_gmt":"2017-09-23T10:16:32","slug":"notre-histoire","status":"publish","type":"page","link":"https:\/\/www.ohselection.com\/en\/notre-histoire\/","title":{"rendered":"Notre histoire"},"content":{"rendered":"<p>[vc_row css=&#8221;.vc_custom_1504107270079{margin-top: 0px !important;margin-bottom: 0px !important;}&#8221;][vc_column][vc_column_text]<\/p>\n<h3><img loading=\"lazy\" decoding=\"async\" class=\"wp-image-6386 alignleft\" src=\"https:\/\/www.ohselection.com\/wp-content\/uploads\/2017\/07\/Capture-d\u2019ee\u030ccran-2017-08-02-aE\u030c-15.48.12-150x126.png\" alt=\"\" width=\"36\" height=\"30\" \/>\u00a0NOTRE HISTOIRE<\/h3>\n<p>&nbsp;<\/p>\n<p>En cr\u00e9ant OH Selection en 2017, Samir Khemici, fondateur d\u2019Objectif Horlogerie et Jean-Yves Golvan son associ\u00e9 ambitionnent de partager leurs expertises en s\u00e9lectionnant, testant et approuvant des accessoires li\u00e9s \u00e0 l\u2019univers de l\u2019horlogerie.<\/p>\n<p>Vos montres sont des bijoux pr\u00e9cieux, utiles et intemporels. Elles refl\u00e8tent aussi votre personnalit\u00e9 et font \u00e9galement votre look.<\/p>\n<p>Ainsi, Samir et Jean-Yves ont imagin\u00e9 OH Selection. Un temple du bon go\u00fbt qui vous ouvre ses portes sur toute une gamme de rangements, d\u2019outils, de bracelets et d\u2019accessoires horlogers chics et tendances.<\/p>\n<p>OH Selection vous d\u00e9voile les avis de professionnels de l\u2019horlogerie et sp\u00e9cialistes des nouvelles tendances. Ces experts vous font voyager tant au travers du temps qu\u2019au travers du look.<\/p>\n<p>OH Selection s\u2019inscrit dans la continuit\u00e9 d\u2019<a href=\"https:\/\/www.objectifhorlogerie.fr\/\" target=\"_blank\" rel=\"noopener\">Objectif Horlogerie\u00a0<\/a>fond\u00e9e en 2011, dont les ateliers vous sont grands ouverts pour vous glisser dans la peau d\u2019un horloger.[\/vc_column_text][vc_single_image image=&#8221;7479&#8243; img_size=&#8221;full&#8221; add_caption=&#8221;yes&#8221; alignment=&#8221;center&#8221;][vc_column_text]<\/p>\n<h3><\/h3>\n<h3><img loading=\"lazy\" decoding=\"async\" class=\"wp-image-6386 alignleft\" src=\"https:\/\/www.ohselection.com\/wp-content\/uploads\/2017\/07\/Capture-d\u2019ee\u030ccran-2017-08-02-aE\u030c-15.48.12-150x126.png\" alt=\"\" width=\"36\" height=\"30\" \/>\u00a0NOS PRODUITS<\/h3>\n<p>&nbsp;<\/p>\n<p>L\u2019\u00e9quipe d\u2019OH Selection\u00a0a le plaisir de vous proposer des accessoires de qualit\u00e9 li\u00e9s de pr\u00e8s ou de loin \u00e0 l\u2019univers horloger.<\/p>\n<p>Que vous soyez passionn\u00e9s d\u2019horlogerie ou tout simplement \u00e0 la recherche des nouvelles tendances, Samir et Jean-Yves vous r\u00e9v\u00e8lent toute une collection de prestige sigl\u00e9e OH Selection: des outils et articles horlogers, des accessoires mode in &amp; chic (boutons de manchette, bracelets mode, sacs en cuir\u2026).<\/p>\n<p>Des articles s\u00e9lectionn\u00e9s, test\u00e9s et approuv\u00e9s par nos experts horlogers et mode.<\/p>\n<p>Retrouvez tous nos experts via\u00a0<a href=\"https:\/\/www.youtube.com\/channel\/UC4MT_OaOI9kNrZ1aql0mDvw\/videos?view_as=subscriber\" target=\"_blank\" rel=\"noopener\">notre cha\u00eene youtube<\/a>\u00a0et d\u00e9couvrez leurs coups de c\u0153ur et astuces ![\/vc_column_text][vc_single_image image=&#8221;8118&#8243; img_size=&#8221;full&#8221; add_caption=&#8221;yes&#8221; alignment=&#8221;center&#8221;][vc_column_text]<\/p>\n<h3><\/h3>\n<h3><img loading=\"lazy\" decoding=\"async\" class=\"wp-image-6386 alignleft\" src=\"https:\/\/www.ohselection.com\/wp-content\/uploads\/2017\/07\/Capture-d\u2019ee\u030ccran-2017-08-02-aE\u030c-15.48.12-150x126.png\" alt=\"\" width=\"36\" height=\"30\" \/>\u00a0NOS ATELIERS<\/h3>\n<p>&nbsp;<\/p>\n<p><a href=\"https:\/\/www.objectifhorlogerie.fr\/\" target=\"_blank\" rel=\"noopener\">Objectif Horlogerie<\/a>\u00a0a \u00e9t\u00e9 cr\u00e9\u00e9e en 2011 par Samir Khemici \u00e0 Paris et rejoint par Jean-Yves Golvan quelques ann\u00e9es plus tard. Avant-gardiste dans le domaine, le bin\u00f4me est devenu l\u2019incontournable des cours d\u2019horlogerie pour particuliers et professionnels.<\/p>\n<p>Situ\u00e9 \u00e0 Paris au\u00a048 rue de Rivoli,\u00a0Objectif Horlogerie\u00a0ouvre les portes de ses ateliers et vous invite \u00e0 rev\u00eatir la blouse d\u2019un horloger le cours\u00a0d\u2019une journ\u00e9e.<\/p>\n<p>Fort du succ\u00e8s rencontr\u00e9, le concept s\u2019est \u00e9tendu dans plusieurs grandes villes tant en France (Bordeaux, Lille, Lyon, Aix-en-Provence\u2026), qu\u2019\u00e0 l\u2019\u00e9tranger (Royaume-Uni, Luxembourg, Belgique, Suisse\u2026).[\/vc_column_text][vc_single_image image=&#8221;8120&#8243; img_size=&#8221;full&#8221; add_caption=&#8221;yes&#8221; alignment=&#8221;center&#8221;][\/vc_column][\/vc_row]<\/p>\n","protected":false},"excerpt":{"rendered":"<p>[vc_row css=&#8221;.vc_custom_1504107270079{margin-top: 0px !important;margin-bottom: 0px !important;}&#8221;][vc_column][vc_column_text] \u00a0NOTRE HISTOIRE &nbsp; En cr\u00e9ant OH Selection en 2017, Samir Khemici, fondateur d\u2019Objectif Horlogerie et Jean-Yves Golvan son associ\u00e9 ambitionnent de partager leurs expertises en s\u00e9lectionnant, testant et approuvant des accessoires li\u00e9s \u00e0 l\u2019univers de l\u2019horlogerie. Vos montres sont des bijoux pr\u00e9cieux, utiles et intemporels. Elles refl\u00e8tent aussi votre [&hellip;]<\/p>\n","protected":false},"author":1,"featured_media":7492,"parent":0,"menu_order":0,"comment_status":"closed","ping_status":"closed","template":"","meta":{"footnotes":""},"class_list":["post-6278","page","type-page","status-publish","has-post-thumbnail","hentry"],"yoast_head":"<!-- This site is optimized with the Yoast SEO plugin v27.0 - https:\/\/yoast.com\/product\/yoast-seo-wordpress\/ -->\n<title>Notre histoire | OH SELECTION<\/title>\n<meta name=\"robots\" content=\"index, follow, max-snippet:-1, max-image-preview:large, max-video-preview:-1\" \/>\n<link rel=\"canonical\" href=\"https:\/\/www.ohselection.com\/en\/notre-histoire\/\" \/>\n<meta property=\"og:locale\" content=\"en_US\" \/>\n<meta property=\"og:type\" content=\"article\" \/>\n<meta property=\"og:title\" content=\"Notre histoire | OH SELECTION\" \/>\n<meta property=\"og:description\" content=\"[vc_row css=&#8221;.vc_custom_1504107270079{margin-top: 0px !important;margin-bottom: 0px !important;}&#8221;][vc_column][vc_column_text] \u00a0NOTRE HISTOIRE &nbsp; En cr\u00e9ant OH Selection en 2017, Samir Khemici, fondateur d\u2019Objectif Horlogerie et Jean-Yves Golvan son associ\u00e9 ambitionnent de partager leurs expertises en s\u00e9lectionnant, testant et approuvant des accessoires li\u00e9s \u00e0 l\u2019univers de l\u2019horlogerie. Vos montres sont des bijoux pr\u00e9cieux, utiles et intemporels. Elles refl\u00e8tent aussi votre [&hellip;]\" \/>\n<meta property=\"og:url\" content=\"https:\/\/www.ohselection.com\/en\/notre-histoire\/\" \/>\n<meta property=\"og:site_name\" content=\"OH SELECTION\" \/>\n<meta property=\"article:publisher\" content=\"https:\/\/www.facebook.com\/ohselectionparis\/\" \/>\n<meta property=\"article:modified_time\" content=\"2017-09-23T10:16:32+00:00\" \/>\n<meta property=\"og:image\" content=\"https:\/\/www.ohselection.com\/wp-content\/uploads\/2015\/12\/bandeau-histoire.png\" \/>\n\t<meta property=\"og:image:width\" content=\"1500\" \/>\n\t<meta property=\"og:image:height\" content=\"400\" \/>\n\t<meta property=\"og:image:type\" content=\"image\/png\" \/>\n<meta name=\"twitter:card\" content=\"summary_large_image\" \/>\n<meta name=\"twitter:label1\" content=\"Est. reading time\" \/>\n\t<meta name=\"twitter:data1\" content=\"2 minutes\" \/>\n<script type=\"application\/ld+json\" class=\"yoast-schema-graph\">{\"@context\":\"https:\/\/schema.org\",\"@graph\":[{\"@type\":\"WebPage\",\"@id\":\"https:\/\/www.ohselection.com\/en\/notre-histoire\/\",\"url\":\"https:\/\/www.ohselection.com\/en\/notre-histoire\/\",\"name\":\"Notre histoire | OH SELECTION\",\"isPartOf\":{\"@id\":\"https:\/\/www.ohselection.com\/en\/#website\"},\"primaryImageOfPage\":{\"@id\":\"https:\/\/www.ohselection.com\/en\/notre-histoire\/#primaryimage\"},\"image\":{\"@id\":\"https:\/\/www.ohselection.com\/en\/notre-histoire\/#primaryimage\"},\"thumbnailUrl\":\"https:\/\/www.ohselection.com\/wp-content\/uploads\/2015\/12\/bandeau-histoire.png\",\"datePublished\":\"2015-12-24T12:01:56+00:00\",\"dateModified\":\"2017-09-23T10:16:32+00:00\",\"inLanguage\":\"en-US\",\"potentialAction\":[{\"@type\":\"ReadAction\",\"target\":[\"https:\/\/www.ohselection.com\/en\/notre-histoire\/\"]}]},{\"@type\":\"ImageObject\",\"inLanguage\":\"en-US\",\"@id\":\"https:\/\/www.ohselection.com\/en\/notre-histoire\/#primaryimage\",\"url\":\"https:\/\/www.ohselection.com\/wp-content\/uploads\/2015\/12\/bandeau-histoire.png\",\"contentUrl\":\"https:\/\/www.ohselection.com\/wp-content\/uploads\/2015\/12\/bandeau-histoire.png\",\"width\":1500,\"height\":400},{\"@type\":\"WebSite\",\"@id\":\"https:\/\/www.ohselection.com\/en\/#website\",\"url\":\"https:\/\/www.ohselection.com\/en\/\",\"name\":\"OH Selection\",\"description\":\"Une s\u00e9lection de produits test\u00e9s et approuv\u00e9s par nos horlogers\",\"publisher\":{\"@id\":\"https:\/\/www.ohselection.com\/en\/#organization\"},\"alternateName\":\"Boutique sp\u00e9cialis\u00e9e dans les accessoires d'horlogerie\",\"potentialAction\":[{\"@type\":\"SearchAction\",\"target\":{\"@type\":\"EntryPoint\",\"urlTemplate\":\"https:\/\/www.ohselection.com\/en\/?s={search_term_string}\"},\"query-input\":{\"@type\":\"PropertyValueSpecification\",\"valueRequired\":true,\"valueName\":\"search_term_string\"}}],\"inLanguage\":\"en-US\"},{\"@type\":\"Organization\",\"@id\":\"https:\/\/www.ohselection.com\/en\/#organization\",\"name\":\"OH SELECTION\",\"alternateName\":\"OHSelection\",\"url\":\"https:\/\/www.ohselection.com\/en\/\",\"logo\":{\"@type\":\"ImageObject\",\"inLanguage\":\"en-US\",\"@id\":\"https:\/\/www.ohselection.com\/en\/#\/schema\/logo\/image\/\",\"url\":\"https:\/\/www.ohselection.com\/wp-content\/uploads\/2025\/04\/Logo-OHS-N.jpg\",\"contentUrl\":\"https:\/\/www.ohselection.com\/wp-content\/uploads\/2025\/04\/Logo-OHS-N.jpg\",\"width\":1385,\"height\":325,\"caption\":\"OH SELECTION\"},\"image\":{\"@id\":\"https:\/\/www.ohselection.com\/en\/#\/schema\/logo\/image\/\"},\"sameAs\":[\"https:\/\/www.facebook.com\/ohselectionparis\/\",\"https:\/\/www.instagram.com\/ohselectionparis\/\"]}]}<\/script>\n<!-- \/ Yoast SEO plugin. -->","yoast_head_json":{"title":"Notre histoire | OH SELECTION","robots":{"index":"index","follow":"follow","max-snippet":"max-snippet:-1","max-image-preview":"max-image-preview:large","max-video-preview":"max-video-preview:-1"},"canonical":"https:\/\/www.ohselection.com\/en\/notre-histoire\/","og_locale":"en_US","og_type":"article","og_title":"Notre histoire | OH SELECTION","og_description":"[vc_row css=&#8221;.vc_custom_1504107270079{margin-top: 0px !important;margin-bottom: 0px !important;}&#8221;][vc_column][vc_column_text] \u00a0NOTRE HISTOIRE &nbsp; En cr\u00e9ant OH Selection en 2017, Samir Khemici, fondateur d\u2019Objectif Horlogerie et Jean-Yves Golvan son associ\u00e9 ambitionnent de partager leurs expertises en s\u00e9lectionnant, testant et approuvant des accessoires li\u00e9s \u00e0 l\u2019univers de l\u2019horlogerie. Vos montres sont des bijoux pr\u00e9cieux, utiles et intemporels. Elles refl\u00e8tent aussi votre [&hellip;]","og_url":"https:\/\/www.ohselection.com\/en\/notre-histoire\/","og_site_name":"OH SELECTION","article_publisher":"https:\/\/www.facebook.com\/ohselectionparis\/","article_modified_time":"2017-09-23T10:16:32+00:00","og_image":[{"width":1500,"height":400,"url":"https:\/\/www.ohselection.com\/wp-content\/uploads\/2015\/12\/bandeau-histoire.png","type":"image\/png"}],"twitter_card":"summary_large_image","twitter_misc":{"Est. reading time":"2 minutes"},"schema":{"@context":"https:\/\/schema.org","@graph":[{"@type":"WebPage","@id":"https:\/\/www.ohselection.com\/en\/notre-histoire\/","url":"https:\/\/www.ohselection.com\/en\/notre-histoire\/","name":"Notre histoire | OH SELECTION","isPartOf":{"@id":"https:\/\/www.ohselection.com\/en\/#website"},"primaryImageOfPage":{"@id":"https:\/\/www.ohselection.com\/en\/notre-histoire\/#primaryimage"},"image":{"@id":"https:\/\/www.ohselection.com\/en\/notre-histoire\/#primaryimage"},"thumbnailUrl":"https:\/\/www.ohselection.com\/wp-content\/uploads\/2015\/12\/bandeau-histoire.png","datePublished":"2015-12-24T12:01:56+00:00","dateModified":"2017-09-23T10:16:32+00:00","inLanguage":"en-US","potentialAction":[{"@type":"ReadAction","target":["https:\/\/www.ohselection.com\/en\/notre-histoire\/"]}]},{"@type":"ImageObject","inLanguage":"en-US","@id":"https:\/\/www.ohselection.com\/en\/notre-histoire\/#primaryimage","url":"https:\/\/www.ohselection.com\/wp-content\/uploads\/2015\/12\/bandeau-histoire.png","contentUrl":"https:\/\/www.ohselection.com\/wp-content\/uploads\/2015\/12\/bandeau-histoire.png","width":1500,"height":400},{"@type":"WebSite","@id":"https:\/\/www.ohselection.com\/en\/#website","url":"https:\/\/www.ohselection.com\/en\/","name":"OH Selection","description":"Une s\u00e9lection de produits test\u00e9s et approuv\u00e9s par nos horlogers","publisher":{"@id":"https:\/\/www.ohselection.com\/en\/#organization"},"alternateName":"Boutique sp\u00e9cialis\u00e9e dans les accessoires d'horlogerie","potentialAction":[{"@type":"SearchAction","target":{"@type":"EntryPoint","urlTemplate":"https:\/\/www.ohselection.com\/en\/?s={search_term_string}"},"query-input":{"@type":"PropertyValueSpecification","valueRequired":true,"valueName":"search_term_string"}}],"inLanguage":"en-US"},{"@type":"Organization","@id":"https:\/\/www.ohselection.com\/en\/#organization","name":"OH SELECTION","alternateName":"OHSelection","url":"https:\/\/www.ohselection.com\/en\/","logo":{"@type":"ImageObject","inLanguage":"en-US","@id":"https:\/\/www.ohselection.com\/en\/#\/schema\/logo\/image\/","url":"https:\/\/www.ohselection.com\/wp-content\/uploads\/2025\/04\/Logo-OHS-N.jpg","contentUrl":"https:\/\/www.ohselection.com\/wp-content\/uploads\/2025\/04\/Logo-OHS-N.jpg","width":1385,"height":325,"caption":"OH SELECTION"},"image":{"@id":"https:\/\/www.ohselection.com\/en\/#\/schema\/logo\/image\/"},"sameAs":["https:\/\/www.facebook.com\/ohselectionparis\/","https:\/\/www.instagram.com\/ohselectionparis\/"]}]}},"_links":{"self":[{"href":"https:\/\/www.ohselection.com\/en\/wp-json\/wp\/v2\/pages\/6278","targetHints":{"allow":["GET"]}}],"collection":[{"href":"https:\/\/www.ohselection.com\/en\/wp-json\/wp\/v2\/pages"}],"about":[{"href":"https:\/\/www.ohselection.com\/en\/wp-json\/wp\/v2\/types\/page"}],"author":[{"embeddable":true,"href":"https:\/\/www.ohselection.com\/en\/wp-json\/wp\/v2\/users\/1"}],"replies":[{"embeddable":true,"href":"https:\/\/www.ohselection.com\/en\/wp-json\/wp\/v2\/comments?post=6278"}],"version-history":[{"count":0,"href":"https:\/\/www.ohselection.com\/en\/wp-json\/wp\/v2\/pages\/6278\/revisions"}],"wp:featuredmedia":[{"embeddable":true,"href":"https:\/\/www.ohselection.com\/en\/wp-json\/wp\/v2\/media\/7492"}],"wp:attachment":[{"href":"https:\/\/www.ohselection.com\/en\/wp-json\/wp\/v2\/media?parent=6278"}],"curies":[{"name":"wp","href":"https:\/\/api.w.org\/{rel}","templated":true}]}}