{"id":99141,"date":"2025-09-22T13:47:49","date_gmt":"2025-09-22T11:47:49","guid":{"rendered":"https:\/\/www.ohselection.com\/abraham-louis-breguet\/"},"modified":"2025-09-22T15:49:11","modified_gmt":"2025-09-22T13:49:11","slug":"abraham-louis-breguet","status":"publish","type":"page","link":"https:\/\/www.ohselection.com\/en\/abraham-louis-breguet\/","title":{"rendered":"Abraham-Louis Breguet"},"content":{"rendered":"<p>The art of watchmaking is, above all, an art of precision. And no one embodies this quest for accuracy and technical absolute better than the <a href=\"https:\/\/www.ohselection.com\/famous-watchmakers\/?lang=en\">celebrated watchmaker<\/a> Abraham-Louis Breguet. He elevated time measurement to an unprecedented level, and, in doing so, allowed watches and clocks to fully enter the era of modernity.  <\/p>\n<h2><img loading=\"lazy\" decoding=\"async\" class=\"aligncenter wp-image-6605 size-full\" src=\"\/wp-content\/uploads\/2017\/08\/Horloger-Abraham-Louis-Breguet.jpg\" alt=\"\" width=\"1123\" height=\"1062\" srcset=\"https:\/\/www.ohselection.com\/wp-content\/uploads\/2017\/08\/Horloger-Abraham-Louis-Breguet.jpg 1123w, https:\/\/www.ohselection.com\/wp-content\/uploads\/2017\/08\/Horloger-Abraham-Louis-Breguet-120x113.jpg 120w, https:\/\/www.ohselection.com\/wp-content\/uploads\/2017\/08\/Horloger-Abraham-Louis-Breguet-750x709.jpg 750w, https:\/\/www.ohselection.com\/wp-content\/uploads\/2017\/08\/Horloger-Abraham-Louis-Breguet-64x61.jpg 64w, https:\/\/www.ohselection.com\/wp-content\/uploads\/2017\/08\/Horloger-Abraham-Louis-Breguet-150x142.jpg 150w, https:\/\/www.ohselection.com\/wp-content\/uploads\/2017\/08\/Horloger-Abraham-Louis-Breguet-300x284.jpg 300w, https:\/\/www.ohselection.com\/wp-content\/uploads\/2017\/08\/Horloger-Abraham-Louis-Breguet-768x726.jpg 768w, https:\/\/www.ohselection.com\/wp-content\/uploads\/2017\/08\/Horloger-Abraham-Louis-Breguet-1024x968.jpg 1024w\" sizes=\"auto, (max-width: 1123px) 100vw, 1123px\" \/>Abraham-Louis Breguet, the Man who Elevated Watches<\/h2>\n<p>Aside from the Tourbillon, which he invented in 1801, Abraham-Louis Breguet was never one for grand displays. He was not as flamboyant as Ferdinand Berthoud, whom he succeeded as official watchmaker to the Royal Navy, nor as stubborn as John Harrison, with whom he shared the distinction of designing marine chronometers. Breguet was a man of discreet inventions, of silent advancements. Yet, quietly, his subtle steps profoundly changed the conception of watchmaking, paving the way for the modern developments of timepiece mechanisms.   <\/p>\n<p>Abraham-Louis Breguet was born in Neuch\u00e2tel, Switzerland, on January 10, 1747, into a watchmaking family. His calling was thus almost a given. However, he soon left his family to move to France, specifically to the royal court in Versailles, where he furthered his apprenticeship under the guidance of Jean-Antoine L\u00e9pine and, especially, Berthoud, who at the time illuminated the Parisian watchmaking scene with his talents as a teacher and educator.  <\/p>\n<p>It was on Quai de l&#8217;Horlogerie, in Paris, that Breguet set up his workshop. It was 1775, and the young man was only 28 years old. It would take him less than ten years to launch his first inventions (such as the gong-spring for repeating watches), achieve the rank of master watchmaker (in 1784), and gain recognition from Louis XVI and Marie-Antoinette for his truly remarkable creations. In 1786, the government sought his advice for a royal watchmaking manufacture that the king planned to build.   <\/p>\n<p>The Revolution forced him to seek refuge in Switzerland, but he returned to Paris in 1792 and obtained French citizenship. His reputation continued to grow when he submitted his candidacy to the Academy of Sciences, in the mechanical arts section (though he would only be admitted in 1816), before winning a gold medal at the National Exhibition of Industrial Products in 1798. Appreciated by Bonaparte, who bought three pieces from him, Breguet alternated between designing new mechanisms \u2013 such as the Tourbillon regulator, for which he filed the patent on June 26, 1801 \u2013 and creating unique pieces at the request of wealthy and powerful patrons, notably a famous wristwatch made for the Queen of Naples.  <\/p>\n<p>Also passionate about marine chronometers, for which he created a double-barrel model in 1815, Abraham-Louis Breguet attained the title of official watchmaker to the Royal Navy following the death of his former teacher, Berthoud. He wrote a booklet of Instructions on the Use of Marine Watches and also concerned himself with astronomy, designing an eyepiece for observation telescopes. In parallel, his importance at court continued to grow: this was the period when he was appointed a member of the Bureau des Longitudes, admitted to the Academy of Sciences, and awarded the Legion of Honor by Louis XVIII.  <\/p>\n<p>Having reached the pinnacle of his art and renown, Breguet passed away on September 17, 1823, in Paris, leaving the succession of his business to his son Louis-Antoine.<\/p>\n<h2><img loading=\"lazy\" decoding=\"async\" class=\"aligncenter wp-image-6607 size-full\" src=\"\/wp-content\/uploads\/2017\/08\/Portrait-abraham-louis-breguet.jpg\" alt=\"\" width=\"466\" height=\"576\" srcset=\"https:\/\/www.ohselection.com\/wp-content\/uploads\/2017\/08\/Portrait-abraham-louis-breguet.jpg 466w, https:\/\/www.ohselection.com\/wp-content\/uploads\/2017\/08\/Portrait-abraham-louis-breguet-120x148.jpg 120w, https:\/\/www.ohselection.com\/wp-content\/uploads\/2017\/08\/Portrait-abraham-louis-breguet-64x79.jpg 64w, https:\/\/www.ohselection.com\/wp-content\/uploads\/2017\/08\/Portrait-abraham-louis-breguet-121x150.jpg 121w, https:\/\/www.ohselection.com\/wp-content\/uploads\/2017\/08\/Portrait-abraham-louis-breguet-243x300.jpg 243w\" sizes=\"auto, (max-width: 466px) 100vw, 466px\" \/>Precise and Precious Inventions<\/h2>\n<p>Less flamboyant than some of his peers, Abraham-Louis Breguet first built his reputation on his extraordinary ability to improve existing mechanisms, as if they were merely awaiting his genius to be perfected. His work on the perpetual watch, in particular, earned him great credit in the watchmaking world. <\/p>\n<p>When he dedicated himself to his own inventions, it was in mechanical precision that he worked wonders. Examples include: <\/p>\n<ul>\n<li>In 1783, the gong-spring for repeating watches<\/li>\n<li>In 1790, the pare-chute (shock protection system), which, as its name suggests, is designed to absorb the shocks to which timepieces are subjected.<\/li>\n<li>In 1795, the <a href=\"http:\/\/www.lepoint.fr\/montres\/Magazine\/Dictionnaire-horlogerie\/spiral-plat-coude-ou-breguet-02-12-2012-2018202_2975.php\">Breguet overcoil<\/a><\/li>\n<li>In 1799, the tact watch<\/li>\n<li>In 1801, the Tourbillon<\/li>\n<li>In 1810, the wristwatch<\/li>\n<li>As well as numerous particularly precise escapements<\/li>\n<\/ul>\n<p>To this non-exhaustive list, we can add: marine chronometers, astronomical clocks, metallic thermometers, etc.<\/p>\n<h2>Breguet: Always a Step Ahead<\/h2>\n<p>If only one invention developed by Abraham-Louis Breguet were to be remembered, it would certainly be the <a href=\"http:\/\/www.breguet.com\/fr\/histoire\/inventions\/tourbillon\">Tourbillon<\/a>. Breguet sought to design a mechanism to balance the various parts of the watch. Until then, a timepiece, by default, was subject to the influence of gravity in the form of slight chronometric deviations. The Tourbillon was a rotating system that carried the entire escapement-balance assembly within a mobile cage, thereby compensating for the effects of terrestrial gravity and mitigating variations inherent in all human activity. Since its patenting in 1801, the Tourbillon, subsequently improved in many ways, has remained an absolutely mythical invention.    <\/p>\n<p>The Tourbillon was the embodiment of Breguet&#8217;s own ambition: to achieve perfection in the precision of watchmaking mechanisms. In parallel, the master paved the way for the era of grand horological complications, offering posterity a masterpiece of precision and complexity: watch no. 160, known as the \u201c<a href=\"http:\/\/www.lacotedesmontres.com\/actu\/La-montre-Breguet-Marie-Antoinette-N-1160-presente-par-Nicolas-Hayek-et-reconstruite-sur-le-modele-de-la-montre-dite-Marie-Antoinette-n-160-realisee-en-1827-et-volee-en-1983-No_6657.htm\">Marie-Antoinette<\/a>\u201d. <\/p>\n<p>Throughout his career, Abraham-Louis Breguet revolutionized many aspects of watchmaking, with a discretion matched only by his humility. Through his talent, the art of watchmaking primarily became an art of mechanical and temporal precision. <\/p>\n","protected":false},"excerpt":{"rendered":"<p>The art of watchmaking is, above all, an art of precision. And no one embodies this quest for accuracy and technical absolute better than the celebrated watchmaker Abraham-Louis Breguet. He elevated time measurement to an unprecedented level, and, in doing so, allowed watches and clocks to fully enter the era of modernity. Abraham-Louis Breguet, the [&hellip;]<\/p>\n","protected":false},"author":9,"featured_media":0,"parent":99599,"menu_order":0,"comment_status":"closed","ping_status":"closed","template":"","meta":{"footnotes":""},"class_list":["post-99141","page","type-page","status-publish","hentry"],"yoast_head":"<!-- This site is optimized with the Yoast SEO plugin v27.0 - https:\/\/yoast.com\/product\/yoast-seo-wordpress\/ -->\n<title>Abraham-Louis Breguet, the Champion of Precision<\/title>\n<meta name=\"description\" content=\"A watchmaking genius, driven by perfection, Abraham-Louis Breguet contributed to the mechanical improvement and the pursuit of precision in timepieces.\" \/>\n<meta name=\"robots\" content=\"index, follow, max-snippet:-1, max-image-preview:large, max-video-preview:-1\" \/>\n<link rel=\"canonical\" href=\"https:\/\/www.ohselection.com\/en\/abraham-louis-breguet\/\" \/>\n<meta property=\"og:locale\" content=\"en_US\" \/>\n<meta property=\"og:type\" content=\"article\" \/>\n<meta property=\"og:title\" content=\"Abraham-Louis Breguet, the Champion of Precision\" \/>\n<meta property=\"og:description\" content=\"A watchmaking genius, driven by perfection, Abraham-Louis Breguet contributed to the mechanical improvement and the pursuit of precision in timepieces.\" \/>\n<meta property=\"og:url\" content=\"https:\/\/www.ohselection.com\/en\/abraham-louis-breguet\/\" \/>\n<meta property=\"og:site_name\" content=\"OH SELECTION\" \/>\n<meta property=\"article:publisher\" content=\"https:\/\/www.facebook.com\/ohselectionparis\/\" \/>\n<meta property=\"article:modified_time\" content=\"2025-09-22T13:49:11+00:00\" \/>\n<meta name=\"twitter:card\" content=\"summary_large_image\" \/>\n<meta name=\"twitter:label1\" content=\"Est. reading time\" \/>\n\t<meta name=\"twitter:data1\" content=\"4 minutes\" \/>\n<script type=\"application\/ld+json\" class=\"yoast-schema-graph\">{\"@context\":\"https:\/\/schema.org\",\"@graph\":[{\"@type\":\"WebPage\",\"@id\":\"https:\/\/www.ohselection.com\/en\/abraham-louis-breguet\/\",\"url\":\"https:\/\/www.ohselection.com\/en\/abraham-louis-breguet\/\",\"name\":\"Abraham-Louis Breguet, the Champion of Precision\",\"isPartOf\":{\"@id\":\"https:\/\/www.ohselection.com\/en\/#website\"},\"datePublished\":\"2025-09-22T11:47:49+00:00\",\"dateModified\":\"2025-09-22T13:49:11+00:00\",\"description\":\"A watchmaking genius, driven by perfection, Abraham-Louis Breguet contributed to the mechanical improvement and the pursuit of precision in timepieces.\",\"breadcrumb\":{\"@id\":\"https:\/\/www.ohselection.com\/en\/abraham-louis-breguet\/#breadcrumb\"},\"inLanguage\":\"en-US\",\"potentialAction\":[{\"@type\":\"ReadAction\",\"target\":[\"https:\/\/www.ohselection.com\/en\/abraham-louis-breguet\/\"]}]},{\"@type\":\"BreadcrumbList\",\"@id\":\"https:\/\/www.ohselection.com\/en\/abraham-louis-breguet\/#breadcrumb\",\"itemListElement\":[{\"@type\":\"ListItem\",\"position\":1,\"name\":\"Accueil\",\"item\":\"https:\/\/www.ohselection.com\/en\/famous-watchmakers\/?lang=en\"},{\"@type\":\"ListItem\",\"position\":2,\"name\":\"Abraham-Louis Breguet\"}]},{\"@type\":\"WebSite\",\"@id\":\"https:\/\/www.ohselection.com\/en\/#website\",\"url\":\"https:\/\/www.ohselection.com\/en\/\",\"name\":\"OH Selection\",\"description\":\"Une s\u00e9lection de produits test\u00e9s et approuv\u00e9s par nos horlogers\",\"publisher\":{\"@id\":\"https:\/\/www.ohselection.com\/en\/#organization\"},\"alternateName\":\"Boutique sp\u00e9cialis\u00e9e dans les accessoires d'horlogerie\",\"potentialAction\":[{\"@type\":\"SearchAction\",\"target\":{\"@type\":\"EntryPoint\",\"urlTemplate\":\"https:\/\/www.ohselection.com\/en\/?s={search_term_string}\"},\"query-input\":{\"@type\":\"PropertyValueSpecification\",\"valueRequired\":true,\"valueName\":\"search_term_string\"}}],\"inLanguage\":\"en-US\"},{\"@type\":\"Organization\",\"@id\":\"https:\/\/www.ohselection.com\/en\/#organization\",\"name\":\"OH SELECTION\",\"alternateName\":\"OHSelection\",\"url\":\"https:\/\/www.ohselection.com\/en\/\",\"logo\":{\"@type\":\"ImageObject\",\"inLanguage\":\"en-US\",\"@id\":\"https:\/\/www.ohselection.com\/en\/#\/schema\/logo\/image\/\",\"url\":\"https:\/\/www.ohselection.com\/wp-content\/uploads\/2025\/04\/Logo-OHS-N.jpg\",\"contentUrl\":\"https:\/\/www.ohselection.com\/wp-content\/uploads\/2025\/04\/Logo-OHS-N.jpg\",\"width\":1385,\"height\":325,\"caption\":\"OH SELECTION\"},\"image\":{\"@id\":\"https:\/\/www.ohselection.com\/en\/#\/schema\/logo\/image\/\"},\"sameAs\":[\"https:\/\/www.facebook.com\/ohselectionparis\/\",\"https:\/\/www.instagram.com\/ohselectionparis\/\"]}]}<\/script>\n<!-- \/ Yoast SEO plugin. -->","yoast_head_json":{"title":"Abraham-Louis Breguet, the Champion of Precision","description":"A watchmaking genius, driven by perfection, Abraham-Louis Breguet contributed to the mechanical improvement and the pursuit of precision in timepieces.","robots":{"index":"index","follow":"follow","max-snippet":"max-snippet:-1","max-image-preview":"max-image-preview:large","max-video-preview":"max-video-preview:-1"},"canonical":"https:\/\/www.ohselection.com\/en\/abraham-louis-breguet\/","og_locale":"en_US","og_type":"article","og_title":"Abraham-Louis Breguet, the Champion of Precision","og_description":"A watchmaking genius, driven by perfection, Abraham-Louis Breguet contributed to the mechanical improvement and the pursuit of precision in timepieces.","og_url":"https:\/\/www.ohselection.com\/en\/abraham-louis-breguet\/","og_site_name":"OH SELECTION","article_publisher":"https:\/\/www.facebook.com\/ohselectionparis\/","article_modified_time":"2025-09-22T13:49:11+00:00","twitter_card":"summary_large_image","twitter_misc":{"Est. reading time":"4 minutes"},"schema":{"@context":"https:\/\/schema.org","@graph":[{"@type":"WebPage","@id":"https:\/\/www.ohselection.com\/en\/abraham-louis-breguet\/","url":"https:\/\/www.ohselection.com\/en\/abraham-louis-breguet\/","name":"Abraham-Louis Breguet, the Champion of Precision","isPartOf":{"@id":"https:\/\/www.ohselection.com\/en\/#website"},"datePublished":"2025-09-22T11:47:49+00:00","dateModified":"2025-09-22T13:49:11+00:00","description":"A watchmaking genius, driven by perfection, Abraham-Louis Breguet contributed to the mechanical improvement and the pursuit of precision in timepieces.","breadcrumb":{"@id":"https:\/\/www.ohselection.com\/en\/abraham-louis-breguet\/#breadcrumb"},"inLanguage":"en-US","potentialAction":[{"@type":"ReadAction","target":["https:\/\/www.ohselection.com\/en\/abraham-louis-breguet\/"]}]},{"@type":"BreadcrumbList","@id":"https:\/\/www.ohselection.com\/en\/abraham-louis-breguet\/#breadcrumb","itemListElement":[{"@type":"ListItem","position":1,"name":"Accueil","item":"https:\/\/www.ohselection.com\/en\/famous-watchmakers\/?lang=en"},{"@type":"ListItem","position":2,"name":"Abraham-Louis Breguet"}]},{"@type":"WebSite","@id":"https:\/\/www.ohselection.com\/en\/#website","url":"https:\/\/www.ohselection.com\/en\/","name":"OH Selection","description":"Une s\u00e9lection de produits test\u00e9s et approuv\u00e9s par nos horlogers","publisher":{"@id":"https:\/\/www.ohselection.com\/en\/#organization"},"alternateName":"Boutique sp\u00e9cialis\u00e9e dans les accessoires d'horlogerie","potentialAction":[{"@type":"SearchAction","target":{"@type":"EntryPoint","urlTemplate":"https:\/\/www.ohselection.com\/en\/?s={search_term_string}"},"query-input":{"@type":"PropertyValueSpecification","valueRequired":true,"valueName":"search_term_string"}}],"inLanguage":"en-US"},{"@type":"Organization","@id":"https:\/\/www.ohselection.com\/en\/#organization","name":"OH SELECTION","alternateName":"OHSelection","url":"https:\/\/www.ohselection.com\/en\/","logo":{"@type":"ImageObject","inLanguage":"en-US","@id":"https:\/\/www.ohselection.com\/en\/#\/schema\/logo\/image\/","url":"https:\/\/www.ohselection.com\/wp-content\/uploads\/2025\/04\/Logo-OHS-N.jpg","contentUrl":"https:\/\/www.ohselection.com\/wp-content\/uploads\/2025\/04\/Logo-OHS-N.jpg","width":1385,"height":325,"caption":"OH SELECTION"},"image":{"@id":"https:\/\/www.ohselection.com\/en\/#\/schema\/logo\/image\/"},"sameAs":["https:\/\/www.facebook.com\/ohselectionparis\/","https:\/\/www.instagram.com\/ohselectionparis\/"]}]}},"_links":{"self":[{"href":"https:\/\/www.ohselection.com\/en\/wp-json\/wp\/v2\/pages\/99141","targetHints":{"allow":["GET"]}}],"collection":[{"href":"https:\/\/www.ohselection.com\/en\/wp-json\/wp\/v2\/pages"}],"about":[{"href":"https:\/\/www.ohselection.com\/en\/wp-json\/wp\/v2\/types\/page"}],"author":[{"embeddable":true,"href":"https:\/\/www.ohselection.com\/en\/wp-json\/wp\/v2\/users\/9"}],"replies":[{"embeddable":true,"href":"https:\/\/www.ohselection.com\/en\/wp-json\/wp\/v2\/comments?post=99141"}],"version-history":[{"count":1,"href":"https:\/\/www.ohselection.com\/en\/wp-json\/wp\/v2\/pages\/99141\/revisions"}],"predecessor-version":[{"id":99608,"href":"https:\/\/www.ohselection.com\/en\/wp-json\/wp\/v2\/pages\/99141\/revisions\/99608"}],"up":[{"embeddable":true,"href":"https:\/\/www.ohselection.com\/en\/wp-json\/wp\/v2\/pages\/99599"}],"wp:attachment":[{"href":"https:\/\/www.ohselection.com\/en\/wp-json\/wp\/v2\/media?parent=99141"}],"curies":[{"name":"wp","href":"https:\/\/api.w.org\/{rel}","templated":true}]}}