{"id":99148,"date":"2025-09-22T13:48:24","date_gmt":"2025-09-22T11:48:24","guid":{"rendered":"https:\/\/www.ohselection.com\/le-locle\/"},"modified":"2025-09-22T14:36:35","modified_gmt":"2025-09-22T12:36:35","slug":"le-locle","status":"publish","type":"page","link":"https:\/\/www.ohselection.com\/en\/le-locle\/","title":{"rendered":"Le Locle"},"content":{"rendered":"<p>Recognized by UNESCO for its &#8220;watchmaking urbanism,&#8221; alongside its neighbor La Chaux-de-Fonds, the town of Le Locle, in the Swiss canton of Neuch\u00e2tel, fully embraces its watchmaking history. And rightly so, as the &#8220;city of precision&#8221; is known to be the cradle of <a href=\"https:\/\/www.ohselection.com\/swiss-watchmaking\/?lang=en\">Swiss watchmaking<\/a>, particularly thanks to the advancements made by Daniel JeanRichard. A heritage that is evident even in the layout of its streets.  <\/p>\n<h2>A Look at Le Locle&#8217;s Watchmaking History<\/h2>\n<p>The watchmaking prosperity of the <a href=\"http:\/\/www.lelocle.ch\/\">town of Le Locle<\/a>, which began in the early years of the 18th century, is intimately linked to the presence of Daniel Jeanrichard on its lands. Precocius, the young man, originally from La Sagne, managed to repair a traveler&#8217;s watch on his own before embarking on the creation of his own model, without any assistance. He opened his workshop in 1705, the first in a long series in the municipality.  <\/p>\n<p>Once established in Le Locle, the activity quickly boomed: in 1750, 77 watchmakers worked there; half a century later, there were 800! Traditional crafts, particularly lace making, disappeared in favor of watch design and production. Marine chronometers and pocket watches transformed the city into a major production center, especially thanks to the invention of &#8220;\u00e9tablissage&#8221; which accelerated labor, before the opening of the first factories, at the end of the 19th century, shifted Le Locle \u2013 and global watchmaking \u2013 into industrialization. Machine tools soon followed, with well-known success.   <\/p>\n<p>This prosperity is primarily owed to the great inventors who walked these lands. Among the most prominent are: Philippe DuBois, Georges Favre-Jacot, Jacques-Fr\u00e9d\u00e9ric Houriet, Daniel JeanRichard, Jules Juergensen, Sylvain Mairet, Ulysse Nardin, Abraham-Louis Perrelet, Charles-\u00c9mile and Charles-F\u00e9licien Tissot. <\/p>\n<h2><img loading=\"lazy\" decoding=\"async\" class=\"size-full wp-image-8721 aligncenter\" src=\"\/wp-content\/uploads\/2017\/12\/Manaufacture-Tissot-1.jpg\" alt=\"\" width=\"1024\" height=\"512\" srcset=\"https:\/\/www.ohselection.com\/wp-content\/uploads\/2017\/12\/Manaufacture-Tissot-1.jpg 1024w, https:\/\/www.ohselection.com\/wp-content\/uploads\/2017\/12\/Manaufacture-Tissot-1-120x60.jpg 120w, https:\/\/www.ohselection.com\/wp-content\/uploads\/2017\/12\/Manaufacture-Tissot-1-750x375.jpg 750w, https:\/\/www.ohselection.com\/wp-content\/uploads\/2017\/12\/Manaufacture-Tissot-1-64x32.jpg 64w, https:\/\/www.ohselection.com\/wp-content\/uploads\/2017\/12\/Manaufacture-Tissot-1-150x75.jpg 150w, https:\/\/www.ohselection.com\/wp-content\/uploads\/2017\/12\/Manaufacture-Tissot-1-300x150.jpg 300w, https:\/\/www.ohselection.com\/wp-content\/uploads\/2017\/12\/Manaufacture-Tissot-1-768x384.jpg 768w\" sizes=\"auto, (max-width: 1024px) 100vw, 1024px\" \/>Urban Planning Adapted to Watchmaking Industrialization<\/h2>\n<p>With its 10,000 inhabitants and its glacial winter climate (regularly reaching -30 degrees), this border town of Villers-le-Lac, in the French department of Doubs, comfortably nestled between the Swiss Jura mountains, might never have gained recognition if watches and clocks had not played such a significant role there. However, the predominance of precision mechanisms was such that, rapidly, driven by the proliferation of workshops, the town transformed into a true watchmaking city. In the early 19th century, three unfortunate fires, one after another, partially destroyed the municipality and led the authorities to completely rethink its urban planning: this would henceforth be exclusively geared towards clock production, as if the city itself were becoming a production tool.  <\/p>\n<p>This astonishing example of urban planning, ordered according to a single industrial activity, was recognized by UNESCO, which inscribed Le Locle&#8217;s <a href=\"http:\/\/whc.unesco.org\/fr\/list\/1302\/\">watchmaking urbanism<\/a> in 2009 on the World Heritage List, alongside that of its neighbor La Chaux-de-Fonds. In these two towns, the advancements and needs of watchmaking industrialization transformed even the district plans: a grid pattern, open and forming parallel strips; workers&#8217; quarters accommodating the significant workforce required for watch and clock manufacturing; and buildings designed to serve as both workshops and residences. <\/p>\n<h2><img loading=\"lazy\" decoding=\"async\" class=\"size-full wp-image-8723 aligncenter\" src=\"\/wp-content\/uploads\/2017\/12\/Le-Locle-1.jpg\" alt=\"\" width=\"900\" height=\"600\" srcset=\"https:\/\/www.ohselection.com\/wp-content\/uploads\/2017\/12\/Le-Locle-1.jpg 900w, https:\/\/www.ohselection.com\/wp-content\/uploads\/2017\/12\/Le-Locle-1-120x80.jpg 120w, https:\/\/www.ohselection.com\/wp-content\/uploads\/2017\/12\/Le-Locle-1-750x500.jpg 750w, https:\/\/www.ohselection.com\/wp-content\/uploads\/2017\/12\/Le-Locle-1-64x43.jpg 64w, https:\/\/www.ohselection.com\/wp-content\/uploads\/2017\/12\/Le-Locle-1-150x100.jpg 150w, https:\/\/www.ohselection.com\/wp-content\/uploads\/2017\/12\/Le-Locle-1-300x200.jpg 300w, https:\/\/www.ohselection.com\/wp-content\/uploads\/2017\/12\/Le-Locle-1-768x512.jpg 768w\" sizes=\"auto, (max-width: 900px) 100vw, 900px\" \/>A Heritage more Alive than Ever<\/h2>\n<p>Far from relegating this watchmaking heritage to the past, Le Locle continues to radiate its watch culture throughout the Jura mountains. Watch enthusiasts are invited to participate in numerous activities, including a Watchmaking Trail. This trail unfolds over 39 stages, starting from the Place du March\u00e9, to discover the town and its heritage dedicated to watchmakers of yesterday and today, before concluding with a guided tour of the Watchmaking Museum located at Ch\u00e2teau des Monts. Inside, ticking wonders await lovers of precision: a collection of clocks and watches, tools and machines, mechanisms and automatons. All presented for viewing in a magnificent Louis XVI style residence, formerly owned by a local master watchmaker.    <\/p>\n<p>Furthermore, in collaboration with La Chaux-de-Fonds, Le Locle annually hosts, since 2010, a <a href=\"http:\/\/www.arcinfo.ch\/articles\/regions\/montagnes\/la-biennale-du-patrimoine-horloger-le-5-novembre-a-la-chaux-de-fonds-et-au-locle-583227\">Biennial of Watchmaking Heritage<\/a>. An additional opportunity to visit the buildings and workshops that forged Le Locle&#8217;s heritage, but also to explore the most modern manufactures. <\/p>\n<h2><img loading=\"lazy\" decoding=\"async\" class=\"size-full wp-image-8724 aligncenter\" src=\"\/wp-content\/uploads\/2017\/12\/Tissot-Le-Locle-Automatic-COSC-PVD-or-rose1.jpg\" alt=\"\" width=\"772\" height=\"800\" srcset=\"https:\/\/www.ohselection.com\/wp-content\/uploads\/2017\/12\/Tissot-Le-Locle-Automatic-COSC-PVD-or-rose1.jpg 772w, https:\/\/www.ohselection.com\/wp-content\/uploads\/2017\/12\/Tissot-Le-Locle-Automatic-COSC-PVD-or-rose1-120x124.jpg 120w, https:\/\/www.ohselection.com\/wp-content\/uploads\/2017\/12\/Tissot-Le-Locle-Automatic-COSC-PVD-or-rose1-750x777.jpg 750w, https:\/\/www.ohselection.com\/wp-content\/uploads\/2017\/12\/Tissot-Le-Locle-Automatic-COSC-PVD-or-rose1-64x66.jpg 64w, https:\/\/www.ohselection.com\/wp-content\/uploads\/2017\/12\/Tissot-Le-Locle-Automatic-COSC-PVD-or-rose1-145x150.jpg 145w, https:\/\/www.ohselection.com\/wp-content\/uploads\/2017\/12\/Tissot-Le-Locle-Automatic-COSC-PVD-or-rose1-290x300.jpg 290w, https:\/\/www.ohselection.com\/wp-content\/uploads\/2017\/12\/Tissot-Le-Locle-Automatic-COSC-PVD-or-rose1-768x796.jpg 768w\" sizes=\"auto, (max-width: 772px) 100vw, 772px\" \/>Le Locle Perpetuates its Great Watchmaking Tradition<\/h2>\n<p>Today, Le Locle&#8217;s economy continues to prosper \u2013 clockwise, of course. The oldest and most renowned workshops (Audemars Piguet, Tissot, Rolex, Ulysse Nardin, Zenith) coexist with recently established companies (Jossi, founded in the city of precision in 1974), and manufacturers of advanced mechanisms are located near dial designers and other engravers (such as Metalem or Jean Singer &amp; Cie). Even watches pay homage to the town: launched on the occasion of Tissot&#8217;s 150th anniversary, the <a href=\"http:\/\/www.chronotempus.com\/essai-tissot-le-locle-automatique-cosc-pvd-or-rose\">Tissot Le Locle Automatic<\/a> honors the timepieces that preceded it.  <\/p>\n<p>And because tradition deserves to be perpetuated, Le Locle also takes charge of training future great local watchmakers, through two institutions: the Haute \u00c9cole Arc Ing\u00e9nierie; and the \u00c9cole technique du Locle, also known as the Interregional Training Center of the Neuch\u00e2tel Mountains (Cifom-ET), founded in 1868 and divided into the school of trades, the technical vocational school, and the higher technical school.<\/p>\n<p>In Le Locle, the watchmaking tradition is a mechanism that engages all its cogs to continue functioning. And, like Time itself, this mechanism is not about to stop. <\/p>\n","protected":false},"excerpt":{"rendered":"<p>Recognized by UNESCO for its &#8220;watchmaking urbanism,&#8221; alongside its neighbor La Chaux-de-Fonds, the town of Le Locle, in the Swiss canton of Neuch\u00e2tel, fully embraces its watchmaking history. And rightly so, as the &#8220;city of precision&#8221; is known to be the cradle of Swiss watchmaking, particularly thanks to the advancements made by Daniel JeanRichard. A [&hellip;]<\/p>\n","protected":false},"author":9,"featured_media":99150,"parent":99398,"menu_order":0,"comment_status":"closed","ping_status":"closed","template":"","meta":{"footnotes":""},"class_list":["post-99148","page","type-page","status-publish","has-post-thumbnail","hentry"],"yoast_head":"<!-- This site is optimized with the Yoast SEO plugin v27.0 - https:\/\/yoast.com\/product\/yoast-seo-wordpress\/ -->\n<title>The Town of Le Locle, Cradle of Swiss Watchmaking<\/title>\n<meta name=\"description\" content=\"Cradle of Swiss watchmaking, the Jura town of Le Locle continues to perpetuate a long tradition fostered by local master watchmakers.\" \/>\n<meta name=\"robots\" content=\"index, follow, max-snippet:-1, max-image-preview:large, max-video-preview:-1\" \/>\n<link rel=\"canonical\" href=\"https:\/\/www.ohselection.com\/en\/le-locle\/\" \/>\n<meta property=\"og:locale\" content=\"en_US\" \/>\n<meta property=\"og:type\" content=\"article\" \/>\n<meta property=\"og:title\" content=\"The Town of Le Locle, Cradle of Swiss Watchmaking\" \/>\n<meta property=\"og:description\" content=\"Cradle of Swiss watchmaking, the Jura town of Le Locle continues to perpetuate a long tradition fostered by local master watchmakers.\" \/>\n<meta property=\"og:url\" content=\"https:\/\/www.ohselection.com\/en\/le-locle\/\" \/>\n<meta property=\"og:site_name\" content=\"OH SELECTION\" \/>\n<meta property=\"article:publisher\" content=\"https:\/\/www.facebook.com\/ohselectionparis\/\" \/>\n<meta property=\"article:modified_time\" content=\"2025-09-22T12:36:35+00:00\" \/>\n<meta property=\"og:image\" content=\"https:\/\/www.ohselection.com\/wp-content\/uploads\/2017\/12\/Le-Locle-1.jpg\" \/>\n\t<meta property=\"og:image:width\" content=\"900\" \/>\n\t<meta property=\"og:image:height\" content=\"600\" \/>\n\t<meta property=\"og:image:type\" content=\"image\/jpeg\" \/>\n<meta name=\"twitter:card\" content=\"summary_large_image\" \/>\n<meta name=\"twitter:label1\" content=\"Est. reading time\" \/>\n\t<meta name=\"twitter:data1\" content=\"4 minutes\" \/>\n<script type=\"application\/ld+json\" class=\"yoast-schema-graph\">{\"@context\":\"https:\/\/schema.org\",\"@graph\":[{\"@type\":\"WebPage\",\"@id\":\"https:\/\/www.ohselection.com\/en\/le-locle\/\",\"url\":\"https:\/\/www.ohselection.com\/en\/le-locle\/\",\"name\":\"The Town of Le Locle, Cradle of Swiss Watchmaking\",\"isPartOf\":{\"@id\":\"https:\/\/www.ohselection.com\/en\/#website\"},\"primaryImageOfPage\":{\"@id\":\"https:\/\/www.ohselection.com\/en\/le-locle\/#primaryimage\"},\"image\":{\"@id\":\"https:\/\/www.ohselection.com\/en\/le-locle\/#primaryimage\"},\"thumbnailUrl\":\"https:\/\/www.ohselection.com\/wp-content\/uploads\/2017\/12\/Le-Locle-1.jpg\",\"datePublished\":\"2025-09-22T11:48:24+00:00\",\"dateModified\":\"2025-09-22T12:36:35+00:00\",\"description\":\"Cradle of Swiss watchmaking, the Jura town of Le Locle continues to perpetuate a long tradition fostered by local master watchmakers.\",\"breadcrumb\":{\"@id\":\"https:\/\/www.ohselection.com\/en\/le-locle\/#breadcrumb\"},\"inLanguage\":\"en-US\",\"potentialAction\":[{\"@type\":\"ReadAction\",\"target\":[\"https:\/\/www.ohselection.com\/en\/le-locle\/\"]}]},{\"@type\":\"ImageObject\",\"inLanguage\":\"en-US\",\"@id\":\"https:\/\/www.ohselection.com\/en\/le-locle\/#primaryimage\",\"url\":\"https:\/\/www.ohselection.com\/wp-content\/uploads\/2017\/12\/Le-Locle-1.jpg\",\"contentUrl\":\"https:\/\/www.ohselection.com\/wp-content\/uploads\/2017\/12\/Le-Locle-1.jpg\",\"width\":900,\"height\":600},{\"@type\":\"BreadcrumbList\",\"@id\":\"https:\/\/www.ohselection.com\/en\/le-locle\/#breadcrumb\",\"itemListElement\":[{\"@type\":\"ListItem\",\"position\":1,\"name\":\"Accueil\",\"item\":\"https:\/\/www.ohselection.com\/en\/swiss-watchmaking\/?lang=en\"},{\"@type\":\"ListItem\",\"position\":2,\"name\":\"Le Locle\"}]},{\"@type\":\"WebSite\",\"@id\":\"https:\/\/www.ohselection.com\/en\/#website\",\"url\":\"https:\/\/www.ohselection.com\/en\/\",\"name\":\"OH Selection\",\"description\":\"Une s\u00e9lection de produits test\u00e9s et approuv\u00e9s par nos horlogers\",\"publisher\":{\"@id\":\"https:\/\/www.ohselection.com\/en\/#organization\"},\"alternateName\":\"Boutique sp\u00e9cialis\u00e9e dans les accessoires d'horlogerie\",\"potentialAction\":[{\"@type\":\"SearchAction\",\"target\":{\"@type\":\"EntryPoint\",\"urlTemplate\":\"https:\/\/www.ohselection.com\/en\/?s={search_term_string}\"},\"query-input\":{\"@type\":\"PropertyValueSpecification\",\"valueRequired\":true,\"valueName\":\"search_term_string\"}}],\"inLanguage\":\"en-US\"},{\"@type\":\"Organization\",\"@id\":\"https:\/\/www.ohselection.com\/en\/#organization\",\"name\":\"OH SELECTION\",\"alternateName\":\"OHSelection\",\"url\":\"https:\/\/www.ohselection.com\/en\/\",\"logo\":{\"@type\":\"ImageObject\",\"inLanguage\":\"en-US\",\"@id\":\"https:\/\/www.ohselection.com\/en\/#\/schema\/logo\/image\/\",\"url\":\"https:\/\/www.ohselection.com\/wp-content\/uploads\/2025\/04\/Logo-OHS-N.jpg\",\"contentUrl\":\"https:\/\/www.ohselection.com\/wp-content\/uploads\/2025\/04\/Logo-OHS-N.jpg\",\"width\":1385,\"height\":325,\"caption\":\"OH SELECTION\"},\"image\":{\"@id\":\"https:\/\/www.ohselection.com\/en\/#\/schema\/logo\/image\/\"},\"sameAs\":[\"https:\/\/www.facebook.com\/ohselectionparis\/\",\"https:\/\/www.instagram.com\/ohselectionparis\/\"]}]}<\/script>\n<!-- \/ Yoast SEO plugin. -->","yoast_head_json":{"title":"The Town of Le Locle, Cradle of Swiss Watchmaking","description":"Cradle of Swiss watchmaking, the Jura town of Le Locle continues to perpetuate a long tradition fostered by local master watchmakers.","robots":{"index":"index","follow":"follow","max-snippet":"max-snippet:-1","max-image-preview":"max-image-preview:large","max-video-preview":"max-video-preview:-1"},"canonical":"https:\/\/www.ohselection.com\/en\/le-locle\/","og_locale":"en_US","og_type":"article","og_title":"The Town of Le Locle, Cradle of Swiss Watchmaking","og_description":"Cradle of Swiss watchmaking, the Jura town of Le Locle continues to perpetuate a long tradition fostered by local master watchmakers.","og_url":"https:\/\/www.ohselection.com\/en\/le-locle\/","og_site_name":"OH SELECTION","article_publisher":"https:\/\/www.facebook.com\/ohselectionparis\/","article_modified_time":"2025-09-22T12:36:35+00:00","og_image":[{"width":900,"height":600,"url":"https:\/\/www.ohselection.com\/wp-content\/uploads\/2017\/12\/Le-Locle-1.jpg","type":"image\/jpeg"}],"twitter_card":"summary_large_image","twitter_misc":{"Est. reading time":"4 minutes"},"schema":{"@context":"https:\/\/schema.org","@graph":[{"@type":"WebPage","@id":"https:\/\/www.ohselection.com\/en\/le-locle\/","url":"https:\/\/www.ohselection.com\/en\/le-locle\/","name":"The Town of Le Locle, Cradle of Swiss Watchmaking","isPartOf":{"@id":"https:\/\/www.ohselection.com\/en\/#website"},"primaryImageOfPage":{"@id":"https:\/\/www.ohselection.com\/en\/le-locle\/#primaryimage"},"image":{"@id":"https:\/\/www.ohselection.com\/en\/le-locle\/#primaryimage"},"thumbnailUrl":"https:\/\/www.ohselection.com\/wp-content\/uploads\/2017\/12\/Le-Locle-1.jpg","datePublished":"2025-09-22T11:48:24+00:00","dateModified":"2025-09-22T12:36:35+00:00","description":"Cradle of Swiss watchmaking, the Jura town of Le Locle continues to perpetuate a long tradition fostered by local master watchmakers.","breadcrumb":{"@id":"https:\/\/www.ohselection.com\/en\/le-locle\/#breadcrumb"},"inLanguage":"en-US","potentialAction":[{"@type":"ReadAction","target":["https:\/\/www.ohselection.com\/en\/le-locle\/"]}]},{"@type":"ImageObject","inLanguage":"en-US","@id":"https:\/\/www.ohselection.com\/en\/le-locle\/#primaryimage","url":"https:\/\/www.ohselection.com\/wp-content\/uploads\/2017\/12\/Le-Locle-1.jpg","contentUrl":"https:\/\/www.ohselection.com\/wp-content\/uploads\/2017\/12\/Le-Locle-1.jpg","width":900,"height":600},{"@type":"BreadcrumbList","@id":"https:\/\/www.ohselection.com\/en\/le-locle\/#breadcrumb","itemListElement":[{"@type":"ListItem","position":1,"name":"Accueil","item":"https:\/\/www.ohselection.com\/en\/swiss-watchmaking\/?lang=en"},{"@type":"ListItem","position":2,"name":"Le Locle"}]},{"@type":"WebSite","@id":"https:\/\/www.ohselection.com\/en\/#website","url":"https:\/\/www.ohselection.com\/en\/","name":"OH Selection","description":"Une s\u00e9lection de produits test\u00e9s et approuv\u00e9s par nos horlogers","publisher":{"@id":"https:\/\/www.ohselection.com\/en\/#organization"},"alternateName":"Boutique sp\u00e9cialis\u00e9e dans les accessoires d'horlogerie","potentialAction":[{"@type":"SearchAction","target":{"@type":"EntryPoint","urlTemplate":"https:\/\/www.ohselection.com\/en\/?s={search_term_string}"},"query-input":{"@type":"PropertyValueSpecification","valueRequired":true,"valueName":"search_term_string"}}],"inLanguage":"en-US"},{"@type":"Organization","@id":"https:\/\/www.ohselection.com\/en\/#organization","name":"OH SELECTION","alternateName":"OHSelection","url":"https:\/\/www.ohselection.com\/en\/","logo":{"@type":"ImageObject","inLanguage":"en-US","@id":"https:\/\/www.ohselection.com\/en\/#\/schema\/logo\/image\/","url":"https:\/\/www.ohselection.com\/wp-content\/uploads\/2025\/04\/Logo-OHS-N.jpg","contentUrl":"https:\/\/www.ohselection.com\/wp-content\/uploads\/2025\/04\/Logo-OHS-N.jpg","width":1385,"height":325,"caption":"OH SELECTION"},"image":{"@id":"https:\/\/www.ohselection.com\/en\/#\/schema\/logo\/image\/"},"sameAs":["https:\/\/www.facebook.com\/ohselectionparis\/","https:\/\/www.instagram.com\/ohselectionparis\/"]}]}},"_links":{"self":[{"href":"https:\/\/www.ohselection.com\/en\/wp-json\/wp\/v2\/pages\/99148","targetHints":{"allow":["GET"]}}],"collection":[{"href":"https:\/\/www.ohselection.com\/en\/wp-json\/wp\/v2\/pages"}],"about":[{"href":"https:\/\/www.ohselection.com\/en\/wp-json\/wp\/v2\/types\/page"}],"author":[{"embeddable":true,"href":"https:\/\/www.ohselection.com\/en\/wp-json\/wp\/v2\/users\/9"}],"replies":[{"embeddable":true,"href":"https:\/\/www.ohselection.com\/en\/wp-json\/wp\/v2\/comments?post=99148"}],"version-history":[{"count":1,"href":"https:\/\/www.ohselection.com\/en\/wp-json\/wp\/v2\/pages\/99148\/revisions"}],"predecessor-version":[{"id":99403,"href":"https:\/\/www.ohselection.com\/en\/wp-json\/wp\/v2\/pages\/99148\/revisions\/99403"}],"up":[{"embeddable":true,"href":"https:\/\/www.ohselection.com\/en\/wp-json\/wp\/v2\/pages\/99398"}],"wp:featuredmedia":[{"embeddable":true,"href":"https:\/\/www.ohselection.com\/en\/wp-json\/wp\/v2\/media\/99150"}],"wp:attachment":[{"href":"https:\/\/www.ohselection.com\/en\/wp-json\/wp\/v2\/media?parent=99148"}],"curies":[{"name":"wp","href":"https:\/\/api.w.org\/{rel}","templated":true}]}}