{"id":99319,"date":"2025-09-22T13:52:49","date_gmt":"2025-09-22T11:52:49","guid":{"rendered":"https:\/\/www.ohselection.com\/how-a-watch-works\/mechanical-movement-how-does-it-work\/mainspring-barrel\/"},"modified":"2025-09-22T13:52:49","modified_gmt":"2025-09-22T11:52:49","slug":"mainspring-barrel","status":"publish","type":"page","link":"https:\/\/www.ohselection.com\/en\/how-a-watch-works\/mechanical-movement-how-does-it-work\/mainspring-barrel\/","title":{"rendered":"Mainspring Barrel"},"content":{"rendered":"<p>The mainspring barrel is a set of horological components that ensures the proper functioning of a mechanical watch movement. This component is the essential energy source for the operation of watch calibers. <\/p>\n<h2>The Mainspring Barrel: Operation and Composition<\/h2>\n<p>The mainspring barrel consists of several distinct components and forms a complex assembly.<\/p>\n<p>A central arbor is located inside a mainspring, which in turn is housed within a hollow cylinder topped with a toothed wheel. The outer coil of the spring attaches it to the barrel, while its inner coil attaches it to the central arbor. <\/p>\n<p>The mainspring and its tension are responsible for its action on the other components. It unwinds very slowly while transmitting energy to the entire gear train via the ratchet wheel (the barrel&#8217;s gear). The gear train then transmits the energy it has received to the escapement and balance wheel. Note: in one hour, the mainspring only completes one-ninth or one-sixth of a rotation!   <\/p>\n<p>Energy is regularly received by the escapement and balance wheel assembly thanks to the mainspring, which in turn depends on the escapement and balance wheel to prevent its energy from depleting too quickly or at an irregular rate.<\/p>\n<h2>How is the Mainspring Barrel Wound?<\/h2>\n<p>The winding of the mainspring is essential for its proper functioning. It must be well-wound at all times, as its winding provides the energy that is then transmitted to other components, enabling their movement. <\/p>\n<p>The mainspring barrel can be wound via a manual or automatic mechanical movement.<\/p>\n<p>Manual winding is achieved by means of a winding stem, which must then be turned to tighten the spring and thus store energy.<\/p>\n<p>Automatic winding is achieved by means of a rotor or oscillating weight, which takes the form of a disc that rotates with wrist movements to wind the mainspring. It should be noted that in an automatic movement, the outer coil of the spring is not fixed. It is held by friction to prevent any risk of breakage, as the spring is continuously wound by the wearer&#8217;s movements.   <\/p>\n<h2>Hanging or Plain Mainspring Barrel?<\/h2>\n<p>There are hanging or plain mainspring barrels, depending on the watch models.<\/p>\n<p>The mainplate \u2013 the plate on which all components are located \u2013 is connected to the upper part of the hanging barrel.<\/p>\n<p>The plain mainspring barrel, on the other hand, does not have a toothed wheel. A chain attaches it to the fusee in fusee watches. <\/p>\n","protected":false},"excerpt":{"rendered":"<p>The mainspring barrel is a set of horological components that ensures the proper functioning of a mechanical watch movement. This component is the essential energy source for the operation of watch calibers. The Mainspring Barrel: Operation and Composition The mainspring barrel consists of several distinct components and forms a complex assembly. A central arbor is [&hellip;]<\/p>\n","protected":false},"author":3,"featured_media":0,"parent":99315,"menu_order":0,"comment_status":"closed","ping_status":"closed","template":"","meta":{"footnotes":""},"class_list":["post-99319","page","type-page","status-publish","hentry"],"yoast_head":"<!-- This site is optimized with the Yoast SEO plugin v27.0 - https:\/\/yoast.com\/product\/yoast-seo-wordpress\/ -->\n<title>Mainspring Barrel: a Mechanical Component that Serves as an Energy Reserve for the Movement<\/title>\n<meta name=\"robots\" content=\"index, follow, max-snippet:-1, max-image-preview:large, max-video-preview:-1\" \/>\n<link rel=\"canonical\" href=\"https:\/\/www.ohselection.com\/en\/how-a-watch-works\/mechanical-movement-how-does-it-work\/mainspring-barrel\/\" \/>\n<meta property=\"og:locale\" content=\"en_US\" \/>\n<meta property=\"og:type\" content=\"article\" \/>\n<meta property=\"og:title\" content=\"Mainspring Barrel: a Mechanical Component that Serves as an Energy Reserve for the Movement\" \/>\n<meta property=\"og:description\" content=\"The mainspring barrel is a set of horological components that ensures the proper functioning of a mechanical watch movement. This component is the essential energy source for the operation of watch calibers. The Mainspring Barrel: Operation and Composition The mainspring barrel consists of several distinct components and forms a complex assembly. A central arbor is [&hellip;]\" \/>\n<meta property=\"og:url\" content=\"https:\/\/www.ohselection.com\/en\/how-a-watch-works\/mechanical-movement-how-does-it-work\/mainspring-barrel\/\" \/>\n<meta property=\"og:site_name\" content=\"OH SELECTION\" \/>\n<meta property=\"article:publisher\" content=\"https:\/\/www.facebook.com\/ohselectionparis\/\" \/>\n<meta name=\"twitter:card\" content=\"summary_large_image\" \/>\n<meta name=\"twitter:label1\" content=\"Est. reading time\" \/>\n\t<meta name=\"twitter:data1\" content=\"2 minutes\" \/>\n<script type=\"application\/ld+json\" class=\"yoast-schema-graph\">{\"@context\":\"https:\/\/schema.org\",\"@graph\":[{\"@type\":\"WebPage\",\"@id\":\"https:\/\/www.ohselection.com\/en\/how-a-watch-works\/mechanical-movement-how-does-it-work\/mainspring-barrel\/\",\"url\":\"https:\/\/www.ohselection.com\/en\/how-a-watch-works\/mechanical-movement-how-does-it-work\/mainspring-barrel\/\",\"name\":\"Mainspring Barrel: a Mechanical Component that Serves as an Energy Reserve for the Movement\",\"isPartOf\":{\"@id\":\"https:\/\/www.ohselection.com\/en\/#website\"},\"datePublished\":\"2025-09-22T11:52:49+00:00\",\"breadcrumb\":{\"@id\":\"https:\/\/www.ohselection.com\/en\/how-a-watch-works\/mechanical-movement-how-does-it-work\/mainspring-barrel\/#breadcrumb\"},\"inLanguage\":\"en-US\",\"potentialAction\":[{\"@type\":\"ReadAction\",\"target\":[\"https:\/\/www.ohselection.com\/en\/how-a-watch-works\/mechanical-movement-how-does-it-work\/mainspring-barrel\/\"]}]},{\"@type\":\"BreadcrumbList\",\"@id\":\"https:\/\/www.ohselection.com\/en\/how-a-watch-works\/mechanical-movement-how-does-it-work\/mainspring-barrel\/#breadcrumb\",\"itemListElement\":[{\"@type\":\"ListItem\",\"position\":1,\"name\":\"Accueil\",\"item\":\"https:\/\/www.ohselection.com\/en\/how-a-watch-works\/?lang=en\"},{\"@type\":\"ListItem\",\"position\":2,\"name\":\"Mechanical Movement: how Does it Work?\",\"item\":\"https:\/\/www.ohselection.com\/en\/how-a-watch-works\/mechanical-movement-how-does-it-work\/?lang=en\"},{\"@type\":\"ListItem\",\"position\":3,\"name\":\"Mainspring Barrel\"}]},{\"@type\":\"WebSite\",\"@id\":\"https:\/\/www.ohselection.com\/en\/#website\",\"url\":\"https:\/\/www.ohselection.com\/en\/\",\"name\":\"OH Selection\",\"description\":\"Une s\u00e9lection de produits test\u00e9s et approuv\u00e9s par nos horlogers\",\"publisher\":{\"@id\":\"https:\/\/www.ohselection.com\/en\/#organization\"},\"alternateName\":\"Boutique sp\u00e9cialis\u00e9e dans les accessoires d'horlogerie\",\"potentialAction\":[{\"@type\":\"SearchAction\",\"target\":{\"@type\":\"EntryPoint\",\"urlTemplate\":\"https:\/\/www.ohselection.com\/en\/?s={search_term_string}\"},\"query-input\":{\"@type\":\"PropertyValueSpecification\",\"valueRequired\":true,\"valueName\":\"search_term_string\"}}],\"inLanguage\":\"en-US\"},{\"@type\":\"Organization\",\"@id\":\"https:\/\/www.ohselection.com\/en\/#organization\",\"name\":\"OH SELECTION\",\"alternateName\":\"OHSelection\",\"url\":\"https:\/\/www.ohselection.com\/en\/\",\"logo\":{\"@type\":\"ImageObject\",\"inLanguage\":\"en-US\",\"@id\":\"https:\/\/www.ohselection.com\/en\/#\/schema\/logo\/image\/\",\"url\":\"https:\/\/www.ohselection.com\/wp-content\/uploads\/2025\/04\/Logo-OHS-N.jpg\",\"contentUrl\":\"https:\/\/www.ohselection.com\/wp-content\/uploads\/2025\/04\/Logo-OHS-N.jpg\",\"width\":1385,\"height\":325,\"caption\":\"OH SELECTION\"},\"image\":{\"@id\":\"https:\/\/www.ohselection.com\/en\/#\/schema\/logo\/image\/\"},\"sameAs\":[\"https:\/\/www.facebook.com\/ohselectionparis\/\",\"https:\/\/www.instagram.com\/ohselectionparis\/\"]}]}<\/script>\n<!-- \/ Yoast SEO plugin. -->","yoast_head_json":{"title":"Mainspring Barrel: a Mechanical Component that Serves as an Energy Reserve for the Movement","robots":{"index":"index","follow":"follow","max-snippet":"max-snippet:-1","max-image-preview":"max-image-preview:large","max-video-preview":"max-video-preview:-1"},"canonical":"https:\/\/www.ohselection.com\/en\/how-a-watch-works\/mechanical-movement-how-does-it-work\/mainspring-barrel\/","og_locale":"en_US","og_type":"article","og_title":"Mainspring Barrel: a Mechanical Component that Serves as an Energy Reserve for the Movement","og_description":"The mainspring barrel is a set of horological components that ensures the proper functioning of a mechanical watch movement. This component is the essential energy source for the operation of watch calibers. The Mainspring Barrel: Operation and Composition The mainspring barrel consists of several distinct components and forms a complex assembly. A central arbor is [&hellip;]","og_url":"https:\/\/www.ohselection.com\/en\/how-a-watch-works\/mechanical-movement-how-does-it-work\/mainspring-barrel\/","og_site_name":"OH SELECTION","article_publisher":"https:\/\/www.facebook.com\/ohselectionparis\/","twitter_card":"summary_large_image","twitter_misc":{"Est. reading time":"2 minutes"},"schema":{"@context":"https:\/\/schema.org","@graph":[{"@type":"WebPage","@id":"https:\/\/www.ohselection.com\/en\/how-a-watch-works\/mechanical-movement-how-does-it-work\/mainspring-barrel\/","url":"https:\/\/www.ohselection.com\/en\/how-a-watch-works\/mechanical-movement-how-does-it-work\/mainspring-barrel\/","name":"Mainspring Barrel: a Mechanical Component that Serves as an Energy Reserve for the Movement","isPartOf":{"@id":"https:\/\/www.ohselection.com\/en\/#website"},"datePublished":"2025-09-22T11:52:49+00:00","breadcrumb":{"@id":"https:\/\/www.ohselection.com\/en\/how-a-watch-works\/mechanical-movement-how-does-it-work\/mainspring-barrel\/#breadcrumb"},"inLanguage":"en-US","potentialAction":[{"@type":"ReadAction","target":["https:\/\/www.ohselection.com\/en\/how-a-watch-works\/mechanical-movement-how-does-it-work\/mainspring-barrel\/"]}]},{"@type":"BreadcrumbList","@id":"https:\/\/www.ohselection.com\/en\/how-a-watch-works\/mechanical-movement-how-does-it-work\/mainspring-barrel\/#breadcrumb","itemListElement":[{"@type":"ListItem","position":1,"name":"Accueil","item":"https:\/\/www.ohselection.com\/en\/how-a-watch-works\/?lang=en"},{"@type":"ListItem","position":2,"name":"Mechanical Movement: how Does it Work?","item":"https:\/\/www.ohselection.com\/en\/how-a-watch-works\/mechanical-movement-how-does-it-work\/?lang=en"},{"@type":"ListItem","position":3,"name":"Mainspring Barrel"}]},{"@type":"WebSite","@id":"https:\/\/www.ohselection.com\/en\/#website","url":"https:\/\/www.ohselection.com\/en\/","name":"OH Selection","description":"Une s\u00e9lection de produits test\u00e9s et approuv\u00e9s par nos horlogers","publisher":{"@id":"https:\/\/www.ohselection.com\/en\/#organization"},"alternateName":"Boutique sp\u00e9cialis\u00e9e dans les accessoires d'horlogerie","potentialAction":[{"@type":"SearchAction","target":{"@type":"EntryPoint","urlTemplate":"https:\/\/www.ohselection.com\/en\/?s={search_term_string}"},"query-input":{"@type":"PropertyValueSpecification","valueRequired":true,"valueName":"search_term_string"}}],"inLanguage":"en-US"},{"@type":"Organization","@id":"https:\/\/www.ohselection.com\/en\/#organization","name":"OH SELECTION","alternateName":"OHSelection","url":"https:\/\/www.ohselection.com\/en\/","logo":{"@type":"ImageObject","inLanguage":"en-US","@id":"https:\/\/www.ohselection.com\/en\/#\/schema\/logo\/image\/","url":"https:\/\/www.ohselection.com\/wp-content\/uploads\/2025\/04\/Logo-OHS-N.jpg","contentUrl":"https:\/\/www.ohselection.com\/wp-content\/uploads\/2025\/04\/Logo-OHS-N.jpg","width":1385,"height":325,"caption":"OH SELECTION"},"image":{"@id":"https:\/\/www.ohselection.com\/en\/#\/schema\/logo\/image\/"},"sameAs":["https:\/\/www.facebook.com\/ohselectionparis\/","https:\/\/www.instagram.com\/ohselectionparis\/"]}]}},"_links":{"self":[{"href":"https:\/\/www.ohselection.com\/en\/wp-json\/wp\/v2\/pages\/99319","targetHints":{"allow":["GET"]}}],"collection":[{"href":"https:\/\/www.ohselection.com\/en\/wp-json\/wp\/v2\/pages"}],"about":[{"href":"https:\/\/www.ohselection.com\/en\/wp-json\/wp\/v2\/types\/page"}],"author":[{"embeddable":true,"href":"https:\/\/www.ohselection.com\/en\/wp-json\/wp\/v2\/users\/3"}],"replies":[{"embeddable":true,"href":"https:\/\/www.ohselection.com\/en\/wp-json\/wp\/v2\/comments?post=99319"}],"version-history":[{"count":0,"href":"https:\/\/www.ohselection.com\/en\/wp-json\/wp\/v2\/pages\/99319\/revisions"}],"up":[{"embeddable":true,"href":"https:\/\/www.ohselection.com\/en\/wp-json\/wp\/v2\/pages\/99315"}],"wp:attachment":[{"href":"https:\/\/www.ohselection.com\/en\/wp-json\/wp\/v2\/media?parent=99319"}],"curies":[{"name":"wp","href":"https:\/\/api.w.org\/{rel}","templated":true}]}}