{"id":99373,"date":"2025-09-22T14:35:28","date_gmt":"2025-09-22T12:35:28","guid":{"rendered":"https:\/\/www.ohselection.com\/legal-notice\/"},"modified":"2025-09-22T14:35:28","modified_gmt":"2025-09-22T12:35:28","slug":"legal-notice","status":"publish","type":"page","link":"https:\/\/www.ohselection.com\/en\/legal-notice\/","title":{"rendered":"Legal Notice"},"content":{"rendered":"<p>[vc_row css=&#8221;.vc_custom_1518174513695{margin-top: 60px !important;}&#8221;][vc_column][vc_column_text]Despite all care taken in the creation and regular updating of this site, errors may have inadvertently appeared in the information and\/or documents presented. Users of this site are therefore advised to perform all necessary verifications, as the publisher cannot be held liable for any potential errors. <\/p>\n<p>&nbsp;<\/p>\n<h6>PUBLISHER INFORMATION<\/h6>\n<p>OH SELECTION \/ EYAKLA<\/p>\n<p>60 Fran\u00e7ois 1st Street &#8211; 75008 Paris<\/p>\n<p>EYAKLA SASU with a capital of 1,000 euros<\/p>\n<p>RCS Paris: 981 195 5550 0017<\/p>\n<p>Intracommunity VAT No.: FR39981195555<\/p>\n<p>&nbsp;<\/p>\n<h6>COPYRIGHT<\/h6>\n<p>The presentation and content of this site collectively constitute a work protected by international conventions and current intellectual property laws, notably copyright, unfair competition, and registered trademarks. No reproduction or representation may occur without the prior written consent of OH SELECTION. <\/p>\n<p>&nbsp;<\/p>\n<h6>HOST INFORMATION<\/h6>\n<p>OVH Company<\/p>\n<p>RCS: Roubaix \u2013 Tourcoing 424 761 419 00011<\/p>\n<p>Registered office: 2 Kellerman Street, 59100 Roubaix.<\/p>\n<p>&nbsp;<\/p>\n<h6>DEVELOPER INFORMATION<\/h6>\n<p>Development: Yves Skrzypczyk<\/p>\n<p>Photo credits: \u00a9OH Selection, \u00a9Marion Aillerie, \u00a9Samir Khemici, \u00a9Simon Courtecuisse and <strong>\u00a9 <\/strong>St\u00e9phane Adam[\/vc_column_text][\/vc_column][\/vc_row][:en][vc_row css=&#8221;.vc_custom_1518174497997{margin-top: 60px !important;}&#8221;]<\/p>\n","protected":false},"excerpt":{"rendered":"<p>[vc_row css=&#8221;.vc_custom_1518174513695{margin-top: 60px !important;}&#8221;][vc_column][vc_column_text]Despite all care taken in the creation and regular updating of this site, errors may have inadvertently appeared in the information and\/or documents presented. Users of this site are therefore advised to perform all necessary verifications, as the publisher cannot be held liable for any potential errors. &nbsp; PUBLISHER INFORMATION OH SELECTION [&hellip;]<\/p>\n","protected":false},"author":9,"featured_media":7495,"parent":0,"menu_order":0,"comment_status":"closed","ping_status":"closed","template":"","meta":{"footnotes":""},"class_list":["post-99373","page","type-page","status-publish","has-post-thumbnail","hentry"],"yoast_head":"<!-- This site is optimized with the Yoast SEO plugin v27.0 - https:\/\/yoast.com\/product\/yoast-seo-wordpress\/ -->\n<title>Legal Notice | OH SELECTION<\/title>\n<meta name=\"robots\" content=\"index, follow, max-snippet:-1, max-image-preview:large, max-video-preview:-1\" \/>\n<link rel=\"canonical\" href=\"https:\/\/www.ohselection.com\/en\/legal-notice\/\" \/>\n<meta property=\"og:locale\" content=\"en_US\" \/>\n<meta property=\"og:type\" content=\"article\" \/>\n<meta property=\"og:title\" content=\"Legal Notice | OH SELECTION\" \/>\n<meta property=\"og:description\" content=\"[vc_row css=&#8221;.vc_custom_1518174513695{margin-top: 60px !important;}&#8221;][vc_column][vc_column_text]Despite all care taken in the creation and regular updating of this site, errors may have inadvertently appeared in the information and\/or documents presented. Users of this site are therefore advised to perform all necessary verifications, as the publisher cannot be held liable for any potential errors. &nbsp; PUBLISHER INFORMATION OH SELECTION [&hellip;]\" \/>\n<meta property=\"og:url\" content=\"https:\/\/www.ohselection.com\/en\/legal-notice\/\" \/>\n<meta property=\"og:site_name\" content=\"OH SELECTION\" \/>\n<meta property=\"article:publisher\" content=\"https:\/\/www.facebook.com\/ohselectionparis\/\" \/>\n<meta property=\"og:image\" content=\"https:\/\/www.ohselection.com\/wp-content\/uploads\/2017\/08\/bandeau-cdg.png\" \/>\n\t<meta property=\"og:image:width\" content=\"1500\" \/>\n\t<meta property=\"og:image:height\" content=\"400\" \/>\n\t<meta property=\"og:image:type\" content=\"image\/png\" \/>\n<meta name=\"twitter:card\" content=\"summary_large_image\" \/>\n<meta name=\"twitter:label1\" content=\"Est. reading time\" \/>\n\t<meta name=\"twitter:data1\" content=\"1 minute\" \/>\n<script type=\"application\/ld+json\" class=\"yoast-schema-graph\">{\"@context\":\"https:\/\/schema.org\",\"@graph\":[{\"@type\":\"WebPage\",\"@id\":\"https:\/\/www.ohselection.com\/en\/legal-notice\/\",\"url\":\"https:\/\/www.ohselection.com\/en\/legal-notice\/\",\"name\":\"Legal Notice | OH SELECTION\",\"isPartOf\":{\"@id\":\"https:\/\/www.ohselection.com\/en\/#website\"},\"primaryImageOfPage\":{\"@id\":\"https:\/\/www.ohselection.com\/en\/legal-notice\/#primaryimage\"},\"image\":{\"@id\":\"https:\/\/www.ohselection.com\/en\/legal-notice\/#primaryimage\"},\"thumbnailUrl\":\"https:\/\/www.ohselection.com\/wp-content\/uploads\/2017\/08\/bandeau-cdg.png\",\"datePublished\":\"2025-09-22T12:35:28+00:00\",\"inLanguage\":\"en-US\",\"potentialAction\":[{\"@type\":\"ReadAction\",\"target\":[\"https:\/\/www.ohselection.com\/en\/legal-notice\/\"]}]},{\"@type\":\"ImageObject\",\"inLanguage\":\"en-US\",\"@id\":\"https:\/\/www.ohselection.com\/en\/legal-notice\/#primaryimage\",\"url\":\"https:\/\/www.ohselection.com\/wp-content\/uploads\/2017\/08\/bandeau-cdg.png\",\"contentUrl\":\"https:\/\/www.ohselection.com\/wp-content\/uploads\/2017\/08\/bandeau-cdg.png\",\"width\":1500,\"height\":400},{\"@type\":\"WebSite\",\"@id\":\"https:\/\/www.ohselection.com\/en\/#website\",\"url\":\"https:\/\/www.ohselection.com\/en\/\",\"name\":\"OH Selection\",\"description\":\"Une s\u00e9lection de produits test\u00e9s et approuv\u00e9s par nos horlogers\",\"publisher\":{\"@id\":\"https:\/\/www.ohselection.com\/en\/#organization\"},\"alternateName\":\"Boutique sp\u00e9cialis\u00e9e dans les accessoires d'horlogerie\",\"potentialAction\":[{\"@type\":\"SearchAction\",\"target\":{\"@type\":\"EntryPoint\",\"urlTemplate\":\"https:\/\/www.ohselection.com\/en\/?s={search_term_string}\"},\"query-input\":{\"@type\":\"PropertyValueSpecification\",\"valueRequired\":true,\"valueName\":\"search_term_string\"}}],\"inLanguage\":\"en-US\"},{\"@type\":\"Organization\",\"@id\":\"https:\/\/www.ohselection.com\/en\/#organization\",\"name\":\"OH SELECTION\",\"alternateName\":\"OHSelection\",\"url\":\"https:\/\/www.ohselection.com\/en\/\",\"logo\":{\"@type\":\"ImageObject\",\"inLanguage\":\"en-US\",\"@id\":\"https:\/\/www.ohselection.com\/en\/#\/schema\/logo\/image\/\",\"url\":\"https:\/\/www.ohselection.com\/wp-content\/uploads\/2025\/04\/Logo-OHS-N.jpg\",\"contentUrl\":\"https:\/\/www.ohselection.com\/wp-content\/uploads\/2025\/04\/Logo-OHS-N.jpg\",\"width\":1385,\"height\":325,\"caption\":\"OH SELECTION\"},\"image\":{\"@id\":\"https:\/\/www.ohselection.com\/en\/#\/schema\/logo\/image\/\"},\"sameAs\":[\"https:\/\/www.facebook.com\/ohselectionparis\/\",\"https:\/\/www.instagram.com\/ohselectionparis\/\"]}]}<\/script>\n<!-- \/ Yoast SEO plugin. -->","yoast_head_json":{"title":"Legal Notice | OH SELECTION","robots":{"index":"index","follow":"follow","max-snippet":"max-snippet:-1","max-image-preview":"max-image-preview:large","max-video-preview":"max-video-preview:-1"},"canonical":"https:\/\/www.ohselection.com\/en\/legal-notice\/","og_locale":"en_US","og_type":"article","og_title":"Legal Notice | OH SELECTION","og_description":"[vc_row css=&#8221;.vc_custom_1518174513695{margin-top: 60px !important;}&#8221;][vc_column][vc_column_text]Despite all care taken in the creation and regular updating of this site, errors may have inadvertently appeared in the information and\/or documents presented. Users of this site are therefore advised to perform all necessary verifications, as the publisher cannot be held liable for any potential errors. &nbsp; PUBLISHER INFORMATION OH SELECTION [&hellip;]","og_url":"https:\/\/www.ohselection.com\/en\/legal-notice\/","og_site_name":"OH SELECTION","article_publisher":"https:\/\/www.facebook.com\/ohselectionparis\/","og_image":[{"width":1500,"height":400,"url":"https:\/\/www.ohselection.com\/wp-content\/uploads\/2017\/08\/bandeau-cdg.png","type":"image\/png"}],"twitter_card":"summary_large_image","twitter_misc":{"Est. reading time":"1 minute"},"schema":{"@context":"https:\/\/schema.org","@graph":[{"@type":"WebPage","@id":"https:\/\/www.ohselection.com\/en\/legal-notice\/","url":"https:\/\/www.ohselection.com\/en\/legal-notice\/","name":"Legal Notice | OH SELECTION","isPartOf":{"@id":"https:\/\/www.ohselection.com\/en\/#website"},"primaryImageOfPage":{"@id":"https:\/\/www.ohselection.com\/en\/legal-notice\/#primaryimage"},"image":{"@id":"https:\/\/www.ohselection.com\/en\/legal-notice\/#primaryimage"},"thumbnailUrl":"https:\/\/www.ohselection.com\/wp-content\/uploads\/2017\/08\/bandeau-cdg.png","datePublished":"2025-09-22T12:35:28+00:00","inLanguage":"en-US","potentialAction":[{"@type":"ReadAction","target":["https:\/\/www.ohselection.com\/en\/legal-notice\/"]}]},{"@type":"ImageObject","inLanguage":"en-US","@id":"https:\/\/www.ohselection.com\/en\/legal-notice\/#primaryimage","url":"https:\/\/www.ohselection.com\/wp-content\/uploads\/2017\/08\/bandeau-cdg.png","contentUrl":"https:\/\/www.ohselection.com\/wp-content\/uploads\/2017\/08\/bandeau-cdg.png","width":1500,"height":400},{"@type":"WebSite","@id":"https:\/\/www.ohselection.com\/en\/#website","url":"https:\/\/www.ohselection.com\/en\/","name":"OH Selection","description":"Une s\u00e9lection de produits test\u00e9s et approuv\u00e9s par nos horlogers","publisher":{"@id":"https:\/\/www.ohselection.com\/en\/#organization"},"alternateName":"Boutique sp\u00e9cialis\u00e9e dans les accessoires d'horlogerie","potentialAction":[{"@type":"SearchAction","target":{"@type":"EntryPoint","urlTemplate":"https:\/\/www.ohselection.com\/en\/?s={search_term_string}"},"query-input":{"@type":"PropertyValueSpecification","valueRequired":true,"valueName":"search_term_string"}}],"inLanguage":"en-US"},{"@type":"Organization","@id":"https:\/\/www.ohselection.com\/en\/#organization","name":"OH SELECTION","alternateName":"OHSelection","url":"https:\/\/www.ohselection.com\/en\/","logo":{"@type":"ImageObject","inLanguage":"en-US","@id":"https:\/\/www.ohselection.com\/en\/#\/schema\/logo\/image\/","url":"https:\/\/www.ohselection.com\/wp-content\/uploads\/2025\/04\/Logo-OHS-N.jpg","contentUrl":"https:\/\/www.ohselection.com\/wp-content\/uploads\/2025\/04\/Logo-OHS-N.jpg","width":1385,"height":325,"caption":"OH SELECTION"},"image":{"@id":"https:\/\/www.ohselection.com\/en\/#\/schema\/logo\/image\/"},"sameAs":["https:\/\/www.facebook.com\/ohselectionparis\/","https:\/\/www.instagram.com\/ohselectionparis\/"]}]}},"_links":{"self":[{"href":"https:\/\/www.ohselection.com\/en\/wp-json\/wp\/v2\/pages\/99373","targetHints":{"allow":["GET"]}}],"collection":[{"href":"https:\/\/www.ohselection.com\/en\/wp-json\/wp\/v2\/pages"}],"about":[{"href":"https:\/\/www.ohselection.com\/en\/wp-json\/wp\/v2\/types\/page"}],"author":[{"embeddable":true,"href":"https:\/\/www.ohselection.com\/en\/wp-json\/wp\/v2\/users\/9"}],"replies":[{"embeddable":true,"href":"https:\/\/www.ohselection.com\/en\/wp-json\/wp\/v2\/comments?post=99373"}],"version-history":[{"count":2,"href":"https:\/\/www.ohselection.com\/en\/wp-json\/wp\/v2\/pages\/99373\/revisions"}],"predecessor-version":[{"id":99375,"href":"https:\/\/www.ohselection.com\/en\/wp-json\/wp\/v2\/pages\/99373\/revisions\/99375"}],"wp:featuredmedia":[{"embeddable":true,"href":"https:\/\/www.ohselection.com\/en\/wp-json\/wp\/v2\/media\/7495"}],"wp:attachment":[{"href":"https:\/\/www.ohselection.com\/en\/wp-json\/wp\/v2\/media?parent=99373"}],"curies":[{"name":"wp","href":"https:\/\/api.w.org\/{rel}","templated":true}]}}