{"id":100445,"date":"2025-06-27T16:13:13","date_gmt":"2025-06-27T14:13:13","guid":{"rendered":"https:\/\/www.ohselection.com\/produit\/viaggio-6-black-leather-watch-box-scatola-del-tempo\/"},"modified":"2025-09-25T10:58:39","modified_gmt":"2025-09-25T08:58:39","slug":"viaggio-6-black-leather-watch-box-scatola-del-tempo","status":"publish","type":"product","link":"https:\/\/www.ohselection.com\/en\/produit\/viaggio-6-black-leather-watch-box-scatola-del-tempo\/","title":{"rendered":"Viaggio 6 Black Leather Watch Box Scatola Del Tempo"},"content":{"rendered":"<h3><img decoding=\"async\" class=\"alignnone size-full wp-image-6386\" src=\"\/wp-content\/uploads\/2017\/07\/Capture-d%E2%80%99e%C4%9Bcran-2017-08-02-a%C4%9A-15.48.12.png\" alt=\"\" width=\"50\"> Description<\/h3>\n<p>Provide your watches with an exceptional case with the <strong>Viaggio 6 Intense Black<\/strong> from Scatola del Tempo. Elegantly clad in natural Toledo leather, this compact travel case (8 \u00d7 25 \u00d7 17 cm) protects up to six watches with pin buckles. Every detail, from the hand-selected leather to the rigid structure, attests to Italian craftsmanship, guaranteeing optimal protection against shocks and scratches.  <\/p>\n<h4>Style &amp; Protection<\/h4>\n<ul>\n<li>Intense black Toledo leather, dense, soft to the touch, designed to develop a patina over time.<\/li>\n<li>Rigid structure, padded lid, and internal cushions ensuring the safety of crystals and crowns.<\/li>\n<li>Perfectly suited for travel: compact, stylish, and easy to slip into luggage.<\/li>\n<\/ul>\n<h4>Italian Craftsmanship<\/h4>\n<p>Designed and manufactured in Italy using traditional artisanal methods, each Viaggio 6 is the result of meticulous assembly, true to the DNA of Scatola del Tempo, a renowned watchmaking house since 1989.<\/p>\n<h3><img decoding=\"async\" class=\"alignnone size-full wp-image-6386\" src=\"\/wp-content\/uploads\/2017\/07\/Capture-d%E2%80%99e%C4%9Bcran-2017-08-02-a%C4%9A-15.48.12.png\" alt=\"\" width=\"50\"> Technical Specifications<\/h3>\n<ul>\n<li>Reference: 04022.BSIL<\/li>\n<li>Material: Natural Toledo leather (vegetable-tanned)<\/li>\n<li>Dimensions: 8 \u00d7 25 \u00d7 17 cm<\/li>\n<li>Weight: 0.78 kg<\/li>\n<li>Capacity: 6 watches with pin buckles<\/li>\n<li>Color: Intense Black<\/li>\n<li>Warranty: 3 years, international warranty<\/li>\n<li>Origin: 100% Italian manufacturing<\/li>\n<\/ul>\n","protected":false},"excerpt":{"rendered":"<p>Protect your watches with elegance thanks to the Viaggio 6 Intense Black from Scatola del Tempo, a travel case in natural Toledo leather, handmade in Italy. Compact and refined, it accommodates up to six watches with optimal protection against shocks and scratches. <\/p>\n<p><em><strong>Shipping within 4 to 10 days<\/strong><\/em><\/p>\n","protected":false},"featured_media":100446,"comment_status":"open","ping_status":"closed","template":"","meta":[],"pwb-brand":[660],"product_brand":[],"product_cat":[869,861],"product_tag":[],"class_list":{"0":"post-100445","1":"product","2":"type-product","3":"status-publish","4":"has-post-thumbnail","6":"pwb-brand-scatola-del-tempo","7":"product_cat-watch-box","8":"product_cat-watch-storage","9":"product_shipping_class-low-stock","11":"first","12":"instock","13":"taxable","14":"shipping-taxable","15":"purchasable","16":"product-type-simple"},"yoast_head":"<!-- This site is optimized with the Yoast SEO plugin v27.0 - https:\/\/yoast.com\/product\/yoast-seo-wordpress\/ -->\n<title>Viaggio 6 Black Leather Watch Box Scatola Del Tempo | OH SELECTION<\/title>\n<meta name=\"description\" content=\"Protect your watches with elegance thanks to the Viaggio 6 Intense Black from Scatola del Tempo, a travel case in natural Toledo leather, handmade in Italy. Compact and refined, it accommodates up to six watches with optimal protection against shocks and scratches.  Shipping within 4 to 10 days\" \/>\n<meta name=\"robots\" content=\"index, follow, max-snippet:-1, max-image-preview:large, max-video-preview:-1\" \/>\n<link rel=\"canonical\" href=\"https:\/\/www.ohselection.com\/en\/produit\/viaggio-6-black-leather-watch-box-scatola-del-tempo\/\" \/>\n<meta property=\"og:locale\" content=\"en_US\" \/>\n<meta property=\"og:type\" content=\"article\" \/>\n<meta property=\"og:title\" content=\"Viaggio 6 Black Leather Watch Box Scatola Del Tempo | OH SELECTION\" \/>\n<meta property=\"og:description\" content=\"Protect your watches with elegance thanks to the Viaggio 6 Intense Black from Scatola del Tempo, a travel case in natural Toledo leather, handmade in Italy. Compact and refined, it accommodates up to six watches with optimal protection against shocks and scratches.  Shipping within 4 to 10 days\" \/>\n<meta property=\"og:url\" content=\"https:\/\/www.ohselection.com\/en\/produit\/viaggio-6-black-leather-watch-box-scatola-del-tempo\/\" \/>\n<meta property=\"og:site_name\" content=\"OH SELECTION\" \/>\n<meta property=\"article:publisher\" content=\"https:\/\/www.facebook.com\/ohselectionparis\/\" \/>\n<meta property=\"article:modified_time\" content=\"2025-09-25T08:58:39+00:00\" \/>\n<meta property=\"og:image\" content=\"https:\/\/www.ohselection.com\/wp-content\/uploads\/2025\/06\/viaggio-black-6-watch-open-full-view.jpeg\" \/>\n\t<meta property=\"og:image:width\" content=\"1800\" \/>\n\t<meta property=\"og:image:height\" content=\"900\" \/>\n\t<meta property=\"og:image:type\" content=\"image\/jpeg\" \/>\n<meta name=\"twitter:card\" content=\"summary_large_image\" \/>\n<meta name=\"twitter:label1\" content=\"Est. reading time\" \/>\n\t<meta name=\"twitter:data1\" content=\"1 minute\" \/>\n<script type=\"application\/ld+json\" class=\"yoast-schema-graph\">{\"@context\":\"https:\/\/schema.org\",\"@graph\":[{\"@type\":\"WebPage\",\"@id\":\"https:\/\/www.ohselection.com\/en\/produit\/viaggio-6-black-leather-watch-box-scatola-del-tempo\/\",\"url\":\"https:\/\/www.ohselection.com\/en\/produit\/viaggio-6-black-leather-watch-box-scatola-del-tempo\/\",\"name\":\"Viaggio 6 Black Leather Watch Box Scatola Del Tempo | OH SELECTION\",\"isPartOf\":{\"@id\":\"https:\/\/www.ohselection.com\/en\/#website\"},\"primaryImageOfPage\":{\"@id\":\"https:\/\/www.ohselection.com\/en\/produit\/viaggio-6-black-leather-watch-box-scatola-del-tempo\/#primaryimage\"},\"image\":{\"@id\":\"https:\/\/www.ohselection.com\/en\/produit\/viaggio-6-black-leather-watch-box-scatola-del-tempo\/#primaryimage\"},\"thumbnailUrl\":\"https:\/\/www.ohselection.com\/wp-content\/uploads\/2025\/06\/viaggio-black-6-watch-open-full-view.jpeg\",\"datePublished\":\"2025-06-27T14:13:13+00:00\",\"dateModified\":\"2025-09-25T08:58:39+00:00\",\"description\":\"Protect your watches with elegance thanks to the Viaggio 6 Intense Black from Scatola del Tempo, a travel case in natural Toledo leather, handmade in Italy. Compact and refined, it accommodates up to six watches with optimal protection against shocks and scratches. Shipping within 4 to 10 days\",\"breadcrumb\":{\"@id\":\"https:\/\/www.ohselection.com\/en\/produit\/viaggio-6-black-leather-watch-box-scatola-del-tempo\/#breadcrumb\"},\"inLanguage\":\"en-US\",\"potentialAction\":[{\"@type\":\"ReadAction\",\"target\":[\"https:\/\/www.ohselection.com\/en\/produit\/viaggio-6-black-leather-watch-box-scatola-del-tempo\/\"]}]},{\"@type\":\"ImageObject\",\"inLanguage\":\"en-US\",\"@id\":\"https:\/\/www.ohselection.com\/en\/produit\/viaggio-6-black-leather-watch-box-scatola-del-tempo\/#primaryimage\",\"url\":\"https:\/\/www.ohselection.com\/wp-content\/uploads\/2025\/06\/viaggio-black-6-watch-open-full-view.jpeg\",\"contentUrl\":\"https:\/\/www.ohselection.com\/wp-content\/uploads\/2025\/06\/viaggio-black-6-watch-open-full-view.jpeg\",\"width\":1800,\"height\":900,\"caption\":\"viaggio-black-6-watch-open-full-view\"},{\"@type\":\"BreadcrumbList\",\"@id\":\"https:\/\/www.ohselection.com\/en\/produit\/viaggio-6-black-leather-watch-box-scatola-del-tempo\/#breadcrumb\",\"itemListElement\":[{\"@type\":\"ListItem\",\"position\":1,\"name\":\"Accueil\",\"item\":\"https:\/\/www.ohselection.com\/shop\/?lang=en\"},{\"@type\":\"ListItem\",\"position\":2,\"name\":\"Watch Box\",\"item\":\"https:\/\/www.ohselection.com\/en\/product-category\/watch-box\/\"},{\"@type\":\"ListItem\",\"position\":3,\"name\":\"Viaggio 6 Black Leather Watch Box Scatola Del Tempo\"}]},{\"@type\":\"WebSite\",\"@id\":\"https:\/\/www.ohselection.com\/en\/#website\",\"url\":\"https:\/\/www.ohselection.com\/en\/\",\"name\":\"OH Selection\",\"description\":\"Une s\u00e9lection de produits test\u00e9s et approuv\u00e9s par nos horlogers\",\"publisher\":{\"@id\":\"https:\/\/www.ohselection.com\/en\/#organization\"},\"alternateName\":\"Boutique sp\u00e9cialis\u00e9e dans les accessoires d'horlogerie\",\"potentialAction\":[{\"@type\":\"SearchAction\",\"target\":{\"@type\":\"EntryPoint\",\"urlTemplate\":\"https:\/\/www.ohselection.com\/en\/?s={search_term_string}\"},\"query-input\":{\"@type\":\"PropertyValueSpecification\",\"valueRequired\":true,\"valueName\":\"search_term_string\"}}],\"inLanguage\":\"en-US\"},{\"@type\":\"Organization\",\"@id\":\"https:\/\/www.ohselection.com\/en\/#organization\",\"name\":\"OH SELECTION\",\"alternateName\":\"OHSelection\",\"url\":\"https:\/\/www.ohselection.com\/en\/\",\"logo\":{\"@type\":\"ImageObject\",\"inLanguage\":\"en-US\",\"@id\":\"https:\/\/www.ohselection.com\/en\/#\/schema\/logo\/image\/\",\"url\":\"https:\/\/www.ohselection.com\/wp-content\/uploads\/2025\/04\/Logo-OHS-N.jpg\",\"contentUrl\":\"https:\/\/www.ohselection.com\/wp-content\/uploads\/2025\/04\/Logo-OHS-N.jpg\",\"width\":1385,\"height\":325,\"caption\":\"OH SELECTION\"},\"image\":{\"@id\":\"https:\/\/www.ohselection.com\/en\/#\/schema\/logo\/image\/\"},\"sameAs\":[\"https:\/\/www.facebook.com\/ohselectionparis\/\",\"https:\/\/www.instagram.com\/ohselectionparis\/\"]}]}<\/script>\n<!-- \/ Yoast SEO plugin. -->","yoast_head_json":{"title":"Viaggio 6 Black Leather Watch Box Scatola Del Tempo | OH SELECTION","description":"Protect your watches with elegance thanks to the Viaggio 6 Intense Black from Scatola del Tempo, a travel case in natural Toledo leather, handmade in Italy. Compact and refined, it accommodates up to six watches with optimal protection against shocks and scratches.  Shipping within 4 to 10 days","robots":{"index":"index","follow":"follow","max-snippet":"max-snippet:-1","max-image-preview":"max-image-preview:large","max-video-preview":"max-video-preview:-1"},"canonical":"https:\/\/www.ohselection.com\/en\/produit\/viaggio-6-black-leather-watch-box-scatola-del-tempo\/","og_locale":"en_US","og_type":"article","og_title":"Viaggio 6 Black Leather Watch Box Scatola Del Tempo | OH SELECTION","og_description":"Protect your watches with elegance thanks to the Viaggio 6 Intense Black from Scatola del Tempo, a travel case in natural Toledo leather, handmade in Italy. Compact and refined, it accommodates up to six watches with optimal protection against shocks and scratches.  Shipping within 4 to 10 days","og_url":"https:\/\/www.ohselection.com\/en\/produit\/viaggio-6-black-leather-watch-box-scatola-del-tempo\/","og_site_name":"OH SELECTION","article_publisher":"https:\/\/www.facebook.com\/ohselectionparis\/","article_modified_time":"2025-09-25T08:58:39+00:00","og_image":[{"width":1800,"height":900,"url":"https:\/\/www.ohselection.com\/wp-content\/uploads\/2025\/06\/viaggio-black-6-watch-open-full-view.jpeg","type":"image\/jpeg"}],"twitter_card":"summary_large_image","twitter_misc":{"Est. reading time":"1 minute"},"schema":{"@context":"https:\/\/schema.org","@graph":[{"@type":"WebPage","@id":"https:\/\/www.ohselection.com\/en\/produit\/viaggio-6-black-leather-watch-box-scatola-del-tempo\/","url":"https:\/\/www.ohselection.com\/en\/produit\/viaggio-6-black-leather-watch-box-scatola-del-tempo\/","name":"Viaggio 6 Black Leather Watch Box Scatola Del Tempo | OH SELECTION","isPartOf":{"@id":"https:\/\/www.ohselection.com\/en\/#website"},"primaryImageOfPage":{"@id":"https:\/\/www.ohselection.com\/en\/produit\/viaggio-6-black-leather-watch-box-scatola-del-tempo\/#primaryimage"},"image":{"@id":"https:\/\/www.ohselection.com\/en\/produit\/viaggio-6-black-leather-watch-box-scatola-del-tempo\/#primaryimage"},"thumbnailUrl":"https:\/\/www.ohselection.com\/wp-content\/uploads\/2025\/06\/viaggio-black-6-watch-open-full-view.jpeg","datePublished":"2025-06-27T14:13:13+00:00","dateModified":"2025-09-25T08:58:39+00:00","description":"Protect your watches with elegance thanks to the Viaggio 6 Intense Black from Scatola del Tempo, a travel case in natural Toledo leather, handmade in Italy. Compact and refined, it accommodates up to six watches with optimal protection against shocks and scratches. Shipping within 4 to 10 days","breadcrumb":{"@id":"https:\/\/www.ohselection.com\/en\/produit\/viaggio-6-black-leather-watch-box-scatola-del-tempo\/#breadcrumb"},"inLanguage":"en-US","potentialAction":[{"@type":"ReadAction","target":["https:\/\/www.ohselection.com\/en\/produit\/viaggio-6-black-leather-watch-box-scatola-del-tempo\/"]}]},{"@type":"ImageObject","inLanguage":"en-US","@id":"https:\/\/www.ohselection.com\/en\/produit\/viaggio-6-black-leather-watch-box-scatola-del-tempo\/#primaryimage","url":"https:\/\/www.ohselection.com\/wp-content\/uploads\/2025\/06\/viaggio-black-6-watch-open-full-view.jpeg","contentUrl":"https:\/\/www.ohselection.com\/wp-content\/uploads\/2025\/06\/viaggio-black-6-watch-open-full-view.jpeg","width":1800,"height":900,"caption":"viaggio-black-6-watch-open-full-view"},{"@type":"BreadcrumbList","@id":"https:\/\/www.ohselection.com\/en\/produit\/viaggio-6-black-leather-watch-box-scatola-del-tempo\/#breadcrumb","itemListElement":[{"@type":"ListItem","position":1,"name":"Accueil","item":"https:\/\/www.ohselection.com\/shop\/?lang=en"},{"@type":"ListItem","position":2,"name":"Watch Box","item":"https:\/\/www.ohselection.com\/en\/product-category\/watch-box\/"},{"@type":"ListItem","position":3,"name":"Viaggio 6 Black Leather Watch Box Scatola Del Tempo"}]},{"@type":"WebSite","@id":"https:\/\/www.ohselection.com\/en\/#website","url":"https:\/\/www.ohselection.com\/en\/","name":"OH Selection","description":"Une s\u00e9lection de produits test\u00e9s et approuv\u00e9s par nos horlogers","publisher":{"@id":"https:\/\/www.ohselection.com\/en\/#organization"},"alternateName":"Boutique sp\u00e9cialis\u00e9e dans les accessoires d'horlogerie","potentialAction":[{"@type":"SearchAction","target":{"@type":"EntryPoint","urlTemplate":"https:\/\/www.ohselection.com\/en\/?s={search_term_string}"},"query-input":{"@type":"PropertyValueSpecification","valueRequired":true,"valueName":"search_term_string"}}],"inLanguage":"en-US"},{"@type":"Organization","@id":"https:\/\/www.ohselection.com\/en\/#organization","name":"OH SELECTION","alternateName":"OHSelection","url":"https:\/\/www.ohselection.com\/en\/","logo":{"@type":"ImageObject","inLanguage":"en-US","@id":"https:\/\/www.ohselection.com\/en\/#\/schema\/logo\/image\/","url":"https:\/\/www.ohselection.com\/wp-content\/uploads\/2025\/04\/Logo-OHS-N.jpg","contentUrl":"https:\/\/www.ohselection.com\/wp-content\/uploads\/2025\/04\/Logo-OHS-N.jpg","width":1385,"height":325,"caption":"OH SELECTION"},"image":{"@id":"https:\/\/www.ohselection.com\/en\/#\/schema\/logo\/image\/"},"sameAs":["https:\/\/www.facebook.com\/ohselectionparis\/","https:\/\/www.instagram.com\/ohselectionparis\/"]}]}},"brands":[{"id":660,"name":"Scatola Del Tempo","slug":"scatola-del-tempo"}],"_links":{"self":[{"href":"https:\/\/www.ohselection.com\/en\/wp-json\/wp\/v2\/product\/100445","targetHints":{"allow":["GET"]}}],"collection":[{"href":"https:\/\/www.ohselection.com\/en\/wp-json\/wp\/v2\/product"}],"about":[{"href":"https:\/\/www.ohselection.com\/en\/wp-json\/wp\/v2\/types\/product"}],"replies":[{"embeddable":true,"href":"https:\/\/www.ohselection.com\/en\/wp-json\/wp\/v2\/comments?post=100445"}],"wp:featuredmedia":[{"embeddable":true,"href":"https:\/\/www.ohselection.com\/en\/wp-json\/wp\/v2\/media\/100446"}],"wp:attachment":[{"href":"https:\/\/www.ohselection.com\/en\/wp-json\/wp\/v2\/media?parent=100445"}],"wp:term":[{"taxonomy":"pwb-brand","embeddable":true,"href":"https:\/\/www.ohselection.com\/en\/wp-json\/wp\/v2\/pwb-brand?post=100445"},{"taxonomy":"product_brand","embeddable":true,"href":"https:\/\/www.ohselection.com\/en\/wp-json\/wp\/v2\/product_brand?post=100445"},{"taxonomy":"product_cat","embeddable":true,"href":"https:\/\/www.ohselection.com\/en\/wp-json\/wp\/v2\/product_cat?post=100445"},{"taxonomy":"product_tag","embeddable":true,"href":"https:\/\/www.ohselection.com\/en\/wp-json\/wp\/v2\/product_tag?post=100445"}],"curies":[{"name":"wp","href":"https:\/\/api.w.org\/{rel}","templated":true}]}}