{"id":101794,"date":"2025-05-14T13:34:54","date_gmt":"2025-05-14T11:34:54","guid":{"rendered":"https:\/\/www.ohselection.com\/produit\/kronokeeper-black-aluminum-watch-display-stand\/"},"modified":"2025-09-26T12:23:48","modified_gmt":"2025-09-26T10:23:48","slug":"kronokeeper-black-aluminum-watch-display-stand","status":"publish","type":"product","link":"https:\/\/www.ohselection.com\/en\/produit\/kronokeeper-black-aluminum-watch-display-stand\/","title":{"rendered":"Kronokeeper Black Aluminum Watch Display Stand"},"content":{"rendered":"<h3><img decoding=\"async\" class=\"alignnone size-full wp-image-6386\" src=\"\/wp-content\/uploads\/2017\/07\/Capture-d%E2%80%99e%C4%9Bcran-2017-08-02-a%C4%9A-15.48.12.png\" alt=\"\" width=\"50\"> Description<\/h3>\n<p>The <strong>Kronokeeper watch stand<\/strong> is the ideal accessory to showcase your watch while protecting it from scratches when not worn. Its sleek and modern design seamlessly blends into any interior, whether on a desk, dresser, nightstand, or even inside a display case or safe. <\/p>\n<p>The base of the stand is crafted from <strong>matte silver anodized aluminum<\/strong>, offering both lightness and robustness. The cushion, lined with <strong>felt<\/strong>, ensures optimal protection for your watch against scratches. The open end of the cushion facilitates the mounting and removal of the watch, allowing for easy daily use.  <\/p>\n<p>Available in three elegant colors \u2014 <strong>Grey<\/strong>, <strong>Navy Blue<\/strong>, and <strong>Burgundy<\/strong> \u2014 this stand adapts to your preferences and interior decor. Whether you are a passionate collector or simply wish to care for your watch, the Kronokeeper stand is a wise choice. <\/p>\n<p><em>*The watch shown in the images is for illustration purposes only and is not included.<\/em><\/p>\n<h3><img decoding=\"async\" class=\"alignnone size-full wp-image-6386\" src=\"\/wp-content\/uploads\/2017\/07\/Capture-d%E2%80%99e%C4%9Bcran-2017-08-02-a%C4%9A-15.48.12.png\" alt=\"\" width=\"50\"> Technical Specifications<\/h3>\n<ul>\n<li><strong>Brand:<\/strong> Kronokeeper<\/li>\n<li><strong>Materials:<\/strong> Base in matte silver anodized aluminum, felt cushion<\/li>\n<li><strong>Available Colors:<\/strong> Grey, Navy Blue, Burgundy<\/li>\n<li><strong>Usage:<\/strong> Display and protection of watches<\/li>\n<\/ul>\n","protected":false},"excerpt":{"rendered":"<p>The Kronokeeper black aluminum stand combines modern design and optimal protection to elegantly display your watch. Lightweight and durable thanks to its anodized aluminum base, it harmoniously adapts to all interiors. <\/p>\n","protected":false},"featured_media":101795,"comment_status":"open","ping_status":"closed","template":"","meta":[],"pwb-brand":[569],"product_brand":[702],"product_cat":[834,897],"product_tag":[],"class_list":{"0":"post-101794","1":"product","2":"type-product","3":"status-publish","4":"has-post-thumbnail","6":"pwb-brand-kronokeeper","7":"product_brand-kronokeeper","8":"product_cat-gifts-under-e50","9":"product_cat-watch-stand","10":"product_shipping_class-other","12":"first","13":"instock","14":"purchasable","15":"product-type-variable"},"yoast_head":"<!-- This site is optimized with the Yoast SEO plugin v27.0 - https:\/\/yoast.com\/product\/yoast-seo-wordpress\/ -->\n<title>Kronokeeper Black Aluminum Watch Display Stand | OH SELECTION<\/title>\n<meta name=\"description\" content=\"The Kronokeeper black aluminum stand combines modern design and optimal protection to elegantly display your watch. Lightweight and durable thanks to its anodized aluminum base, it harmoniously adapts to all interiors.\" \/>\n<meta name=\"robots\" content=\"index, follow, max-snippet:-1, max-image-preview:large, max-video-preview:-1\" \/>\n<link rel=\"canonical\" href=\"https:\/\/www.ohselection.com\/en\/produit\/kronokeeper-black-aluminum-watch-display-stand\/\" \/>\n<meta property=\"og:locale\" content=\"en_US\" \/>\n<meta property=\"og:type\" content=\"article\" \/>\n<meta property=\"og:title\" content=\"Kronokeeper Black Aluminum Watch Display Stand | OH SELECTION\" \/>\n<meta property=\"og:description\" content=\"The Kronokeeper black aluminum stand combines modern design and optimal protection to elegantly display your watch. Lightweight and durable thanks to its anodized aluminum base, it harmoniously adapts to all interiors.\" \/>\n<meta property=\"og:url\" content=\"https:\/\/www.ohselection.com\/en\/produit\/kronokeeper-black-aluminum-watch-display-stand\/\" \/>\n<meta property=\"og:site_name\" content=\"OH SELECTION\" \/>\n<meta property=\"article:publisher\" content=\"https:\/\/www.facebook.com\/ohselectionparis\/\" \/>\n<meta property=\"article:modified_time\" content=\"2025-09-26T10:23:48+00:00\" \/>\n<meta property=\"og:image\" content=\"https:\/\/www.ohselection.com\/wp-content\/uploads\/2025\/05\/Support-de-montre-aluminium-noir-et-bleu.jpg\" \/>\n\t<meta property=\"og:image:width\" content=\"1800\" \/>\n\t<meta property=\"og:image:height\" content=\"900\" \/>\n\t<meta property=\"og:image:type\" content=\"image\/jpeg\" \/>\n<meta name=\"twitter:card\" content=\"summary_large_image\" \/>\n<meta name=\"twitter:label1\" content=\"Est. reading time\" \/>\n\t<meta name=\"twitter:data1\" content=\"1 minute\" \/>\n<script type=\"application\/ld+json\" class=\"yoast-schema-graph\">{\"@context\":\"https:\/\/schema.org\",\"@graph\":[{\"@type\":\"WebPage\",\"@id\":\"https:\/\/www.ohselection.com\/en\/produit\/kronokeeper-black-aluminum-watch-display-stand\/\",\"url\":\"https:\/\/www.ohselection.com\/en\/produit\/kronokeeper-black-aluminum-watch-display-stand\/\",\"name\":\"Kronokeeper Black Aluminum Watch Display Stand | OH SELECTION\",\"isPartOf\":{\"@id\":\"https:\/\/www.ohselection.com\/en\/#website\"},\"primaryImageOfPage\":{\"@id\":\"https:\/\/www.ohselection.com\/en\/produit\/kronokeeper-black-aluminum-watch-display-stand\/#primaryimage\"},\"image\":{\"@id\":\"https:\/\/www.ohselection.com\/en\/produit\/kronokeeper-black-aluminum-watch-display-stand\/#primaryimage\"},\"thumbnailUrl\":\"https:\/\/www.ohselection.com\/wp-content\/uploads\/2025\/05\/Support-de-montre-aluminium-noir-et-bleu.jpg\",\"datePublished\":\"2025-05-14T11:34:54+00:00\",\"dateModified\":\"2025-09-26T10:23:48+00:00\",\"description\":\"The Kronokeeper black aluminum stand combines modern design and optimal protection to elegantly display your watch. Lightweight and durable thanks to its anodized aluminum base, it harmoniously adapts to all interiors.\",\"breadcrumb\":{\"@id\":\"https:\/\/www.ohselection.com\/en\/produit\/kronokeeper-black-aluminum-watch-display-stand\/#breadcrumb\"},\"inLanguage\":\"en-US\",\"potentialAction\":[{\"@type\":\"ReadAction\",\"target\":[\"https:\/\/www.ohselection.com\/en\/produit\/kronokeeper-black-aluminum-watch-display-stand\/\"]}]},{\"@type\":\"ImageObject\",\"inLanguage\":\"en-US\",\"@id\":\"https:\/\/www.ohselection.com\/en\/produit\/kronokeeper-black-aluminum-watch-display-stand\/#primaryimage\",\"url\":\"https:\/\/www.ohselection.com\/wp-content\/uploads\/2025\/05\/Support-de-montre-aluminium-noir-et-bleu.jpg\",\"contentUrl\":\"https:\/\/www.ohselection.com\/wp-content\/uploads\/2025\/05\/Support-de-montre-aluminium-noir-et-bleu.jpg\",\"width\":1800,\"height\":900,\"caption\":\"Black and Blue Aluminum Watch Stand\"},{\"@type\":\"BreadcrumbList\",\"@id\":\"https:\/\/www.ohselection.com\/en\/produit\/kronokeeper-black-aluminum-watch-display-stand\/#breadcrumb\",\"itemListElement\":[{\"@type\":\"ListItem\",\"position\":1,\"name\":\"Accueil\",\"item\":\"https:\/\/www.ohselection.com\/shop\/?lang=en\"},{\"@type\":\"ListItem\",\"position\":2,\"name\":\"Gifts under \u20ac50\",\"item\":\"https:\/\/www.ohselection.com\/en\/product-category\/gifts-under-e50\/\"},{\"@type\":\"ListItem\",\"position\":3,\"name\":\"Kronokeeper Black Aluminum Watch Display Stand\"}]},{\"@type\":\"WebSite\",\"@id\":\"https:\/\/www.ohselection.com\/en\/#website\",\"url\":\"https:\/\/www.ohselection.com\/en\/\",\"name\":\"OH Selection\",\"description\":\"Une s\u00e9lection de produits test\u00e9s et approuv\u00e9s par nos horlogers\",\"publisher\":{\"@id\":\"https:\/\/www.ohselection.com\/en\/#organization\"},\"alternateName\":\"Boutique sp\u00e9cialis\u00e9e dans les accessoires d'horlogerie\",\"potentialAction\":[{\"@type\":\"SearchAction\",\"target\":{\"@type\":\"EntryPoint\",\"urlTemplate\":\"https:\/\/www.ohselection.com\/en\/?s={search_term_string}\"},\"query-input\":{\"@type\":\"PropertyValueSpecification\",\"valueRequired\":true,\"valueName\":\"search_term_string\"}}],\"inLanguage\":\"en-US\"},{\"@type\":\"Organization\",\"@id\":\"https:\/\/www.ohselection.com\/en\/#organization\",\"name\":\"OH SELECTION\",\"alternateName\":\"OHSelection\",\"url\":\"https:\/\/www.ohselection.com\/en\/\",\"logo\":{\"@type\":\"ImageObject\",\"inLanguage\":\"en-US\",\"@id\":\"https:\/\/www.ohselection.com\/en\/#\/schema\/logo\/image\/\",\"url\":\"https:\/\/www.ohselection.com\/wp-content\/uploads\/2025\/04\/Logo-OHS-N.jpg\",\"contentUrl\":\"https:\/\/www.ohselection.com\/wp-content\/uploads\/2025\/04\/Logo-OHS-N.jpg\",\"width\":1385,\"height\":325,\"caption\":\"OH SELECTION\"},\"image\":{\"@id\":\"https:\/\/www.ohselection.com\/en\/#\/schema\/logo\/image\/\"},\"sameAs\":[\"https:\/\/www.facebook.com\/ohselectionparis\/\",\"https:\/\/www.instagram.com\/ohselectionparis\/\"]}]}<\/script>\n<!-- \/ Yoast SEO plugin. -->","yoast_head_json":{"title":"Kronokeeper Black Aluminum Watch Display Stand | OH SELECTION","description":"The Kronokeeper black aluminum stand combines modern design and optimal protection to elegantly display your watch. Lightweight and durable thanks to its anodized aluminum base, it harmoniously adapts to all interiors.","robots":{"index":"index","follow":"follow","max-snippet":"max-snippet:-1","max-image-preview":"max-image-preview:large","max-video-preview":"max-video-preview:-1"},"canonical":"https:\/\/www.ohselection.com\/en\/produit\/kronokeeper-black-aluminum-watch-display-stand\/","og_locale":"en_US","og_type":"article","og_title":"Kronokeeper Black Aluminum Watch Display Stand | OH SELECTION","og_description":"The Kronokeeper black aluminum stand combines modern design and optimal protection to elegantly display your watch. Lightweight and durable thanks to its anodized aluminum base, it harmoniously adapts to all interiors.","og_url":"https:\/\/www.ohselection.com\/en\/produit\/kronokeeper-black-aluminum-watch-display-stand\/","og_site_name":"OH SELECTION","article_publisher":"https:\/\/www.facebook.com\/ohselectionparis\/","article_modified_time":"2025-09-26T10:23:48+00:00","og_image":[{"width":1800,"height":900,"url":"https:\/\/www.ohselection.com\/wp-content\/uploads\/2025\/05\/Support-de-montre-aluminium-noir-et-bleu.jpg","type":"image\/jpeg"}],"twitter_card":"summary_large_image","twitter_misc":{"Est. reading time":"1 minute"},"schema":{"@context":"https:\/\/schema.org","@graph":[{"@type":"WebPage","@id":"https:\/\/www.ohselection.com\/en\/produit\/kronokeeper-black-aluminum-watch-display-stand\/","url":"https:\/\/www.ohselection.com\/en\/produit\/kronokeeper-black-aluminum-watch-display-stand\/","name":"Kronokeeper Black Aluminum Watch Display Stand | OH SELECTION","isPartOf":{"@id":"https:\/\/www.ohselection.com\/en\/#website"},"primaryImageOfPage":{"@id":"https:\/\/www.ohselection.com\/en\/produit\/kronokeeper-black-aluminum-watch-display-stand\/#primaryimage"},"image":{"@id":"https:\/\/www.ohselection.com\/en\/produit\/kronokeeper-black-aluminum-watch-display-stand\/#primaryimage"},"thumbnailUrl":"https:\/\/www.ohselection.com\/wp-content\/uploads\/2025\/05\/Support-de-montre-aluminium-noir-et-bleu.jpg","datePublished":"2025-05-14T11:34:54+00:00","dateModified":"2025-09-26T10:23:48+00:00","description":"The Kronokeeper black aluminum stand combines modern design and optimal protection to elegantly display your watch. Lightweight and durable thanks to its anodized aluminum base, it harmoniously adapts to all interiors.","breadcrumb":{"@id":"https:\/\/www.ohselection.com\/en\/produit\/kronokeeper-black-aluminum-watch-display-stand\/#breadcrumb"},"inLanguage":"en-US","potentialAction":[{"@type":"ReadAction","target":["https:\/\/www.ohselection.com\/en\/produit\/kronokeeper-black-aluminum-watch-display-stand\/"]}]},{"@type":"ImageObject","inLanguage":"en-US","@id":"https:\/\/www.ohselection.com\/en\/produit\/kronokeeper-black-aluminum-watch-display-stand\/#primaryimage","url":"https:\/\/www.ohselection.com\/wp-content\/uploads\/2025\/05\/Support-de-montre-aluminium-noir-et-bleu.jpg","contentUrl":"https:\/\/www.ohselection.com\/wp-content\/uploads\/2025\/05\/Support-de-montre-aluminium-noir-et-bleu.jpg","width":1800,"height":900,"caption":"Black and Blue Aluminum Watch Stand"},{"@type":"BreadcrumbList","@id":"https:\/\/www.ohselection.com\/en\/produit\/kronokeeper-black-aluminum-watch-display-stand\/#breadcrumb","itemListElement":[{"@type":"ListItem","position":1,"name":"Accueil","item":"https:\/\/www.ohselection.com\/shop\/?lang=en"},{"@type":"ListItem","position":2,"name":"Gifts under \u20ac50","item":"https:\/\/www.ohselection.com\/en\/product-category\/gifts-under-e50\/"},{"@type":"ListItem","position":3,"name":"Kronokeeper Black Aluminum Watch Display Stand"}]},{"@type":"WebSite","@id":"https:\/\/www.ohselection.com\/en\/#website","url":"https:\/\/www.ohselection.com\/en\/","name":"OH Selection","description":"Une s\u00e9lection de produits test\u00e9s et approuv\u00e9s par nos horlogers","publisher":{"@id":"https:\/\/www.ohselection.com\/en\/#organization"},"alternateName":"Boutique sp\u00e9cialis\u00e9e dans les accessoires d'horlogerie","potentialAction":[{"@type":"SearchAction","target":{"@type":"EntryPoint","urlTemplate":"https:\/\/www.ohselection.com\/en\/?s={search_term_string}"},"query-input":{"@type":"PropertyValueSpecification","valueRequired":true,"valueName":"search_term_string"}}],"inLanguage":"en-US"},{"@type":"Organization","@id":"https:\/\/www.ohselection.com\/en\/#organization","name":"OH SELECTION","alternateName":"OHSelection","url":"https:\/\/www.ohselection.com\/en\/","logo":{"@type":"ImageObject","inLanguage":"en-US","@id":"https:\/\/www.ohselection.com\/en\/#\/schema\/logo\/image\/","url":"https:\/\/www.ohselection.com\/wp-content\/uploads\/2025\/04\/Logo-OHS-N.jpg","contentUrl":"https:\/\/www.ohselection.com\/wp-content\/uploads\/2025\/04\/Logo-OHS-N.jpg","width":1385,"height":325,"caption":"OH SELECTION"},"image":{"@id":"https:\/\/www.ohselection.com\/en\/#\/schema\/logo\/image\/"},"sameAs":["https:\/\/www.facebook.com\/ohselectionparis\/","https:\/\/www.instagram.com\/ohselectionparis\/"]}]}},"brands":[{"id":569,"name":"Kronokeeper","slug":"kronokeeper"}],"_links":{"self":[{"href":"https:\/\/www.ohselection.com\/en\/wp-json\/wp\/v2\/product\/101794","targetHints":{"allow":["GET"]}}],"collection":[{"href":"https:\/\/www.ohselection.com\/en\/wp-json\/wp\/v2\/product"}],"about":[{"href":"https:\/\/www.ohselection.com\/en\/wp-json\/wp\/v2\/types\/product"}],"replies":[{"embeddable":true,"href":"https:\/\/www.ohselection.com\/en\/wp-json\/wp\/v2\/comments?post=101794"}],"wp:featuredmedia":[{"embeddable":true,"href":"https:\/\/www.ohselection.com\/en\/wp-json\/wp\/v2\/media\/101795"}],"wp:attachment":[{"href":"https:\/\/www.ohselection.com\/en\/wp-json\/wp\/v2\/media?parent=101794"}],"wp:term":[{"taxonomy":"pwb-brand","embeddable":true,"href":"https:\/\/www.ohselection.com\/en\/wp-json\/wp\/v2\/pwb-brand?post=101794"},{"taxonomy":"product_brand","embeddable":true,"href":"https:\/\/www.ohselection.com\/en\/wp-json\/wp\/v2\/product_brand?post=101794"},{"taxonomy":"product_cat","embeddable":true,"href":"https:\/\/www.ohselection.com\/en\/wp-json\/wp\/v2\/product_cat?post=101794"},{"taxonomy":"product_tag","embeddable":true,"href":"https:\/\/www.ohselection.com\/en\/wp-json\/wp\/v2\/product_tag?post=101794"}],"curies":[{"name":"wp","href":"https:\/\/api.w.org\/{rel}","templated":true}]}}