{"id":102750,"date":"2025-05-19T22:52:46","date_gmt":"2025-05-19T20:52:46","guid":{"rendered":"https:\/\/www.ohselection.com\/produit\/bouveret-ostrich-leather-watch-strap-opera\/"},"modified":"2025-09-26T12:27:33","modified_gmt":"2025-09-26T10:27:33","slug":"bouveret-ostrich-leather-watch-strap-opera","status":"publish","type":"product","link":"https:\/\/www.ohselection.com\/en\/produit\/bouveret-ostrich-leather-watch-strap-opera\/","title":{"rendered":"Bouveret Ostrich Leather Watch Strap Op\u00e9ra"},"content":{"rendered":"<h3><img decoding=\"async\" class=\"alignnone size-full wp-image-6386\" src=\"\/wp-content\/uploads\/2017\/07\/Capture-d%E2%80%99e%C4%9Bcran-2017-08-02-a%C4%9A-15.48.12.png\" alt=\"\" width=\"50\"> Description<\/h3>\n<p>The <strong>Op\u00e9ra 4190<\/strong> ostrich leather watch strap by <strong>Bouveret<\/strong> embodies French artisanal excellence. Crafted with meticulous care, this strap combines timeless elegance and optimal comfort, offering a touch of refinement to your watch. <\/p>\n<h4>Exceptional Leather<\/h4>\n<p>Ostrich leather, known for its unique texture and durability, gives this strap a distinctive aesthetic. The natural marks left by the feathers, called &#8216;quill bumps&#8217;, lend a unique character to each piece. This supple and resistant leather ensures unparalleled comfort on the wrist, while developing an elegant patina over time.  <\/p>\n<h4>A Refined Color Palette<\/h4>\n<p>The Op\u00e9ra 4190 strap is available in several sophisticated colors:<\/p>\n<ul>\n<li><strong>Black<\/strong>: classic and timeless.<\/li>\n<li><strong>Cognac<\/strong>: warm and natural.<\/li>\n<li><strong>Cognac Sellier<\/strong>: with white topstitching for a contrasting touch.<\/li>\n<li><strong>Anthracite Grey Sellier<\/strong>: with white topstitching, elegant and modern.<\/li>\n<li><strong>Mahogany<\/strong>: deep and refined.<\/li>\n<li><strong>Havana<\/strong>: warm and timeless shade.<\/li>\n<\/ul>\n<h4>Compatibility and Finishes<\/h4>\n<p>This strap is available in different widths to fit a variety of watches:<\/p>\n<ul>\n<li><strong>14\/12 mm<\/strong>: only in Cognac Sellier.<\/li>\n<li><strong>15\/14 mm<\/strong>: available in black and Cognac Sellier.<\/li>\n<li><strong>16\/14 mm<\/strong>: only in Cognac Sellier.<\/li>\n<li><strong>17\/16 mm<\/strong>: available in black, Cognac Sellier, Anthracite Grey Sellier, Mahogany, and Havana.<\/li>\n<li><strong>18\/16 mm<\/strong>: available in all colors.<\/li>\n<li><strong>19\/16 mm<\/strong>: available in black, Cognac, Cognac Sellier, Anthracite Grey Sellier, and Havana.<\/li>\n<li><strong>20\/16 mm<\/strong>: only in Cognac Sellier.<\/li>\n<li><strong>20\/18 mm<\/strong>: available in Cognac Sellier and Anthracite Grey Sellier.<\/li>\n<\/ul>\n<p>The straps are available in two lengths: 115 x 80 mm for lug widths from 17 to 20 mm, and 105 x 70 mm for straps from 14 to 16 mm. Each strap is equipped with a stainless steel pin buckle, ensuring a secure fastening and an elegant finish. <\/p>\n<p>Made in France, the Op\u00e9ra 4190 strap testifies to the expertise of Bouveret&#8217;s master saddlers, offering impeccable quality and refined aesthetics to enhance your watch.<\/p>\n<h3><img decoding=\"async\" class=\"alignnone size-full wp-image-6386\" src=\"\/wp-content\/uploads\/2017\/07\/Capture-d%E2%80%99e%C4%9Bcran-2017-08-02-a%C4%9A-15.48.12.png\" alt=\"\" width=\"50\"> Technical Specifications<\/h3>\n<ul>\n<li><strong>Model:<\/strong> Op\u00e9ra 4190<\/li>\n<li><strong>Brand:<\/strong> Bouveret<\/li>\n<li><strong>Material:<\/strong> genuine ostrich leather<\/li>\n<li><strong>Lining:<\/strong> calf leather<\/li>\n<li><strong>Clasp:<\/strong> stainless steel pin buckle<\/li>\n<li><strong>Length:<\/strong> 105 x 70 mm or 115 x 80 mm<\/li>\n<li><strong>Available widths:<\/strong> 14\/12 mm, 15\/14 mm, 16\/14 mm, 17\/16 mm, 18\/16 mm, 19\/16 mm, 20\/16 mm, 20\/18 mm (depending on colors)<\/li>\n<li><strong>Colors:<\/strong> black, cognac, Cognac Sellier (white topstitching), Anthracite Grey Sellier (white topstitching), mahogany, havana<\/li>\n<li><strong>Manufacturing:<\/strong> artisanal, made in France<\/li>\n<\/ul>\n","protected":false},"excerpt":{"rendered":"<p>Crafted from genuine ostrich leather, the Bouveret Op\u00e9ra 4190 strap captivates with its unique natural grain and timeless elegance. Artisanally made in France, it enhances your watch with refinement and lasting comfort. <\/p>\n<p><strong><em>Shipping within 4 to 8 days<\/em><\/strong><\/p>\n","protected":false},"featured_media":102751,"comment_status":"open","ping_status":"closed","template":"","meta":[],"pwb-brand":[679],"product_brand":[696],"product_cat":[830,827,824],"product_tag":[],"class_list":{"0":"post-102750","1":"product","2":"type-product","3":"status-publish","4":"has-post-thumbnail","6":"pwb-brand-bouveret","7":"product_brand-bouveret","8":"product_cat-gifts-under-100-euros","9":"product_cat-leather-watch-strap","10":"product_cat-watch-straps","11":"product_shipping_class-low-stock","12":"pa_largeur-en-mm-cornes-boucle-14-12","13":"pa_largeur-en-mm-cornes-boucle-15-14","14":"pa_largeur-en-mm-cornes-boucle-16-14","15":"pa_largeur-en-mm-cornes-boucle-17-16","16":"pa_largeur-en-mm-cornes-boucle-18-16","17":"pa_largeur-en-mm-cornes-boucle-19-16","18":"pa_largeur-en-mm-cornes-boucle-20-16","19":"pa_largeur-en-mm-cornes-boucle-20-18","21":"first","22":"instock","23":"taxable","24":"shipping-taxable","25":"purchasable","26":"product-type-variable"},"yoast_head":"<!-- This site is optimized with the Yoast SEO plugin v27.0 - https:\/\/yoast.com\/product\/yoast-seo-wordpress\/ -->\n<title>Bouveret Ostrich Leather Watch Strap Op\u00e9ra | OH SELECTION<\/title>\n<meta name=\"description\" content=\"Crafted from genuine ostrich leather, the Bouveret Op\u00e9ra 4190 strap captivates with its unique natural grain and timeless elegance. Artisanally made in France, it enhances your watch with refinement and lasting comfort.  Shipping within 4 to 8 days\" \/>\n<meta name=\"robots\" content=\"index, follow, max-snippet:-1, max-image-preview:large, max-video-preview:-1\" \/>\n<link rel=\"canonical\" href=\"https:\/\/www.ohselection.com\/en\/produit\/bouveret-ostrich-leather-watch-strap-opera\/\" \/>\n<meta property=\"og:locale\" content=\"en_US\" \/>\n<meta property=\"og:type\" content=\"article\" \/>\n<meta property=\"og:title\" content=\"Bouveret Ostrich Leather Watch Strap Op\u00e9ra | OH SELECTION\" \/>\n<meta property=\"og:description\" content=\"Crafted from genuine ostrich leather, the Bouveret Op\u00e9ra 4190 strap captivates with its unique natural grain and timeless elegance. Artisanally made in France, it enhances your watch with refinement and lasting comfort.  Shipping within 4 to 8 days\" \/>\n<meta property=\"og:url\" content=\"https:\/\/www.ohselection.com\/en\/produit\/bouveret-ostrich-leather-watch-strap-opera\/\" \/>\n<meta property=\"og:site_name\" content=\"OH SELECTION\" \/>\n<meta property=\"article:publisher\" content=\"https:\/\/www.facebook.com\/ohselectionparis\/\" \/>\n<meta property=\"article:modified_time\" content=\"2025-09-26T10:27:33+00:00\" \/>\n<meta property=\"og:image\" content=\"https:\/\/www.ohselection.com\/wp-content\/uploads\/2025\/05\/Bracelet-de-montre-Bouveret-en-cuir-dautruche-Opera-4190.jpeg\" \/>\n\t<meta property=\"og:image:width\" content=\"1800\" \/>\n\t<meta property=\"og:image:height\" content=\"900\" \/>\n\t<meta property=\"og:image:type\" content=\"image\/jpeg\" \/>\n<meta name=\"twitter:card\" content=\"summary_large_image\" \/>\n<meta name=\"twitter:label1\" content=\"Est. reading time\" \/>\n\t<meta name=\"twitter:data1\" content=\"2 minutes\" \/>\n<script type=\"application\/ld+json\" class=\"yoast-schema-graph\">{\"@context\":\"https:\/\/schema.org\",\"@graph\":[{\"@type\":\"WebPage\",\"@id\":\"https:\/\/www.ohselection.com\/en\/produit\/bouveret-ostrich-leather-watch-strap-opera\/\",\"url\":\"https:\/\/www.ohselection.com\/en\/produit\/bouveret-ostrich-leather-watch-strap-opera\/\",\"name\":\"Bouveret Ostrich Leather Watch Strap Op\u00e9ra | OH SELECTION\",\"isPartOf\":{\"@id\":\"https:\/\/www.ohselection.com\/en\/#website\"},\"primaryImageOfPage\":{\"@id\":\"https:\/\/www.ohselection.com\/en\/produit\/bouveret-ostrich-leather-watch-strap-opera\/#primaryimage\"},\"image\":{\"@id\":\"https:\/\/www.ohselection.com\/en\/produit\/bouveret-ostrich-leather-watch-strap-opera\/#primaryimage\"},\"thumbnailUrl\":\"https:\/\/www.ohselection.com\/wp-content\/uploads\/2025\/05\/Bracelet-de-montre-Bouveret-en-cuir-dautruche-Opera-4190.jpeg\",\"datePublished\":\"2025-05-19T20:52:46+00:00\",\"dateModified\":\"2025-09-26T10:27:33+00:00\",\"description\":\"Crafted from genuine ostrich leather, the Bouveret Op\u00e9ra 4190 strap captivates with its unique natural grain and timeless elegance. Artisanally made in France, it enhances your watch with refinement and lasting comfort. Shipping within 4 to 8 days\",\"breadcrumb\":{\"@id\":\"https:\/\/www.ohselection.com\/en\/produit\/bouveret-ostrich-leather-watch-strap-opera\/#breadcrumb\"},\"inLanguage\":\"en-US\",\"potentialAction\":[{\"@type\":\"ReadAction\",\"target\":[\"https:\/\/www.ohselection.com\/en\/produit\/bouveret-ostrich-leather-watch-strap-opera\/\"]}]},{\"@type\":\"ImageObject\",\"inLanguage\":\"en-US\",\"@id\":\"https:\/\/www.ohselection.com\/en\/produit\/bouveret-ostrich-leather-watch-strap-opera\/#primaryimage\",\"url\":\"https:\/\/www.ohselection.com\/wp-content\/uploads\/2025\/05\/Bracelet-de-montre-Bouveret-en-cuir-dautruche-Opera-4190.jpeg\",\"contentUrl\":\"https:\/\/www.ohselection.com\/wp-content\/uploads\/2025\/05\/Bracelet-de-montre-Bouveret-en-cuir-dautruche-Opera-4190.jpeg\",\"width\":1800,\"height\":900,\"caption\":\"Bouveret Ostrich Leather Watch Strap Op\u00e9ra 4190\"},{\"@type\":\"BreadcrumbList\",\"@id\":\"https:\/\/www.ohselection.com\/en\/produit\/bouveret-ostrich-leather-watch-strap-opera\/#breadcrumb\",\"itemListElement\":[{\"@type\":\"ListItem\",\"position\":1,\"name\":\"Accueil\",\"item\":\"https:\/\/www.ohselection.com\/shop\/?lang=en\"},{\"@type\":\"ListItem\",\"position\":2,\"name\":\"Watch straps\",\"item\":\"https:\/\/www.ohselection.com\/en\/product-category\/watch-straps\/\"},{\"@type\":\"ListItem\",\"position\":3,\"name\":\"Leather Watch Strap\",\"item\":\"https:\/\/www.ohselection.com\/en\/product-category\/leather-watch-strap\/\"},{\"@type\":\"ListItem\",\"position\":4,\"name\":\"Bouveret Ostrich Leather Watch Strap Op\u00e9ra\"}]},{\"@type\":\"WebSite\",\"@id\":\"https:\/\/www.ohselection.com\/en\/#website\",\"url\":\"https:\/\/www.ohselection.com\/en\/\",\"name\":\"OH Selection\",\"description\":\"Une s\u00e9lection de produits test\u00e9s et approuv\u00e9s par nos horlogers\",\"publisher\":{\"@id\":\"https:\/\/www.ohselection.com\/en\/#organization\"},\"alternateName\":\"Boutique sp\u00e9cialis\u00e9e dans les accessoires d'horlogerie\",\"potentialAction\":[{\"@type\":\"SearchAction\",\"target\":{\"@type\":\"EntryPoint\",\"urlTemplate\":\"https:\/\/www.ohselection.com\/en\/?s={search_term_string}\"},\"query-input\":{\"@type\":\"PropertyValueSpecification\",\"valueRequired\":true,\"valueName\":\"search_term_string\"}}],\"inLanguage\":\"en-US\"},{\"@type\":\"Organization\",\"@id\":\"https:\/\/www.ohselection.com\/en\/#organization\",\"name\":\"OH SELECTION\",\"alternateName\":\"OHSelection\",\"url\":\"https:\/\/www.ohselection.com\/en\/\",\"logo\":{\"@type\":\"ImageObject\",\"inLanguage\":\"en-US\",\"@id\":\"https:\/\/www.ohselection.com\/en\/#\/schema\/logo\/image\/\",\"url\":\"https:\/\/www.ohselection.com\/wp-content\/uploads\/2025\/04\/Logo-OHS-N.jpg\",\"contentUrl\":\"https:\/\/www.ohselection.com\/wp-content\/uploads\/2025\/04\/Logo-OHS-N.jpg\",\"width\":1385,\"height\":325,\"caption\":\"OH SELECTION\"},\"image\":{\"@id\":\"https:\/\/www.ohselection.com\/en\/#\/schema\/logo\/image\/\"},\"sameAs\":[\"https:\/\/www.facebook.com\/ohselectionparis\/\",\"https:\/\/www.instagram.com\/ohselectionparis\/\"]}]}<\/script>\n<!-- \/ Yoast SEO plugin. -->","yoast_head_json":{"title":"Bouveret Ostrich Leather Watch Strap Op\u00e9ra | OH SELECTION","description":"Crafted from genuine ostrich leather, the Bouveret Op\u00e9ra 4190 strap captivates with its unique natural grain and timeless elegance. Artisanally made in France, it enhances your watch with refinement and lasting comfort.  Shipping within 4 to 8 days","robots":{"index":"index","follow":"follow","max-snippet":"max-snippet:-1","max-image-preview":"max-image-preview:large","max-video-preview":"max-video-preview:-1"},"canonical":"https:\/\/www.ohselection.com\/en\/produit\/bouveret-ostrich-leather-watch-strap-opera\/","og_locale":"en_US","og_type":"article","og_title":"Bouveret Ostrich Leather Watch Strap Op\u00e9ra | OH SELECTION","og_description":"Crafted from genuine ostrich leather, the Bouveret Op\u00e9ra 4190 strap captivates with its unique natural grain and timeless elegance. Artisanally made in France, it enhances your watch with refinement and lasting comfort.  Shipping within 4 to 8 days","og_url":"https:\/\/www.ohselection.com\/en\/produit\/bouveret-ostrich-leather-watch-strap-opera\/","og_site_name":"OH SELECTION","article_publisher":"https:\/\/www.facebook.com\/ohselectionparis\/","article_modified_time":"2025-09-26T10:27:33+00:00","og_image":[{"width":1800,"height":900,"url":"https:\/\/www.ohselection.com\/wp-content\/uploads\/2025\/05\/Bracelet-de-montre-Bouveret-en-cuir-dautruche-Opera-4190.jpeg","type":"image\/jpeg"}],"twitter_card":"summary_large_image","twitter_misc":{"Est. reading time":"2 minutes"},"schema":{"@context":"https:\/\/schema.org","@graph":[{"@type":"WebPage","@id":"https:\/\/www.ohselection.com\/en\/produit\/bouveret-ostrich-leather-watch-strap-opera\/","url":"https:\/\/www.ohselection.com\/en\/produit\/bouveret-ostrich-leather-watch-strap-opera\/","name":"Bouveret Ostrich Leather Watch Strap Op\u00e9ra | OH SELECTION","isPartOf":{"@id":"https:\/\/www.ohselection.com\/en\/#website"},"primaryImageOfPage":{"@id":"https:\/\/www.ohselection.com\/en\/produit\/bouveret-ostrich-leather-watch-strap-opera\/#primaryimage"},"image":{"@id":"https:\/\/www.ohselection.com\/en\/produit\/bouveret-ostrich-leather-watch-strap-opera\/#primaryimage"},"thumbnailUrl":"https:\/\/www.ohselection.com\/wp-content\/uploads\/2025\/05\/Bracelet-de-montre-Bouveret-en-cuir-dautruche-Opera-4190.jpeg","datePublished":"2025-05-19T20:52:46+00:00","dateModified":"2025-09-26T10:27:33+00:00","description":"Crafted from genuine ostrich leather, the Bouveret Op\u00e9ra 4190 strap captivates with its unique natural grain and timeless elegance. Artisanally made in France, it enhances your watch with refinement and lasting comfort. Shipping within 4 to 8 days","breadcrumb":{"@id":"https:\/\/www.ohselection.com\/en\/produit\/bouveret-ostrich-leather-watch-strap-opera\/#breadcrumb"},"inLanguage":"en-US","potentialAction":[{"@type":"ReadAction","target":["https:\/\/www.ohselection.com\/en\/produit\/bouveret-ostrich-leather-watch-strap-opera\/"]}]},{"@type":"ImageObject","inLanguage":"en-US","@id":"https:\/\/www.ohselection.com\/en\/produit\/bouveret-ostrich-leather-watch-strap-opera\/#primaryimage","url":"https:\/\/www.ohselection.com\/wp-content\/uploads\/2025\/05\/Bracelet-de-montre-Bouveret-en-cuir-dautruche-Opera-4190.jpeg","contentUrl":"https:\/\/www.ohselection.com\/wp-content\/uploads\/2025\/05\/Bracelet-de-montre-Bouveret-en-cuir-dautruche-Opera-4190.jpeg","width":1800,"height":900,"caption":"Bouveret Ostrich Leather Watch Strap Op\u00e9ra 4190"},{"@type":"BreadcrumbList","@id":"https:\/\/www.ohselection.com\/en\/produit\/bouveret-ostrich-leather-watch-strap-opera\/#breadcrumb","itemListElement":[{"@type":"ListItem","position":1,"name":"Accueil","item":"https:\/\/www.ohselection.com\/shop\/?lang=en"},{"@type":"ListItem","position":2,"name":"Watch straps","item":"https:\/\/www.ohselection.com\/en\/product-category\/watch-straps\/"},{"@type":"ListItem","position":3,"name":"Leather Watch Strap","item":"https:\/\/www.ohselection.com\/en\/product-category\/leather-watch-strap\/"},{"@type":"ListItem","position":4,"name":"Bouveret Ostrich Leather Watch Strap Op\u00e9ra"}]},{"@type":"WebSite","@id":"https:\/\/www.ohselection.com\/en\/#website","url":"https:\/\/www.ohselection.com\/en\/","name":"OH Selection","description":"Une s\u00e9lection de produits test\u00e9s et approuv\u00e9s par nos horlogers","publisher":{"@id":"https:\/\/www.ohselection.com\/en\/#organization"},"alternateName":"Boutique sp\u00e9cialis\u00e9e dans les accessoires d'horlogerie","potentialAction":[{"@type":"SearchAction","target":{"@type":"EntryPoint","urlTemplate":"https:\/\/www.ohselection.com\/en\/?s={search_term_string}"},"query-input":{"@type":"PropertyValueSpecification","valueRequired":true,"valueName":"search_term_string"}}],"inLanguage":"en-US"},{"@type":"Organization","@id":"https:\/\/www.ohselection.com\/en\/#organization","name":"OH SELECTION","alternateName":"OHSelection","url":"https:\/\/www.ohselection.com\/en\/","logo":{"@type":"ImageObject","inLanguage":"en-US","@id":"https:\/\/www.ohselection.com\/en\/#\/schema\/logo\/image\/","url":"https:\/\/www.ohselection.com\/wp-content\/uploads\/2025\/04\/Logo-OHS-N.jpg","contentUrl":"https:\/\/www.ohselection.com\/wp-content\/uploads\/2025\/04\/Logo-OHS-N.jpg","width":1385,"height":325,"caption":"OH SELECTION"},"image":{"@id":"https:\/\/www.ohselection.com\/en\/#\/schema\/logo\/image\/"},"sameAs":["https:\/\/www.facebook.com\/ohselectionparis\/","https:\/\/www.instagram.com\/ohselectionparis\/"]}]}},"brands":[{"id":679,"name":"Bouveret","slug":"bouveret"}],"_links":{"self":[{"href":"https:\/\/www.ohselection.com\/en\/wp-json\/wp\/v2\/product\/102750","targetHints":{"allow":["GET"]}}],"collection":[{"href":"https:\/\/www.ohselection.com\/en\/wp-json\/wp\/v2\/product"}],"about":[{"href":"https:\/\/www.ohselection.com\/en\/wp-json\/wp\/v2\/types\/product"}],"replies":[{"embeddable":true,"href":"https:\/\/www.ohselection.com\/en\/wp-json\/wp\/v2\/comments?post=102750"}],"wp:featuredmedia":[{"embeddable":true,"href":"https:\/\/www.ohselection.com\/en\/wp-json\/wp\/v2\/media\/102751"}],"wp:attachment":[{"href":"https:\/\/www.ohselection.com\/en\/wp-json\/wp\/v2\/media?parent=102750"}],"wp:term":[{"taxonomy":"pwb-brand","embeddable":true,"href":"https:\/\/www.ohselection.com\/en\/wp-json\/wp\/v2\/pwb-brand?post=102750"},{"taxonomy":"product_brand","embeddable":true,"href":"https:\/\/www.ohselection.com\/en\/wp-json\/wp\/v2\/product_brand?post=102750"},{"taxonomy":"product_cat","embeddable":true,"href":"https:\/\/www.ohselection.com\/en\/wp-json\/wp\/v2\/product_cat?post=102750"},{"taxonomy":"product_tag","embeddable":true,"href":"https:\/\/www.ohselection.com\/en\/wp-json\/wp\/v2\/product_tag?post=102750"}],"curies":[{"name":"wp","href":"https:\/\/api.w.org\/{rel}","templated":true}]}}