{"id":104757,"date":"2021-09-23T10:16:35","date_gmt":"2021-09-23T08:16:35","guid":{"rendered":"https:\/\/www.ohselection.com\/produit\/silver-stingray-leather-bracelet-with-tahitian-pearl\/"},"modified":"2025-09-26T14:32:57","modified_gmt":"2025-09-26T12:32:57","slug":"silver-stingray-leather-bracelet-with-tahitian-pearl","status":"publish","type":"product","link":"https:\/\/www.ohselection.com\/en\/produit\/silver-stingray-leather-bracelet-with-tahitian-pearl\/","title":{"rendered":"Silver Stingray Leather Bracelet with Tahitian Pearl"},"content":{"rendered":"<p>[vc_row][vc_column][vc_separator][\/vc_column][\/vc_row][vc_row][vc_column width=&#8221;1\/2&#8243;][vc_column_text css=&#8221;.vc_custom_1505817814659{margin-top: 20px !important;}&#8221;]<\/p>\n<h5><img decoding=\"async\" class=\"alignnone size-full wp-image-6386\" src=\"\/wp-content\/uploads\/2017\/07\/Capture-d%E2%80%99e%C4%9Bcran-2017-08-02-a%C4%9A-15.48.12.png\" alt=\"\" width=\"50\"> Description<\/h5>\n<p>[\/vc_column_text][vc_column_text]<\/p>\n<ul>\n<li>Stingray Leather and Silver Bracelet<\/li>\n<li>Bracelet adorned with a Tahitian cultured pearl<\/li>\n<li>100% Natural Pearl<\/li>\n<li>Pearl color may vary<\/li>\n<li>Size of the premium quality round pearl: 11\/12 mm<\/li>\n<li>The model is available in several colors: orange, emerald green, violet, and black<\/li>\n<li>2-year warranty<\/li>\n<li>Product sold individually<\/li>\n<\/ul>\n<p>[\/vc_column_text][\/vc_column][vc_column width=&#8221;1\/2&#8243;][vc_column_text css=&#8221;.vc_custom_1505817822505{margin-top: 20px !important;}&#8221;]<\/p>\n<h5><img decoding=\"async\" class=\"alignnone size-full wp-image-6386\" src=\"\/wp-content\/uploads\/2017\/07\/Capture-d%E2%80%99e%C4%9Bcran-2017-08-02-a%C4%9A-15.48.12.png\" alt=\"\" width=\"50\"> Our Expert&#8217;s Opinion<\/h5>\n<p>[\/vc_column_text][vc_column_text]<img loading=\"lazy\" decoding=\"async\" class=\" wp-image-6394 alignleft\" src=\"\/wp-content\/uploads\/2017\/08\/DSC_2112a-132x150.png\" alt=\"\" width=\"103\" height=\"118\">&#8220;Elegant and refined, this stingray leather bracelet, adorned with a genuine Tahitian cultured pearl, will delight your wrist. Of excellent craftsmanship, this luxury accessory will perfectly enhance your look!&#8221;[\/vc_column_text][\/vc_column][\/vc_row][vc_row][vc_column][vc_column_text css=&#8221;.vc_custom_1505817875257{margin-top: 20px !important;}&#8221; el_class=&#8221;zoomproduit&#8221;]<\/p>\n<p>[\/vc_column_text][\/vc_column][\/vc_row][:en][vc_row][vc_column][vc_separator][\/vc_column][\/vc_row][vc_row][vc_column width=&#8221;1\/2&#8243;][vc_column_text css=&#8221;.vc_custom_1505817814659{margin-top: 20px !important;}&#8221;]<\/p>\n<h5><img decoding=\"async\" class=\"alignnone size-full wp-image-6386\" src=\"\/wp-content\/uploads\/2017\/07\/Capture-d%E2%80%99e%C4%9Bcran-2017-08-02-a%C4%9A-15.48.12.png\" alt=\"\" width=\"50\"> Description<\/h5>\n<p>[\/vc_column_text][vc_column_text]<\/p>\n<ul>\n<li>Stingray Leather and Silver Bracelet<\/li>\n<li>Bracelet adorned with a Tahitian cultured pearl<\/li>\n<li>Size of the premium quality round pearl: 11\/12 mm<\/li>\n<li>The model is available in several colors: grey, orange, emerald green, blue\/violet, and black<\/li>\n<li>2-year warranty<\/li>\n<li>Product sold individually<\/li>\n<\/ul>\n<p>[\/vc_column_text][\/vc_column][vc_column width=&#8221;1\/2&#8243;][vc_column_text css=&#8221;.vc_custom_1505817822505{margin-top: 20px !important;}&#8221;]<\/p>\n<h5><img decoding=\"async\" class=\"alignnone size-full wp-image-6386\" src=\"\/wp-content\/uploads\/2017\/07\/Capture-d%E2%80%99e%C4%9Bcran-2017-08-02-a%C4%9A-15.48.12.png\" alt=\"\" width=\"50\"> Our Expert&#8217;s Opinion<\/h5>\n<p>[\/vc_column_text][vc_column_text]<img loading=\"lazy\" decoding=\"async\" class=\" wp-image-6394 alignleft\" src=\"\/wp-content\/uploads\/2017\/08\/DSC_2112a-132x150.png\" alt=\"\" width=\"103\" height=\"118\">&#8220;Elegant and refined, this stingray leather bracelet, adorned with a genuine Tahitian cultured pearl, will delight your wrist. Of excellent craftsmanship, this luxury accessory will perfectly enhance your look!&#8221;[\/vc_column_text][\/vc_column][\/vc_row][vc_row][vc_column][vc_column_text css=&#8221;.vc_custom_1505817875257{margin-top: 20px !important;}&#8221; el_class=&#8221;zoomproduit&#8221;]<\/p>\n<p>[\/vc_column_text][\/vc_column][\/vc_row]<\/p>\n","protected":false},"excerpt":{"rendered":"<p><img loading=\"lazy\" decoding=\"async\" class=\"wp-image-5807 size-thumbnail alignnone\" src=\"\/wp-content\/uploads\/2017\/05\/oh-selection-150x47.png\" alt=\"\" width=\"150\" height=\"47\" srcset=\"https:\/\/www.ohselection.com\/wp-content\/uploads\/2017\/05\/oh-selection-150x47.png 150w, https:\/\/www.ohselection.com\/wp-content\/uploads\/2017\/05\/oh-selection-120x38.png 120w, https:\/\/www.ohselection.com\/wp-content\/uploads\/2017\/05\/oh-selection-750x235.png 750w, https:\/\/www.ohselection.com\/wp-content\/uploads\/2017\/05\/oh-selection-64x20.png 64w, https:\/\/www.ohselection.com\/wp-content\/uploads\/2017\/05\/oh-selection-300x94.png 300w, https:\/\/www.ohselection.com\/wp-content\/uploads\/2017\/05\/oh-selection-768x241.png 768w, https:\/\/www.ohselection.com\/wp-content\/uploads\/2017\/05\/oh-selection-1024x321.png 1024w\" sizes=\"auto, (max-width: 150px) 100vw, 150px\" \/><\/p>\n<p><span style=\"color: #1f0505;\">Stingray Leather and Tahitian Pearl Bracelet&#8230; <a class=\"woocommerce-description-link\" href=\"#\"><em>Read more<\/em>&#8230;<\/a><br \/>\n<\/span><\/p>\n","protected":false},"featured_media":104764,"comment_status":"open","ping_status":"closed","template":"","meta":[],"pwb-brand":[570],"product_brand":[700],"product_cat":[988,828],"product_tag":[],"class_list":{"0":"post-104757","1":"product","2":"type-product","3":"status-publish","4":"has-post-thumbnail","6":"pwb-brand-ohselection","7":"product_brand-oh-selection","8":"product_cat-fashion-bracelets","9":"product_cat-gifts-under-500-euros","10":"product_shipping_class-low-stock","11":"pa_couleur-black","12":"pa_couleur-emerald-green","13":"pa_couleur-orange","14":"pa_couleur-violet","16":"first","17":"instock","18":"sale","19":"featured","20":"taxable","21":"shipping-taxable","22":"purchasable","23":"product-type-variable"},"yoast_head":"<!-- This site is optimized with the Yoast SEO plugin v27.0 - https:\/\/yoast.com\/product\/yoast-seo-wordpress\/ -->\n<title>Stingray Bracelet with Tahitian Cultured Pearl<\/title>\n<meta name=\"description\" content=\"Stingray Leather and Tahitian Pearl Bracelet... Read more...\" \/>\n<meta name=\"robots\" content=\"index, follow, max-snippet:-1, max-image-preview:large, max-video-preview:-1\" \/>\n<link rel=\"canonical\" href=\"https:\/\/www.ohselection.com\/en\/produit\/silver-stingray-leather-bracelet-with-tahitian-pearl\/\" \/>\n<meta property=\"og:locale\" content=\"en_US\" \/>\n<meta property=\"og:type\" content=\"article\" \/>\n<meta property=\"og:title\" content=\"Stingray Bracelet with Tahitian Cultured Pearl\" \/>\n<meta property=\"og:description\" content=\"Stingray Leather and Tahitian Pearl Bracelet... Read more...\" \/>\n<meta property=\"og:url\" content=\"https:\/\/www.ohselection.com\/en\/produit\/silver-stingray-leather-bracelet-with-tahitian-pearl\/\" \/>\n<meta property=\"og:site_name\" content=\"OH SELECTION\" \/>\n<meta property=\"article:publisher\" content=\"https:\/\/www.facebook.com\/ohselectionparis\/\" \/>\n<meta property=\"article:modified_time\" content=\"2025-09-26T12:32:57+00:00\" \/>\n<meta property=\"og:image\" content=\"https:\/\/www.ohselection.com\/wp-content\/uploads\/2021\/09\/galuchat11-2.jpg\" \/>\n\t<meta property=\"og:image:width\" content=\"1795\" \/>\n\t<meta property=\"og:image:height\" content=\"1346\" \/>\n\t<meta property=\"og:image:type\" content=\"image\/jpeg\" \/>\n<meta name=\"twitter:card\" content=\"summary_large_image\" \/>\n<meta name=\"twitter:label1\" content=\"Est. reading time\" \/>\n\t<meta name=\"twitter:data1\" content=\"2 minutes\" \/>\n<script type=\"application\/ld+json\" class=\"yoast-schema-graph\">{\"@context\":\"https:\/\/schema.org\",\"@graph\":[{\"@type\":\"WebPage\",\"@id\":\"https:\/\/www.ohselection.com\/en\/produit\/silver-stingray-leather-bracelet-with-tahitian-pearl\/\",\"url\":\"https:\/\/www.ohselection.com\/en\/produit\/silver-stingray-leather-bracelet-with-tahitian-pearl\/\",\"name\":\"Stingray Bracelet with Tahitian Cultured Pearl\",\"isPartOf\":{\"@id\":\"https:\/\/www.ohselection.com\/en\/#website\"},\"primaryImageOfPage\":{\"@id\":\"https:\/\/www.ohselection.com\/en\/produit\/silver-stingray-leather-bracelet-with-tahitian-pearl\/#primaryimage\"},\"image\":{\"@id\":\"https:\/\/www.ohselection.com\/en\/produit\/silver-stingray-leather-bracelet-with-tahitian-pearl\/#primaryimage\"},\"thumbnailUrl\":\"https:\/\/www.ohselection.com\/wp-content\/uploads\/2021\/09\/galuchat11-2.jpg\",\"datePublished\":\"2021-09-23T08:16:35+00:00\",\"dateModified\":\"2025-09-26T12:32:57+00:00\",\"description\":\"Stingray Leather and Tahitian Pearl Bracelet... Read more...\",\"breadcrumb\":{\"@id\":\"https:\/\/www.ohselection.com\/en\/produit\/silver-stingray-leather-bracelet-with-tahitian-pearl\/#breadcrumb\"},\"inLanguage\":\"en-US\",\"potentialAction\":[{\"@type\":\"ReadAction\",\"target\":[\"https:\/\/www.ohselection.com\/en\/produit\/silver-stingray-leather-bracelet-with-tahitian-pearl\/\"]}]},{\"@type\":\"ImageObject\",\"inLanguage\":\"en-US\",\"@id\":\"https:\/\/www.ohselection.com\/en\/produit\/silver-stingray-leather-bracelet-with-tahitian-pearl\/#primaryimage\",\"url\":\"https:\/\/www.ohselection.com\/wp-content\/uploads\/2021\/09\/galuchat11-2.jpg\",\"contentUrl\":\"https:\/\/www.ohselection.com\/wp-content\/uploads\/2021\/09\/galuchat11-2.jpg\",\"width\":1795,\"height\":1346},{\"@type\":\"BreadcrumbList\",\"@id\":\"https:\/\/www.ohselection.com\/en\/produit\/silver-stingray-leather-bracelet-with-tahitian-pearl\/#breadcrumb\",\"itemListElement\":[{\"@type\":\"ListItem\",\"position\":1,\"name\":\"Accueil\",\"item\":\"https:\/\/www.ohselection.com\/shop\/?lang=en\"},{\"@type\":\"ListItem\",\"position\":2,\"name\":\"Accessories\",\"item\":\"https:\/\/www.ohselection.com\/en\/product-category\/accessories\/\"},{\"@type\":\"ListItem\",\"position\":3,\"name\":\"Fashion Bracelets\",\"item\":\"https:\/\/www.ohselection.com\/en\/product-category\/fashion-bracelets\/\"},{\"@type\":\"ListItem\",\"position\":4,\"name\":\"Silver Stingray Leather Bracelet with Tahitian Pearl\"}]},{\"@type\":\"WebSite\",\"@id\":\"https:\/\/www.ohselection.com\/en\/#website\",\"url\":\"https:\/\/www.ohselection.com\/en\/\",\"name\":\"OH Selection\",\"description\":\"Une s\u00e9lection de produits test\u00e9s et approuv\u00e9s par nos horlogers\",\"publisher\":{\"@id\":\"https:\/\/www.ohselection.com\/en\/#organization\"},\"alternateName\":\"Boutique sp\u00e9cialis\u00e9e dans les accessoires d'horlogerie\",\"potentialAction\":[{\"@type\":\"SearchAction\",\"target\":{\"@type\":\"EntryPoint\",\"urlTemplate\":\"https:\/\/www.ohselection.com\/en\/?s={search_term_string}\"},\"query-input\":{\"@type\":\"PropertyValueSpecification\",\"valueRequired\":true,\"valueName\":\"search_term_string\"}}],\"inLanguage\":\"en-US\"},{\"@type\":\"Organization\",\"@id\":\"https:\/\/www.ohselection.com\/en\/#organization\",\"name\":\"OH SELECTION\",\"alternateName\":\"OHSelection\",\"url\":\"https:\/\/www.ohselection.com\/en\/\",\"logo\":{\"@type\":\"ImageObject\",\"inLanguage\":\"en-US\",\"@id\":\"https:\/\/www.ohselection.com\/en\/#\/schema\/logo\/image\/\",\"url\":\"https:\/\/www.ohselection.com\/wp-content\/uploads\/2025\/04\/Logo-OHS-N.jpg\",\"contentUrl\":\"https:\/\/www.ohselection.com\/wp-content\/uploads\/2025\/04\/Logo-OHS-N.jpg\",\"width\":1385,\"height\":325,\"caption\":\"OH SELECTION\"},\"image\":{\"@id\":\"https:\/\/www.ohselection.com\/en\/#\/schema\/logo\/image\/\"},\"sameAs\":[\"https:\/\/www.facebook.com\/ohselectionparis\/\",\"https:\/\/www.instagram.com\/ohselectionparis\/\"]}]}<\/script>\n<!-- \/ Yoast SEO plugin. -->","yoast_head_json":{"title":"Stingray Bracelet with Tahitian Cultured Pearl","description":"Stingray Leather and Tahitian Pearl Bracelet... Read more...","robots":{"index":"index","follow":"follow","max-snippet":"max-snippet:-1","max-image-preview":"max-image-preview:large","max-video-preview":"max-video-preview:-1"},"canonical":"https:\/\/www.ohselection.com\/en\/produit\/silver-stingray-leather-bracelet-with-tahitian-pearl\/","og_locale":"en_US","og_type":"article","og_title":"Stingray Bracelet with Tahitian Cultured Pearl","og_description":"Stingray Leather and Tahitian Pearl Bracelet... Read more...","og_url":"https:\/\/www.ohselection.com\/en\/produit\/silver-stingray-leather-bracelet-with-tahitian-pearl\/","og_site_name":"OH SELECTION","article_publisher":"https:\/\/www.facebook.com\/ohselectionparis\/","article_modified_time":"2025-09-26T12:32:57+00:00","og_image":[{"width":1795,"height":1346,"url":"https:\/\/www.ohselection.com\/wp-content\/uploads\/2021\/09\/galuchat11-2.jpg","type":"image\/jpeg"}],"twitter_card":"summary_large_image","twitter_misc":{"Est. reading time":"2 minutes"},"schema":{"@context":"https:\/\/schema.org","@graph":[{"@type":"WebPage","@id":"https:\/\/www.ohselection.com\/en\/produit\/silver-stingray-leather-bracelet-with-tahitian-pearl\/","url":"https:\/\/www.ohselection.com\/en\/produit\/silver-stingray-leather-bracelet-with-tahitian-pearl\/","name":"Stingray Bracelet with Tahitian Cultured Pearl","isPartOf":{"@id":"https:\/\/www.ohselection.com\/en\/#website"},"primaryImageOfPage":{"@id":"https:\/\/www.ohselection.com\/en\/produit\/silver-stingray-leather-bracelet-with-tahitian-pearl\/#primaryimage"},"image":{"@id":"https:\/\/www.ohselection.com\/en\/produit\/silver-stingray-leather-bracelet-with-tahitian-pearl\/#primaryimage"},"thumbnailUrl":"https:\/\/www.ohselection.com\/wp-content\/uploads\/2021\/09\/galuchat11-2.jpg","datePublished":"2021-09-23T08:16:35+00:00","dateModified":"2025-09-26T12:32:57+00:00","description":"Stingray Leather and Tahitian Pearl Bracelet... Read more...","breadcrumb":{"@id":"https:\/\/www.ohselection.com\/en\/produit\/silver-stingray-leather-bracelet-with-tahitian-pearl\/#breadcrumb"},"inLanguage":"en-US","potentialAction":[{"@type":"ReadAction","target":["https:\/\/www.ohselection.com\/en\/produit\/silver-stingray-leather-bracelet-with-tahitian-pearl\/"]}]},{"@type":"ImageObject","inLanguage":"en-US","@id":"https:\/\/www.ohselection.com\/en\/produit\/silver-stingray-leather-bracelet-with-tahitian-pearl\/#primaryimage","url":"https:\/\/www.ohselection.com\/wp-content\/uploads\/2021\/09\/galuchat11-2.jpg","contentUrl":"https:\/\/www.ohselection.com\/wp-content\/uploads\/2021\/09\/galuchat11-2.jpg","width":1795,"height":1346},{"@type":"BreadcrumbList","@id":"https:\/\/www.ohselection.com\/en\/produit\/silver-stingray-leather-bracelet-with-tahitian-pearl\/#breadcrumb","itemListElement":[{"@type":"ListItem","position":1,"name":"Accueil","item":"https:\/\/www.ohselection.com\/shop\/?lang=en"},{"@type":"ListItem","position":2,"name":"Accessories","item":"https:\/\/www.ohselection.com\/en\/product-category\/accessories\/"},{"@type":"ListItem","position":3,"name":"Fashion Bracelets","item":"https:\/\/www.ohselection.com\/en\/product-category\/fashion-bracelets\/"},{"@type":"ListItem","position":4,"name":"Silver Stingray Leather Bracelet with Tahitian Pearl"}]},{"@type":"WebSite","@id":"https:\/\/www.ohselection.com\/en\/#website","url":"https:\/\/www.ohselection.com\/en\/","name":"OH Selection","description":"Une s\u00e9lection de produits test\u00e9s et approuv\u00e9s par nos horlogers","publisher":{"@id":"https:\/\/www.ohselection.com\/en\/#organization"},"alternateName":"Boutique sp\u00e9cialis\u00e9e dans les accessoires d'horlogerie","potentialAction":[{"@type":"SearchAction","target":{"@type":"EntryPoint","urlTemplate":"https:\/\/www.ohselection.com\/en\/?s={search_term_string}"},"query-input":{"@type":"PropertyValueSpecification","valueRequired":true,"valueName":"search_term_string"}}],"inLanguage":"en-US"},{"@type":"Organization","@id":"https:\/\/www.ohselection.com\/en\/#organization","name":"OH SELECTION","alternateName":"OHSelection","url":"https:\/\/www.ohselection.com\/en\/","logo":{"@type":"ImageObject","inLanguage":"en-US","@id":"https:\/\/www.ohselection.com\/en\/#\/schema\/logo\/image\/","url":"https:\/\/www.ohselection.com\/wp-content\/uploads\/2025\/04\/Logo-OHS-N.jpg","contentUrl":"https:\/\/www.ohselection.com\/wp-content\/uploads\/2025\/04\/Logo-OHS-N.jpg","width":1385,"height":325,"caption":"OH SELECTION"},"image":{"@id":"https:\/\/www.ohselection.com\/en\/#\/schema\/logo\/image\/"},"sameAs":["https:\/\/www.facebook.com\/ohselectionparis\/","https:\/\/www.instagram.com\/ohselectionparis\/"]}]}},"brands":[{"id":570,"name":"OH Selection","slug":"ohselection"}],"_links":{"self":[{"href":"https:\/\/www.ohselection.com\/en\/wp-json\/wp\/v2\/product\/104757","targetHints":{"allow":["GET"]}}],"collection":[{"href":"https:\/\/www.ohselection.com\/en\/wp-json\/wp\/v2\/product"}],"about":[{"href":"https:\/\/www.ohselection.com\/en\/wp-json\/wp\/v2\/types\/product"}],"replies":[{"embeddable":true,"href":"https:\/\/www.ohselection.com\/en\/wp-json\/wp\/v2\/comments?post=104757"}],"wp:featuredmedia":[{"embeddable":true,"href":"https:\/\/www.ohselection.com\/en\/wp-json\/wp\/v2\/media\/104764"}],"wp:attachment":[{"href":"https:\/\/www.ohselection.com\/en\/wp-json\/wp\/v2\/media?parent=104757"}],"wp:term":[{"taxonomy":"pwb-brand","embeddable":true,"href":"https:\/\/www.ohselection.com\/en\/wp-json\/wp\/v2\/pwb-brand?post=104757"},{"taxonomy":"product_brand","embeddable":true,"href":"https:\/\/www.ohselection.com\/en\/wp-json\/wp\/v2\/product_brand?post=104757"},{"taxonomy":"product_cat","embeddable":true,"href":"https:\/\/www.ohselection.com\/en\/wp-json\/wp\/v2\/product_cat?post=104757"},{"taxonomy":"product_tag","embeddable":true,"href":"https:\/\/www.ohselection.com\/en\/wp-json\/wp\/v2\/product_tag?post=104757"}],"curies":[{"name":"wp","href":"https:\/\/api.w.org\/{rel}","templated":true}]}}