{"id":105115,"date":"2025-04-14T19:13:25","date_gmt":"2025-04-14T17:13:25","guid":{"rendered":"https:\/\/www.ohselection.com\/produit\/abp-concept-eco-friendly-cordura-style-fabric-watch-strap\/"},"modified":"2025-09-26T14:33:42","modified_gmt":"2025-09-26T12:33:42","slug":"abp-concept-eco-friendly-cordura-style-fabric-watch-strap","status":"publish","type":"product","link":"https:\/\/www.ohselection.com\/en\/produit\/abp-concept-eco-friendly-cordura-style-fabric-watch-strap\/","title":{"rendered":"ABP Concept Eco-Friendly Cordura-Style Fabric Watch Strap"},"content":{"rendered":"<h3><img decoding=\"async\" class=\"alignnone size-full wp-image-6386\" src=\"\/wp-content\/uploads\/2017\/07\/Capture-d%E2%80%99e%C4%9Bcran-2017-08-02-a%C4%9A-15.48.12.png\" alt=\"\" width=\"50\"> Description<\/h3>\n<p>Elegant and durable, this Cordura-style braided fabric watch strap offers an excellent balance of style, comfort, and durability. Crafted from eco-friendly nylon, it features a black rubber lining for optimal hold and enhanced moisture resistance. <\/p>\n<p>Available in several timeless colors \u2013 black, grey, beige, navy blue, khaki, and burgundy \u2013 this strap adapts to your style and preferences. With its neat tone-on-tone stitching and robust texture, it offers a high-end alternative to leather or metal, ideal for a sport-chic look or for everyday activities. <\/p>\n<p>Designed in three lengths (S, M, L) and three standard widths (18 mm, 20 mm, 22 mm), it comes with or without a buckle, and can be fitted with a pin buckle or a deployment clasp in steel, gold-plated, black, or rose gold, according to your preferences.<\/p>\n<p>Compatible with a large number of prestigious watch brands, this strap is easily installed on a wide selection of watches with classic lug widths.<\/p>\n","protected":false},"excerpt":{"rendered":"<p>Cordura-style braided fabric watch strap, combining style, comfort, and durability. Designed from eco-friendly nylon with a rubber lining for optimal moisture resistance. Available in various sizes, colors, and finishes, compatible with many prestigious watches.  <\/p>\n<p><strong><em>Shipping within 2 to 6 days<\/em><\/strong><\/p>\n<p>&nbsp;<\/p>\n","protected":false},"featured_media":105126,"comment_status":"open","ping_status":"closed","template":"","meta":[],"pwb-brand":[577],"product_brand":[697],"product_cat":[842,833,834,830,824],"product_tag":[],"class_list":{"0":"post-105115","1":"product","2":"type-product","3":"status-publish","4":"has-post-thumbnail","6":"pwb-brand-abp-concept","7":"product_brand-abp-concept","8":"product_cat-eco-friendly-watch-strap","9":"product_cat-fabric-watch-strap","10":"product_cat-gifts-under-e50","11":"product_cat-gifts-under-100-euros","12":"product_cat-watch-straps","14":"first","15":"instock","16":"taxable","17":"shipping-taxable","18":"purchasable","19":"product-type-simple"},"yoast_head":"<!-- This site is optimized with the Yoast SEO plugin v27.0 - https:\/\/yoast.com\/product\/yoast-seo-wordpress\/ -->\n<title>ABP Concept Eco-Friendly Cordura-Style Fabric Watch Strap | OH SELECTION<\/title>\n<meta name=\"description\" content=\"Cordura-style braided fabric watch strap, combining style, comfort, and durability. Designed from eco-friendly nylon with a rubber lining for optimal moisture resistance. Available in various sizes, colors, and finishes, compatible with many prestigious watches.  Shipping within 2 to 6 days &nbsp;\" \/>\n<meta name=\"robots\" content=\"index, follow, max-snippet:-1, max-image-preview:large, max-video-preview:-1\" \/>\n<link rel=\"canonical\" href=\"https:\/\/www.ohselection.com\/en\/produit\/abp-concept-eco-friendly-cordura-style-fabric-watch-strap\/\" \/>\n<meta property=\"og:locale\" content=\"en_US\" \/>\n<meta property=\"og:type\" content=\"article\" \/>\n<meta property=\"og:title\" content=\"ABP Concept Eco-Friendly Cordura-Style Fabric Watch Strap | OH SELECTION\" \/>\n<meta property=\"og:description\" content=\"Cordura-style braided fabric watch strap, combining style, comfort, and durability. Designed from eco-friendly nylon with a rubber lining for optimal moisture resistance. Available in various sizes, colors, and finishes, compatible with many prestigious watches.  Shipping within 2 to 6 days &nbsp;\" \/>\n<meta property=\"og:url\" content=\"https:\/\/www.ohselection.com\/en\/produit\/abp-concept-eco-friendly-cordura-style-fabric-watch-strap\/\" \/>\n<meta property=\"og:site_name\" content=\"OH SELECTION\" \/>\n<meta property=\"article:publisher\" content=\"https:\/\/www.facebook.com\/ohselectionparis\/\" \/>\n<meta property=\"article:modified_time\" content=\"2025-09-26T12:33:42+00:00\" \/>\n<meta property=\"og:image\" content=\"https:\/\/www.ohselection.com\/wp-content\/uploads\/2025\/04\/bracelet-montre-tissu-cordura.jpg\" \/>\n\t<meta property=\"og:image:width\" content=\"1800\" \/>\n\t<meta property=\"og:image:height\" content=\"900\" \/>\n\t<meta property=\"og:image:type\" content=\"image\/jpeg\" \/>\n<meta name=\"twitter:card\" content=\"summary_large_image\" \/>\n<meta name=\"twitter:label1\" content=\"Est. reading time\" \/>\n\t<meta name=\"twitter:data1\" content=\"1 minute\" \/>\n<script type=\"application\/ld+json\" class=\"yoast-schema-graph\">{\"@context\":\"https:\/\/schema.org\",\"@graph\":[{\"@type\":\"WebPage\",\"@id\":\"https:\/\/www.ohselection.com\/en\/produit\/abp-concept-eco-friendly-cordura-style-fabric-watch-strap\/\",\"url\":\"https:\/\/www.ohselection.com\/en\/produit\/abp-concept-eco-friendly-cordura-style-fabric-watch-strap\/\",\"name\":\"ABP Concept Eco-Friendly Cordura-Style Fabric Watch Strap | OH SELECTION\",\"isPartOf\":{\"@id\":\"https:\/\/www.ohselection.com\/en\/#website\"},\"primaryImageOfPage\":{\"@id\":\"https:\/\/www.ohselection.com\/en\/produit\/abp-concept-eco-friendly-cordura-style-fabric-watch-strap\/#primaryimage\"},\"image\":{\"@id\":\"https:\/\/www.ohselection.com\/en\/produit\/abp-concept-eco-friendly-cordura-style-fabric-watch-strap\/#primaryimage\"},\"thumbnailUrl\":\"https:\/\/www.ohselection.com\/wp-content\/uploads\/2025\/04\/bracelet-montre-tissu-cordura.jpg\",\"datePublished\":\"2025-04-14T17:13:25+00:00\",\"dateModified\":\"2025-09-26T12:33:42+00:00\",\"description\":\"Cordura-style braided fabric watch strap, combining style, comfort, and durability. Designed from eco-friendly nylon with a rubber lining for optimal moisture resistance. Available in various sizes, colors, and finishes, compatible with many prestigious watches. Shipping within 2 to 6 days &nbsp;\",\"breadcrumb\":{\"@id\":\"https:\/\/www.ohselection.com\/en\/produit\/abp-concept-eco-friendly-cordura-style-fabric-watch-strap\/#breadcrumb\"},\"inLanguage\":\"en-US\",\"potentialAction\":[{\"@type\":\"ReadAction\",\"target\":[\"https:\/\/www.ohselection.com\/en\/produit\/abp-concept-eco-friendly-cordura-style-fabric-watch-strap\/\"]}]},{\"@type\":\"ImageObject\",\"inLanguage\":\"en-US\",\"@id\":\"https:\/\/www.ohselection.com\/en\/produit\/abp-concept-eco-friendly-cordura-style-fabric-watch-strap\/#primaryimage\",\"url\":\"https:\/\/www.ohselection.com\/wp-content\/uploads\/2025\/04\/bracelet-montre-tissu-cordura.jpg\",\"contentUrl\":\"https:\/\/www.ohselection.com\/wp-content\/uploads\/2025\/04\/bracelet-montre-tissu-cordura.jpg\",\"width\":1800,\"height\":900,\"caption\":\"Watch-Strap-Cordura-Fabric\"},{\"@type\":\"BreadcrumbList\",\"@id\":\"https:\/\/www.ohselection.com\/en\/produit\/abp-concept-eco-friendly-cordura-style-fabric-watch-strap\/#breadcrumb\",\"itemListElement\":[{\"@type\":\"ListItem\",\"position\":1,\"name\":\"Accueil\",\"item\":\"https:\/\/www.ohselection.com\/shop\/?lang=en\"},{\"@type\":\"ListItem\",\"position\":2,\"name\":\"Watch straps\",\"item\":\"https:\/\/www.ohselection.com\/en\/product-category\/watch-straps\/\"},{\"@type\":\"ListItem\",\"position\":3,\"name\":\"Fabric Watch Strap\",\"item\":\"https:\/\/www.ohselection.com\/en\/product-category\/fabric-watch-strap\/\"},{\"@type\":\"ListItem\",\"position\":4,\"name\":\"ABP Concept Eco-Friendly Cordura-Style Fabric Watch Strap\"}]},{\"@type\":\"WebSite\",\"@id\":\"https:\/\/www.ohselection.com\/en\/#website\",\"url\":\"https:\/\/www.ohselection.com\/en\/\",\"name\":\"OH Selection\",\"description\":\"Une s\u00e9lection de produits test\u00e9s et approuv\u00e9s par nos horlogers\",\"publisher\":{\"@id\":\"https:\/\/www.ohselection.com\/en\/#organization\"},\"alternateName\":\"Boutique sp\u00e9cialis\u00e9e dans les accessoires d'horlogerie\",\"potentialAction\":[{\"@type\":\"SearchAction\",\"target\":{\"@type\":\"EntryPoint\",\"urlTemplate\":\"https:\/\/www.ohselection.com\/en\/?s={search_term_string}\"},\"query-input\":{\"@type\":\"PropertyValueSpecification\",\"valueRequired\":true,\"valueName\":\"search_term_string\"}}],\"inLanguage\":\"en-US\"},{\"@type\":\"Organization\",\"@id\":\"https:\/\/www.ohselection.com\/en\/#organization\",\"name\":\"OH SELECTION\",\"alternateName\":\"OHSelection\",\"url\":\"https:\/\/www.ohselection.com\/en\/\",\"logo\":{\"@type\":\"ImageObject\",\"inLanguage\":\"en-US\",\"@id\":\"https:\/\/www.ohselection.com\/en\/#\/schema\/logo\/image\/\",\"url\":\"https:\/\/www.ohselection.com\/wp-content\/uploads\/2025\/04\/Logo-OHS-N.jpg\",\"contentUrl\":\"https:\/\/www.ohselection.com\/wp-content\/uploads\/2025\/04\/Logo-OHS-N.jpg\",\"width\":1385,\"height\":325,\"caption\":\"OH SELECTION\"},\"image\":{\"@id\":\"https:\/\/www.ohselection.com\/en\/#\/schema\/logo\/image\/\"},\"sameAs\":[\"https:\/\/www.facebook.com\/ohselectionparis\/\",\"https:\/\/www.instagram.com\/ohselectionparis\/\"]}]}<\/script>\n<!-- \/ Yoast SEO plugin. -->","yoast_head_json":{"title":"ABP Concept Eco-Friendly Cordura-Style Fabric Watch Strap | OH SELECTION","description":"Cordura-style braided fabric watch strap, combining style, comfort, and durability. Designed from eco-friendly nylon with a rubber lining for optimal moisture resistance. Available in various sizes, colors, and finishes, compatible with many prestigious watches.  Shipping within 2 to 6 days &nbsp;","robots":{"index":"index","follow":"follow","max-snippet":"max-snippet:-1","max-image-preview":"max-image-preview:large","max-video-preview":"max-video-preview:-1"},"canonical":"https:\/\/www.ohselection.com\/en\/produit\/abp-concept-eco-friendly-cordura-style-fabric-watch-strap\/","og_locale":"en_US","og_type":"article","og_title":"ABP Concept Eco-Friendly Cordura-Style Fabric Watch Strap | OH SELECTION","og_description":"Cordura-style braided fabric watch strap, combining style, comfort, and durability. Designed from eco-friendly nylon with a rubber lining for optimal moisture resistance. Available in various sizes, colors, and finishes, compatible with many prestigious watches.  Shipping within 2 to 6 days &nbsp;","og_url":"https:\/\/www.ohselection.com\/en\/produit\/abp-concept-eco-friendly-cordura-style-fabric-watch-strap\/","og_site_name":"OH SELECTION","article_publisher":"https:\/\/www.facebook.com\/ohselectionparis\/","article_modified_time":"2025-09-26T12:33:42+00:00","og_image":[{"width":1800,"height":900,"url":"https:\/\/www.ohselection.com\/wp-content\/uploads\/2025\/04\/bracelet-montre-tissu-cordura.jpg","type":"image\/jpeg"}],"twitter_card":"summary_large_image","twitter_misc":{"Est. reading time":"1 minute"},"schema":{"@context":"https:\/\/schema.org","@graph":[{"@type":"WebPage","@id":"https:\/\/www.ohselection.com\/en\/produit\/abp-concept-eco-friendly-cordura-style-fabric-watch-strap\/","url":"https:\/\/www.ohselection.com\/en\/produit\/abp-concept-eco-friendly-cordura-style-fabric-watch-strap\/","name":"ABP Concept Eco-Friendly Cordura-Style Fabric Watch Strap | OH SELECTION","isPartOf":{"@id":"https:\/\/www.ohselection.com\/en\/#website"},"primaryImageOfPage":{"@id":"https:\/\/www.ohselection.com\/en\/produit\/abp-concept-eco-friendly-cordura-style-fabric-watch-strap\/#primaryimage"},"image":{"@id":"https:\/\/www.ohselection.com\/en\/produit\/abp-concept-eco-friendly-cordura-style-fabric-watch-strap\/#primaryimage"},"thumbnailUrl":"https:\/\/www.ohselection.com\/wp-content\/uploads\/2025\/04\/bracelet-montre-tissu-cordura.jpg","datePublished":"2025-04-14T17:13:25+00:00","dateModified":"2025-09-26T12:33:42+00:00","description":"Cordura-style braided fabric watch strap, combining style, comfort, and durability. Designed from eco-friendly nylon with a rubber lining for optimal moisture resistance. Available in various sizes, colors, and finishes, compatible with many prestigious watches. Shipping within 2 to 6 days &nbsp;","breadcrumb":{"@id":"https:\/\/www.ohselection.com\/en\/produit\/abp-concept-eco-friendly-cordura-style-fabric-watch-strap\/#breadcrumb"},"inLanguage":"en-US","potentialAction":[{"@type":"ReadAction","target":["https:\/\/www.ohselection.com\/en\/produit\/abp-concept-eco-friendly-cordura-style-fabric-watch-strap\/"]}]},{"@type":"ImageObject","inLanguage":"en-US","@id":"https:\/\/www.ohselection.com\/en\/produit\/abp-concept-eco-friendly-cordura-style-fabric-watch-strap\/#primaryimage","url":"https:\/\/www.ohselection.com\/wp-content\/uploads\/2025\/04\/bracelet-montre-tissu-cordura.jpg","contentUrl":"https:\/\/www.ohselection.com\/wp-content\/uploads\/2025\/04\/bracelet-montre-tissu-cordura.jpg","width":1800,"height":900,"caption":"Watch-Strap-Cordura-Fabric"},{"@type":"BreadcrumbList","@id":"https:\/\/www.ohselection.com\/en\/produit\/abp-concept-eco-friendly-cordura-style-fabric-watch-strap\/#breadcrumb","itemListElement":[{"@type":"ListItem","position":1,"name":"Accueil","item":"https:\/\/www.ohselection.com\/shop\/?lang=en"},{"@type":"ListItem","position":2,"name":"Watch straps","item":"https:\/\/www.ohselection.com\/en\/product-category\/watch-straps\/"},{"@type":"ListItem","position":3,"name":"Fabric Watch Strap","item":"https:\/\/www.ohselection.com\/en\/product-category\/fabric-watch-strap\/"},{"@type":"ListItem","position":4,"name":"ABP Concept Eco-Friendly Cordura-Style Fabric Watch Strap"}]},{"@type":"WebSite","@id":"https:\/\/www.ohselection.com\/en\/#website","url":"https:\/\/www.ohselection.com\/en\/","name":"OH Selection","description":"Une s\u00e9lection de produits test\u00e9s et approuv\u00e9s par nos horlogers","publisher":{"@id":"https:\/\/www.ohselection.com\/en\/#organization"},"alternateName":"Boutique sp\u00e9cialis\u00e9e dans les accessoires d'horlogerie","potentialAction":[{"@type":"SearchAction","target":{"@type":"EntryPoint","urlTemplate":"https:\/\/www.ohselection.com\/en\/?s={search_term_string}"},"query-input":{"@type":"PropertyValueSpecification","valueRequired":true,"valueName":"search_term_string"}}],"inLanguage":"en-US"},{"@type":"Organization","@id":"https:\/\/www.ohselection.com\/en\/#organization","name":"OH SELECTION","alternateName":"OHSelection","url":"https:\/\/www.ohselection.com\/en\/","logo":{"@type":"ImageObject","inLanguage":"en-US","@id":"https:\/\/www.ohselection.com\/en\/#\/schema\/logo\/image\/","url":"https:\/\/www.ohselection.com\/wp-content\/uploads\/2025\/04\/Logo-OHS-N.jpg","contentUrl":"https:\/\/www.ohselection.com\/wp-content\/uploads\/2025\/04\/Logo-OHS-N.jpg","width":1385,"height":325,"caption":"OH SELECTION"},"image":{"@id":"https:\/\/www.ohselection.com\/en\/#\/schema\/logo\/image\/"},"sameAs":["https:\/\/www.facebook.com\/ohselectionparis\/","https:\/\/www.instagram.com\/ohselectionparis\/"]}]}},"brands":[{"id":577,"name":"ABP Concept","slug":"abp-concept"}],"_links":{"self":[{"href":"https:\/\/www.ohselection.com\/en\/wp-json\/wp\/v2\/product\/105115","targetHints":{"allow":["GET"]}}],"collection":[{"href":"https:\/\/www.ohselection.com\/en\/wp-json\/wp\/v2\/product"}],"about":[{"href":"https:\/\/www.ohselection.com\/en\/wp-json\/wp\/v2\/types\/product"}],"replies":[{"embeddable":true,"href":"https:\/\/www.ohselection.com\/en\/wp-json\/wp\/v2\/comments?post=105115"}],"wp:featuredmedia":[{"embeddable":true,"href":"https:\/\/www.ohselection.com\/en\/wp-json\/wp\/v2\/media\/105126"}],"wp:attachment":[{"href":"https:\/\/www.ohselection.com\/en\/wp-json\/wp\/v2\/media?parent=105115"}],"wp:term":[{"taxonomy":"pwb-brand","embeddable":true,"href":"https:\/\/www.ohselection.com\/en\/wp-json\/wp\/v2\/pwb-brand?post=105115"},{"taxonomy":"product_brand","embeddable":true,"href":"https:\/\/www.ohselection.com\/en\/wp-json\/wp\/v2\/product_brand?post=105115"},{"taxonomy":"product_cat","embeddable":true,"href":"https:\/\/www.ohselection.com\/en\/wp-json\/wp\/v2\/product_cat?post=105115"},{"taxonomy":"product_tag","embeddable":true,"href":"https:\/\/www.ohselection.com\/en\/wp-json\/wp\/v2\/product_tag?post=105115"}],"curies":[{"name":"wp","href":"https:\/\/api.w.org\/{rel}","templated":true}]}}