{"id":105873,"date":"2025-04-15T23:16:20","date_gmt":"2025-04-15T21:16:20","guid":{"rendered":"https:\/\/www.ohselection.com\/produit\/abp-concept-rolex-compatible-r-strap-rubber-watch-strap\/"},"modified":"2025-09-26T14:34:17","modified_gmt":"2025-09-26T12:34:17","slug":"abp-concept-rolex-compatible-r-strap-rubber-watch-strap","status":"publish","type":"product","link":"https:\/\/www.ohselection.com\/en\/produit\/abp-concept-rolex-compatible-r-strap-rubber-watch-strap\/","title":{"rendered":"ABP Concept Rolex Compatible R Strap Rubber Watch Strap"},"content":{"rendered":"<h3><img decoding=\"async\" class=\"alignnone size-full wp-image-6386\" src=\"\/wp-content\/uploads\/2017\/07\/Capture-d%E2%80%99e%C4%9Bcran-2017-08-02-a%C4%9A-15.48.12.png\" alt=\"\" width=\"50\"> Description<\/h3>\n<p>Optimize the style and performance of your Rolex watch with our R Strap rubber watch strap, specifically designed for models with 20 mm or 21 mm lug width. Crafted from 100% waterproof genuine rubber, this robust and sporty strap ensures excellent water resistance, ideal for daily wear or water activities. <\/p>\n<p>The integrated design of our strap perfectly fits the case of your Rolex Oyster, Datejust, GMT-Master, Submariner, Explorer, Milgauss, Air-King, Daytona, and many other professional collection models from the brand with the crown logo. Compatibility is ensured with Rolex Oyster, Glidelock, and Oysterlock deployant clasps. For models equipped with a Jubilee bracelet or Rolex Day-Date and Sky-Dweller, an ABP buckle is required.  <\/p>\n<p>Available in several colors: black, grey, blue, green, khaki, brown, red, orange, and white. The strap size is offered from XXS to XXL to suit all wrist sizes, with a width of 20 mm or 21 mm, and a thickness of 5 mm at the case side. <\/p>\n<p>Please note that this strap is not compatible with certain specific models such as the Deepsea, Sky-Dweller, Cellini, the Oyster Perpetual 41 (ref. 124300), the Datejust 41 after 2016, and the new Explorer 40 mm (ref. 224270).<\/p>\n<h3><img decoding=\"async\" class=\"alignnone size-full wp-image-6386\" src=\"\/wp-content\/uploads\/2017\/07\/Capture-d%E2%80%99e%C4%9Bcran-2017-08-02-a%C4%9A-15.48.12.png\" alt=\"\" width=\"50\"> Presentation Video<\/h3>\n<p><iframe loading=\"lazy\" title=\"YouTube video player\" src=\"https:\/\/www.youtube.com\/embed\/JM4Ti-INUt8\" width=\"1200\" height=\"800\" frameborder=\"0\" allowfullscreen=\"allowfullscreen\"><\/iframe><\/p>\n","protected":false},"excerpt":{"rendered":"<p>Give your Rolex watch a new style with our R Strap rubber watch strap, compatible with 20 mm and 21 mm lug width models. Crafted from 100% waterproof rubber, it combines comfort, robustness, and sporty elegance for daily or nautical use. Available in several sizes and colors, it perfectly fits Rolex Oyster, Submariner, GMT-Master, Daytona cases, and many others.  <\/p>\n<p><strong><em>Shipping within 2 to 6 days<\/em><\/strong><\/p>\n<p>&nbsp;<\/p>\n","protected":false},"featured_media":105878,"comment_status":"open","ping_status":"closed","template":"","meta":[],"pwb-brand":[577],"product_brand":[697],"product_cat":[830,840,825,824],"product_tag":[],"class_list":{"0":"post-105873","1":"product","2":"type-product","3":"status-publish","4":"has-post-thumbnail","6":"pwb-brand-abp-concept","7":"product_brand-abp-concept","8":"product_cat-gifts-under-100-euros","9":"product_cat-rolex-strap","10":"product_cat-rubber-watch-straps","11":"product_cat-watch-straps","13":"first","14":"instock","15":"taxable","16":"shipping-taxable","17":"purchasable","18":"product-type-simple"},"yoast_head":"<!-- This site is optimized with the Yoast SEO plugin v27.0 - https:\/\/yoast.com\/product\/yoast-seo-wordpress\/ -->\n<title>ABP Concept Rolex Compatible R Strap Rubber Watch Strap | OH SELECTION<\/title>\n<meta name=\"description\" content=\"Give your Rolex watch a new style with our R Strap rubber watch strap, compatible with 20 mm and 21 mm lug width models. Crafted from 100% waterproof rubber, it combines comfort, robustness, and sporty elegance for daily or nautical use. Available in several sizes and colors, it perfectly fits Rolex Oyster, Submariner, GMT-Master, Daytona cases, and many others.  Shipping within 2 to 6 days &nbsp;\" \/>\n<meta name=\"robots\" content=\"index, follow, max-snippet:-1, max-image-preview:large, max-video-preview:-1\" \/>\n<link rel=\"canonical\" href=\"https:\/\/www.ohselection.com\/en\/produit\/abp-concept-rolex-compatible-r-strap-rubber-watch-strap\/\" \/>\n<meta property=\"og:locale\" content=\"en_US\" \/>\n<meta property=\"og:type\" content=\"article\" \/>\n<meta property=\"og:title\" content=\"ABP Concept Rolex Compatible R Strap Rubber Watch Strap | OH SELECTION\" \/>\n<meta property=\"og:description\" content=\"Give your Rolex watch a new style with our R Strap rubber watch strap, compatible with 20 mm and 21 mm lug width models. Crafted from 100% waterproof rubber, it combines comfort, robustness, and sporty elegance for daily or nautical use. Available in several sizes and colors, it perfectly fits Rolex Oyster, Submariner, GMT-Master, Daytona cases, and many others.  Shipping within 2 to 6 days &nbsp;\" \/>\n<meta property=\"og:url\" content=\"https:\/\/www.ohselection.com\/en\/produit\/abp-concept-rolex-compatible-r-strap-rubber-watch-strap\/\" \/>\n<meta property=\"og:site_name\" content=\"OH SELECTION\" \/>\n<meta property=\"article:publisher\" content=\"https:\/\/www.facebook.com\/ohselectionparis\/\" \/>\n<meta property=\"article:modified_time\" content=\"2025-09-26T12:34:17+00:00\" \/>\n<meta property=\"og:image\" content=\"https:\/\/www.ohselection.com\/wp-content\/uploads\/2025\/04\/compo-bracelets-r-strap-rubber.jpg\" \/>\n\t<meta property=\"og:image:width\" content=\"1800\" \/>\n\t<meta property=\"og:image:height\" content=\"900\" \/>\n\t<meta property=\"og:image:type\" content=\"image\/jpeg\" \/>\n<meta name=\"twitter:card\" content=\"summary_large_image\" \/>\n<meta name=\"twitter:label1\" content=\"Est. reading time\" \/>\n\t<meta name=\"twitter:data1\" content=\"1 minute\" \/>\n<script type=\"application\/ld+json\" class=\"yoast-schema-graph\">{\"@context\":\"https:\/\/schema.org\",\"@graph\":[{\"@type\":\"WebPage\",\"@id\":\"https:\/\/www.ohselection.com\/en\/produit\/abp-concept-rolex-compatible-r-strap-rubber-watch-strap\/\",\"url\":\"https:\/\/www.ohselection.com\/en\/produit\/abp-concept-rolex-compatible-r-strap-rubber-watch-strap\/\",\"name\":\"ABP Concept Rolex Compatible R Strap Rubber Watch Strap | OH SELECTION\",\"isPartOf\":{\"@id\":\"https:\/\/www.ohselection.com\/en\/#website\"},\"primaryImageOfPage\":{\"@id\":\"https:\/\/www.ohselection.com\/en\/produit\/abp-concept-rolex-compatible-r-strap-rubber-watch-strap\/#primaryimage\"},\"image\":{\"@id\":\"https:\/\/www.ohselection.com\/en\/produit\/abp-concept-rolex-compatible-r-strap-rubber-watch-strap\/#primaryimage\"},\"thumbnailUrl\":\"https:\/\/www.ohselection.com\/wp-content\/uploads\/2025\/04\/compo-bracelets-r-strap-rubber.jpg\",\"datePublished\":\"2025-04-15T21:16:20+00:00\",\"dateModified\":\"2025-09-26T12:34:17+00:00\",\"description\":\"Give your Rolex watch a new style with our R Strap rubber watch strap, compatible with 20 mm and 21 mm lug width models. Crafted from 100% waterproof rubber, it combines comfort, robustness, and sporty elegance for daily or nautical use. Available in several sizes and colors, it perfectly fits Rolex Oyster, Submariner, GMT-Master, Daytona cases, and many others. Shipping within 2 to 6 days &nbsp;\",\"breadcrumb\":{\"@id\":\"https:\/\/www.ohselection.com\/en\/produit\/abp-concept-rolex-compatible-r-strap-rubber-watch-strap\/#breadcrumb\"},\"inLanguage\":\"en-US\",\"potentialAction\":[{\"@type\":\"ReadAction\",\"target\":[\"https:\/\/www.ohselection.com\/en\/produit\/abp-concept-rolex-compatible-r-strap-rubber-watch-strap\/\"]}]},{\"@type\":\"ImageObject\",\"inLanguage\":\"en-US\",\"@id\":\"https:\/\/www.ohselection.com\/en\/produit\/abp-concept-rolex-compatible-r-strap-rubber-watch-strap\/#primaryimage\",\"url\":\"https:\/\/www.ohselection.com\/wp-content\/uploads\/2025\/04\/compo-bracelets-r-strap-rubber.jpg\",\"contentUrl\":\"https:\/\/www.ohselection.com\/wp-content\/uploads\/2025\/04\/compo-bracelets-r-strap-rubber.jpg\",\"width\":1800,\"height\":900,\"caption\":\"compo-bracelets-r-strap-rubber\"},{\"@type\":\"BreadcrumbList\",\"@id\":\"https:\/\/www.ohselection.com\/en\/produit\/abp-concept-rolex-compatible-r-strap-rubber-watch-strap\/#breadcrumb\",\"itemListElement\":[{\"@type\":\"ListItem\",\"position\":1,\"name\":\"Accueil\",\"item\":\"https:\/\/www.ohselection.com\/shop\/?lang=en\"},{\"@type\":\"ListItem\",\"position\":2,\"name\":\"Watch straps\",\"item\":\"https:\/\/www.ohselection.com\/en\/product-category\/watch-straps\/\"},{\"@type\":\"ListItem\",\"position\":3,\"name\":\"Rubber Watch Straps\",\"item\":\"https:\/\/www.ohselection.com\/en\/product-category\/rubber-watch-straps\/\"},{\"@type\":\"ListItem\",\"position\":4,\"name\":\"ABP Concept Rolex Compatible R Strap Rubber Watch Strap\"}]},{\"@type\":\"WebSite\",\"@id\":\"https:\/\/www.ohselection.com\/en\/#website\",\"url\":\"https:\/\/www.ohselection.com\/en\/\",\"name\":\"OH Selection\",\"description\":\"Une s\u00e9lection de produits test\u00e9s et approuv\u00e9s par nos horlogers\",\"publisher\":{\"@id\":\"https:\/\/www.ohselection.com\/en\/#organization\"},\"alternateName\":\"Boutique sp\u00e9cialis\u00e9e dans les accessoires d'horlogerie\",\"potentialAction\":[{\"@type\":\"SearchAction\",\"target\":{\"@type\":\"EntryPoint\",\"urlTemplate\":\"https:\/\/www.ohselection.com\/en\/?s={search_term_string}\"},\"query-input\":{\"@type\":\"PropertyValueSpecification\",\"valueRequired\":true,\"valueName\":\"search_term_string\"}}],\"inLanguage\":\"en-US\"},{\"@type\":\"Organization\",\"@id\":\"https:\/\/www.ohselection.com\/en\/#organization\",\"name\":\"OH SELECTION\",\"alternateName\":\"OHSelection\",\"url\":\"https:\/\/www.ohselection.com\/en\/\",\"logo\":{\"@type\":\"ImageObject\",\"inLanguage\":\"en-US\",\"@id\":\"https:\/\/www.ohselection.com\/en\/#\/schema\/logo\/image\/\",\"url\":\"https:\/\/www.ohselection.com\/wp-content\/uploads\/2025\/04\/Logo-OHS-N.jpg\",\"contentUrl\":\"https:\/\/www.ohselection.com\/wp-content\/uploads\/2025\/04\/Logo-OHS-N.jpg\",\"width\":1385,\"height\":325,\"caption\":\"OH SELECTION\"},\"image\":{\"@id\":\"https:\/\/www.ohselection.com\/en\/#\/schema\/logo\/image\/\"},\"sameAs\":[\"https:\/\/www.facebook.com\/ohselectionparis\/\",\"https:\/\/www.instagram.com\/ohselectionparis\/\"]}]}<\/script>\n<!-- \/ Yoast SEO plugin. -->","yoast_head_json":{"title":"ABP Concept Rolex Compatible R Strap Rubber Watch Strap | OH SELECTION","description":"Give your Rolex watch a new style with our R Strap rubber watch strap, compatible with 20 mm and 21 mm lug width models. Crafted from 100% waterproof rubber, it combines comfort, robustness, and sporty elegance for daily or nautical use. Available in several sizes and colors, it perfectly fits Rolex Oyster, Submariner, GMT-Master, Daytona cases, and many others.  Shipping within 2 to 6 days &nbsp;","robots":{"index":"index","follow":"follow","max-snippet":"max-snippet:-1","max-image-preview":"max-image-preview:large","max-video-preview":"max-video-preview:-1"},"canonical":"https:\/\/www.ohselection.com\/en\/produit\/abp-concept-rolex-compatible-r-strap-rubber-watch-strap\/","og_locale":"en_US","og_type":"article","og_title":"ABP Concept Rolex Compatible R Strap Rubber Watch Strap | OH SELECTION","og_description":"Give your Rolex watch a new style with our R Strap rubber watch strap, compatible with 20 mm and 21 mm lug width models. Crafted from 100% waterproof rubber, it combines comfort, robustness, and sporty elegance for daily or nautical use. Available in several sizes and colors, it perfectly fits Rolex Oyster, Submariner, GMT-Master, Daytona cases, and many others.  Shipping within 2 to 6 days &nbsp;","og_url":"https:\/\/www.ohselection.com\/en\/produit\/abp-concept-rolex-compatible-r-strap-rubber-watch-strap\/","og_site_name":"OH SELECTION","article_publisher":"https:\/\/www.facebook.com\/ohselectionparis\/","article_modified_time":"2025-09-26T12:34:17+00:00","og_image":[{"width":1800,"height":900,"url":"https:\/\/www.ohselection.com\/wp-content\/uploads\/2025\/04\/compo-bracelets-r-strap-rubber.jpg","type":"image\/jpeg"}],"twitter_card":"summary_large_image","twitter_misc":{"Est. reading time":"1 minute"},"schema":{"@context":"https:\/\/schema.org","@graph":[{"@type":"WebPage","@id":"https:\/\/www.ohselection.com\/en\/produit\/abp-concept-rolex-compatible-r-strap-rubber-watch-strap\/","url":"https:\/\/www.ohselection.com\/en\/produit\/abp-concept-rolex-compatible-r-strap-rubber-watch-strap\/","name":"ABP Concept Rolex Compatible R Strap Rubber Watch Strap | OH SELECTION","isPartOf":{"@id":"https:\/\/www.ohselection.com\/en\/#website"},"primaryImageOfPage":{"@id":"https:\/\/www.ohselection.com\/en\/produit\/abp-concept-rolex-compatible-r-strap-rubber-watch-strap\/#primaryimage"},"image":{"@id":"https:\/\/www.ohselection.com\/en\/produit\/abp-concept-rolex-compatible-r-strap-rubber-watch-strap\/#primaryimage"},"thumbnailUrl":"https:\/\/www.ohselection.com\/wp-content\/uploads\/2025\/04\/compo-bracelets-r-strap-rubber.jpg","datePublished":"2025-04-15T21:16:20+00:00","dateModified":"2025-09-26T12:34:17+00:00","description":"Give your Rolex watch a new style with our R Strap rubber watch strap, compatible with 20 mm and 21 mm lug width models. Crafted from 100% waterproof rubber, it combines comfort, robustness, and sporty elegance for daily or nautical use. Available in several sizes and colors, it perfectly fits Rolex Oyster, Submariner, GMT-Master, Daytona cases, and many others. Shipping within 2 to 6 days &nbsp;","breadcrumb":{"@id":"https:\/\/www.ohselection.com\/en\/produit\/abp-concept-rolex-compatible-r-strap-rubber-watch-strap\/#breadcrumb"},"inLanguage":"en-US","potentialAction":[{"@type":"ReadAction","target":["https:\/\/www.ohselection.com\/en\/produit\/abp-concept-rolex-compatible-r-strap-rubber-watch-strap\/"]}]},{"@type":"ImageObject","inLanguage":"en-US","@id":"https:\/\/www.ohselection.com\/en\/produit\/abp-concept-rolex-compatible-r-strap-rubber-watch-strap\/#primaryimage","url":"https:\/\/www.ohselection.com\/wp-content\/uploads\/2025\/04\/compo-bracelets-r-strap-rubber.jpg","contentUrl":"https:\/\/www.ohselection.com\/wp-content\/uploads\/2025\/04\/compo-bracelets-r-strap-rubber.jpg","width":1800,"height":900,"caption":"compo-bracelets-r-strap-rubber"},{"@type":"BreadcrumbList","@id":"https:\/\/www.ohselection.com\/en\/produit\/abp-concept-rolex-compatible-r-strap-rubber-watch-strap\/#breadcrumb","itemListElement":[{"@type":"ListItem","position":1,"name":"Accueil","item":"https:\/\/www.ohselection.com\/shop\/?lang=en"},{"@type":"ListItem","position":2,"name":"Watch straps","item":"https:\/\/www.ohselection.com\/en\/product-category\/watch-straps\/"},{"@type":"ListItem","position":3,"name":"Rubber Watch Straps","item":"https:\/\/www.ohselection.com\/en\/product-category\/rubber-watch-straps\/"},{"@type":"ListItem","position":4,"name":"ABP Concept Rolex Compatible R Strap Rubber Watch Strap"}]},{"@type":"WebSite","@id":"https:\/\/www.ohselection.com\/en\/#website","url":"https:\/\/www.ohselection.com\/en\/","name":"OH Selection","description":"Une s\u00e9lection de produits test\u00e9s et approuv\u00e9s par nos horlogers","publisher":{"@id":"https:\/\/www.ohselection.com\/en\/#organization"},"alternateName":"Boutique sp\u00e9cialis\u00e9e dans les accessoires d'horlogerie","potentialAction":[{"@type":"SearchAction","target":{"@type":"EntryPoint","urlTemplate":"https:\/\/www.ohselection.com\/en\/?s={search_term_string}"},"query-input":{"@type":"PropertyValueSpecification","valueRequired":true,"valueName":"search_term_string"}}],"inLanguage":"en-US"},{"@type":"Organization","@id":"https:\/\/www.ohselection.com\/en\/#organization","name":"OH SELECTION","alternateName":"OHSelection","url":"https:\/\/www.ohselection.com\/en\/","logo":{"@type":"ImageObject","inLanguage":"en-US","@id":"https:\/\/www.ohselection.com\/en\/#\/schema\/logo\/image\/","url":"https:\/\/www.ohselection.com\/wp-content\/uploads\/2025\/04\/Logo-OHS-N.jpg","contentUrl":"https:\/\/www.ohselection.com\/wp-content\/uploads\/2025\/04\/Logo-OHS-N.jpg","width":1385,"height":325,"caption":"OH SELECTION"},"image":{"@id":"https:\/\/www.ohselection.com\/en\/#\/schema\/logo\/image\/"},"sameAs":["https:\/\/www.facebook.com\/ohselectionparis\/","https:\/\/www.instagram.com\/ohselectionparis\/"]}]}},"brands":[{"id":577,"name":"ABP Concept","slug":"abp-concept"}],"_links":{"self":[{"href":"https:\/\/www.ohselection.com\/en\/wp-json\/wp\/v2\/product\/105873","targetHints":{"allow":["GET"]}}],"collection":[{"href":"https:\/\/www.ohselection.com\/en\/wp-json\/wp\/v2\/product"}],"about":[{"href":"https:\/\/www.ohselection.com\/en\/wp-json\/wp\/v2\/types\/product"}],"replies":[{"embeddable":true,"href":"https:\/\/www.ohselection.com\/en\/wp-json\/wp\/v2\/comments?post=105873"}],"wp:featuredmedia":[{"embeddable":true,"href":"https:\/\/www.ohselection.com\/en\/wp-json\/wp\/v2\/media\/105878"}],"wp:attachment":[{"href":"https:\/\/www.ohselection.com\/en\/wp-json\/wp\/v2\/media?parent=105873"}],"wp:term":[{"taxonomy":"pwb-brand","embeddable":true,"href":"https:\/\/www.ohselection.com\/en\/wp-json\/wp\/v2\/pwb-brand?post=105873"},{"taxonomy":"product_brand","embeddable":true,"href":"https:\/\/www.ohselection.com\/en\/wp-json\/wp\/v2\/product_brand?post=105873"},{"taxonomy":"product_cat","embeddable":true,"href":"https:\/\/www.ohselection.com\/en\/wp-json\/wp\/v2\/product_cat?post=105873"},{"taxonomy":"product_tag","embeddable":true,"href":"https:\/\/www.ohselection.com\/en\/wp-json\/wp\/v2\/product_tag?post=105873"}],"curies":[{"name":"wp","href":"https:\/\/api.w.org\/{rel}","templated":true}]}}