{"id":106721,"date":"2025-03-05T22:28:50","date_gmt":"2025-03-05T21:28:50","guid":{"rendered":"https:\/\/www.ohselection.com\/produit\/black-and-green-nato-colors-watch-strap\/"},"modified":"2025-09-26T14:35:04","modified_gmt":"2025-09-26T12:35:04","slug":"black-and-green-nato-colors-watch-strap","status":"publish","type":"product","link":"https:\/\/www.ohselection.com\/en\/produit\/black-and-green-nato-colors-watch-strap\/","title":{"rendered":"Black and Green NATO Colors Watch Strap"},"content":{"rendered":"<h5><img decoding=\"async\" class=\"alignnone size-full wp-image-6386\" src=\"\/wp-content\/uploads\/2017\/07\/Capture-d%E2%80%99e%C4%9Bcran-2017-08-02-a%C4%9A-15.48.12.png\" alt=\"\" width=\"50\"> Description<\/h5>\n<ul>\n<li>Striped NATO Colors nylon watch straps featuring alternating black and green bands.<\/li>\n<li>This watch strap is suitable for both women and men.<\/li>\n<li>Authentic models with fixed buckles<\/li>\n<li>Water-Resistant Straps<\/li>\n<li>These straps are available in three sizes: 18 mm, 20 mm, or 22 mm<\/li>\n<li>1.2 mm thick nylon<\/li>\n<li>Adjustable length: approximately 27 cm<\/li>\n<li>Suitable for all types of watches: vintage, sports, or modern.<\/li>\n<li>Ideal for watches from brands such as Tudor, OMEGA, Rolex, Longines, Tissot, or Seiko.<\/li>\n<li>2-year warranty<\/li>\n<\/ul>\n<p><em>The colors of our straps are subject to change depending on supplier availability.<\/em><\/p>\n","protected":false},"excerpt":{"rendered":"<p>Add a dynamic touch to your watch with this black and green striped NATO Colors nylon watch strap, combining style and water resistance. Available in three sizes (18 mm, 20 mm, 22 mm), it perfectly adapts to vintage, sports, or modern watches, including models from prestigious brands like Tudor, OMEGA, or Rolex. <\/p>\n","protected":false},"featured_media":106730,"comment_status":"closed","ping_status":"closed","template":"","meta":[],"pwb-brand":[570],"product_brand":[700],"product_cat":[834,838,829,840,824],"product_tag":[],"class_list":{"0":"post-106721","1":"product","2":"type-product","3":"status-publish","4":"has-post-thumbnail","6":"pwb-brand-ohselection","7":"product_brand-oh-selection","8":"product_cat-gifts-under-e50","9":"product_cat-nato-watch-strap","10":"product_cat-omega-strap","11":"product_cat-rolex-strap","12":"product_cat-watch-straps","13":"pa_taille-18mm","14":"pa_taille-20mm","15":"pa_taille-22mm","17":"first","18":"instock","19":"sale","20":"taxable","21":"shipping-taxable","22":"purchasable","23":"product-type-variable"},"yoast_head":"<!-- This site is optimized with the Yoast SEO plugin v27.0 - https:\/\/yoast.com\/product\/yoast-seo-wordpress\/ -->\n<title>Black and Green NATO Colors Watch Strap | OH SELECTION<\/title>\n<meta name=\"description\" content=\"Add a dynamic touch to your watch with this black and green striped NATO Colors nylon watch strap, combining style and water resistance. Available in three sizes (18 mm, 20 mm, 22 mm), it perfectly adapts to vintage, sports, or modern watches, including models from prestigious brands like Tudor, OMEGA, or Rolex.\" \/>\n<meta name=\"robots\" content=\"index, follow, max-snippet:-1, max-image-preview:large, max-video-preview:-1\" \/>\n<link rel=\"canonical\" href=\"https:\/\/www.ohselection.com\/en\/produit\/black-and-green-nato-colors-watch-strap\/\" \/>\n<meta property=\"og:locale\" content=\"en_US\" \/>\n<meta property=\"og:type\" content=\"article\" \/>\n<meta property=\"og:title\" content=\"Black and Green NATO Colors Watch Strap | OH SELECTION\" \/>\n<meta property=\"og:description\" content=\"Add a dynamic touch to your watch with this black and green striped NATO Colors nylon watch strap, combining style and water resistance. Available in three sizes (18 mm, 20 mm, 22 mm), it perfectly adapts to vintage, sports, or modern watches, including models from prestigious brands like Tudor, OMEGA, or Rolex.\" \/>\n<meta property=\"og:url\" content=\"https:\/\/www.ohselection.com\/en\/produit\/black-and-green-nato-colors-watch-strap\/\" \/>\n<meta property=\"og:site_name\" content=\"OH SELECTION\" \/>\n<meta property=\"article:publisher\" content=\"https:\/\/www.facebook.com\/ohselectionparis\/\" \/>\n<meta property=\"article:modified_time\" content=\"2025-09-26T12:35:04+00:00\" \/>\n<meta property=\"og:image\" content=\"https:\/\/www.ohselection.com\/wp-content\/uploads\/2025\/03\/Bracelet-montre-NATO-noir-et-vert.jpg\" \/>\n\t<meta property=\"og:image:width\" content=\"2048\" \/>\n\t<meta property=\"og:image:height\" content=\"1566\" \/>\n\t<meta property=\"og:image:type\" content=\"image\/jpeg\" \/>\n<meta name=\"twitter:card\" content=\"summary_large_image\" \/>\n<script type=\"application\/ld+json\" class=\"yoast-schema-graph\">{\"@context\":\"https:\/\/schema.org\",\"@graph\":[{\"@type\":\"WebPage\",\"@id\":\"https:\/\/www.ohselection.com\/en\/produit\/black-and-green-nato-colors-watch-strap\/\",\"url\":\"https:\/\/www.ohselection.com\/en\/produit\/black-and-green-nato-colors-watch-strap\/\",\"name\":\"Black and Green NATO Colors Watch Strap | OH SELECTION\",\"isPartOf\":{\"@id\":\"https:\/\/www.ohselection.com\/en\/#website\"},\"primaryImageOfPage\":{\"@id\":\"https:\/\/www.ohselection.com\/en\/produit\/black-and-green-nato-colors-watch-strap\/#primaryimage\"},\"image\":{\"@id\":\"https:\/\/www.ohselection.com\/en\/produit\/black-and-green-nato-colors-watch-strap\/#primaryimage\"},\"thumbnailUrl\":\"https:\/\/www.ohselection.com\/wp-content\/uploads\/2025\/03\/Bracelet-montre-NATO-noir-et-vert.jpg\",\"datePublished\":\"2025-03-05T21:28:50+00:00\",\"dateModified\":\"2025-09-26T12:35:04+00:00\",\"description\":\"Add a dynamic touch to your watch with this black and green striped NATO Colors nylon watch strap, combining style and water resistance. Available in three sizes (18 mm, 20 mm, 22 mm), it perfectly adapts to vintage, sports, or modern watches, including models from prestigious brands like Tudor, OMEGA, or Rolex.\",\"breadcrumb\":{\"@id\":\"https:\/\/www.ohselection.com\/en\/produit\/black-and-green-nato-colors-watch-strap\/#breadcrumb\"},\"inLanguage\":\"en-US\",\"potentialAction\":[{\"@type\":\"ReadAction\",\"target\":[\"https:\/\/www.ohselection.com\/en\/produit\/black-and-green-nato-colors-watch-strap\/\"]}]},{\"@type\":\"ImageObject\",\"inLanguage\":\"en-US\",\"@id\":\"https:\/\/www.ohselection.com\/en\/produit\/black-and-green-nato-colors-watch-strap\/#primaryimage\",\"url\":\"https:\/\/www.ohselection.com\/wp-content\/uploads\/2025\/03\/Bracelet-montre-NATO-noir-et-vert.jpg\",\"contentUrl\":\"https:\/\/www.ohselection.com\/wp-content\/uploads\/2025\/03\/Bracelet-montre-NATO-noir-et-vert.jpg\",\"width\":2048,\"height\":1566,\"caption\":\"Black and Green NATO Watch Strap\"},{\"@type\":\"BreadcrumbList\",\"@id\":\"https:\/\/www.ohselection.com\/en\/produit\/black-and-green-nato-colors-watch-strap\/#breadcrumb\",\"itemListElement\":[{\"@type\":\"ListItem\",\"position\":1,\"name\":\"Accueil\",\"item\":\"https:\/\/www.ohselection.com\/shop\/?lang=en\"},{\"@type\":\"ListItem\",\"position\":2,\"name\":\"Watch straps\",\"item\":\"https:\/\/www.ohselection.com\/en\/product-category\/watch-straps\/\"},{\"@type\":\"ListItem\",\"position\":3,\"name\":\"NATO Watch Strap\",\"item\":\"https:\/\/www.ohselection.com\/en\/product-category\/nato-watch-strap\/\"},{\"@type\":\"ListItem\",\"position\":4,\"name\":\"Black and Green NATO Colors Watch Strap\"}]},{\"@type\":\"WebSite\",\"@id\":\"https:\/\/www.ohselection.com\/en\/#website\",\"url\":\"https:\/\/www.ohselection.com\/en\/\",\"name\":\"OH Selection\",\"description\":\"Une s\u00e9lection de produits test\u00e9s et approuv\u00e9s par nos horlogers\",\"publisher\":{\"@id\":\"https:\/\/www.ohselection.com\/en\/#organization\"},\"alternateName\":\"Boutique sp\u00e9cialis\u00e9e dans les accessoires d'horlogerie\",\"potentialAction\":[{\"@type\":\"SearchAction\",\"target\":{\"@type\":\"EntryPoint\",\"urlTemplate\":\"https:\/\/www.ohselection.com\/en\/?s={search_term_string}\"},\"query-input\":{\"@type\":\"PropertyValueSpecification\",\"valueRequired\":true,\"valueName\":\"search_term_string\"}}],\"inLanguage\":\"en-US\"},{\"@type\":\"Organization\",\"@id\":\"https:\/\/www.ohselection.com\/en\/#organization\",\"name\":\"OH SELECTION\",\"alternateName\":\"OHSelection\",\"url\":\"https:\/\/www.ohselection.com\/en\/\",\"logo\":{\"@type\":\"ImageObject\",\"inLanguage\":\"en-US\",\"@id\":\"https:\/\/www.ohselection.com\/en\/#\/schema\/logo\/image\/\",\"url\":\"https:\/\/www.ohselection.com\/wp-content\/uploads\/2025\/04\/Logo-OHS-N.jpg\",\"contentUrl\":\"https:\/\/www.ohselection.com\/wp-content\/uploads\/2025\/04\/Logo-OHS-N.jpg\",\"width\":1385,\"height\":325,\"caption\":\"OH SELECTION\"},\"image\":{\"@id\":\"https:\/\/www.ohselection.com\/en\/#\/schema\/logo\/image\/\"},\"sameAs\":[\"https:\/\/www.facebook.com\/ohselectionparis\/\",\"https:\/\/www.instagram.com\/ohselectionparis\/\"]}]}<\/script>\n<!-- \/ Yoast SEO plugin. -->","yoast_head_json":{"title":"Black and Green NATO Colors Watch Strap | OH SELECTION","description":"Add a dynamic touch to your watch with this black and green striped NATO Colors nylon watch strap, combining style and water resistance. Available in three sizes (18 mm, 20 mm, 22 mm), it perfectly adapts to vintage, sports, or modern watches, including models from prestigious brands like Tudor, OMEGA, or Rolex.","robots":{"index":"index","follow":"follow","max-snippet":"max-snippet:-1","max-image-preview":"max-image-preview:large","max-video-preview":"max-video-preview:-1"},"canonical":"https:\/\/www.ohselection.com\/en\/produit\/black-and-green-nato-colors-watch-strap\/","og_locale":"en_US","og_type":"article","og_title":"Black and Green NATO Colors Watch Strap | OH SELECTION","og_description":"Add a dynamic touch to your watch with this black and green striped NATO Colors nylon watch strap, combining style and water resistance. Available in three sizes (18 mm, 20 mm, 22 mm), it perfectly adapts to vintage, sports, or modern watches, including models from prestigious brands like Tudor, OMEGA, or Rolex.","og_url":"https:\/\/www.ohselection.com\/en\/produit\/black-and-green-nato-colors-watch-strap\/","og_site_name":"OH SELECTION","article_publisher":"https:\/\/www.facebook.com\/ohselectionparis\/","article_modified_time":"2025-09-26T12:35:04+00:00","og_image":[{"width":2048,"height":1566,"url":"https:\/\/www.ohselection.com\/wp-content\/uploads\/2025\/03\/Bracelet-montre-NATO-noir-et-vert.jpg","type":"image\/jpeg"}],"twitter_card":"summary_large_image","schema":{"@context":"https:\/\/schema.org","@graph":[{"@type":"WebPage","@id":"https:\/\/www.ohselection.com\/en\/produit\/black-and-green-nato-colors-watch-strap\/","url":"https:\/\/www.ohselection.com\/en\/produit\/black-and-green-nato-colors-watch-strap\/","name":"Black and Green NATO Colors Watch Strap | OH SELECTION","isPartOf":{"@id":"https:\/\/www.ohselection.com\/en\/#website"},"primaryImageOfPage":{"@id":"https:\/\/www.ohselection.com\/en\/produit\/black-and-green-nato-colors-watch-strap\/#primaryimage"},"image":{"@id":"https:\/\/www.ohselection.com\/en\/produit\/black-and-green-nato-colors-watch-strap\/#primaryimage"},"thumbnailUrl":"https:\/\/www.ohselection.com\/wp-content\/uploads\/2025\/03\/Bracelet-montre-NATO-noir-et-vert.jpg","datePublished":"2025-03-05T21:28:50+00:00","dateModified":"2025-09-26T12:35:04+00:00","description":"Add a dynamic touch to your watch with this black and green striped NATO Colors nylon watch strap, combining style and water resistance. Available in three sizes (18 mm, 20 mm, 22 mm), it perfectly adapts to vintage, sports, or modern watches, including models from prestigious brands like Tudor, OMEGA, or Rolex.","breadcrumb":{"@id":"https:\/\/www.ohselection.com\/en\/produit\/black-and-green-nato-colors-watch-strap\/#breadcrumb"},"inLanguage":"en-US","potentialAction":[{"@type":"ReadAction","target":["https:\/\/www.ohselection.com\/en\/produit\/black-and-green-nato-colors-watch-strap\/"]}]},{"@type":"ImageObject","inLanguage":"en-US","@id":"https:\/\/www.ohselection.com\/en\/produit\/black-and-green-nato-colors-watch-strap\/#primaryimage","url":"https:\/\/www.ohselection.com\/wp-content\/uploads\/2025\/03\/Bracelet-montre-NATO-noir-et-vert.jpg","contentUrl":"https:\/\/www.ohselection.com\/wp-content\/uploads\/2025\/03\/Bracelet-montre-NATO-noir-et-vert.jpg","width":2048,"height":1566,"caption":"Black and Green NATO Watch Strap"},{"@type":"BreadcrumbList","@id":"https:\/\/www.ohselection.com\/en\/produit\/black-and-green-nato-colors-watch-strap\/#breadcrumb","itemListElement":[{"@type":"ListItem","position":1,"name":"Accueil","item":"https:\/\/www.ohselection.com\/shop\/?lang=en"},{"@type":"ListItem","position":2,"name":"Watch straps","item":"https:\/\/www.ohselection.com\/en\/product-category\/watch-straps\/"},{"@type":"ListItem","position":3,"name":"NATO Watch Strap","item":"https:\/\/www.ohselection.com\/en\/product-category\/nato-watch-strap\/"},{"@type":"ListItem","position":4,"name":"Black and Green NATO Colors Watch Strap"}]},{"@type":"WebSite","@id":"https:\/\/www.ohselection.com\/en\/#website","url":"https:\/\/www.ohselection.com\/en\/","name":"OH Selection","description":"Une s\u00e9lection de produits test\u00e9s et approuv\u00e9s par nos horlogers","publisher":{"@id":"https:\/\/www.ohselection.com\/en\/#organization"},"alternateName":"Boutique sp\u00e9cialis\u00e9e dans les accessoires d'horlogerie","potentialAction":[{"@type":"SearchAction","target":{"@type":"EntryPoint","urlTemplate":"https:\/\/www.ohselection.com\/en\/?s={search_term_string}"},"query-input":{"@type":"PropertyValueSpecification","valueRequired":true,"valueName":"search_term_string"}}],"inLanguage":"en-US"},{"@type":"Organization","@id":"https:\/\/www.ohselection.com\/en\/#organization","name":"OH SELECTION","alternateName":"OHSelection","url":"https:\/\/www.ohselection.com\/en\/","logo":{"@type":"ImageObject","inLanguage":"en-US","@id":"https:\/\/www.ohselection.com\/en\/#\/schema\/logo\/image\/","url":"https:\/\/www.ohselection.com\/wp-content\/uploads\/2025\/04\/Logo-OHS-N.jpg","contentUrl":"https:\/\/www.ohselection.com\/wp-content\/uploads\/2025\/04\/Logo-OHS-N.jpg","width":1385,"height":325,"caption":"OH SELECTION"},"image":{"@id":"https:\/\/www.ohselection.com\/en\/#\/schema\/logo\/image\/"},"sameAs":["https:\/\/www.facebook.com\/ohselectionparis\/","https:\/\/www.instagram.com\/ohselectionparis\/"]}]}},"brands":[{"id":570,"name":"OH Selection","slug":"ohselection"}],"_links":{"self":[{"href":"https:\/\/www.ohselection.com\/en\/wp-json\/wp\/v2\/product\/106721","targetHints":{"allow":["GET"]}}],"collection":[{"href":"https:\/\/www.ohselection.com\/en\/wp-json\/wp\/v2\/product"}],"about":[{"href":"https:\/\/www.ohselection.com\/en\/wp-json\/wp\/v2\/types\/product"}],"replies":[{"embeddable":true,"href":"https:\/\/www.ohselection.com\/en\/wp-json\/wp\/v2\/comments?post=106721"}],"wp:featuredmedia":[{"embeddable":true,"href":"https:\/\/www.ohselection.com\/en\/wp-json\/wp\/v2\/media\/106730"}],"wp:attachment":[{"href":"https:\/\/www.ohselection.com\/en\/wp-json\/wp\/v2\/media?parent=106721"}],"wp:term":[{"taxonomy":"pwb-brand","embeddable":true,"href":"https:\/\/www.ohselection.com\/en\/wp-json\/wp\/v2\/pwb-brand?post=106721"},{"taxonomy":"product_brand","embeddable":true,"href":"https:\/\/www.ohselection.com\/en\/wp-json\/wp\/v2\/product_brand?post=106721"},{"taxonomy":"product_cat","embeddable":true,"href":"https:\/\/www.ohselection.com\/en\/wp-json\/wp\/v2\/product_cat?post=106721"},{"taxonomy":"product_tag","embeddable":true,"href":"https:\/\/www.ohselection.com\/en\/wp-json\/wp\/v2\/product_tag?post=106721"}],"curies":[{"name":"wp","href":"https:\/\/api.w.org\/{rel}","templated":true}]}}