{"id":106955,"date":"2025-04-15T20:59:47","date_gmt":"2025-04-15T18:59:47","guid":{"rendered":"https:\/\/www.ohselection.com\/produit\/abp-concept-essential-elegant-and-classic-alligator-leather-watch-strap\/"},"modified":"2025-09-26T14:35:10","modified_gmt":"2025-09-26T12:35:10","slug":"abp-concept-essential-elegant-and-classic-alligator-leather-watch-strap","status":"publish","type":"product","link":"https:\/\/www.ohselection.com\/en\/produit\/abp-concept-essential-elegant-and-classic-alligator-leather-watch-strap\/","title":{"rendered":"ABP Concept Essential Elegant and Classic Alligator Leather Watch Strap"},"content":{"rendered":"<h3><img decoding=\"async\" class=\"alignnone size-full wp-image-6386\" src=\"\/wp-content\/uploads\/2017\/07\/Capture-d%E2%80%99e%C4%9Bcran-2017-08-02-a%C4%9A-15.48.12.png\" alt=\"\" width=\"50\"> Description<\/h3>\n<p>Genuine alligator leather watch strap, with a high-end finish and classic style, designed in Paris by Atelier du Bracelet Parisien (ABP Concept). Crafted from matte-tanned alligator leather, featuring square or rectangular scales, this premium strap combines elegance, durability, and comfort, thanks to its black rubberized calfskin lining and its 4.5 mm domed profile at the lug end. <\/p>\n<p>Available in several refined colors\u2014black, brown, medium brown, blue, and gray\u2014this watch strap fits most watches thanks to the wide range of sizes offered: widths from 10 to 24 mm and lengths S (105\/65 mm), M (115\/75 mm), and L (125\/85 mm), covering wrists from 14.5 to 20.5 cm.<\/p>\n<p>Fitted without a buckle, or with a classic pin buckle or deployment clasp in steel, gold-plated, black, or rose gold, this strap is compatible with many prestigious watch brands (Cartier, Omega, Rolex, IWC, Jaeger-LeCoultre, Panerai, Longines, etc.).<\/p>\n<p>ABP Concept designs artisanal &#8220;Made in France&#8221; watch straps and is not affiliated with any brand mentioned for compatibility purposes.<\/p>\n","protected":false},"excerpt":{"rendered":"<p>Genuine alligator leather watch strap, crafted in Paris by ABP Concept. Available in various colors, sizes, and finishes, it adapts to many prestigious brands. Elegant, durable, and comfortable, it is the ideal choice to enhance your luxury watch.  <\/p>\n<p><strong><em>Shipping within 2 to 6 days<\/em><\/strong><\/p>\n","protected":false},"featured_media":106971,"comment_status":"open","ping_status":"closed","template":"","meta":[],"pwb-brand":[577],"product_brand":[697],"product_cat":[832,827,829,840,824],"product_tag":[],"class_list":{"0":"post-106955","1":"product","2":"type-product","3":"status-publish","4":"has-post-thumbnail","6":"pwb-brand-abp-concept","7":"product_brand-abp-concept","8":"product_cat-gift-under-200-euros","9":"product_cat-leather-watch-strap","10":"product_cat-omega-strap","11":"product_cat-rolex-strap","12":"product_cat-watch-straps","13":"product_shipping_class-low-stock","15":"first","16":"instock","17":"taxable","18":"shipping-taxable","19":"purchasable","20":"product-type-simple"},"yoast_head":"<!-- This site is optimized with the Yoast SEO plugin v27.0 - https:\/\/yoast.com\/product\/yoast-seo-wordpress\/ -->\n<title>ABP Concept Essential Elegant and Classic Alligator Leather Watch Strap | OH SELECTION<\/title>\n<meta name=\"description\" content=\"Genuine alligator leather watch strap, crafted in Paris by ABP Concept. Available in various colors, sizes, and finishes, it adapts to many prestigious brands. Elegant, durable, and comfortable, it is the ideal choice to enhance your luxury watch.  Shipping within 2 to 6 days\" \/>\n<meta name=\"robots\" content=\"index, follow, max-snippet:-1, max-image-preview:large, max-video-preview:-1\" \/>\n<link rel=\"canonical\" href=\"https:\/\/www.ohselection.com\/en\/produit\/abp-concept-essential-elegant-and-classic-alligator-leather-watch-strap\/\" \/>\n<meta property=\"og:locale\" content=\"en_US\" \/>\n<meta property=\"og:type\" content=\"article\" \/>\n<meta property=\"og:title\" content=\"ABP Concept Essential Elegant and Classic Alligator Leather Watch Strap | OH SELECTION\" \/>\n<meta property=\"og:description\" content=\"Genuine alligator leather watch strap, crafted in Paris by ABP Concept. Available in various colors, sizes, and finishes, it adapts to many prestigious brands. Elegant, durable, and comfortable, it is the ideal choice to enhance your luxury watch.  Shipping within 2 to 6 days\" \/>\n<meta property=\"og:url\" content=\"https:\/\/www.ohselection.com\/en\/produit\/abp-concept-essential-elegant-and-classic-alligator-leather-watch-strap\/\" \/>\n<meta property=\"og:site_name\" content=\"OH SELECTION\" \/>\n<meta property=\"article:publisher\" content=\"https:\/\/www.facebook.com\/ohselectionparis\/\" \/>\n<meta property=\"article:modified_time\" content=\"2025-09-26T12:35:10+00:00\" \/>\n<meta property=\"og:image\" content=\"https:\/\/www.ohselection.com\/wp-content\/uploads\/2025\/04\/compo-bracelet-montre-alligator-ecailles-carrees.jpg\" \/>\n\t<meta property=\"og:image:width\" content=\"1800\" \/>\n\t<meta property=\"og:image:height\" content=\"900\" \/>\n\t<meta property=\"og:image:type\" content=\"image\/jpeg\" \/>\n<meta name=\"twitter:card\" content=\"summary_large_image\" \/>\n<meta name=\"twitter:label1\" content=\"Est. reading time\" \/>\n\t<meta name=\"twitter:data1\" content=\"1 minute\" \/>\n<script type=\"application\/ld+json\" class=\"yoast-schema-graph\">{\"@context\":\"https:\/\/schema.org\",\"@graph\":[{\"@type\":\"WebPage\",\"@id\":\"https:\/\/www.ohselection.com\/en\/produit\/abp-concept-essential-elegant-and-classic-alligator-leather-watch-strap\/\",\"url\":\"https:\/\/www.ohselection.com\/en\/produit\/abp-concept-essential-elegant-and-classic-alligator-leather-watch-strap\/\",\"name\":\"ABP Concept Essential Elegant and Classic Alligator Leather Watch Strap | OH SELECTION\",\"isPartOf\":{\"@id\":\"https:\/\/www.ohselection.com\/en\/#website\"},\"primaryImageOfPage\":{\"@id\":\"https:\/\/www.ohselection.com\/en\/produit\/abp-concept-essential-elegant-and-classic-alligator-leather-watch-strap\/#primaryimage\"},\"image\":{\"@id\":\"https:\/\/www.ohselection.com\/en\/produit\/abp-concept-essential-elegant-and-classic-alligator-leather-watch-strap\/#primaryimage\"},\"thumbnailUrl\":\"https:\/\/www.ohselection.com\/wp-content\/uploads\/2025\/04\/compo-bracelet-montre-alligator-ecailles-carrees.jpg\",\"datePublished\":\"2025-04-15T18:59:47+00:00\",\"dateModified\":\"2025-09-26T12:35:10+00:00\",\"description\":\"Genuine alligator leather watch strap, crafted in Paris by ABP Concept. Available in various colors, sizes, and finishes, it adapts to many prestigious brands. Elegant, durable, and comfortable, it is the ideal choice to enhance your luxury watch. Shipping within 2 to 6 days\",\"breadcrumb\":{\"@id\":\"https:\/\/www.ohselection.com\/en\/produit\/abp-concept-essential-elegant-and-classic-alligator-leather-watch-strap\/#breadcrumb\"},\"inLanguage\":\"en-US\",\"potentialAction\":[{\"@type\":\"ReadAction\",\"target\":[\"https:\/\/www.ohselection.com\/en\/produit\/abp-concept-essential-elegant-and-classic-alligator-leather-watch-strap\/\"]}]},{\"@type\":\"ImageObject\",\"inLanguage\":\"en-US\",\"@id\":\"https:\/\/www.ohselection.com\/en\/produit\/abp-concept-essential-elegant-and-classic-alligator-leather-watch-strap\/#primaryimage\",\"url\":\"https:\/\/www.ohselection.com\/wp-content\/uploads\/2025\/04\/compo-bracelet-montre-alligator-ecailles-carrees.jpg\",\"contentUrl\":\"https:\/\/www.ohselection.com\/wp-content\/uploads\/2025\/04\/compo-bracelet-montre-alligator-ecailles-carrees.jpg\",\"width\":1800,\"height\":900,\"caption\":\"compo-watch-strap-alligator-square-scales\"},{\"@type\":\"BreadcrumbList\",\"@id\":\"https:\/\/www.ohselection.com\/en\/produit\/abp-concept-essential-elegant-and-classic-alligator-leather-watch-strap\/#breadcrumb\",\"itemListElement\":[{\"@type\":\"ListItem\",\"position\":1,\"name\":\"Accueil\",\"item\":\"https:\/\/www.ohselection.com\/shop\/?lang=en\"},{\"@type\":\"ListItem\",\"position\":2,\"name\":\"Gift under 200 euros\",\"item\":\"https:\/\/www.ohselection.com\/en\/product-category\/gift-under-200-euros\/\"},{\"@type\":\"ListItem\",\"position\":3,\"name\":\"ABP Concept Essential Elegant and Classic Alligator Leather Watch Strap\"}]},{\"@type\":\"WebSite\",\"@id\":\"https:\/\/www.ohselection.com\/en\/#website\",\"url\":\"https:\/\/www.ohselection.com\/en\/\",\"name\":\"OH Selection\",\"description\":\"Une s\u00e9lection de produits test\u00e9s et approuv\u00e9s par nos horlogers\",\"publisher\":{\"@id\":\"https:\/\/www.ohselection.com\/en\/#organization\"},\"alternateName\":\"Boutique sp\u00e9cialis\u00e9e dans les accessoires d'horlogerie\",\"potentialAction\":[{\"@type\":\"SearchAction\",\"target\":{\"@type\":\"EntryPoint\",\"urlTemplate\":\"https:\/\/www.ohselection.com\/en\/?s={search_term_string}\"},\"query-input\":{\"@type\":\"PropertyValueSpecification\",\"valueRequired\":true,\"valueName\":\"search_term_string\"}}],\"inLanguage\":\"en-US\"},{\"@type\":\"Organization\",\"@id\":\"https:\/\/www.ohselection.com\/en\/#organization\",\"name\":\"OH SELECTION\",\"alternateName\":\"OHSelection\",\"url\":\"https:\/\/www.ohselection.com\/en\/\",\"logo\":{\"@type\":\"ImageObject\",\"inLanguage\":\"en-US\",\"@id\":\"https:\/\/www.ohselection.com\/en\/#\/schema\/logo\/image\/\",\"url\":\"https:\/\/www.ohselection.com\/wp-content\/uploads\/2025\/04\/Logo-OHS-N.jpg\",\"contentUrl\":\"https:\/\/www.ohselection.com\/wp-content\/uploads\/2025\/04\/Logo-OHS-N.jpg\",\"width\":1385,\"height\":325,\"caption\":\"OH SELECTION\"},\"image\":{\"@id\":\"https:\/\/www.ohselection.com\/en\/#\/schema\/logo\/image\/\"},\"sameAs\":[\"https:\/\/www.facebook.com\/ohselectionparis\/\",\"https:\/\/www.instagram.com\/ohselectionparis\/\"]}]}<\/script>\n<!-- \/ Yoast SEO plugin. -->","yoast_head_json":{"title":"ABP Concept Essential Elegant and Classic Alligator Leather Watch Strap | OH SELECTION","description":"Genuine alligator leather watch strap, crafted in Paris by ABP Concept. Available in various colors, sizes, and finishes, it adapts to many prestigious brands. Elegant, durable, and comfortable, it is the ideal choice to enhance your luxury watch.  Shipping within 2 to 6 days","robots":{"index":"index","follow":"follow","max-snippet":"max-snippet:-1","max-image-preview":"max-image-preview:large","max-video-preview":"max-video-preview:-1"},"canonical":"https:\/\/www.ohselection.com\/en\/produit\/abp-concept-essential-elegant-and-classic-alligator-leather-watch-strap\/","og_locale":"en_US","og_type":"article","og_title":"ABP Concept Essential Elegant and Classic Alligator Leather Watch Strap | OH SELECTION","og_description":"Genuine alligator leather watch strap, crafted in Paris by ABP Concept. Available in various colors, sizes, and finishes, it adapts to many prestigious brands. Elegant, durable, and comfortable, it is the ideal choice to enhance your luxury watch.  Shipping within 2 to 6 days","og_url":"https:\/\/www.ohselection.com\/en\/produit\/abp-concept-essential-elegant-and-classic-alligator-leather-watch-strap\/","og_site_name":"OH SELECTION","article_publisher":"https:\/\/www.facebook.com\/ohselectionparis\/","article_modified_time":"2025-09-26T12:35:10+00:00","og_image":[{"width":1800,"height":900,"url":"https:\/\/www.ohselection.com\/wp-content\/uploads\/2025\/04\/compo-bracelet-montre-alligator-ecailles-carrees.jpg","type":"image\/jpeg"}],"twitter_card":"summary_large_image","twitter_misc":{"Est. reading time":"1 minute"},"schema":{"@context":"https:\/\/schema.org","@graph":[{"@type":"WebPage","@id":"https:\/\/www.ohselection.com\/en\/produit\/abp-concept-essential-elegant-and-classic-alligator-leather-watch-strap\/","url":"https:\/\/www.ohselection.com\/en\/produit\/abp-concept-essential-elegant-and-classic-alligator-leather-watch-strap\/","name":"ABP Concept Essential Elegant and Classic Alligator Leather Watch Strap | OH SELECTION","isPartOf":{"@id":"https:\/\/www.ohselection.com\/en\/#website"},"primaryImageOfPage":{"@id":"https:\/\/www.ohselection.com\/en\/produit\/abp-concept-essential-elegant-and-classic-alligator-leather-watch-strap\/#primaryimage"},"image":{"@id":"https:\/\/www.ohselection.com\/en\/produit\/abp-concept-essential-elegant-and-classic-alligator-leather-watch-strap\/#primaryimage"},"thumbnailUrl":"https:\/\/www.ohselection.com\/wp-content\/uploads\/2025\/04\/compo-bracelet-montre-alligator-ecailles-carrees.jpg","datePublished":"2025-04-15T18:59:47+00:00","dateModified":"2025-09-26T12:35:10+00:00","description":"Genuine alligator leather watch strap, crafted in Paris by ABP Concept. Available in various colors, sizes, and finishes, it adapts to many prestigious brands. Elegant, durable, and comfortable, it is the ideal choice to enhance your luxury watch. Shipping within 2 to 6 days","breadcrumb":{"@id":"https:\/\/www.ohselection.com\/en\/produit\/abp-concept-essential-elegant-and-classic-alligator-leather-watch-strap\/#breadcrumb"},"inLanguage":"en-US","potentialAction":[{"@type":"ReadAction","target":["https:\/\/www.ohselection.com\/en\/produit\/abp-concept-essential-elegant-and-classic-alligator-leather-watch-strap\/"]}]},{"@type":"ImageObject","inLanguage":"en-US","@id":"https:\/\/www.ohselection.com\/en\/produit\/abp-concept-essential-elegant-and-classic-alligator-leather-watch-strap\/#primaryimage","url":"https:\/\/www.ohselection.com\/wp-content\/uploads\/2025\/04\/compo-bracelet-montre-alligator-ecailles-carrees.jpg","contentUrl":"https:\/\/www.ohselection.com\/wp-content\/uploads\/2025\/04\/compo-bracelet-montre-alligator-ecailles-carrees.jpg","width":1800,"height":900,"caption":"compo-watch-strap-alligator-square-scales"},{"@type":"BreadcrumbList","@id":"https:\/\/www.ohselection.com\/en\/produit\/abp-concept-essential-elegant-and-classic-alligator-leather-watch-strap\/#breadcrumb","itemListElement":[{"@type":"ListItem","position":1,"name":"Accueil","item":"https:\/\/www.ohselection.com\/shop\/?lang=en"},{"@type":"ListItem","position":2,"name":"Gift under 200 euros","item":"https:\/\/www.ohselection.com\/en\/product-category\/gift-under-200-euros\/"},{"@type":"ListItem","position":3,"name":"ABP Concept Essential Elegant and Classic Alligator Leather Watch Strap"}]},{"@type":"WebSite","@id":"https:\/\/www.ohselection.com\/en\/#website","url":"https:\/\/www.ohselection.com\/en\/","name":"OH Selection","description":"Une s\u00e9lection de produits test\u00e9s et approuv\u00e9s par nos horlogers","publisher":{"@id":"https:\/\/www.ohselection.com\/en\/#organization"},"alternateName":"Boutique sp\u00e9cialis\u00e9e dans les accessoires d'horlogerie","potentialAction":[{"@type":"SearchAction","target":{"@type":"EntryPoint","urlTemplate":"https:\/\/www.ohselection.com\/en\/?s={search_term_string}"},"query-input":{"@type":"PropertyValueSpecification","valueRequired":true,"valueName":"search_term_string"}}],"inLanguage":"en-US"},{"@type":"Organization","@id":"https:\/\/www.ohselection.com\/en\/#organization","name":"OH SELECTION","alternateName":"OHSelection","url":"https:\/\/www.ohselection.com\/en\/","logo":{"@type":"ImageObject","inLanguage":"en-US","@id":"https:\/\/www.ohselection.com\/en\/#\/schema\/logo\/image\/","url":"https:\/\/www.ohselection.com\/wp-content\/uploads\/2025\/04\/Logo-OHS-N.jpg","contentUrl":"https:\/\/www.ohselection.com\/wp-content\/uploads\/2025\/04\/Logo-OHS-N.jpg","width":1385,"height":325,"caption":"OH SELECTION"},"image":{"@id":"https:\/\/www.ohselection.com\/en\/#\/schema\/logo\/image\/"},"sameAs":["https:\/\/www.facebook.com\/ohselectionparis\/","https:\/\/www.instagram.com\/ohselectionparis\/"]}]}},"brands":[{"id":577,"name":"ABP Concept","slug":"abp-concept"}],"_links":{"self":[{"href":"https:\/\/www.ohselection.com\/en\/wp-json\/wp\/v2\/product\/106955","targetHints":{"allow":["GET"]}}],"collection":[{"href":"https:\/\/www.ohselection.com\/en\/wp-json\/wp\/v2\/product"}],"about":[{"href":"https:\/\/www.ohselection.com\/en\/wp-json\/wp\/v2\/types\/product"}],"replies":[{"embeddable":true,"href":"https:\/\/www.ohselection.com\/en\/wp-json\/wp\/v2\/comments?post=106955"}],"wp:featuredmedia":[{"embeddable":true,"href":"https:\/\/www.ohselection.com\/en\/wp-json\/wp\/v2\/media\/106971"}],"wp:attachment":[{"href":"https:\/\/www.ohselection.com\/en\/wp-json\/wp\/v2\/media?parent=106955"}],"wp:term":[{"taxonomy":"pwb-brand","embeddable":true,"href":"https:\/\/www.ohselection.com\/en\/wp-json\/wp\/v2\/pwb-brand?post=106955"},{"taxonomy":"product_brand","embeddable":true,"href":"https:\/\/www.ohselection.com\/en\/wp-json\/wp\/v2\/product_brand?post=106955"},{"taxonomy":"product_cat","embeddable":true,"href":"https:\/\/www.ohselection.com\/en\/wp-json\/wp\/v2\/product_cat?post=106955"},{"taxonomy":"product_tag","embeddable":true,"href":"https:\/\/www.ohselection.com\/en\/wp-json\/wp\/v2\/product_tag?post=106955"}],"curies":[{"name":"wp","href":"https:\/\/api.w.org\/{rel}","templated":true}]}}