{"id":107337,"date":"2025-04-07T22:09:47","date_gmt":"2025-04-07T20:09:47","guid":{"rendered":"https:\/\/www.ohselection.com\/produit\/abp-concept-cordura-pattern-rubber-watch-strap-for-40mm-non-ceramic-pre-2010-rolex-submariner-with-oyster-buckle-r-strap-premium\/"},"modified":"2025-09-26T14:48:24","modified_gmt":"2025-09-26T12:48:24","slug":"abp-concept-cordura-pattern-rubber-watch-strap-for-40mm-non-ceramic-pre-2010-rolex-submariner-with-oyster-buckle-r-strap-premium","status":"publish","type":"product","link":"https:\/\/www.ohselection.com\/en\/product\/abp-concept-cordura-pattern-rubber-watch-strap-for-40mm-non-ceramic-pre-2010-rolex-submariner-with-oyster-buckle-r-strap-premium\/","title":{"rendered":"ABP Concept Cordura Pattern Rubber Watch Strap for 40mm Non-Ceramic Pre-2010 Rolex Submariner with Oyster Buckle R Strap Premium"},"content":{"rendered":"<h3><img decoding=\"async\" class=\"alignnone size-full wp-image-6386\" src=\"\/wp-content\/uploads\/2017\/07\/Capture-d%E2%80%99e%C4%9Bcran-2017-08-02-a%C4%9A-15.48.12.png\" alt=\"\" width=\"50\"> Description<\/h3>\n<p>Revitalize your Rolex Submariner with the R Strap Premium: a high-density rubber watch strap, featuring a sporty-chic design with an integrated Cordura finish. Designed for 40mm pre-2010 (non-ceramic) Submariner models and Oyster buckles, this strap resists saltwater, heat, perspiration, grease, and most chemicals. <\/p>\n<p>Flexible, hypoallergenic, and ultra-resistant, it combines comfort and performance, even during the most extreme activities. Lightweight yet robust, it offers a superior alternative to the original metal bracelet, while preserving the iconic elegance of your watch. <\/p>\n<p>Easy to maintain, a simple wash with soapy water is sufficient to restore its luster. Available in several lengths (S, M, L, XL) and numerous colors (black, blue, green, khaki, red, etc.), it adapts to your style and physique. <\/p>\n<h3><img decoding=\"async\" class=\"alignnone size-full wp-image-6386\" src=\"\/wp-content\/uploads\/2017\/07\/Capture-d%E2%80%99e%C4%9Bcran-2017-08-02-a%C4%9A-15.48.12.png\" alt=\"\" width=\"50\"> Compatibility<\/h3>\n<p>This strap is developed to be compatible with 40mm non-ceramic pre-2010 Submariner models, but it is also adaptable to all Rolex models with 20mm or 21mm lug widths and Oyster, Glidelock, Oysterlock bracelets and buckles: Oyster Perpetual, Datejust, Datejust II, Day Date President, Sky-Dweller, GMT Master, GMT Master II, Explorer I, Explorer II, Air-King, Milgauss, Submariner, Submariner Date, Sea-Dweller, Yacht-Master, Yacht-Master II, Cosmograph Daytona.<\/p>\n<p>The strap is not compatible with the following models: Cellini, Prince, Vintage Chronograph, Lady Datejust, Pearlmaster, and Chronograph Daytona equipped with leather straps.<\/p>\n<p>If you have a Jubilee bracelet, you must select an ABP buckle, as our strap is not compatible with the OEM buckle.<\/p>\n<p>Product not affiliated with Rolex, developed exclusively by ABP Concept.<\/p>\n<h3><img decoding=\"async\" class=\"alignnone size-full wp-image-6386\" src=\"\/wp-content\/uploads\/2017\/07\/Capture-d%E2%80%99e%C4%9Bcran-2017-08-02-a%C4%9A-15.48.12.png\" alt=\"\" width=\"50\"> Presentation Video<\/h3>\n<p><iframe loading=\"lazy\" title=\"YouTube video player\" src=\"https:\/\/www.youtube.com\/embed\/fEpsC4kI7-4?si=fjDhwY2K3R7fuvD1\" width=\"1200\" height=\"800\" frameborder=\"0\" allowfullscreen=\"allowfullscreen\"><\/iframe><\/p>\n","protected":false},"excerpt":{"rendered":"<p>Give your Rolex Submariner a fresh look with the R Strap Premium, made of high-density rubber with a Cordura finish. Comfortable, resistant, and 100% suitable for pre-2010 models, it withstands the most extreme environments. <\/p>\n<p><strong><em>Shipping within 2 to 6 days<\/em><\/strong><\/p>\n<p>&nbsp;<\/p>\n","protected":false},"featured_media":107360,"comment_status":"open","ping_status":"closed","template":"","meta":[],"pwb-brand":[577],"product_brand":[697],"product_cat":[832,840,825,824],"product_tag":[],"class_list":{"0":"post-107337","1":"product","2":"type-product","3":"status-publish","4":"has-post-thumbnail","6":"pwb-brand-abp-concept","7":"product_brand-abp-concept","8":"product_cat-gift-under-200-euros","9":"product_cat-rolex-strap","10":"product_cat-rubber-watch-straps","11":"product_cat-watch-straps","12":"product_shipping_class-low-stock","14":"first","15":"instock","16":"taxable","17":"shipping-taxable","18":"purchasable","19":"product-type-simple"},"yoast_head":"<!-- This site is optimized with the Yoast SEO plugin v27.0 - https:\/\/yoast.com\/product\/yoast-seo-wordpress\/ -->\n<title>ABP Concept Cordura Pattern Rubber Watch Strap for 40mm Non-Ceramic Pre-2010 Rolex Submariner with Oyster Buckle R Strap Premium | OH SELECTION<\/title>\n<meta name=\"description\" content=\"Give your Rolex Submariner a fresh look with the R Strap Premium, made of high-density rubber with a Cordura finish. Comfortable, resistant, and 100% suitable for pre-2010 models, it withstands the most extreme environments.  Shipping within 2 to 6 days &nbsp;\" \/>\n<meta name=\"robots\" content=\"index, follow, max-snippet:-1, max-image-preview:large, max-video-preview:-1\" \/>\n<link rel=\"canonical\" href=\"https:\/\/www.ohselection.com\/en\/product\/abp-concept-cordura-pattern-rubber-watch-strap-for-40mm-non-ceramic-pre-2010-rolex-submariner-with-oyster-buckle-r-strap-premium\/\" \/>\n<meta property=\"og:locale\" content=\"en_US\" \/>\n<meta property=\"og:type\" content=\"article\" \/>\n<meta property=\"og:title\" content=\"ABP Concept Cordura Pattern Rubber Watch Strap for 40mm Non-Ceramic Pre-2010 Rolex Submariner with Oyster Buckle R Strap Premium | OH SELECTION\" \/>\n<meta property=\"og:description\" content=\"Give your Rolex Submariner a fresh look with the R Strap Premium, made of high-density rubber with a Cordura finish. Comfortable, resistant, and 100% suitable for pre-2010 models, it withstands the most extreme environments.  Shipping within 2 to 6 days &nbsp;\" \/>\n<meta property=\"og:url\" content=\"https:\/\/www.ohselection.com\/en\/product\/abp-concept-cordura-pattern-rubber-watch-strap-for-40mm-non-ceramic-pre-2010-rolex-submariner-with-oyster-buckle-r-strap-premium\/\" \/>\n<meta property=\"og:site_name\" content=\"OH SELECTION\" \/>\n<meta property=\"article:publisher\" content=\"https:\/\/www.facebook.com\/ohselectionparis\/\" \/>\n<meta property=\"article:modified_time\" content=\"2025-09-26T12:48:24+00:00\" \/>\n<meta property=\"og:image\" content=\"https:\/\/www.ohselection.com\/wp-content\/uploads\/2025\/04\/rolex-submariner-rubber-rstrap-Glidelock-orange.jpeg\" \/>\n\t<meta property=\"og:image:width\" content=\"1800\" \/>\n\t<meta property=\"og:image:height\" content=\"900\" \/>\n\t<meta property=\"og:image:type\" content=\"image\/jpeg\" \/>\n<meta name=\"twitter:card\" content=\"summary_large_image\" \/>\n<meta name=\"twitter:label1\" content=\"Est. reading time\" \/>\n\t<meta name=\"twitter:data1\" content=\"1 minute\" \/>\n<script type=\"application\/ld+json\" class=\"yoast-schema-graph\">{\"@context\":\"https:\/\/schema.org\",\"@graph\":[{\"@type\":\"WebPage\",\"@id\":\"https:\/\/www.ohselection.com\/en\/product\/abp-concept-cordura-pattern-rubber-watch-strap-for-40mm-non-ceramic-pre-2010-rolex-submariner-with-oyster-buckle-r-strap-premium\/\",\"url\":\"https:\/\/www.ohselection.com\/en\/product\/abp-concept-cordura-pattern-rubber-watch-strap-for-40mm-non-ceramic-pre-2010-rolex-submariner-with-oyster-buckle-r-strap-premium\/\",\"name\":\"ABP Concept Cordura Pattern Rubber Watch Strap for 40mm Non-Ceramic Pre-2010 Rolex Submariner with Oyster Buckle R Strap Premium | OH SELECTION\",\"isPartOf\":{\"@id\":\"https:\/\/www.ohselection.com\/en\/#website\"},\"primaryImageOfPage\":{\"@id\":\"https:\/\/www.ohselection.com\/en\/product\/abp-concept-cordura-pattern-rubber-watch-strap-for-40mm-non-ceramic-pre-2010-rolex-submariner-with-oyster-buckle-r-strap-premium\/#primaryimage\"},\"image\":{\"@id\":\"https:\/\/www.ohselection.com\/en\/product\/abp-concept-cordura-pattern-rubber-watch-strap-for-40mm-non-ceramic-pre-2010-rolex-submariner-with-oyster-buckle-r-strap-premium\/#primaryimage\"},\"thumbnailUrl\":\"https:\/\/www.ohselection.com\/wp-content\/uploads\/2025\/04\/rolex-submariner-rubber-rstrap-Glidelock-orange.jpeg\",\"datePublished\":\"2025-04-07T20:09:47+00:00\",\"dateModified\":\"2025-09-26T12:48:24+00:00\",\"description\":\"Give your Rolex Submariner a fresh look with the R Strap Premium, made of high-density rubber with a Cordura finish. Comfortable, resistant, and 100% suitable for pre-2010 models, it withstands the most extreme environments. Shipping within 2 to 6 days &nbsp;\",\"breadcrumb\":{\"@id\":\"https:\/\/www.ohselection.com\/en\/product\/abp-concept-cordura-pattern-rubber-watch-strap-for-40mm-non-ceramic-pre-2010-rolex-submariner-with-oyster-buckle-r-strap-premium\/#breadcrumb\"},\"inLanguage\":\"en-US\",\"potentialAction\":[{\"@type\":\"ReadAction\",\"target\":[\"https:\/\/www.ohselection.com\/en\/product\/abp-concept-cordura-pattern-rubber-watch-strap-for-40mm-non-ceramic-pre-2010-rolex-submariner-with-oyster-buckle-r-strap-premium\/\"]}]},{\"@type\":\"ImageObject\",\"inLanguage\":\"en-US\",\"@id\":\"https:\/\/www.ohselection.com\/en\/product\/abp-concept-cordura-pattern-rubber-watch-strap-for-40mm-non-ceramic-pre-2010-rolex-submariner-with-oyster-buckle-r-strap-premium\/#primaryimage\",\"url\":\"https:\/\/www.ohselection.com\/wp-content\/uploads\/2025\/04\/rolex-submariner-rubber-rstrap-Glidelock-orange.jpeg\",\"contentUrl\":\"https:\/\/www.ohselection.com\/wp-content\/uploads\/2025\/04\/rolex-submariner-rubber-rstrap-Glidelock-orange.jpeg\",\"width\":1800,\"height\":900,\"caption\":\"rolex-submariner-rubber-rstrap-Glidelock-orange\"},{\"@type\":\"BreadcrumbList\",\"@id\":\"https:\/\/www.ohselection.com\/en\/product\/abp-concept-cordura-pattern-rubber-watch-strap-for-40mm-non-ceramic-pre-2010-rolex-submariner-with-oyster-buckle-r-strap-premium\/#breadcrumb\",\"itemListElement\":[{\"@type\":\"ListItem\",\"position\":1,\"name\":\"Accueil\",\"item\":\"https:\/\/www.ohselection.com\/shop\/?lang=en\"},{\"@type\":\"ListItem\",\"position\":2,\"name\":\"Watch straps\",\"item\":\"https:\/\/www.ohselection.com\/en\/product-category\/watch-straps\/\"},{\"@type\":\"ListItem\",\"position\":3,\"name\":\"Rubber Watch Straps\",\"item\":\"https:\/\/www.ohselection.com\/en\/product-category\/rubber-watch-straps\/\"},{\"@type\":\"ListItem\",\"position\":4,\"name\":\"ABP Concept Cordura Pattern Rubber Watch Strap for 40mm Non-Ceramic Pre-2010 Rolex Submariner with Oyster Buckle R Strap Premium\"}]},{\"@type\":\"WebSite\",\"@id\":\"https:\/\/www.ohselection.com\/en\/#website\",\"url\":\"https:\/\/www.ohselection.com\/en\/\",\"name\":\"OH Selection\",\"description\":\"Une s\u00e9lection de produits test\u00e9s et approuv\u00e9s par nos horlogers\",\"publisher\":{\"@id\":\"https:\/\/www.ohselection.com\/en\/#organization\"},\"alternateName\":\"Boutique sp\u00e9cialis\u00e9e dans les accessoires d'horlogerie\",\"potentialAction\":[{\"@type\":\"SearchAction\",\"target\":{\"@type\":\"EntryPoint\",\"urlTemplate\":\"https:\/\/www.ohselection.com\/en\/?s={search_term_string}\"},\"query-input\":{\"@type\":\"PropertyValueSpecification\",\"valueRequired\":true,\"valueName\":\"search_term_string\"}}],\"inLanguage\":\"en-US\"},{\"@type\":\"Organization\",\"@id\":\"https:\/\/www.ohselection.com\/en\/#organization\",\"name\":\"OH SELECTION\",\"alternateName\":\"OHSelection\",\"url\":\"https:\/\/www.ohselection.com\/en\/\",\"logo\":{\"@type\":\"ImageObject\",\"inLanguage\":\"en-US\",\"@id\":\"https:\/\/www.ohselection.com\/en\/#\/schema\/logo\/image\/\",\"url\":\"https:\/\/www.ohselection.com\/wp-content\/uploads\/2025\/04\/Logo-OHS-N.jpg\",\"contentUrl\":\"https:\/\/www.ohselection.com\/wp-content\/uploads\/2025\/04\/Logo-OHS-N.jpg\",\"width\":1385,\"height\":325,\"caption\":\"OH SELECTION\"},\"image\":{\"@id\":\"https:\/\/www.ohselection.com\/en\/#\/schema\/logo\/image\/\"},\"sameAs\":[\"https:\/\/www.facebook.com\/ohselectionparis\/\",\"https:\/\/www.instagram.com\/ohselectionparis\/\"]}]}<\/script>\n<!-- \/ Yoast SEO plugin. -->","yoast_head_json":{"title":"ABP Concept Cordura Pattern Rubber Watch Strap for 40mm Non-Ceramic Pre-2010 Rolex Submariner with Oyster Buckle R Strap Premium | OH SELECTION","description":"Give your Rolex Submariner a fresh look with the R Strap Premium, made of high-density rubber with a Cordura finish. Comfortable, resistant, and 100% suitable for pre-2010 models, it withstands the most extreme environments.  Shipping within 2 to 6 days &nbsp;","robots":{"index":"index","follow":"follow","max-snippet":"max-snippet:-1","max-image-preview":"max-image-preview:large","max-video-preview":"max-video-preview:-1"},"canonical":"https:\/\/www.ohselection.com\/en\/product\/abp-concept-cordura-pattern-rubber-watch-strap-for-40mm-non-ceramic-pre-2010-rolex-submariner-with-oyster-buckle-r-strap-premium\/","og_locale":"en_US","og_type":"article","og_title":"ABP Concept Cordura Pattern Rubber Watch Strap for 40mm Non-Ceramic Pre-2010 Rolex Submariner with Oyster Buckle R Strap Premium | OH SELECTION","og_description":"Give your Rolex Submariner a fresh look with the R Strap Premium, made of high-density rubber with a Cordura finish. Comfortable, resistant, and 100% suitable for pre-2010 models, it withstands the most extreme environments.  Shipping within 2 to 6 days &nbsp;","og_url":"https:\/\/www.ohselection.com\/en\/product\/abp-concept-cordura-pattern-rubber-watch-strap-for-40mm-non-ceramic-pre-2010-rolex-submariner-with-oyster-buckle-r-strap-premium\/","og_site_name":"OH SELECTION","article_publisher":"https:\/\/www.facebook.com\/ohselectionparis\/","article_modified_time":"2025-09-26T12:48:24+00:00","og_image":[{"width":1800,"height":900,"url":"https:\/\/www.ohselection.com\/wp-content\/uploads\/2025\/04\/rolex-submariner-rubber-rstrap-Glidelock-orange.jpeg","type":"image\/jpeg"}],"twitter_card":"summary_large_image","twitter_misc":{"Est. reading time":"1 minute"},"schema":{"@context":"https:\/\/schema.org","@graph":[{"@type":"WebPage","@id":"https:\/\/www.ohselection.com\/en\/product\/abp-concept-cordura-pattern-rubber-watch-strap-for-40mm-non-ceramic-pre-2010-rolex-submariner-with-oyster-buckle-r-strap-premium\/","url":"https:\/\/www.ohselection.com\/en\/product\/abp-concept-cordura-pattern-rubber-watch-strap-for-40mm-non-ceramic-pre-2010-rolex-submariner-with-oyster-buckle-r-strap-premium\/","name":"ABP Concept Cordura Pattern Rubber Watch Strap for 40mm Non-Ceramic Pre-2010 Rolex Submariner with Oyster Buckle R Strap Premium | OH SELECTION","isPartOf":{"@id":"https:\/\/www.ohselection.com\/en\/#website"},"primaryImageOfPage":{"@id":"https:\/\/www.ohselection.com\/en\/product\/abp-concept-cordura-pattern-rubber-watch-strap-for-40mm-non-ceramic-pre-2010-rolex-submariner-with-oyster-buckle-r-strap-premium\/#primaryimage"},"image":{"@id":"https:\/\/www.ohselection.com\/en\/product\/abp-concept-cordura-pattern-rubber-watch-strap-for-40mm-non-ceramic-pre-2010-rolex-submariner-with-oyster-buckle-r-strap-premium\/#primaryimage"},"thumbnailUrl":"https:\/\/www.ohselection.com\/wp-content\/uploads\/2025\/04\/rolex-submariner-rubber-rstrap-Glidelock-orange.jpeg","datePublished":"2025-04-07T20:09:47+00:00","dateModified":"2025-09-26T12:48:24+00:00","description":"Give your Rolex Submariner a fresh look with the R Strap Premium, made of high-density rubber with a Cordura finish. Comfortable, resistant, and 100% suitable for pre-2010 models, it withstands the most extreme environments. Shipping within 2 to 6 days &nbsp;","breadcrumb":{"@id":"https:\/\/www.ohselection.com\/en\/product\/abp-concept-cordura-pattern-rubber-watch-strap-for-40mm-non-ceramic-pre-2010-rolex-submariner-with-oyster-buckle-r-strap-premium\/#breadcrumb"},"inLanguage":"en-US","potentialAction":[{"@type":"ReadAction","target":["https:\/\/www.ohselection.com\/en\/product\/abp-concept-cordura-pattern-rubber-watch-strap-for-40mm-non-ceramic-pre-2010-rolex-submariner-with-oyster-buckle-r-strap-premium\/"]}]},{"@type":"ImageObject","inLanguage":"en-US","@id":"https:\/\/www.ohselection.com\/en\/product\/abp-concept-cordura-pattern-rubber-watch-strap-for-40mm-non-ceramic-pre-2010-rolex-submariner-with-oyster-buckle-r-strap-premium\/#primaryimage","url":"https:\/\/www.ohselection.com\/wp-content\/uploads\/2025\/04\/rolex-submariner-rubber-rstrap-Glidelock-orange.jpeg","contentUrl":"https:\/\/www.ohselection.com\/wp-content\/uploads\/2025\/04\/rolex-submariner-rubber-rstrap-Glidelock-orange.jpeg","width":1800,"height":900,"caption":"rolex-submariner-rubber-rstrap-Glidelock-orange"},{"@type":"BreadcrumbList","@id":"https:\/\/www.ohselection.com\/en\/product\/abp-concept-cordura-pattern-rubber-watch-strap-for-40mm-non-ceramic-pre-2010-rolex-submariner-with-oyster-buckle-r-strap-premium\/#breadcrumb","itemListElement":[{"@type":"ListItem","position":1,"name":"Accueil","item":"https:\/\/www.ohselection.com\/shop\/?lang=en"},{"@type":"ListItem","position":2,"name":"Watch straps","item":"https:\/\/www.ohselection.com\/en\/product-category\/watch-straps\/"},{"@type":"ListItem","position":3,"name":"Rubber Watch Straps","item":"https:\/\/www.ohselection.com\/en\/product-category\/rubber-watch-straps\/"},{"@type":"ListItem","position":4,"name":"ABP Concept Cordura Pattern Rubber Watch Strap for 40mm Non-Ceramic Pre-2010 Rolex Submariner with Oyster Buckle R Strap Premium"}]},{"@type":"WebSite","@id":"https:\/\/www.ohselection.com\/en\/#website","url":"https:\/\/www.ohselection.com\/en\/","name":"OH Selection","description":"Une s\u00e9lection de produits test\u00e9s et approuv\u00e9s par nos horlogers","publisher":{"@id":"https:\/\/www.ohselection.com\/en\/#organization"},"alternateName":"Boutique sp\u00e9cialis\u00e9e dans les accessoires d'horlogerie","potentialAction":[{"@type":"SearchAction","target":{"@type":"EntryPoint","urlTemplate":"https:\/\/www.ohselection.com\/en\/?s={search_term_string}"},"query-input":{"@type":"PropertyValueSpecification","valueRequired":true,"valueName":"search_term_string"}}],"inLanguage":"en-US"},{"@type":"Organization","@id":"https:\/\/www.ohselection.com\/en\/#organization","name":"OH SELECTION","alternateName":"OHSelection","url":"https:\/\/www.ohselection.com\/en\/","logo":{"@type":"ImageObject","inLanguage":"en-US","@id":"https:\/\/www.ohselection.com\/en\/#\/schema\/logo\/image\/","url":"https:\/\/www.ohselection.com\/wp-content\/uploads\/2025\/04\/Logo-OHS-N.jpg","contentUrl":"https:\/\/www.ohselection.com\/wp-content\/uploads\/2025\/04\/Logo-OHS-N.jpg","width":1385,"height":325,"caption":"OH SELECTION"},"image":{"@id":"https:\/\/www.ohselection.com\/en\/#\/schema\/logo\/image\/"},"sameAs":["https:\/\/www.facebook.com\/ohselectionparis\/","https:\/\/www.instagram.com\/ohselectionparis\/"]}]}},"brands":[{"id":577,"name":"ABP Concept","slug":"abp-concept"}],"_links":{"self":[{"href":"https:\/\/www.ohselection.com\/en\/wp-json\/wp\/v2\/product\/107337","targetHints":{"allow":["GET"]}}],"collection":[{"href":"https:\/\/www.ohselection.com\/en\/wp-json\/wp\/v2\/product"}],"about":[{"href":"https:\/\/www.ohselection.com\/en\/wp-json\/wp\/v2\/types\/product"}],"replies":[{"embeddable":true,"href":"https:\/\/www.ohselection.com\/en\/wp-json\/wp\/v2\/comments?post=107337"}],"wp:featuredmedia":[{"embeddable":true,"href":"https:\/\/www.ohselection.com\/en\/wp-json\/wp\/v2\/media\/107360"}],"wp:attachment":[{"href":"https:\/\/www.ohselection.com\/en\/wp-json\/wp\/v2\/media?parent=107337"}],"wp:term":[{"taxonomy":"pwb-brand","embeddable":true,"href":"https:\/\/www.ohselection.com\/en\/wp-json\/wp\/v2\/pwb-brand?post=107337"},{"taxonomy":"product_brand","embeddable":true,"href":"https:\/\/www.ohselection.com\/en\/wp-json\/wp\/v2\/product_brand?post=107337"},{"taxonomy":"product_cat","embeddable":true,"href":"https:\/\/www.ohselection.com\/en\/wp-json\/wp\/v2\/product_cat?post=107337"},{"taxonomy":"product_tag","embeddable":true,"href":"https:\/\/www.ohselection.com\/en\/wp-json\/wp\/v2\/product_tag?post=107337"}],"curies":[{"name":"wp","href":"https:\/\/api.w.org\/{rel}","templated":true}]}}