{"id":107376,"date":"2025-03-22T16:54:15","date_gmt":"2025-03-22T15:54:15","guid":{"rendered":"https:\/\/www.ohselection.com\/produit\/cleaning-kit-for-leather-and-metal-straps\/"},"modified":"2025-09-26T14:48:52","modified_gmt":"2025-09-26T12:48:52","slug":"cleaning-kit-for-leather-and-metal-straps","status":"publish","type":"product","link":"https:\/\/www.ohselection.com\/en\/produit\/cleaning-kit-for-leather-and-metal-straps\/","title":{"rendered":"Cleaning Kit for Leather and Metal Straps"},"content":{"rendered":"<h5><img decoding=\"async\" class=\"alignnone size-full wp-image-6386\" src=\"\/wp-content\/uploads\/2017\/07\/Capture-d%E2%80%99e%C4%9Bcran-2017-08-02-a%C4%9A-15.48.12.png\" alt=\"\" width=\"50\"> Description<\/h5>\n<div id=\"cc-shop-product-desc-text-11422903527\" class=\"description\">\n<ul>\n<li>Maintenance and Cleaning Kit for Watches with Leather or Metal Straps<\/li>\n<li>It contains everything you need to clean your watch strap as effectively as possible.<\/li>\n<\/ul>\n<p>The cleaning kit includes the following items:<\/p>\n<ul>\n<li>Microfiber cloth<\/li>\n<li>10x Loupe<\/li>\n<li>Brush<\/li>\n<li>Cape Cod\u00ae Polishing Cloth (x1)<\/li>\n<li>Aerosol Cleaner for Metals<\/li>\n<li>Precision Cleaning Sticks (x10)<\/li>\n<li>Cream Leather Strap<\/li>\n<li>Zippered nylon pouch<\/li>\n<\/ul>\n<\/div>\n<p>[:en][vc_row][vc_column][vc_separator][\/vc_column][\/vc_row][vc_row][vc_column width=&#8221;1\/2&#8243;][vc_column_text css=&#8221;.vc_custom_1505817814659{margin-top: 20px !important;}&#8221;]<\/p>\n<h5><img decoding=\"async\" class=\"alignnone size-full wp-image-6386\" src=\"\/wp-content\/uploads\/2017\/07\/Capture-d%E2%80%99e%C4%9Bcran-2017-08-02-a%C4%9A-15.48.12.png\" alt=\"\" width=\"50\"> Description<\/h5>\n<p>[\/vc_column_text][vc_column_text]<\/p>\n<div id=\"cc-shop-product-desc-text-11422903527\" class=\"description\">\n<ul>\n<li>Set of tools for changing a watch strap<\/li>\n<li>Also available from our website: Amateur tool kit and Expert tool kit<\/li>\n<li>Delivered with a practical storage case<\/li>\n<li>2-year guarantee<\/li>\n<\/ul>\n<\/div>\n<p>[\/vc_column_text][\/vc_column][vc_column width=&#8221;1\/2&#8243;][vc_column_text css=&#8221;.vc_custom_1517500626683{margin-top: 20px !important;}&#8221;]<\/p>\n<h5><img decoding=\"async\" class=\"alignnone size-full wp-image-6386\" src=\"\/wp-content\/uploads\/2017\/07\/Capture-d%E2%80%99e%C4%9Bcran-2017-08-02-a%C4%9A-15.48.12.png\" alt=\"\" width=\"50\">  our Expert Says<\/h5>\n<p>[\/vc_column_text][vc_column_text]<img loading=\"lazy\" decoding=\"async\" class=\" wp-image-6394 alignleft\" src=\"\/wp-content\/uploads\/2017\/08\/DSC_2112a-132x150.png\" alt=\"\" width=\"103\" height=\"118\"><\/p>\n<p>&#8220;This kit contains the essential tools for changing your watch strap, all by quality manufacturers. Use the velvet lining of the storage case to protect your watch while you work.&#8221;[\/vc_column_text][\/vc_column][\/vc_row][vc_row][vc_column][vc_column_text]<\/p>\n<ul>\n<li>Contents: 1 BERGEON strap-changing tool, 2 forked tips for the strap-changing tool (1mm and 3mm), 1 pointed tip for the strap-changing tool, 1 screwdriver (1.6mm), a microfibre cloth.<\/li>\n<\/ul>\n<p>[\/vc_column_text][vc_column_text css=&#8221;.vc_custom_1519665415087{margin-top: 20px !important;}&#8221; el_class=&#8221;zoomproduit&#8221;]<\/p>\n<h5><img decoding=\"async\" class=\"alignnone size-full wp-image-6386\" src=\"\/wp-content\/uploads\/2017\/07\/Capture-d%E2%80%99e%C4%9Bcran-2017-08-02-a%C4%9A-15.48.12.png\" alt=\"\" width=\"50\">  Close-up<\/h5>\n<p>[\/vc_column_text][\/vc_column][\/vc_row][vc_row][vc_column][vc_separator][\/vc_column][\/vc_row][vc_row][vc_column width=&#8221;1\/2&#8243;][vc_column_text css=&#8221;.vc_custom_1505817814659{margin-top: 20px !important;}&#8221;]<\/p>\n<h5><img decoding=\"async\" class=\"alignnone size-full wp-image-6386\" src=\"\/wp-content\/uploads\/2017\/07\/Capture-d%E2%80%99e%C4%9Bcran-2017-08-02-a%C4%9A-15.48.12.png\" alt=\"\" width=\"50\"> Description<\/h5>\n<p>[\/vc_column_text][vc_column_text]<\/p>\n<div id=\"cc-shop-product-desc-text-11422903527\" class=\"description\">\n<ul>\n<li>Set of tools for changing a watch strap<\/li>\n<li>Also available from our website: Amateur tool kit and Expert tool kit<\/li>\n<li>Delivered with a practical storage case<\/li>\n<li>2-year guarantee<\/li>\n<\/ul>\n<\/div>\n<p>[\/vc_column_text][\/vc_column][vc_column width=&#8221;1\/2&#8243;][vc_column_text css=&#8221;.vc_custom_1517500626683{margin-top: 20px !important;}&#8221;]<\/p>\n<h5><img decoding=\"async\" class=\"alignnone size-full wp-image-6386\" src=\"\/wp-content\/uploads\/2017\/07\/Capture-d%E2%80%99e%C4%9Bcran-2017-08-02-a%C4%9A-15.48.12.png\" alt=\"\" width=\"50\">  our Expert Says<\/h5>\n<p>[\/vc_column_text][vc_column_text]<img loading=\"lazy\" decoding=\"async\" class=\" wp-image-6394 alignleft\" src=\"\/wp-content\/uploads\/2017\/08\/DSC_2112a-132x150.png\" alt=\"\" width=\"103\" height=\"118\"><\/p>\n<p>&#8220;This kit contains the essential tools for changing your watch strap, all by quality manufacturers. Use the velvet lining of the storage case to protect your watch while you work.&#8221;[\/vc_column_text][\/vc_column][\/vc_row][vc_row][vc_column][vc_column_text]<\/p>\n<ul>\n<li>Contents: 1 BERGEON strap-changing tool, 2 forked tips for the strap-changing tool (1mm and 3mm), 1 pointed tip for the strap-changing tool, 1 screwdriver (1.6mm), a microfibre cloth.<\/li>\n<\/ul>\n<p>[\/vc_column_text][vc_column_text css=&#8221;.vc_custom_1519665415087{margin-top: 20px !important;}&#8221; el_class=&#8221;zoomproduit&#8221;]<\/p>\n<h5><img decoding=\"async\" class=\"alignnone size-full wp-image-6386\" src=\"\/wp-content\/uploads\/2017\/07\/Capture-d%E2%80%99e%C4%9Bcran-2017-08-02-a%C4%9A-15.48.12.png\" alt=\"\" width=\"50\">  Close-up<\/h5>\n<p>[\/vc_column_text][\/vc_column][\/vc_row][vc_row][vc_column][vc_separator][\/vc_column][\/vc_row][vc_row][vc_column width=&#8221;1\/2&#8243;][vc_column_text css=&#8221;.vc_custom_1505817814659{margin-top: 20px !important;}&#8221;]<\/p>\n<h5><img decoding=\"async\" class=\"alignnone size-full wp-image-6386\" src=\"\/wp-content\/uploads\/2017\/07\/Capture-d%E2%80%99e%C4%9Bcran-2017-08-02-a%C4%9A-15.48.12.png\" alt=\"\" width=\"50\"> Description<\/h5>\n<p>[\/vc_column_text][vc_column_text]<\/p>\n<div id=\"cc-shop-product-desc-text-11422903527\" class=\"description\">\n<ul>\n<li>Set of tools for changing a watch strap<\/li>\n<li>Also available from our website: Amateur tool kit and Expert tool kit<\/li>\n<li>Delivered with a practical storage case<\/li>\n<li>2-year guarantee<\/li>\n<\/ul>\n<\/div>\n<p>[\/vc_column_text][\/vc_column][vc_column width=&#8221;1\/2&#8243;][vc_column_text css=&#8221;.vc_custom_1517500626683{margin-top: 20px !important;}&#8221;]<\/p>\n<h5><img decoding=\"async\" class=\"alignnone size-full wp-image-6386\" src=\"\/wp-content\/uploads\/2017\/07\/Capture-d%E2%80%99e%C4%9Bcran-2017-08-02-a%C4%9A-15.48.12.png\" alt=\"\" width=\"50\">  our Expert Says<\/h5>\n<p>[\/vc_column_text][vc_column_text]<img loading=\"lazy\" decoding=\"async\" class=\" wp-image-6394 alignleft\" src=\"\/wp-content\/uploads\/2017\/08\/DSC_2112a-132x150.png\" alt=\"\" width=\"103\" height=\"118\"><\/p>\n<p>&#8220;This kit contains the essential tools for changing your watch strap, all by quality manufacturers. Use the velvet lining of the storage case to protect your watch while you work.&#8221;[\/vc_column_text][\/vc_column][\/vc_row][vc_row][vc_column][vc_column_text]<\/p>\n<ul>\n<li>Contents: 1 BERGEON strap-changing tool, 2 forked tips for the strap-changing tool (1mm and 3mm), 1 pointed tip for the strap-changing tool, 1 screwdriver (1.6mm), a microfibre cloth.<\/li>\n<\/ul>\n<p>[\/vc_column_text][vc_column_text css=&#8221;.vc_custom_1519665415087{margin-top: 20px !important;}&#8221; el_class=&#8221;zoomproduit&#8221;]<\/p>\n<h5><img decoding=\"async\" class=\"alignnone size-full wp-image-6386\" src=\"\/wp-content\/uploads\/2017\/07\/Capture-d%E2%80%99e%C4%9Bcran-2017-08-02-a%C4%9A-15.48.12.png\" alt=\"\" width=\"50\">  Close-up<\/h5>\n<p>[\/vc_column_text][\/vc_column][\/vc_row][vc_row][vc_column][vc_separator][\/vc_column][\/vc_row][vc_row][vc_column width=&#8221;1\/2&#8243;][vc_column_text css=&#8221;.vc_custom_1505817814659{margin-top: 20px !important;}&#8221;]<\/p>\n<h5><img decoding=\"async\" class=\"alignnone size-full wp-image-6386\" src=\"\/wp-content\/uploads\/2017\/07\/Capture-d%E2%80%99e%C4%9Bcran-2017-08-02-a%C4%9A-15.48.12.png\" alt=\"\" width=\"50\"> Description<\/h5>\n<p>[\/vc_column_text][vc_column_text]<\/p>\n<div id=\"cc-shop-product-desc-text-11422903527\" class=\"description\">\n<ul>\n<li>Set of tools for changing a watch strap<\/li>\n<li>Also available from our website: Amateur tool kit and Expert tool kit<\/li>\n<li>Delivered with a practical storage case<\/li>\n<li>2-year guarantee<\/li>\n<\/ul>\n<\/div>\n<p>[\/vc_column_text][\/vc_column][vc_column width=&#8221;1\/2&#8243;][vc_column_text css=&#8221;.vc_custom_1517500626683{margin-top: 20px !important;}&#8221;]<\/p>\n<h5><img decoding=\"async\" class=\"alignnone size-full wp-image-6386\" src=\"\/wp-content\/uploads\/2017\/07\/Capture-d%E2%80%99e%C4%9Bcran-2017-08-02-a%C4%9A-15.48.12.png\" alt=\"\" width=\"50\">  our Expert Says<\/h5>\n<p>[\/vc_column_text][vc_column_text]<img loading=\"lazy\" decoding=\"async\" class=\" wp-image-6394 alignleft\" src=\"\/wp-content\/uploads\/2017\/08\/DSC_2112a-132x150.png\" alt=\"\" width=\"103\" height=\"118\"><\/p>\n<p>&#8220;This kit contains the essential tools for changing your watch strap, all by quality manufacturers. Use the velvet lining of the storage case to protect your watch while you work.&#8221;[\/vc_column_text][\/vc_column][\/vc_row][vc_row][vc_column][vc_column_text]<\/p>\n<ul>\n<li>Contents: 1 BERGEON strap-changing tool, 2 forked tips for the strap-changing tool (1mm and 3mm), 1 pointed tip for the strap-changing tool, 1 screwdriver (1.6mm), a microfibre cloth.<\/li>\n<\/ul>\n<p>[\/vc_column_text][vc_column_text css=&#8221;.vc_custom_1519665415087{margin-top: 20px !important;}&#8221; el_class=&#8221;zoomproduit&#8221;]<\/p>\n<h5><img decoding=\"async\" class=\"alignnone size-full wp-image-6386\" src=\"\/wp-content\/uploads\/2017\/07\/Capture-d%E2%80%99e%C4%9Bcran-2017-08-02-a%C4%9A-15.48.12.png\" alt=\"\" width=\"50\">  Close-up<\/h5>\n<p>[\/vc_column_text][\/vc_column][\/vc_row]<\/p>\n","protected":false},"excerpt":{"rendered":"<p>This watch maintenance kit is essential for enthusiasts keen to preserve the shine of their watch strap, whether leather or metal. Complete and practical, it includes a 10x loupe for meticulous cleaning, microfiber cloths and Cape Cod\u00ae for polishing, an aerosol cleaner for metals, as well as precision sticks, all stored in an elegant zippered nylon pouch. <\/p>\n","protected":false},"featured_media":99115,"comment_status":"open","ping_status":"closed","template":"","meta":[],"pwb-brand":[569],"product_brand":[702],"product_cat":[834,831],"product_tag":[991],"class_list":{"0":"post-107376","1":"product","2":"type-product","3":"status-publish","4":"has-post-thumbnail","6":"pwb-brand-kronokeeper","7":"product_brand-kronokeeper","8":"product_cat-gifts-under-e50","9":"product_cat-watchmaking-tools","10":"product_tag-shamballa-and-macrame-bracelets","11":"product_shipping_class-other","13":"first","14":"instock","15":"featured","16":"taxable","17":"shipping-taxable","18":"purchasable","19":"product-type-simple"},"yoast_head":"<!-- This site is optimized with the Yoast SEO plugin v27.0 - https:\/\/yoast.com\/product\/yoast-seo-wordpress\/ -->\n<title>Watch Strap Changing Tool Kit on OH Selection<\/title>\n<meta name=\"description\" content=\"This mini tool kit is essential for changing your watch strap. Purchase it directly from the specialist OH Selection.\" \/>\n<meta name=\"robots\" content=\"index, follow, max-snippet:-1, max-image-preview:large, max-video-preview:-1\" \/>\n<link rel=\"canonical\" href=\"https:\/\/www.ohselection.com\/en\/produit\/cleaning-kit-for-leather-and-metal-straps\/\" \/>\n<meta property=\"og:locale\" content=\"en_US\" \/>\n<meta property=\"og:type\" content=\"article\" \/>\n<meta property=\"og:title\" content=\"Watch Strap Changing Tool Kit on OH Selection\" \/>\n<meta property=\"og:description\" content=\"This mini tool kit is essential for changing your watch strap. Purchase it directly from the specialist OH Selection.\" \/>\n<meta property=\"og:url\" content=\"https:\/\/www.ohselection.com\/en\/produit\/cleaning-kit-for-leather-and-metal-straps\/\" \/>\n<meta property=\"og:site_name\" content=\"OH SELECTION\" \/>\n<meta property=\"article:publisher\" content=\"https:\/\/www.facebook.com\/ohselectionparis\/\" \/>\n<meta property=\"article:modified_time\" content=\"2025-09-26T12:48:52+00:00\" \/>\n<meta property=\"og:image\" content=\"https:\/\/www.ohselection.com\/wp-content\/uploads\/2025\/03\/Kit-de-nettoyage-pour-bracelet-cuir-et-bracelet-metal.jpg\" \/>\n\t<meta property=\"og:image:width\" content=\"1172\" \/>\n\t<meta property=\"og:image:height\" content=\"1200\" \/>\n\t<meta property=\"og:image:type\" content=\"image\/jpeg\" \/>\n<meta name=\"twitter:card\" content=\"summary_large_image\" \/>\n<meta name=\"twitter:label1\" content=\"Est. reading time\" \/>\n\t<meta name=\"twitter:data1\" content=\"4 minutes\" \/>\n<script type=\"application\/ld+json\" class=\"yoast-schema-graph\">{\"@context\":\"https:\/\/schema.org\",\"@graph\":[{\"@type\":\"WebPage\",\"@id\":\"https:\/\/www.ohselection.com\/en\/produit\/cleaning-kit-for-leather-and-metal-straps\/\",\"url\":\"https:\/\/www.ohselection.com\/en\/produit\/cleaning-kit-for-leather-and-metal-straps\/\",\"name\":\"Watch Strap Changing Tool Kit on OH Selection\",\"isPartOf\":{\"@id\":\"https:\/\/www.ohselection.com\/en\/#website\"},\"primaryImageOfPage\":{\"@id\":\"https:\/\/www.ohselection.com\/en\/produit\/cleaning-kit-for-leather-and-metal-straps\/#primaryimage\"},\"image\":{\"@id\":\"https:\/\/www.ohselection.com\/en\/produit\/cleaning-kit-for-leather-and-metal-straps\/#primaryimage\"},\"thumbnailUrl\":\"https:\/\/www.ohselection.com\/wp-content\/uploads\/2025\/03\/Kit-de-nettoyage-pour-bracelet-cuir-et-bracelet-metal.jpg\",\"datePublished\":\"2025-03-22T15:54:15+00:00\",\"dateModified\":\"2025-09-26T12:48:52+00:00\",\"description\":\"This mini tool kit is essential for changing your watch strap. Purchase it directly from the specialist OH Selection.\",\"breadcrumb\":{\"@id\":\"https:\/\/www.ohselection.com\/en\/produit\/cleaning-kit-for-leather-and-metal-straps\/#breadcrumb\"},\"inLanguage\":\"en-US\",\"potentialAction\":[{\"@type\":\"ReadAction\",\"target\":[\"https:\/\/www.ohselection.com\/en\/produit\/cleaning-kit-for-leather-and-metal-straps\/\"]}]},{\"@type\":\"ImageObject\",\"inLanguage\":\"en-US\",\"@id\":\"https:\/\/www.ohselection.com\/en\/produit\/cleaning-kit-for-leather-and-metal-straps\/#primaryimage\",\"url\":\"https:\/\/www.ohselection.com\/wp-content\/uploads\/2025\/03\/Kit-de-nettoyage-pour-bracelet-cuir-et-bracelet-metal.jpg\",\"contentUrl\":\"https:\/\/www.ohselection.com\/wp-content\/uploads\/2025\/03\/Kit-de-nettoyage-pour-bracelet-cuir-et-bracelet-metal.jpg\",\"width\":1172,\"height\":1200,\"caption\":\"Cleaning Kit for Leather and Metal Straps\"},{\"@type\":\"BreadcrumbList\",\"@id\":\"https:\/\/www.ohselection.com\/en\/produit\/cleaning-kit-for-leather-and-metal-straps\/#breadcrumb\",\"itemListElement\":[{\"@type\":\"ListItem\",\"position\":1,\"name\":\"Accueil\",\"item\":\"https:\/\/www.ohselection.com\/shop\/?lang=en\"},{\"@type\":\"ListItem\",\"position\":2,\"name\":\"Watchmaking tools\",\"item\":\"https:\/\/www.ohselection.com\/en\/product-category\/watchmaking-tools\/\"},{\"@type\":\"ListItem\",\"position\":3,\"name\":\"Cleaning Kit for Leather and Metal Straps\"}]},{\"@type\":\"WebSite\",\"@id\":\"https:\/\/www.ohselection.com\/en\/#website\",\"url\":\"https:\/\/www.ohselection.com\/en\/\",\"name\":\"OH Selection\",\"description\":\"Une s\u00e9lection de produits test\u00e9s et approuv\u00e9s par nos horlogers\",\"publisher\":{\"@id\":\"https:\/\/www.ohselection.com\/en\/#organization\"},\"alternateName\":\"Boutique sp\u00e9cialis\u00e9e dans les accessoires d'horlogerie\",\"potentialAction\":[{\"@type\":\"SearchAction\",\"target\":{\"@type\":\"EntryPoint\",\"urlTemplate\":\"https:\/\/www.ohselection.com\/en\/?s={search_term_string}\"},\"query-input\":{\"@type\":\"PropertyValueSpecification\",\"valueRequired\":true,\"valueName\":\"search_term_string\"}}],\"inLanguage\":\"en-US\"},{\"@type\":\"Organization\",\"@id\":\"https:\/\/www.ohselection.com\/en\/#organization\",\"name\":\"OH SELECTION\",\"alternateName\":\"OHSelection\",\"url\":\"https:\/\/www.ohselection.com\/en\/\",\"logo\":{\"@type\":\"ImageObject\",\"inLanguage\":\"en-US\",\"@id\":\"https:\/\/www.ohselection.com\/en\/#\/schema\/logo\/image\/\",\"url\":\"https:\/\/www.ohselection.com\/wp-content\/uploads\/2025\/04\/Logo-OHS-N.jpg\",\"contentUrl\":\"https:\/\/www.ohselection.com\/wp-content\/uploads\/2025\/04\/Logo-OHS-N.jpg\",\"width\":1385,\"height\":325,\"caption\":\"OH SELECTION\"},\"image\":{\"@id\":\"https:\/\/www.ohselection.com\/en\/#\/schema\/logo\/image\/\"},\"sameAs\":[\"https:\/\/www.facebook.com\/ohselectionparis\/\",\"https:\/\/www.instagram.com\/ohselectionparis\/\"]}]}<\/script>\n<!-- \/ Yoast SEO plugin. -->","yoast_head_json":{"title":"Watch Strap Changing Tool Kit on OH Selection","description":"This mini tool kit is essential for changing your watch strap. Purchase it directly from the specialist OH Selection.","robots":{"index":"index","follow":"follow","max-snippet":"max-snippet:-1","max-image-preview":"max-image-preview:large","max-video-preview":"max-video-preview:-1"},"canonical":"https:\/\/www.ohselection.com\/en\/produit\/cleaning-kit-for-leather-and-metal-straps\/","og_locale":"en_US","og_type":"article","og_title":"Watch Strap Changing Tool Kit on OH Selection","og_description":"This mini tool kit is essential for changing your watch strap. Purchase it directly from the specialist OH Selection.","og_url":"https:\/\/www.ohselection.com\/en\/produit\/cleaning-kit-for-leather-and-metal-straps\/","og_site_name":"OH SELECTION","article_publisher":"https:\/\/www.facebook.com\/ohselectionparis\/","article_modified_time":"2025-09-26T12:48:52+00:00","og_image":[{"width":1172,"height":1200,"url":"https:\/\/www.ohselection.com\/wp-content\/uploads\/2025\/03\/Kit-de-nettoyage-pour-bracelet-cuir-et-bracelet-metal.jpg","type":"image\/jpeg"}],"twitter_card":"summary_large_image","twitter_misc":{"Est. reading time":"4 minutes"},"schema":{"@context":"https:\/\/schema.org","@graph":[{"@type":"WebPage","@id":"https:\/\/www.ohselection.com\/en\/produit\/cleaning-kit-for-leather-and-metal-straps\/","url":"https:\/\/www.ohselection.com\/en\/produit\/cleaning-kit-for-leather-and-metal-straps\/","name":"Watch Strap Changing Tool Kit on OH Selection","isPartOf":{"@id":"https:\/\/www.ohselection.com\/en\/#website"},"primaryImageOfPage":{"@id":"https:\/\/www.ohselection.com\/en\/produit\/cleaning-kit-for-leather-and-metal-straps\/#primaryimage"},"image":{"@id":"https:\/\/www.ohselection.com\/en\/produit\/cleaning-kit-for-leather-and-metal-straps\/#primaryimage"},"thumbnailUrl":"https:\/\/www.ohselection.com\/wp-content\/uploads\/2025\/03\/Kit-de-nettoyage-pour-bracelet-cuir-et-bracelet-metal.jpg","datePublished":"2025-03-22T15:54:15+00:00","dateModified":"2025-09-26T12:48:52+00:00","description":"This mini tool kit is essential for changing your watch strap. Purchase it directly from the specialist OH Selection.","breadcrumb":{"@id":"https:\/\/www.ohselection.com\/en\/produit\/cleaning-kit-for-leather-and-metal-straps\/#breadcrumb"},"inLanguage":"en-US","potentialAction":[{"@type":"ReadAction","target":["https:\/\/www.ohselection.com\/en\/produit\/cleaning-kit-for-leather-and-metal-straps\/"]}]},{"@type":"ImageObject","inLanguage":"en-US","@id":"https:\/\/www.ohselection.com\/en\/produit\/cleaning-kit-for-leather-and-metal-straps\/#primaryimage","url":"https:\/\/www.ohselection.com\/wp-content\/uploads\/2025\/03\/Kit-de-nettoyage-pour-bracelet-cuir-et-bracelet-metal.jpg","contentUrl":"https:\/\/www.ohselection.com\/wp-content\/uploads\/2025\/03\/Kit-de-nettoyage-pour-bracelet-cuir-et-bracelet-metal.jpg","width":1172,"height":1200,"caption":"Cleaning Kit for Leather and Metal Straps"},{"@type":"BreadcrumbList","@id":"https:\/\/www.ohselection.com\/en\/produit\/cleaning-kit-for-leather-and-metal-straps\/#breadcrumb","itemListElement":[{"@type":"ListItem","position":1,"name":"Accueil","item":"https:\/\/www.ohselection.com\/shop\/?lang=en"},{"@type":"ListItem","position":2,"name":"Watchmaking tools","item":"https:\/\/www.ohselection.com\/en\/product-category\/watchmaking-tools\/"},{"@type":"ListItem","position":3,"name":"Cleaning Kit for Leather and Metal Straps"}]},{"@type":"WebSite","@id":"https:\/\/www.ohselection.com\/en\/#website","url":"https:\/\/www.ohselection.com\/en\/","name":"OH Selection","description":"Une s\u00e9lection de produits test\u00e9s et approuv\u00e9s par nos horlogers","publisher":{"@id":"https:\/\/www.ohselection.com\/en\/#organization"},"alternateName":"Boutique sp\u00e9cialis\u00e9e dans les accessoires d'horlogerie","potentialAction":[{"@type":"SearchAction","target":{"@type":"EntryPoint","urlTemplate":"https:\/\/www.ohselection.com\/en\/?s={search_term_string}"},"query-input":{"@type":"PropertyValueSpecification","valueRequired":true,"valueName":"search_term_string"}}],"inLanguage":"en-US"},{"@type":"Organization","@id":"https:\/\/www.ohselection.com\/en\/#organization","name":"OH SELECTION","alternateName":"OHSelection","url":"https:\/\/www.ohselection.com\/en\/","logo":{"@type":"ImageObject","inLanguage":"en-US","@id":"https:\/\/www.ohselection.com\/en\/#\/schema\/logo\/image\/","url":"https:\/\/www.ohselection.com\/wp-content\/uploads\/2025\/04\/Logo-OHS-N.jpg","contentUrl":"https:\/\/www.ohselection.com\/wp-content\/uploads\/2025\/04\/Logo-OHS-N.jpg","width":1385,"height":325,"caption":"OH SELECTION"},"image":{"@id":"https:\/\/www.ohselection.com\/en\/#\/schema\/logo\/image\/"},"sameAs":["https:\/\/www.facebook.com\/ohselectionparis\/","https:\/\/www.instagram.com\/ohselectionparis\/"]}]}},"brands":[{"id":569,"name":"Kronokeeper","slug":"kronokeeper"}],"_links":{"self":[{"href":"https:\/\/www.ohselection.com\/en\/wp-json\/wp\/v2\/product\/107376","targetHints":{"allow":["GET"]}}],"collection":[{"href":"https:\/\/www.ohselection.com\/en\/wp-json\/wp\/v2\/product"}],"about":[{"href":"https:\/\/www.ohselection.com\/en\/wp-json\/wp\/v2\/types\/product"}],"replies":[{"embeddable":true,"href":"https:\/\/www.ohselection.com\/en\/wp-json\/wp\/v2\/comments?post=107376"}],"wp:featuredmedia":[{"embeddable":true,"href":"https:\/\/www.ohselection.com\/en\/wp-json\/wp\/v2\/media\/99115"}],"wp:attachment":[{"href":"https:\/\/www.ohselection.com\/en\/wp-json\/wp\/v2\/media?parent=107376"}],"wp:term":[{"taxonomy":"pwb-brand","embeddable":true,"href":"https:\/\/www.ohselection.com\/en\/wp-json\/wp\/v2\/pwb-brand?post=107376"},{"taxonomy":"product_brand","embeddable":true,"href":"https:\/\/www.ohselection.com\/en\/wp-json\/wp\/v2\/product_brand?post=107376"},{"taxonomy":"product_cat","embeddable":true,"href":"https:\/\/www.ohselection.com\/en\/wp-json\/wp\/v2\/product_cat?post=107376"},{"taxonomy":"product_tag","embeddable":true,"href":"https:\/\/www.ohselection.com\/en\/wp-json\/wp\/v2\/product_tag?post=107376"}],"curies":[{"name":"wp","href":"https:\/\/api.w.org\/{rel}","templated":true}]}}