{"id":107384,"date":"2025-04-19T13:43:48","date_gmt":"2025-04-19T11:43:48","guid":{"rendered":"https:\/\/www.ohselection.com\/produit\/abp-concept-solid-color-nato-style-nylon-watch-strap\/"},"modified":"2025-09-26T14:50:04","modified_gmt":"2025-09-26T12:50:04","slug":"abp-concept-solid-color-nato-style-nylon-watch-strap","status":"publish","type":"product","link":"https:\/\/www.ohselection.com\/en\/produit\/abp-concept-solid-color-nato-style-nylon-watch-strap\/","title":{"rendered":"ABP Concept Solid Color NATO-Style Nylon Watch Strap"},"content":{"rendered":"<h3><img decoding=\"async\" class=\"alignnone size-full wp-image-6386\" src=\"\/wp-content\/uploads\/2017\/07\/Capture-d%E2%80%99e%C4%9Bcran-2017-08-02-a%C4%9A-15.48.12.png\" alt=\"\" width=\"50\"> Description<\/h3>\n<p>Woven NATO nylon watch strap, designed to bring a sporty yet elegant style to your wrist. Available in 13 solid colors \u2013 black, grey, blue, red, khaki, beige, brown, white, orange, pink, and more \u2013 it suits all tastes and occasions. <\/p>\n<p>Crafted from a durable and waterproof technical fabric, this strap ensures daily comfort and durability. Its universal length of 270 mm is suitable for wrists from 14 to 24 cm (sizes XS to XL), and it is offered in three standard widths: 18 mm, 20 mm, and 22 mm, to ensure optimal compatibility with most watches featuring classic lugs. <\/p>\n<p>The buckle is available in polished steel, for a perfect match with your watch case. This NATO strap is suitable for both sporty automatic watches and more formal models. <\/p>\n<p>Compatible with numerous prestigious brands such as Omega, Rolex, Tudor, Breitling, IWC, Panerai, Tag Heuer, Cartier, Jaeger-LeCoultre, and many others, this strap offers a quality alternative to the original, without direct affiliation with the mentioned manufacturers.<\/p>\n","protected":false},"excerpt":{"rendered":"<p>Woven NATO nylon strap, durable and waterproof, for a sporty yet elegant style. Available in 13 solid colors with three widths to choose from, it fits all watches and wrist sizes. Perfectly compatible with major watch brands such as Rolex, Omega, or Tudor.  <\/p>\n<p><strong><em>Shipping within 2 to 6 days<\/em><\/strong><\/p>\n<p>&nbsp;<\/p>\n","protected":false},"featured_media":107391,"comment_status":"open","ping_status":"closed","template":"","meta":[],"pwb-brand":[577],"product_brand":[697],"product_cat":[833,834,838,829,840,824],"product_tag":[],"class_list":{"0":"post-107384","1":"product","2":"type-product","3":"status-publish","4":"has-post-thumbnail","6":"pwb-brand-abp-concept","7":"product_brand-abp-concept","8":"product_cat-fabric-watch-strap","9":"product_cat-gifts-under-e50","10":"product_cat-nato-watch-strap","11":"product_cat-omega-strap","12":"product_cat-rolex-strap","13":"product_cat-watch-straps","15":"first","16":"instock","17":"taxable","18":"shipping-taxable","19":"purchasable","20":"product-type-variable"},"yoast_head":"<!-- This site is optimized with the Yoast SEO plugin v27.0 - https:\/\/yoast.com\/product\/yoast-seo-wordpress\/ -->\n<title>ABP Concept Solid Color NATO-Style Nylon Watch Strap | OH SELECTION<\/title>\n<meta name=\"description\" content=\"Woven NATO nylon strap, durable and waterproof, for a sporty yet elegant style. Available in 13 solid colors with three widths to choose from, it fits all watches and wrist sizes. Perfectly compatible with major watch brands such as Rolex, Omega, or Tudor.  Shipping within 2 to 6 days &nbsp;\" \/>\n<meta name=\"robots\" content=\"index, follow, max-snippet:-1, max-image-preview:large, max-video-preview:-1\" \/>\n<link rel=\"canonical\" href=\"https:\/\/www.ohselection.com\/en\/produit\/abp-concept-solid-color-nato-style-nylon-watch-strap\/\" \/>\n<meta property=\"og:locale\" content=\"en_US\" \/>\n<meta property=\"og:type\" content=\"article\" \/>\n<meta property=\"og:title\" content=\"ABP Concept Solid Color NATO-Style Nylon Watch Strap | OH SELECTION\" \/>\n<meta property=\"og:description\" content=\"Woven NATO nylon strap, durable and waterproof, for a sporty yet elegant style. Available in 13 solid colors with three widths to choose from, it fits all watches and wrist sizes. Perfectly compatible with major watch brands such as Rolex, Omega, or Tudor.  Shipping within 2 to 6 days &nbsp;\" \/>\n<meta property=\"og:url\" content=\"https:\/\/www.ohselection.com\/en\/produit\/abp-concept-solid-color-nato-style-nylon-watch-strap\/\" \/>\n<meta property=\"og:site_name\" content=\"OH SELECTION\" \/>\n<meta property=\"article:publisher\" content=\"https:\/\/www.facebook.com\/ohselectionparis\/\" \/>\n<meta property=\"article:modified_time\" content=\"2025-09-26T12:50:04+00:00\" \/>\n<meta property=\"og:image\" content=\"https:\/\/www.ohselection.com\/wp-content\/uploads\/2025\/04\/nato-nylon-tissu-couv.webp.jpeg\" \/>\n\t<meta property=\"og:image:width\" content=\"1800\" \/>\n\t<meta property=\"og:image:height\" content=\"900\" \/>\n\t<meta property=\"og:image:type\" content=\"image\/jpeg\" \/>\n<meta name=\"twitter:card\" content=\"summary_large_image\" \/>\n<meta name=\"twitter:label1\" content=\"Est. reading time\" \/>\n\t<meta name=\"twitter:data1\" content=\"1 minute\" \/>\n<script type=\"application\/ld+json\" class=\"yoast-schema-graph\">{\"@context\":\"https:\/\/schema.org\",\"@graph\":[{\"@type\":\"WebPage\",\"@id\":\"https:\/\/www.ohselection.com\/en\/produit\/abp-concept-solid-color-nato-style-nylon-watch-strap\/\",\"url\":\"https:\/\/www.ohselection.com\/en\/produit\/abp-concept-solid-color-nato-style-nylon-watch-strap\/\",\"name\":\"ABP Concept Solid Color NATO-Style Nylon Watch Strap | OH SELECTION\",\"isPartOf\":{\"@id\":\"https:\/\/www.ohselection.com\/en\/#website\"},\"primaryImageOfPage\":{\"@id\":\"https:\/\/www.ohselection.com\/en\/produit\/abp-concept-solid-color-nato-style-nylon-watch-strap\/#primaryimage\"},\"image\":{\"@id\":\"https:\/\/www.ohselection.com\/en\/produit\/abp-concept-solid-color-nato-style-nylon-watch-strap\/#primaryimage\"},\"thumbnailUrl\":\"https:\/\/www.ohselection.com\/wp-content\/uploads\/2025\/04\/nato-nylon-tissu-couv.webp.jpeg\",\"datePublished\":\"2025-04-19T11:43:48+00:00\",\"dateModified\":\"2025-09-26T12:50:04+00:00\",\"description\":\"Woven NATO nylon strap, durable and waterproof, for a sporty yet elegant style. Available in 13 solid colors with three widths to choose from, it fits all watches and wrist sizes. Perfectly compatible with major watch brands such as Rolex, Omega, or Tudor. Shipping within 2 to 6 days &nbsp;\",\"breadcrumb\":{\"@id\":\"https:\/\/www.ohselection.com\/en\/produit\/abp-concept-solid-color-nato-style-nylon-watch-strap\/#breadcrumb\"},\"inLanguage\":\"en-US\",\"potentialAction\":[{\"@type\":\"ReadAction\",\"target\":[\"https:\/\/www.ohselection.com\/en\/produit\/abp-concept-solid-color-nato-style-nylon-watch-strap\/\"]}]},{\"@type\":\"ImageObject\",\"inLanguage\":\"en-US\",\"@id\":\"https:\/\/www.ohselection.com\/en\/produit\/abp-concept-solid-color-nato-style-nylon-watch-strap\/#primaryimage\",\"url\":\"https:\/\/www.ohselection.com\/wp-content\/uploads\/2025\/04\/nato-nylon-tissu-couv.webp.jpeg\",\"contentUrl\":\"https:\/\/www.ohselection.com\/wp-content\/uploads\/2025\/04\/nato-nylon-tissu-couv.webp.jpeg\",\"width\":1800,\"height\":900,\"caption\":\"Nato-Nylon-Fabric-Cover\"},{\"@type\":\"BreadcrumbList\",\"@id\":\"https:\/\/www.ohselection.com\/en\/produit\/abp-concept-solid-color-nato-style-nylon-watch-strap\/#breadcrumb\",\"itemListElement\":[{\"@type\":\"ListItem\",\"position\":1,\"name\":\"Accueil\",\"item\":\"https:\/\/www.ohselection.com\/shop\/?lang=en\"},{\"@type\":\"ListItem\",\"position\":2,\"name\":\"Watch straps\",\"item\":\"https:\/\/www.ohselection.com\/en\/product-category\/watch-straps\/\"},{\"@type\":\"ListItem\",\"position\":3,\"name\":\"NATO Watch Strap\",\"item\":\"https:\/\/www.ohselection.com\/en\/product-category\/nato-watch-strap\/\"},{\"@type\":\"ListItem\",\"position\":4,\"name\":\"ABP Concept Solid Color NATO-Style Nylon Watch Strap\"}]},{\"@type\":\"WebSite\",\"@id\":\"https:\/\/www.ohselection.com\/en\/#website\",\"url\":\"https:\/\/www.ohselection.com\/en\/\",\"name\":\"OH Selection\",\"description\":\"Une s\u00e9lection de produits test\u00e9s et approuv\u00e9s par nos horlogers\",\"publisher\":{\"@id\":\"https:\/\/www.ohselection.com\/en\/#organization\"},\"alternateName\":\"Boutique sp\u00e9cialis\u00e9e dans les accessoires d'horlogerie\",\"potentialAction\":[{\"@type\":\"SearchAction\",\"target\":{\"@type\":\"EntryPoint\",\"urlTemplate\":\"https:\/\/www.ohselection.com\/en\/?s={search_term_string}\"},\"query-input\":{\"@type\":\"PropertyValueSpecification\",\"valueRequired\":true,\"valueName\":\"search_term_string\"}}],\"inLanguage\":\"en-US\"},{\"@type\":\"Organization\",\"@id\":\"https:\/\/www.ohselection.com\/en\/#organization\",\"name\":\"OH SELECTION\",\"alternateName\":\"OHSelection\",\"url\":\"https:\/\/www.ohselection.com\/en\/\",\"logo\":{\"@type\":\"ImageObject\",\"inLanguage\":\"en-US\",\"@id\":\"https:\/\/www.ohselection.com\/en\/#\/schema\/logo\/image\/\",\"url\":\"https:\/\/www.ohselection.com\/wp-content\/uploads\/2025\/04\/Logo-OHS-N.jpg\",\"contentUrl\":\"https:\/\/www.ohselection.com\/wp-content\/uploads\/2025\/04\/Logo-OHS-N.jpg\",\"width\":1385,\"height\":325,\"caption\":\"OH SELECTION\"},\"image\":{\"@id\":\"https:\/\/www.ohselection.com\/en\/#\/schema\/logo\/image\/\"},\"sameAs\":[\"https:\/\/www.facebook.com\/ohselectionparis\/\",\"https:\/\/www.instagram.com\/ohselectionparis\/\"]}]}<\/script>\n<!-- \/ Yoast SEO plugin. -->","yoast_head_json":{"title":"ABP Concept Solid Color NATO-Style Nylon Watch Strap | OH SELECTION","description":"Woven NATO nylon strap, durable and waterproof, for a sporty yet elegant style. Available in 13 solid colors with three widths to choose from, it fits all watches and wrist sizes. Perfectly compatible with major watch brands such as Rolex, Omega, or Tudor.  Shipping within 2 to 6 days &nbsp;","robots":{"index":"index","follow":"follow","max-snippet":"max-snippet:-1","max-image-preview":"max-image-preview:large","max-video-preview":"max-video-preview:-1"},"canonical":"https:\/\/www.ohselection.com\/en\/produit\/abp-concept-solid-color-nato-style-nylon-watch-strap\/","og_locale":"en_US","og_type":"article","og_title":"ABP Concept Solid Color NATO-Style Nylon Watch Strap | OH SELECTION","og_description":"Woven NATO nylon strap, durable and waterproof, for a sporty yet elegant style. Available in 13 solid colors with three widths to choose from, it fits all watches and wrist sizes. Perfectly compatible with major watch brands such as Rolex, Omega, or Tudor.  Shipping within 2 to 6 days &nbsp;","og_url":"https:\/\/www.ohselection.com\/en\/produit\/abp-concept-solid-color-nato-style-nylon-watch-strap\/","og_site_name":"OH SELECTION","article_publisher":"https:\/\/www.facebook.com\/ohselectionparis\/","article_modified_time":"2025-09-26T12:50:04+00:00","og_image":[{"width":1800,"height":900,"url":"https:\/\/www.ohselection.com\/wp-content\/uploads\/2025\/04\/nato-nylon-tissu-couv.webp.jpeg","type":"image\/jpeg"}],"twitter_card":"summary_large_image","twitter_misc":{"Est. reading time":"1 minute"},"schema":{"@context":"https:\/\/schema.org","@graph":[{"@type":"WebPage","@id":"https:\/\/www.ohselection.com\/en\/produit\/abp-concept-solid-color-nato-style-nylon-watch-strap\/","url":"https:\/\/www.ohselection.com\/en\/produit\/abp-concept-solid-color-nato-style-nylon-watch-strap\/","name":"ABP Concept Solid Color NATO-Style Nylon Watch Strap | OH SELECTION","isPartOf":{"@id":"https:\/\/www.ohselection.com\/en\/#website"},"primaryImageOfPage":{"@id":"https:\/\/www.ohselection.com\/en\/produit\/abp-concept-solid-color-nato-style-nylon-watch-strap\/#primaryimage"},"image":{"@id":"https:\/\/www.ohselection.com\/en\/produit\/abp-concept-solid-color-nato-style-nylon-watch-strap\/#primaryimage"},"thumbnailUrl":"https:\/\/www.ohselection.com\/wp-content\/uploads\/2025\/04\/nato-nylon-tissu-couv.webp.jpeg","datePublished":"2025-04-19T11:43:48+00:00","dateModified":"2025-09-26T12:50:04+00:00","description":"Woven NATO nylon strap, durable and waterproof, for a sporty yet elegant style. Available in 13 solid colors with three widths to choose from, it fits all watches and wrist sizes. Perfectly compatible with major watch brands such as Rolex, Omega, or Tudor. Shipping within 2 to 6 days &nbsp;","breadcrumb":{"@id":"https:\/\/www.ohselection.com\/en\/produit\/abp-concept-solid-color-nato-style-nylon-watch-strap\/#breadcrumb"},"inLanguage":"en-US","potentialAction":[{"@type":"ReadAction","target":["https:\/\/www.ohselection.com\/en\/produit\/abp-concept-solid-color-nato-style-nylon-watch-strap\/"]}]},{"@type":"ImageObject","inLanguage":"en-US","@id":"https:\/\/www.ohselection.com\/en\/produit\/abp-concept-solid-color-nato-style-nylon-watch-strap\/#primaryimage","url":"https:\/\/www.ohselection.com\/wp-content\/uploads\/2025\/04\/nato-nylon-tissu-couv.webp.jpeg","contentUrl":"https:\/\/www.ohselection.com\/wp-content\/uploads\/2025\/04\/nato-nylon-tissu-couv.webp.jpeg","width":1800,"height":900,"caption":"Nato-Nylon-Fabric-Cover"},{"@type":"BreadcrumbList","@id":"https:\/\/www.ohselection.com\/en\/produit\/abp-concept-solid-color-nato-style-nylon-watch-strap\/#breadcrumb","itemListElement":[{"@type":"ListItem","position":1,"name":"Accueil","item":"https:\/\/www.ohselection.com\/shop\/?lang=en"},{"@type":"ListItem","position":2,"name":"Watch straps","item":"https:\/\/www.ohselection.com\/en\/product-category\/watch-straps\/"},{"@type":"ListItem","position":3,"name":"NATO Watch Strap","item":"https:\/\/www.ohselection.com\/en\/product-category\/nato-watch-strap\/"},{"@type":"ListItem","position":4,"name":"ABP Concept Solid Color NATO-Style Nylon Watch Strap"}]},{"@type":"WebSite","@id":"https:\/\/www.ohselection.com\/en\/#website","url":"https:\/\/www.ohselection.com\/en\/","name":"OH Selection","description":"Une s\u00e9lection de produits test\u00e9s et approuv\u00e9s par nos horlogers","publisher":{"@id":"https:\/\/www.ohselection.com\/en\/#organization"},"alternateName":"Boutique sp\u00e9cialis\u00e9e dans les accessoires d'horlogerie","potentialAction":[{"@type":"SearchAction","target":{"@type":"EntryPoint","urlTemplate":"https:\/\/www.ohselection.com\/en\/?s={search_term_string}"},"query-input":{"@type":"PropertyValueSpecification","valueRequired":true,"valueName":"search_term_string"}}],"inLanguage":"en-US"},{"@type":"Organization","@id":"https:\/\/www.ohselection.com\/en\/#organization","name":"OH SELECTION","alternateName":"OHSelection","url":"https:\/\/www.ohselection.com\/en\/","logo":{"@type":"ImageObject","inLanguage":"en-US","@id":"https:\/\/www.ohselection.com\/en\/#\/schema\/logo\/image\/","url":"https:\/\/www.ohselection.com\/wp-content\/uploads\/2025\/04\/Logo-OHS-N.jpg","contentUrl":"https:\/\/www.ohselection.com\/wp-content\/uploads\/2025\/04\/Logo-OHS-N.jpg","width":1385,"height":325,"caption":"OH SELECTION"},"image":{"@id":"https:\/\/www.ohselection.com\/en\/#\/schema\/logo\/image\/"},"sameAs":["https:\/\/www.facebook.com\/ohselectionparis\/","https:\/\/www.instagram.com\/ohselectionparis\/"]}]}},"brands":[{"id":577,"name":"ABP Concept","slug":"abp-concept"}],"_links":{"self":[{"href":"https:\/\/www.ohselection.com\/en\/wp-json\/wp\/v2\/product\/107384","targetHints":{"allow":["GET"]}}],"collection":[{"href":"https:\/\/www.ohselection.com\/en\/wp-json\/wp\/v2\/product"}],"about":[{"href":"https:\/\/www.ohselection.com\/en\/wp-json\/wp\/v2\/types\/product"}],"replies":[{"embeddable":true,"href":"https:\/\/www.ohselection.com\/en\/wp-json\/wp\/v2\/comments?post=107384"}],"wp:featuredmedia":[{"embeddable":true,"href":"https:\/\/www.ohselection.com\/en\/wp-json\/wp\/v2\/media\/107391"}],"wp:attachment":[{"href":"https:\/\/www.ohselection.com\/en\/wp-json\/wp\/v2\/media?parent=107384"}],"wp:term":[{"taxonomy":"pwb-brand","embeddable":true,"href":"https:\/\/www.ohselection.com\/en\/wp-json\/wp\/v2\/pwb-brand?post=107384"},{"taxonomy":"product_brand","embeddable":true,"href":"https:\/\/www.ohselection.com\/en\/wp-json\/wp\/v2\/product_brand?post=107384"},{"taxonomy":"product_cat","embeddable":true,"href":"https:\/\/www.ohselection.com\/en\/wp-json\/wp\/v2\/product_cat?post=107384"},{"taxonomy":"product_tag","embeddable":true,"href":"https:\/\/www.ohselection.com\/en\/wp-json\/wp\/v2\/product_tag?post=107384"}],"curies":[{"name":"wp","href":"https:\/\/api.w.org\/{rel}","templated":true}]}}