{"id":107536,"date":"2025-04-18T18:12:11","date_gmt":"2025-04-18T16:12:11","guid":{"rendered":"https:\/\/www.ohselection.com\/produit\/abp-concept-driver-vintage-calfskin-watch-strap\/"},"modified":"2025-09-26T14:50:16","modified_gmt":"2025-09-26T12:50:16","slug":"abp-concept-driver-vintage-calfskin-watch-strap","status":"publish","type":"product","link":"https:\/\/www.ohselection.com\/en\/product\/abp-concept-driver-vintage-calfskin-watch-strap\/","title":{"rendered":"ABP Concept Driver Vintage Calfskin Watch Strap"},"content":{"rendered":"<h3><img decoding=\"async\" class=\"alignnone size-full wp-image-6386\" src=\"\/wp-content\/uploads\/2017\/07\/Capture-d%E2%80%99e%C4%9Bcran-2017-08-02-a%C4%9A-15.48.12.png\" alt=\"\" width=\"50\"> Description<\/h3>\n<p>Add a vintage touch to your watch with this genuine calfskin strap, inspired by the iconic &#8220;driver&#8221; style. Featuring sporty perforations, it combines retro elegance and a racing spirit for a distinctive look on the wrist. Its bar tack stitching enhances durability, while its calfskin lining ensures optimal daily comfort.  <\/p>\n<p>With a thickness of 3 mm, this leather watch strap strikes a perfect balance between flexibility and durability. Available in several colors\u2014black, brown, grey, red, blue, green, or khaki\u2014it adapts to both your style and your timepiece. Offered in various widths, it is compatible with most classic and modern watches.  <\/p>\n<p>French artisanal craftsmanship and impeccable quality make this strap an ideal piece to personalize your watch with character. Not affiliated with any watch brand. <\/p>\n","protected":false},"excerpt":{"rendered":"<p>Add a vintage touch to your watch with this perforated calfskin strap, inspired by racing style. Handcrafted in France, it combines retro elegance, optimal comfort, and durability. Available in several colors and widths, it adapts to most classic or modern watches.  <\/p>\n<p><strong><em>Shipping within 2 to 6 days<\/em><\/strong><\/p>\n<p>&nbsp;<\/p>\n","protected":false},"featured_media":107537,"comment_status":"open","ping_status":"closed","template":"","meta":[],"pwb-brand":[577],"product_brand":[697],"product_cat":[830,827,824],"product_tag":[],"class_list":{"0":"post-107536","1":"product","2":"type-product","3":"status-publish","4":"has-post-thumbnail","6":"pwb-brand-abp-concept","7":"product_brand-abp-concept","8":"product_cat-gifts-under-100-euros","9":"product_cat-leather-watch-strap","10":"product_cat-watch-straps","12":"first","13":"instock","14":"taxable","15":"shipping-taxable","16":"purchasable","17":"product-type-simple"},"yoast_head":"<!-- This site is optimized with the Yoast SEO plugin v27.0 - https:\/\/yoast.com\/product\/yoast-seo-wordpress\/ -->\n<title>ABP Concept Driver Vintage Calfskin Watch Strap | OH SELECTION<\/title>\n<meta name=\"description\" content=\"Add a vintage touch to your watch with this perforated calfskin strap, inspired by racing style. Handcrafted in France, it combines retro elegance, optimal comfort, and durability. Available in several colors and widths, it adapts to most classic or modern watches.  Shipping within 2 to 6 days &nbsp;\" \/>\n<meta name=\"robots\" content=\"index, follow, max-snippet:-1, max-image-preview:large, max-video-preview:-1\" \/>\n<link rel=\"canonical\" href=\"https:\/\/www.ohselection.com\/en\/product\/abp-concept-driver-vintage-calfskin-watch-strap\/\" \/>\n<meta property=\"og:locale\" content=\"en_US\" \/>\n<meta property=\"og:type\" content=\"article\" \/>\n<meta property=\"og:title\" content=\"ABP Concept Driver Vintage Calfskin Watch Strap | OH SELECTION\" \/>\n<meta property=\"og:description\" content=\"Add a vintage touch to your watch with this perforated calfskin strap, inspired by racing style. Handcrafted in France, it combines retro elegance, optimal comfort, and durability. Available in several colors and widths, it adapts to most classic or modern watches.  Shipping within 2 to 6 days &nbsp;\" \/>\n<meta property=\"og:url\" content=\"https:\/\/www.ohselection.com\/en\/product\/abp-concept-driver-vintage-calfskin-watch-strap\/\" \/>\n<meta property=\"og:site_name\" content=\"OH SELECTION\" \/>\n<meta property=\"article:publisher\" content=\"https:\/\/www.facebook.com\/ohselectionparis\/\" \/>\n<meta property=\"article:modified_time\" content=\"2025-09-26T12:50:16+00:00\" \/>\n<meta property=\"og:image\" content=\"https:\/\/www.ohselection.com\/wp-content\/uploads\/2025\/04\/veau-vintage-driver-bracelet-montre-watch-band-strap-compo.jpeg\" \/>\n\t<meta property=\"og:image:width\" content=\"1800\" \/>\n\t<meta property=\"og:image:height\" content=\"900\" \/>\n\t<meta property=\"og:image:type\" content=\"image\/jpeg\" \/>\n<meta name=\"twitter:card\" content=\"summary_large_image\" \/>\n<meta name=\"twitter:label1\" content=\"Est. reading time\" \/>\n\t<meta name=\"twitter:data1\" content=\"1 minute\" \/>\n<script type=\"application\/ld+json\" class=\"yoast-schema-graph\">{\"@context\":\"https:\/\/schema.org\",\"@graph\":[{\"@type\":\"WebPage\",\"@id\":\"https:\/\/www.ohselection.com\/en\/product\/abp-concept-driver-vintage-calfskin-watch-strap\/\",\"url\":\"https:\/\/www.ohselection.com\/en\/product\/abp-concept-driver-vintage-calfskin-watch-strap\/\",\"name\":\"ABP Concept Driver Vintage Calfskin Watch Strap | OH SELECTION\",\"isPartOf\":{\"@id\":\"https:\/\/www.ohselection.com\/en\/#website\"},\"primaryImageOfPage\":{\"@id\":\"https:\/\/www.ohselection.com\/en\/product\/abp-concept-driver-vintage-calfskin-watch-strap\/#primaryimage\"},\"image\":{\"@id\":\"https:\/\/www.ohselection.com\/en\/product\/abp-concept-driver-vintage-calfskin-watch-strap\/#primaryimage\"},\"thumbnailUrl\":\"https:\/\/www.ohselection.com\/wp-content\/uploads\/2025\/04\/veau-vintage-driver-bracelet-montre-watch-band-strap-compo.jpeg\",\"datePublished\":\"2025-04-18T16:12:11+00:00\",\"dateModified\":\"2025-09-26T12:50:16+00:00\",\"description\":\"Add a vintage touch to your watch with this perforated calfskin strap, inspired by racing style. Handcrafted in France, it combines retro elegance, optimal comfort, and durability. Available in several colors and widths, it adapts to most classic or modern watches. Shipping within 2 to 6 days &nbsp;\",\"breadcrumb\":{\"@id\":\"https:\/\/www.ohselection.com\/en\/product\/abp-concept-driver-vintage-calfskin-watch-strap\/#breadcrumb\"},\"inLanguage\":\"en-US\",\"potentialAction\":[{\"@type\":\"ReadAction\",\"target\":[\"https:\/\/www.ohselection.com\/en\/product\/abp-concept-driver-vintage-calfskin-watch-strap\/\"]}]},{\"@type\":\"ImageObject\",\"inLanguage\":\"en-US\",\"@id\":\"https:\/\/www.ohselection.com\/en\/product\/abp-concept-driver-vintage-calfskin-watch-strap\/#primaryimage\",\"url\":\"https:\/\/www.ohselection.com\/wp-content\/uploads\/2025\/04\/veau-vintage-driver-bracelet-montre-watch-band-strap-compo.jpeg\",\"contentUrl\":\"https:\/\/www.ohselection.com\/wp-content\/uploads\/2025\/04\/veau-vintage-driver-bracelet-montre-watch-band-strap-compo.jpeg\",\"width\":1800,\"height\":900,\"caption\":\"veau-vintage-driver-bracelet-montre-watch-band-strap-compo\"},{\"@type\":\"BreadcrumbList\",\"@id\":\"https:\/\/www.ohselection.com\/en\/product\/abp-concept-driver-vintage-calfskin-watch-strap\/#breadcrumb\",\"itemListElement\":[{\"@type\":\"ListItem\",\"position\":1,\"name\":\"Accueil\",\"item\":\"https:\/\/www.ohselection.com\/shop\/?lang=en\"},{\"@type\":\"ListItem\",\"position\":2,\"name\":\"Watch straps\",\"item\":\"https:\/\/www.ohselection.com\/en\/product-category\/watch-straps\/\"},{\"@type\":\"ListItem\",\"position\":3,\"name\":\"Leather Watch Strap\",\"item\":\"https:\/\/www.ohselection.com\/en\/product-category\/leather-watch-strap\/\"},{\"@type\":\"ListItem\",\"position\":4,\"name\":\"ABP Concept Driver Vintage Calfskin Watch Strap\"}]},{\"@type\":\"WebSite\",\"@id\":\"https:\/\/www.ohselection.com\/en\/#website\",\"url\":\"https:\/\/www.ohselection.com\/en\/\",\"name\":\"OH Selection\",\"description\":\"Une s\u00e9lection de produits test\u00e9s et approuv\u00e9s par nos horlogers\",\"publisher\":{\"@id\":\"https:\/\/www.ohselection.com\/en\/#organization\"},\"alternateName\":\"Boutique sp\u00e9cialis\u00e9e dans les accessoires d'horlogerie\",\"potentialAction\":[{\"@type\":\"SearchAction\",\"target\":{\"@type\":\"EntryPoint\",\"urlTemplate\":\"https:\/\/www.ohselection.com\/en\/?s={search_term_string}\"},\"query-input\":{\"@type\":\"PropertyValueSpecification\",\"valueRequired\":true,\"valueName\":\"search_term_string\"}}],\"inLanguage\":\"en-US\"},{\"@type\":\"Organization\",\"@id\":\"https:\/\/www.ohselection.com\/en\/#organization\",\"name\":\"OH SELECTION\",\"alternateName\":\"OHSelection\",\"url\":\"https:\/\/www.ohselection.com\/en\/\",\"logo\":{\"@type\":\"ImageObject\",\"inLanguage\":\"en-US\",\"@id\":\"https:\/\/www.ohselection.com\/en\/#\/schema\/logo\/image\/\",\"url\":\"https:\/\/www.ohselection.com\/wp-content\/uploads\/2025\/04\/Logo-OHS-N.jpg\",\"contentUrl\":\"https:\/\/www.ohselection.com\/wp-content\/uploads\/2025\/04\/Logo-OHS-N.jpg\",\"width\":1385,\"height\":325,\"caption\":\"OH SELECTION\"},\"image\":{\"@id\":\"https:\/\/www.ohselection.com\/en\/#\/schema\/logo\/image\/\"},\"sameAs\":[\"https:\/\/www.facebook.com\/ohselectionparis\/\",\"https:\/\/www.instagram.com\/ohselectionparis\/\"]}]}<\/script>\n<!-- \/ Yoast SEO plugin. -->","yoast_head_json":{"title":"ABP Concept Driver Vintage Calfskin Watch Strap | OH SELECTION","description":"Add a vintage touch to your watch with this perforated calfskin strap, inspired by racing style. Handcrafted in France, it combines retro elegance, optimal comfort, and durability. Available in several colors and widths, it adapts to most classic or modern watches.  Shipping within 2 to 6 days &nbsp;","robots":{"index":"index","follow":"follow","max-snippet":"max-snippet:-1","max-image-preview":"max-image-preview:large","max-video-preview":"max-video-preview:-1"},"canonical":"https:\/\/www.ohselection.com\/en\/product\/abp-concept-driver-vintage-calfskin-watch-strap\/","og_locale":"en_US","og_type":"article","og_title":"ABP Concept Driver Vintage Calfskin Watch Strap | OH SELECTION","og_description":"Add a vintage touch to your watch with this perforated calfskin strap, inspired by racing style. Handcrafted in France, it combines retro elegance, optimal comfort, and durability. Available in several colors and widths, it adapts to most classic or modern watches.  Shipping within 2 to 6 days &nbsp;","og_url":"https:\/\/www.ohselection.com\/en\/product\/abp-concept-driver-vintage-calfskin-watch-strap\/","og_site_name":"OH SELECTION","article_publisher":"https:\/\/www.facebook.com\/ohselectionparis\/","article_modified_time":"2025-09-26T12:50:16+00:00","og_image":[{"width":1800,"height":900,"url":"https:\/\/www.ohselection.com\/wp-content\/uploads\/2025\/04\/veau-vintage-driver-bracelet-montre-watch-band-strap-compo.jpeg","type":"image\/jpeg"}],"twitter_card":"summary_large_image","twitter_misc":{"Est. reading time":"1 minute"},"schema":{"@context":"https:\/\/schema.org","@graph":[{"@type":"WebPage","@id":"https:\/\/www.ohselection.com\/en\/product\/abp-concept-driver-vintage-calfskin-watch-strap\/","url":"https:\/\/www.ohselection.com\/en\/product\/abp-concept-driver-vintage-calfskin-watch-strap\/","name":"ABP Concept Driver Vintage Calfskin Watch Strap | OH SELECTION","isPartOf":{"@id":"https:\/\/www.ohselection.com\/en\/#website"},"primaryImageOfPage":{"@id":"https:\/\/www.ohselection.com\/en\/product\/abp-concept-driver-vintage-calfskin-watch-strap\/#primaryimage"},"image":{"@id":"https:\/\/www.ohselection.com\/en\/product\/abp-concept-driver-vintage-calfskin-watch-strap\/#primaryimage"},"thumbnailUrl":"https:\/\/www.ohselection.com\/wp-content\/uploads\/2025\/04\/veau-vintage-driver-bracelet-montre-watch-band-strap-compo.jpeg","datePublished":"2025-04-18T16:12:11+00:00","dateModified":"2025-09-26T12:50:16+00:00","description":"Add a vintage touch to your watch with this perforated calfskin strap, inspired by racing style. Handcrafted in France, it combines retro elegance, optimal comfort, and durability. Available in several colors and widths, it adapts to most classic or modern watches. Shipping within 2 to 6 days &nbsp;","breadcrumb":{"@id":"https:\/\/www.ohselection.com\/en\/product\/abp-concept-driver-vintage-calfskin-watch-strap\/#breadcrumb"},"inLanguage":"en-US","potentialAction":[{"@type":"ReadAction","target":["https:\/\/www.ohselection.com\/en\/product\/abp-concept-driver-vintage-calfskin-watch-strap\/"]}]},{"@type":"ImageObject","inLanguage":"en-US","@id":"https:\/\/www.ohselection.com\/en\/product\/abp-concept-driver-vintage-calfskin-watch-strap\/#primaryimage","url":"https:\/\/www.ohselection.com\/wp-content\/uploads\/2025\/04\/veau-vintage-driver-bracelet-montre-watch-band-strap-compo.jpeg","contentUrl":"https:\/\/www.ohselection.com\/wp-content\/uploads\/2025\/04\/veau-vintage-driver-bracelet-montre-watch-band-strap-compo.jpeg","width":1800,"height":900,"caption":"veau-vintage-driver-bracelet-montre-watch-band-strap-compo"},{"@type":"BreadcrumbList","@id":"https:\/\/www.ohselection.com\/en\/product\/abp-concept-driver-vintage-calfskin-watch-strap\/#breadcrumb","itemListElement":[{"@type":"ListItem","position":1,"name":"Accueil","item":"https:\/\/www.ohselection.com\/shop\/?lang=en"},{"@type":"ListItem","position":2,"name":"Watch straps","item":"https:\/\/www.ohselection.com\/en\/product-category\/watch-straps\/"},{"@type":"ListItem","position":3,"name":"Leather Watch Strap","item":"https:\/\/www.ohselection.com\/en\/product-category\/leather-watch-strap\/"},{"@type":"ListItem","position":4,"name":"ABP Concept Driver Vintage Calfskin Watch Strap"}]},{"@type":"WebSite","@id":"https:\/\/www.ohselection.com\/en\/#website","url":"https:\/\/www.ohselection.com\/en\/","name":"OH Selection","description":"Une s\u00e9lection de produits test\u00e9s et approuv\u00e9s par nos horlogers","publisher":{"@id":"https:\/\/www.ohselection.com\/en\/#organization"},"alternateName":"Boutique sp\u00e9cialis\u00e9e dans les accessoires d'horlogerie","potentialAction":[{"@type":"SearchAction","target":{"@type":"EntryPoint","urlTemplate":"https:\/\/www.ohselection.com\/en\/?s={search_term_string}"},"query-input":{"@type":"PropertyValueSpecification","valueRequired":true,"valueName":"search_term_string"}}],"inLanguage":"en-US"},{"@type":"Organization","@id":"https:\/\/www.ohselection.com\/en\/#organization","name":"OH SELECTION","alternateName":"OHSelection","url":"https:\/\/www.ohselection.com\/en\/","logo":{"@type":"ImageObject","inLanguage":"en-US","@id":"https:\/\/www.ohselection.com\/en\/#\/schema\/logo\/image\/","url":"https:\/\/www.ohselection.com\/wp-content\/uploads\/2025\/04\/Logo-OHS-N.jpg","contentUrl":"https:\/\/www.ohselection.com\/wp-content\/uploads\/2025\/04\/Logo-OHS-N.jpg","width":1385,"height":325,"caption":"OH SELECTION"},"image":{"@id":"https:\/\/www.ohselection.com\/en\/#\/schema\/logo\/image\/"},"sameAs":["https:\/\/www.facebook.com\/ohselectionparis\/","https:\/\/www.instagram.com\/ohselectionparis\/"]}]}},"brands":[{"id":577,"name":"ABP Concept","slug":"abp-concept"}],"_links":{"self":[{"href":"https:\/\/www.ohselection.com\/en\/wp-json\/wp\/v2\/product\/107536","targetHints":{"allow":["GET"]}}],"collection":[{"href":"https:\/\/www.ohselection.com\/en\/wp-json\/wp\/v2\/product"}],"about":[{"href":"https:\/\/www.ohselection.com\/en\/wp-json\/wp\/v2\/types\/product"}],"replies":[{"embeddable":true,"href":"https:\/\/www.ohselection.com\/en\/wp-json\/wp\/v2\/comments?post=107536"}],"wp:featuredmedia":[{"embeddable":true,"href":"https:\/\/www.ohselection.com\/en\/wp-json\/wp\/v2\/media\/107537"}],"wp:attachment":[{"href":"https:\/\/www.ohselection.com\/en\/wp-json\/wp\/v2\/media?parent=107536"}],"wp:term":[{"taxonomy":"pwb-brand","embeddable":true,"href":"https:\/\/www.ohselection.com\/en\/wp-json\/wp\/v2\/pwb-brand?post=107536"},{"taxonomy":"product_brand","embeddable":true,"href":"https:\/\/www.ohselection.com\/en\/wp-json\/wp\/v2\/product_brand?post=107536"},{"taxonomy":"product_cat","embeddable":true,"href":"https:\/\/www.ohselection.com\/en\/wp-json\/wp\/v2\/product_cat?post=107536"},{"taxonomy":"product_tag","embeddable":true,"href":"https:\/\/www.ohselection.com\/en\/wp-json\/wp\/v2\/product_tag?post=107536"}],"curies":[{"name":"wp","href":"https:\/\/api.w.org\/{rel}","templated":true}]}}