{"id":107548,"date":"2025-04-19T13:45:21","date_gmt":"2025-04-19T11:45:21","guid":{"rendered":"https:\/\/www.ohselection.com\/produit\/abp-concept-braided-fabric-watch-strap\/"},"modified":"2025-09-26T14:50:20","modified_gmt":"2025-09-26T12:50:20","slug":"abp-concept-braided-fabric-watch-strap","status":"publish","type":"product","link":"https:\/\/www.ohselection.com\/en\/produit\/abp-concept-braided-fabric-watch-strap\/","title":{"rendered":"ABP Concept Braided Fabric Watch Strap"},"content":{"rendered":"<h3><img decoding=\"async\" class=\"alignnone size-full wp-image-6386\" src=\"\/wp-content\/uploads\/2017\/07\/Capture-d%E2%80%99e%C4%9Bcran-2017-08-02-a%C4%9A-15.48.12.png\" alt=\"\" width=\"50\"> Description<\/h3>\n<p>2-strand Perlon fabric watch strap, the quintessential timeless accessory. Inspired by the iconic 60s design, this strap combines vintage style and contemporary elegance. Thanks to its waterproof braided nylon composition, it offers both durability, lightness, and comfort for daily wear.  <\/p>\n<p>Available in 16mm, 18mm, 20mm, and 22mm, it fits most watches, both classic and sports models. Its length of 120mm\/80mm is suitable for wrists from 14 to 20cm. Thanks to an adjustable buckle, adjustment is simple and quick.  <\/p>\n<p>A wide range of colors is available: black, grey, white, beige, navy blue, denim blue, turquoise blue, green, light khaki, red, burgundy, salmon pink, orange, yellow, light grey, and dark brown. To further customize your watch, several buckles are available: steel, black PVD, gold, or rose gold. Interchangeable, they can also be purchased separately.  <\/p>\n<p>This strap is compatible with watches from many brands: Rolex, Omega, Tudor, Tag Heuer, Breitling, IWC, Cartier, Jaeger-LeCoultre, Panerai, Patek Philippe, Audemars Piguet, and many others, provided the lug width is suitable.<\/p>\n<p><strong>Important<\/strong>: these straps are not official products of the watch brands mentioned. The names cited are for informational purposes only, to indicate compatibility or stylistic inspiration. <\/p>\n","protected":false},"excerpt":{"rendered":"<p>Two-strand Perlon fabric watch strap with a 60s vintage style, revisited for a modern and elegant look. Comfortable, durable, and waterproof, it fits most watches thanks to its varied sizes and adjustable buckle. Available in several colors and buckle finishes to customize your watch according to your desires.  <\/p>\n<p><strong><em>Shipping within 2 to 6 days<\/em><\/strong><\/p>\n<p>&nbsp;<\/p>\n","protected":false},"featured_media":107549,"comment_status":"open","ping_status":"closed","template":"","meta":[],"pwb-brand":[577],"product_brand":[697],"product_cat":[833,834,838,829,990,840,824],"product_tag":[],"class_list":{"0":"post-107548","1":"product","2":"type-product","3":"status-publish","4":"has-post-thumbnail","6":"pwb-brand-abp-concept","7":"product_brand-abp-concept","8":"product_cat-fabric-watch-strap","9":"product_cat-gifts-under-e50","10":"product_cat-nato-watch-strap","11":"product_cat-omega-strap","12":"product_cat-perlon-watch-straps","13":"product_cat-rolex-strap","14":"product_cat-watch-straps","16":"first","17":"instock","18":"taxable","19":"shipping-taxable","20":"purchasable","21":"product-type-variable"},"yoast_head":"<!-- This site is optimized with the Yoast SEO plugin v27.0 - https:\/\/yoast.com\/product\/yoast-seo-wordpress\/ -->\n<title>ABP Concept Braided Fabric Watch Strap | OH SELECTION<\/title>\n<meta name=\"description\" content=\"Two-strand Perlon fabric watch strap with a 60s vintage style, revisited for a modern and elegant look. Comfortable, durable, and waterproof, it fits most watches thanks to its varied sizes and adjustable buckle. Available in several colors and buckle finishes to customize your watch according to your desires.  Shipping within 2 to 6 days &nbsp;\" \/>\n<meta name=\"robots\" content=\"index, follow, max-snippet:-1, max-image-preview:large, max-video-preview:-1\" \/>\n<link rel=\"canonical\" href=\"https:\/\/www.ohselection.com\/en\/produit\/abp-concept-braided-fabric-watch-strap\/\" \/>\n<meta property=\"og:locale\" content=\"en_US\" \/>\n<meta property=\"og:type\" content=\"article\" \/>\n<meta property=\"og:title\" content=\"ABP Concept Braided Fabric Watch Strap | OH SELECTION\" \/>\n<meta property=\"og:description\" content=\"Two-strand Perlon fabric watch strap with a 60s vintage style, revisited for a modern and elegant look. Comfortable, durable, and waterproof, it fits most watches thanks to its varied sizes and adjustable buckle. Available in several colors and buckle finishes to customize your watch according to your desires.  Shipping within 2 to 6 days &nbsp;\" \/>\n<meta property=\"og:url\" content=\"https:\/\/www.ohselection.com\/en\/produit\/abp-concept-braided-fabric-watch-strap\/\" \/>\n<meta property=\"og:site_name\" content=\"OH SELECTION\" \/>\n<meta property=\"article:publisher\" content=\"https:\/\/www.facebook.com\/ohselectionparis\/\" \/>\n<meta property=\"article:modified_time\" content=\"2025-09-26T12:50:20+00:00\" \/>\n<meta property=\"og:image\" content=\"https:\/\/www.ohselection.com\/wp-content\/uploads\/2025\/04\/eventail-perlon-2-brins-composition.jpg.jpeg\" \/>\n\t<meta property=\"og:image:width\" content=\"1800\" \/>\n\t<meta property=\"og:image:height\" content=\"900\" \/>\n\t<meta property=\"og:image:type\" content=\"image\/jpeg\" \/>\n<meta name=\"twitter:card\" content=\"summary_large_image\" \/>\n<meta name=\"twitter:label1\" content=\"Est. reading time\" \/>\n\t<meta name=\"twitter:data1\" content=\"1 minute\" \/>\n<script type=\"application\/ld+json\" class=\"yoast-schema-graph\">{\"@context\":\"https:\/\/schema.org\",\"@graph\":[{\"@type\":\"WebPage\",\"@id\":\"https:\/\/www.ohselection.com\/en\/produit\/abp-concept-braided-fabric-watch-strap\/\",\"url\":\"https:\/\/www.ohselection.com\/en\/produit\/abp-concept-braided-fabric-watch-strap\/\",\"name\":\"ABP Concept Braided Fabric Watch Strap | OH SELECTION\",\"isPartOf\":{\"@id\":\"https:\/\/www.ohselection.com\/en\/#website\"},\"primaryImageOfPage\":{\"@id\":\"https:\/\/www.ohselection.com\/en\/produit\/abp-concept-braided-fabric-watch-strap\/#primaryimage\"},\"image\":{\"@id\":\"https:\/\/www.ohselection.com\/en\/produit\/abp-concept-braided-fabric-watch-strap\/#primaryimage\"},\"thumbnailUrl\":\"https:\/\/www.ohselection.com\/wp-content\/uploads\/2025\/04\/eventail-perlon-2-brins-composition.jpg.jpeg\",\"datePublished\":\"2025-04-19T11:45:21+00:00\",\"dateModified\":\"2025-09-26T12:50:20+00:00\",\"description\":\"Two-strand Perlon fabric watch strap with a 60s vintage style, revisited for a modern and elegant look. Comfortable, durable, and waterproof, it fits most watches thanks to its varied sizes and adjustable buckle. Available in several colors and buckle finishes to customize your watch according to your desires. Shipping within 2 to 6 days &nbsp;\",\"breadcrumb\":{\"@id\":\"https:\/\/www.ohselection.com\/en\/produit\/abp-concept-braided-fabric-watch-strap\/#breadcrumb\"},\"inLanguage\":\"en-US\",\"potentialAction\":[{\"@type\":\"ReadAction\",\"target\":[\"https:\/\/www.ohselection.com\/en\/produit\/abp-concept-braided-fabric-watch-strap\/\"]}]},{\"@type\":\"ImageObject\",\"inLanguage\":\"en-US\",\"@id\":\"https:\/\/www.ohselection.com\/en\/produit\/abp-concept-braided-fabric-watch-strap\/#primaryimage\",\"url\":\"https:\/\/www.ohselection.com\/wp-content\/uploads\/2025\/04\/eventail-perlon-2-brins-composition.jpg.jpeg\",\"contentUrl\":\"https:\/\/www.ohselection.com\/wp-content\/uploads\/2025\/04\/eventail-perlon-2-brins-composition.jpg.jpeg\",\"width\":1800,\"height\":900,\"caption\":\"eventail-perlon-2-brins-composition\"},{\"@type\":\"BreadcrumbList\",\"@id\":\"https:\/\/www.ohselection.com\/en\/produit\/abp-concept-braided-fabric-watch-strap\/#breadcrumb\",\"itemListElement\":[{\"@type\":\"ListItem\",\"position\":1,\"name\":\"Accueil\",\"item\":\"https:\/\/www.ohselection.com\/shop\/?lang=en\"},{\"@type\":\"ListItem\",\"position\":2,\"name\":\"Watch straps\",\"item\":\"https:\/\/www.ohselection.com\/en\/product-category\/watch-straps\/\"},{\"@type\":\"ListItem\",\"position\":3,\"name\":\"Perlon Watch Straps\",\"item\":\"https:\/\/www.ohselection.com\/en\/product-category\/perlon-watch-straps\/\"},{\"@type\":\"ListItem\",\"position\":4,\"name\":\"ABP Concept Braided Fabric Watch Strap\"}]},{\"@type\":\"WebSite\",\"@id\":\"https:\/\/www.ohselection.com\/en\/#website\",\"url\":\"https:\/\/www.ohselection.com\/en\/\",\"name\":\"OH Selection\",\"description\":\"Une s\u00e9lection de produits test\u00e9s et approuv\u00e9s par nos horlogers\",\"publisher\":{\"@id\":\"https:\/\/www.ohselection.com\/en\/#organization\"},\"alternateName\":\"Boutique sp\u00e9cialis\u00e9e dans les accessoires d'horlogerie\",\"potentialAction\":[{\"@type\":\"SearchAction\",\"target\":{\"@type\":\"EntryPoint\",\"urlTemplate\":\"https:\/\/www.ohselection.com\/en\/?s={search_term_string}\"},\"query-input\":{\"@type\":\"PropertyValueSpecification\",\"valueRequired\":true,\"valueName\":\"search_term_string\"}}],\"inLanguage\":\"en-US\"},{\"@type\":\"Organization\",\"@id\":\"https:\/\/www.ohselection.com\/en\/#organization\",\"name\":\"OH SELECTION\",\"alternateName\":\"OHSelection\",\"url\":\"https:\/\/www.ohselection.com\/en\/\",\"logo\":{\"@type\":\"ImageObject\",\"inLanguage\":\"en-US\",\"@id\":\"https:\/\/www.ohselection.com\/en\/#\/schema\/logo\/image\/\",\"url\":\"https:\/\/www.ohselection.com\/wp-content\/uploads\/2025\/04\/Logo-OHS-N.jpg\",\"contentUrl\":\"https:\/\/www.ohselection.com\/wp-content\/uploads\/2025\/04\/Logo-OHS-N.jpg\",\"width\":1385,\"height\":325,\"caption\":\"OH SELECTION\"},\"image\":{\"@id\":\"https:\/\/www.ohselection.com\/en\/#\/schema\/logo\/image\/\"},\"sameAs\":[\"https:\/\/www.facebook.com\/ohselectionparis\/\",\"https:\/\/www.instagram.com\/ohselectionparis\/\"]}]}<\/script>\n<!-- \/ Yoast SEO plugin. -->","yoast_head_json":{"title":"ABP Concept Braided Fabric Watch Strap | OH SELECTION","description":"Two-strand Perlon fabric watch strap with a 60s vintage style, revisited for a modern and elegant look. Comfortable, durable, and waterproof, it fits most watches thanks to its varied sizes and adjustable buckle. Available in several colors and buckle finishes to customize your watch according to your desires.  Shipping within 2 to 6 days &nbsp;","robots":{"index":"index","follow":"follow","max-snippet":"max-snippet:-1","max-image-preview":"max-image-preview:large","max-video-preview":"max-video-preview:-1"},"canonical":"https:\/\/www.ohselection.com\/en\/produit\/abp-concept-braided-fabric-watch-strap\/","og_locale":"en_US","og_type":"article","og_title":"ABP Concept Braided Fabric Watch Strap | OH SELECTION","og_description":"Two-strand Perlon fabric watch strap with a 60s vintage style, revisited for a modern and elegant look. Comfortable, durable, and waterproof, it fits most watches thanks to its varied sizes and adjustable buckle. Available in several colors and buckle finishes to customize your watch according to your desires.  Shipping within 2 to 6 days &nbsp;","og_url":"https:\/\/www.ohselection.com\/en\/produit\/abp-concept-braided-fabric-watch-strap\/","og_site_name":"OH SELECTION","article_publisher":"https:\/\/www.facebook.com\/ohselectionparis\/","article_modified_time":"2025-09-26T12:50:20+00:00","og_image":[{"width":1800,"height":900,"url":"https:\/\/www.ohselection.com\/wp-content\/uploads\/2025\/04\/eventail-perlon-2-brins-composition.jpg.jpeg","type":"image\/jpeg"}],"twitter_card":"summary_large_image","twitter_misc":{"Est. reading time":"1 minute"},"schema":{"@context":"https:\/\/schema.org","@graph":[{"@type":"WebPage","@id":"https:\/\/www.ohselection.com\/en\/produit\/abp-concept-braided-fabric-watch-strap\/","url":"https:\/\/www.ohselection.com\/en\/produit\/abp-concept-braided-fabric-watch-strap\/","name":"ABP Concept Braided Fabric Watch Strap | OH SELECTION","isPartOf":{"@id":"https:\/\/www.ohselection.com\/en\/#website"},"primaryImageOfPage":{"@id":"https:\/\/www.ohselection.com\/en\/produit\/abp-concept-braided-fabric-watch-strap\/#primaryimage"},"image":{"@id":"https:\/\/www.ohselection.com\/en\/produit\/abp-concept-braided-fabric-watch-strap\/#primaryimage"},"thumbnailUrl":"https:\/\/www.ohselection.com\/wp-content\/uploads\/2025\/04\/eventail-perlon-2-brins-composition.jpg.jpeg","datePublished":"2025-04-19T11:45:21+00:00","dateModified":"2025-09-26T12:50:20+00:00","description":"Two-strand Perlon fabric watch strap with a 60s vintage style, revisited for a modern and elegant look. Comfortable, durable, and waterproof, it fits most watches thanks to its varied sizes and adjustable buckle. Available in several colors and buckle finishes to customize your watch according to your desires. Shipping within 2 to 6 days &nbsp;","breadcrumb":{"@id":"https:\/\/www.ohselection.com\/en\/produit\/abp-concept-braided-fabric-watch-strap\/#breadcrumb"},"inLanguage":"en-US","potentialAction":[{"@type":"ReadAction","target":["https:\/\/www.ohselection.com\/en\/produit\/abp-concept-braided-fabric-watch-strap\/"]}]},{"@type":"ImageObject","inLanguage":"en-US","@id":"https:\/\/www.ohselection.com\/en\/produit\/abp-concept-braided-fabric-watch-strap\/#primaryimage","url":"https:\/\/www.ohselection.com\/wp-content\/uploads\/2025\/04\/eventail-perlon-2-brins-composition.jpg.jpeg","contentUrl":"https:\/\/www.ohselection.com\/wp-content\/uploads\/2025\/04\/eventail-perlon-2-brins-composition.jpg.jpeg","width":1800,"height":900,"caption":"eventail-perlon-2-brins-composition"},{"@type":"BreadcrumbList","@id":"https:\/\/www.ohselection.com\/en\/produit\/abp-concept-braided-fabric-watch-strap\/#breadcrumb","itemListElement":[{"@type":"ListItem","position":1,"name":"Accueil","item":"https:\/\/www.ohselection.com\/shop\/?lang=en"},{"@type":"ListItem","position":2,"name":"Watch straps","item":"https:\/\/www.ohselection.com\/en\/product-category\/watch-straps\/"},{"@type":"ListItem","position":3,"name":"Perlon Watch Straps","item":"https:\/\/www.ohselection.com\/en\/product-category\/perlon-watch-straps\/"},{"@type":"ListItem","position":4,"name":"ABP Concept Braided Fabric Watch Strap"}]},{"@type":"WebSite","@id":"https:\/\/www.ohselection.com\/en\/#website","url":"https:\/\/www.ohselection.com\/en\/","name":"OH Selection","description":"Une s\u00e9lection de produits test\u00e9s et approuv\u00e9s par nos horlogers","publisher":{"@id":"https:\/\/www.ohselection.com\/en\/#organization"},"alternateName":"Boutique sp\u00e9cialis\u00e9e dans les accessoires d'horlogerie","potentialAction":[{"@type":"SearchAction","target":{"@type":"EntryPoint","urlTemplate":"https:\/\/www.ohselection.com\/en\/?s={search_term_string}"},"query-input":{"@type":"PropertyValueSpecification","valueRequired":true,"valueName":"search_term_string"}}],"inLanguage":"en-US"},{"@type":"Organization","@id":"https:\/\/www.ohselection.com\/en\/#organization","name":"OH SELECTION","alternateName":"OHSelection","url":"https:\/\/www.ohselection.com\/en\/","logo":{"@type":"ImageObject","inLanguage":"en-US","@id":"https:\/\/www.ohselection.com\/en\/#\/schema\/logo\/image\/","url":"https:\/\/www.ohselection.com\/wp-content\/uploads\/2025\/04\/Logo-OHS-N.jpg","contentUrl":"https:\/\/www.ohselection.com\/wp-content\/uploads\/2025\/04\/Logo-OHS-N.jpg","width":1385,"height":325,"caption":"OH SELECTION"},"image":{"@id":"https:\/\/www.ohselection.com\/en\/#\/schema\/logo\/image\/"},"sameAs":["https:\/\/www.facebook.com\/ohselectionparis\/","https:\/\/www.instagram.com\/ohselectionparis\/"]}]}},"brands":[{"id":577,"name":"ABP Concept","slug":"abp-concept"}],"_links":{"self":[{"href":"https:\/\/www.ohselection.com\/en\/wp-json\/wp\/v2\/product\/107548","targetHints":{"allow":["GET"]}}],"collection":[{"href":"https:\/\/www.ohselection.com\/en\/wp-json\/wp\/v2\/product"}],"about":[{"href":"https:\/\/www.ohselection.com\/en\/wp-json\/wp\/v2\/types\/product"}],"replies":[{"embeddable":true,"href":"https:\/\/www.ohselection.com\/en\/wp-json\/wp\/v2\/comments?post=107548"}],"wp:featuredmedia":[{"embeddable":true,"href":"https:\/\/www.ohselection.com\/en\/wp-json\/wp\/v2\/media\/107549"}],"wp:attachment":[{"href":"https:\/\/www.ohselection.com\/en\/wp-json\/wp\/v2\/media?parent=107548"}],"wp:term":[{"taxonomy":"pwb-brand","embeddable":true,"href":"https:\/\/www.ohselection.com\/en\/wp-json\/wp\/v2\/pwb-brand?post=107548"},{"taxonomy":"product_brand","embeddable":true,"href":"https:\/\/www.ohselection.com\/en\/wp-json\/wp\/v2\/product_brand?post=107548"},{"taxonomy":"product_cat","embeddable":true,"href":"https:\/\/www.ohselection.com\/en\/wp-json\/wp\/v2\/product_cat?post=107548"},{"taxonomy":"product_tag","embeddable":true,"href":"https:\/\/www.ohselection.com\/en\/wp-json\/wp\/v2\/product_tag?post=107548"}],"curies":[{"name":"wp","href":"https:\/\/api.w.org\/{rel}","templated":true}]}}