{"id":108797,"date":"2017-07-12T10:21:57","date_gmt":"2017-07-12T08:21:57","guid":{"rendered":"https:\/\/www.ohselection.com\/produit\/hirsch-george-watch-strap\/"},"modified":"2025-09-26T14:51:10","modified_gmt":"2025-09-26T12:51:10","slug":"hirsch-george-watch-strap","status":"publish","type":"product","link":"https:\/\/www.ohselection.com\/en\/produit\/hirsch-george-watch-strap\/","title":{"rendered":"HIRSCH &#8211; George Watch Strap"},"content":{"rendered":"<p>[vc_row][vc_column][vc_separator][\/vc_column][\/vc_row][vc_row][vc_column width=&#8221;1\/2&#8243;][vc_column_text css=&#8221;.vc_custom_1505817814659{margin-top: 20px !important;}&#8221;]<\/p>\n<h5><img decoding=\"async\" class=\"alignnone size-full wp-image-6386\" src=\"\/wp-content\/uploads\/2017\/07\/Capture-d%E2%80%99e%C4%9Bcran-2017-08-02-a%C4%9A-15.48.12.png\" alt=\"\" width=\"50\"> Description<\/h5>\n<p>[\/vc_column_text][vc_column_text]<\/p>\n<ul>\n<li>Hirsch George Model Watch Strap<\/li>\n<li>Made from fine Italian calf leather with natural alligator embossing and a characteristic two-tone semi-matte finish<\/li>\n<li>A pleasantly flexible rubber structure designed to subtly adapt to your wrist<\/li>\n<li>Contrasting Patented Stitching<\/li>\n<li>Embedded Fixed Keeper<\/li>\n<li>Constant Wrist Ventilation<\/li>\n<li>Optimal Comfort<\/li>\n<li>Water resistant bracelet<\/li>\n<li>This Hirsch watch strap is suitable for individuals with sensitive skin<\/li>\n<li>Stainless steel buckle<\/li>\n<li>Watch strap available in 2 colors: black\/red or dark brown<\/li>\n<li>2-year warranty<\/li>\n<\/ul>\n<p><em>Please allow approximately one month for delivery for this model.<\/em>[\/vc_column_text][\/vc_column][vc_column width=&#8221;1\/2&#8243;][vc_column_text css=&#8221;.vc_custom_1505817822505{margin-top: 20px !important;}&#8221;]<\/p>\n<h5><img decoding=\"async\" class=\"alignnone size-full wp-image-6386\" src=\"\/wp-content\/uploads\/2017\/07\/Capture-d%E2%80%99e%C4%9Bcran-2017-08-02-a%C4%9A-15.48.12.png\" alt=\"\" width=\"50\"> Our Expert&#8217;s Opinion<\/h5>\n<p>[\/vc_column_text][vc_column_text]<img loading=\"lazy\" decoding=\"async\" class=\" wp-image-6394 alignleft\" src=\"\/wp-content\/uploads\/2017\/08\/DSC_2112a-132x150.png\" alt=\"\" width=\"103\" height=\"118\">&#8220;Hirsch George watch straps combine performance and design to the delight of watch enthusiasts! Made of genuine leather, this magnificent watch strap features a rubber structure that perfectly conforms to the wrist for optimal comfort!&#8221;  <span class=\"s1\">&#8221; <\/span>[\/vc_column_text][\/vc_column][\/vc_row][vc_row][vc_column][vc_column_text css=&#8221;.vc_custom_1505817875257{margin-top: 20px !important;}&#8221; el_class=&#8221;zoomproduit&#8221;][:en][vc_row][vc_column][vc_separator][\/vc_column][\/vc_row][vc_row][vc_column width=&#8221;1\/2&#8243;][vc_column_text css=&#8221;.vc_custom_1505817814659{margin-top: 20px !important;}&#8221;]<\/p>\n<h5><img decoding=\"async\" class=\"alignnone size-full wp-image-6386\" src=\"\/wp-content\/uploads\/2017\/07\/Capture-d%E2%80%99e%C4%9Bcran-2017-08-02-a%C4%9A-15.48.12.png\" alt=\"\" width=\"50\"> Description<\/h5>\n<p>[\/vc_column_text][vc_column_text]<\/p>\n<ul>\n<li>Hirsch George Model Watch Strap<\/li>\n<li>Made from fine Italian calf leather with natural alligator embossing and a characteristic two-tone semi-matte finish<\/li>\n<li>A pleasantly flexible rubber structure designed to subtly adapt to your wrist<\/li>\n<li>Contrasting Patented Stitching<\/li>\n<li>Embedded Fixed Keeper<\/li>\n<li>Constant Wrist Ventilation<\/li>\n<li>Optimal Comfort<\/li>\n<li>Water resistant bracelet<\/li>\n<li>This Hirsch watch strap is suitable for individuals with sensitive skin<\/li>\n<li>Stainless steel buckle<\/li>\n<li>Watch strap available in 2 colors: black\/red or dark brown<\/li>\n<li>2-year warranty<\/li>\n<\/ul>\n<p><em>Please allow approximately one month for delivery for this model.<\/em>[\/vc_column_text][\/vc_column][vc_column width=&#8221;1\/2&#8243;][vc_column_text css=&#8221;.vc_custom_1505817822505{margin-top: 20px !important;}&#8221;]<\/p>\n<h5><img decoding=\"async\" class=\"alignnone size-full wp-image-6386\" src=\"\/wp-content\/uploads\/2017\/07\/Capture-d%E2%80%99e%C4%9Bcran-2017-08-02-a%C4%9A-15.48.12.png\" alt=\"\" width=\"50\"> Our Expert&#8217;s Opinion<\/h5>\n<p>[\/vc_column_text][vc_column_text]<img loading=\"lazy\" decoding=\"async\" class=\" wp-image-6394 alignleft\" src=\"\/wp-content\/uploads\/2017\/08\/DSC_2112a-132x150.png\" alt=\"\" width=\"103\" height=\"118\">&#8220;Hirsch George watch straps combine performance and design to the delight of watch enthusiasts! Made of genuine leather, this magnificent watch strap features a rubber structure that perfectly conforms to the wrist for optimal comfort!&#8221;  <span class=\"s1\">&#8221; <\/span>[\/vc_column_text][\/vc_column][\/vc_row][vc_row][vc_column][vc_column_text css=&#8221;.vc_custom_1505817875257{margin-top: 20px !important;}&#8221; el_class=&#8221;zoomproduit&#8221;]<\/p>\n<h5><img decoding=\"async\" class=\"alignnone size-full wp-image-6386\" src=\"\/wp-content\/uploads\/2017\/07\/Capture-d%E2%80%99e%C4%9Bcran-2017-08-02-a%C4%9A-15.48.12.png\" alt=\"\" width=\"50\"> Product Overview<\/h5>\n<p>[\/vc_column_text][vc_column_text][bracelet-george][\/vc_column_text][\/vc_column][\/vc_row]<\/p>\n","protected":false},"excerpt":{"rendered":"<p>Elegant and high-performing, the Hirsch George watch strap combines Italian calf leather embossed with alligator grain and a flexible rubber structure for optimal comfort. Water-resistant and suitable for sensitive skin, it adds a refined touch to your watch. <\/p>\n","protected":false},"featured_media":108834,"comment_status":"open","ping_status":"closed","template":"","meta":[],"pwb-brand":[571],"product_brand":[699],"product_cat":[830,824],"product_tag":[],"class_list":{"0":"post-108797","1":"product","2":"type-product","3":"status-publish","4":"has-post-thumbnail","6":"pwb-brand-hirsch","7":"product_brand-hirsch","8":"product_cat-gifts-under-100-euros","9":"product_cat-watch-straps","10":"product_shipping_class-low-stock","11":"pa_couleur-black-red","12":"pa_couleur-dark-brown","13":"pa_taille-20mm","14":"pa_taille-22mm","15":"pa_taille-24mm","17":"first","18":"instock","19":"taxable","20":"shipping-taxable","21":"purchasable","22":"product-type-variable"},"yoast_head":"<!-- This site is optimized with the Yoast SEO plugin v27.0 - https:\/\/yoast.com\/product\/yoast-seo-wordpress\/ -->\n<title>Highly Fashionable Hirsch George Model Alligator Leather Watch Strap<\/title>\n<meta name=\"description\" content=\"Shop at OH S\u00e9lection for the refined, highly fashionable Hirsch George model leather watch strap for a cutting-edge look!\" \/>\n<meta name=\"robots\" content=\"index, follow, max-snippet:-1, max-image-preview:large, max-video-preview:-1\" \/>\n<link rel=\"canonical\" href=\"https:\/\/www.ohselection.com\/en\/produit\/hirsch-george-watch-strap\/\" \/>\n<meta property=\"og:locale\" content=\"en_US\" \/>\n<meta property=\"og:type\" content=\"article\" \/>\n<meta property=\"og:title\" content=\"Highly Fashionable Hirsch George Model Alligator Leather Watch Strap\" \/>\n<meta property=\"og:description\" content=\"Shop at OH S\u00e9lection for the refined, highly fashionable Hirsch George model leather watch strap for a cutting-edge look!\" \/>\n<meta property=\"og:url\" content=\"https:\/\/www.ohselection.com\/en\/produit\/hirsch-george-watch-strap\/\" \/>\n<meta property=\"og:site_name\" content=\"OH SELECTION\" \/>\n<meta property=\"article:publisher\" content=\"https:\/\/www.facebook.com\/ohselectionparis\/\" \/>\n<meta property=\"article:modified_time\" content=\"2025-09-26T12:51:10+00:00\" \/>\n<meta property=\"og:image\" content=\"https:\/\/www.ohselection.com\/wp-content\/uploads\/2019\/07\/P1220407.jpg\" \/>\n\t<meta property=\"og:image:width\" content=\"1592\" \/>\n\t<meta property=\"og:image:height\" content=\"896\" \/>\n\t<meta property=\"og:image:type\" content=\"image\/jpeg\" \/>\n<meta name=\"twitter:card\" content=\"summary_large_image\" \/>\n<meta name=\"twitter:label1\" content=\"Est. reading time\" \/>\n\t<meta name=\"twitter:data1\" content=\"2 minutes\" \/>\n<script type=\"application\/ld+json\" class=\"yoast-schema-graph\">{\"@context\":\"https:\/\/schema.org\",\"@graph\":[{\"@type\":\"WebPage\",\"@id\":\"https:\/\/www.ohselection.com\/en\/produit\/hirsch-george-watch-strap\/\",\"url\":\"https:\/\/www.ohselection.com\/en\/produit\/hirsch-george-watch-strap\/\",\"name\":\"Highly Fashionable Hirsch George Model Alligator Leather Watch Strap\",\"isPartOf\":{\"@id\":\"https:\/\/www.ohselection.com\/en\/#website\"},\"primaryImageOfPage\":{\"@id\":\"https:\/\/www.ohselection.com\/en\/produit\/hirsch-george-watch-strap\/#primaryimage\"},\"image\":{\"@id\":\"https:\/\/www.ohselection.com\/en\/produit\/hirsch-george-watch-strap\/#primaryimage\"},\"thumbnailUrl\":\"https:\/\/www.ohselection.com\/wp-content\/uploads\/2019\/07\/P1220407.jpg\",\"datePublished\":\"2017-07-12T08:21:57+00:00\",\"dateModified\":\"2025-09-26T12:51:10+00:00\",\"description\":\"Shop at OH S\u00e9lection for the refined, highly fashionable Hirsch George model leather watch strap for a cutting-edge look!\",\"breadcrumb\":{\"@id\":\"https:\/\/www.ohselection.com\/en\/produit\/hirsch-george-watch-strap\/#breadcrumb\"},\"inLanguage\":\"en-US\",\"potentialAction\":[{\"@type\":\"ReadAction\",\"target\":[\"https:\/\/www.ohselection.com\/en\/produit\/hirsch-george-watch-strap\/\"]}]},{\"@type\":\"ImageObject\",\"inLanguage\":\"en-US\",\"@id\":\"https:\/\/www.ohselection.com\/en\/produit\/hirsch-george-watch-strap\/#primaryimage\",\"url\":\"https:\/\/www.ohselection.com\/wp-content\/uploads\/2019\/07\/P1220407.jpg\",\"contentUrl\":\"https:\/\/www.ohselection.com\/wp-content\/uploads\/2019\/07\/P1220407.jpg\",\"width\":1592,\"height\":896},{\"@type\":\"BreadcrumbList\",\"@id\":\"https:\/\/www.ohselection.com\/en\/produit\/hirsch-george-watch-strap\/#breadcrumb\",\"itemListElement\":[{\"@type\":\"ListItem\",\"position\":1,\"name\":\"Accueil\",\"item\":\"https:\/\/www.ohselection.com\/shop\/?lang=en\"},{\"@type\":\"ListItem\",\"position\":2,\"name\":\"Watch straps\",\"item\":\"https:\/\/www.ohselection.com\/en\/product-category\/watch-straps\/\"},{\"@type\":\"ListItem\",\"position\":3,\"name\":\"HIRSCH &#8211; George Watch Strap\"}]},{\"@type\":\"WebSite\",\"@id\":\"https:\/\/www.ohselection.com\/en\/#website\",\"url\":\"https:\/\/www.ohselection.com\/en\/\",\"name\":\"OH Selection\",\"description\":\"Une s\u00e9lection de produits test\u00e9s et approuv\u00e9s par nos horlogers\",\"publisher\":{\"@id\":\"https:\/\/www.ohselection.com\/en\/#organization\"},\"alternateName\":\"Boutique sp\u00e9cialis\u00e9e dans les accessoires d'horlogerie\",\"potentialAction\":[{\"@type\":\"SearchAction\",\"target\":{\"@type\":\"EntryPoint\",\"urlTemplate\":\"https:\/\/www.ohselection.com\/en\/?s={search_term_string}\"},\"query-input\":{\"@type\":\"PropertyValueSpecification\",\"valueRequired\":true,\"valueName\":\"search_term_string\"}}],\"inLanguage\":\"en-US\"},{\"@type\":\"Organization\",\"@id\":\"https:\/\/www.ohselection.com\/en\/#organization\",\"name\":\"OH SELECTION\",\"alternateName\":\"OHSelection\",\"url\":\"https:\/\/www.ohselection.com\/en\/\",\"logo\":{\"@type\":\"ImageObject\",\"inLanguage\":\"en-US\",\"@id\":\"https:\/\/www.ohselection.com\/en\/#\/schema\/logo\/image\/\",\"url\":\"https:\/\/www.ohselection.com\/wp-content\/uploads\/2025\/04\/Logo-OHS-N.jpg\",\"contentUrl\":\"https:\/\/www.ohselection.com\/wp-content\/uploads\/2025\/04\/Logo-OHS-N.jpg\",\"width\":1385,\"height\":325,\"caption\":\"OH SELECTION\"},\"image\":{\"@id\":\"https:\/\/www.ohselection.com\/en\/#\/schema\/logo\/image\/\"},\"sameAs\":[\"https:\/\/www.facebook.com\/ohselectionparis\/\",\"https:\/\/www.instagram.com\/ohselectionparis\/\"]}]}<\/script>\n<!-- \/ Yoast SEO plugin. -->","yoast_head_json":{"title":"Highly Fashionable Hirsch George Model Alligator Leather Watch Strap","description":"Shop at OH S\u00e9lection for the refined, highly fashionable Hirsch George model leather watch strap for a cutting-edge look!","robots":{"index":"index","follow":"follow","max-snippet":"max-snippet:-1","max-image-preview":"max-image-preview:large","max-video-preview":"max-video-preview:-1"},"canonical":"https:\/\/www.ohselection.com\/en\/produit\/hirsch-george-watch-strap\/","og_locale":"en_US","og_type":"article","og_title":"Highly Fashionable Hirsch George Model Alligator Leather Watch Strap","og_description":"Shop at OH S\u00e9lection for the refined, highly fashionable Hirsch George model leather watch strap for a cutting-edge look!","og_url":"https:\/\/www.ohselection.com\/en\/produit\/hirsch-george-watch-strap\/","og_site_name":"OH SELECTION","article_publisher":"https:\/\/www.facebook.com\/ohselectionparis\/","article_modified_time":"2025-09-26T12:51:10+00:00","og_image":[{"width":1592,"height":896,"url":"https:\/\/www.ohselection.com\/wp-content\/uploads\/2019\/07\/P1220407.jpg","type":"image\/jpeg"}],"twitter_card":"summary_large_image","twitter_misc":{"Est. reading time":"2 minutes"},"schema":{"@context":"https:\/\/schema.org","@graph":[{"@type":"WebPage","@id":"https:\/\/www.ohselection.com\/en\/produit\/hirsch-george-watch-strap\/","url":"https:\/\/www.ohselection.com\/en\/produit\/hirsch-george-watch-strap\/","name":"Highly Fashionable Hirsch George Model Alligator Leather Watch Strap","isPartOf":{"@id":"https:\/\/www.ohselection.com\/en\/#website"},"primaryImageOfPage":{"@id":"https:\/\/www.ohselection.com\/en\/produit\/hirsch-george-watch-strap\/#primaryimage"},"image":{"@id":"https:\/\/www.ohselection.com\/en\/produit\/hirsch-george-watch-strap\/#primaryimage"},"thumbnailUrl":"https:\/\/www.ohselection.com\/wp-content\/uploads\/2019\/07\/P1220407.jpg","datePublished":"2017-07-12T08:21:57+00:00","dateModified":"2025-09-26T12:51:10+00:00","description":"Shop at OH S\u00e9lection for the refined, highly fashionable Hirsch George model leather watch strap for a cutting-edge look!","breadcrumb":{"@id":"https:\/\/www.ohselection.com\/en\/produit\/hirsch-george-watch-strap\/#breadcrumb"},"inLanguage":"en-US","potentialAction":[{"@type":"ReadAction","target":["https:\/\/www.ohselection.com\/en\/produit\/hirsch-george-watch-strap\/"]}]},{"@type":"ImageObject","inLanguage":"en-US","@id":"https:\/\/www.ohselection.com\/en\/produit\/hirsch-george-watch-strap\/#primaryimage","url":"https:\/\/www.ohselection.com\/wp-content\/uploads\/2019\/07\/P1220407.jpg","contentUrl":"https:\/\/www.ohselection.com\/wp-content\/uploads\/2019\/07\/P1220407.jpg","width":1592,"height":896},{"@type":"BreadcrumbList","@id":"https:\/\/www.ohselection.com\/en\/produit\/hirsch-george-watch-strap\/#breadcrumb","itemListElement":[{"@type":"ListItem","position":1,"name":"Accueil","item":"https:\/\/www.ohselection.com\/shop\/?lang=en"},{"@type":"ListItem","position":2,"name":"Watch straps","item":"https:\/\/www.ohselection.com\/en\/product-category\/watch-straps\/"},{"@type":"ListItem","position":3,"name":"HIRSCH &#8211; George Watch Strap"}]},{"@type":"WebSite","@id":"https:\/\/www.ohselection.com\/en\/#website","url":"https:\/\/www.ohselection.com\/en\/","name":"OH Selection","description":"Une s\u00e9lection de produits test\u00e9s et approuv\u00e9s par nos horlogers","publisher":{"@id":"https:\/\/www.ohselection.com\/en\/#organization"},"alternateName":"Boutique sp\u00e9cialis\u00e9e dans les accessoires d'horlogerie","potentialAction":[{"@type":"SearchAction","target":{"@type":"EntryPoint","urlTemplate":"https:\/\/www.ohselection.com\/en\/?s={search_term_string}"},"query-input":{"@type":"PropertyValueSpecification","valueRequired":true,"valueName":"search_term_string"}}],"inLanguage":"en-US"},{"@type":"Organization","@id":"https:\/\/www.ohselection.com\/en\/#organization","name":"OH SELECTION","alternateName":"OHSelection","url":"https:\/\/www.ohselection.com\/en\/","logo":{"@type":"ImageObject","inLanguage":"en-US","@id":"https:\/\/www.ohselection.com\/en\/#\/schema\/logo\/image\/","url":"https:\/\/www.ohselection.com\/wp-content\/uploads\/2025\/04\/Logo-OHS-N.jpg","contentUrl":"https:\/\/www.ohselection.com\/wp-content\/uploads\/2025\/04\/Logo-OHS-N.jpg","width":1385,"height":325,"caption":"OH SELECTION"},"image":{"@id":"https:\/\/www.ohselection.com\/en\/#\/schema\/logo\/image\/"},"sameAs":["https:\/\/www.facebook.com\/ohselectionparis\/","https:\/\/www.instagram.com\/ohselectionparis\/"]}]}},"brands":[{"id":571,"name":"Hirsch","slug":"hirsch"}],"_links":{"self":[{"href":"https:\/\/www.ohselection.com\/en\/wp-json\/wp\/v2\/product\/108797","targetHints":{"allow":["GET"]}}],"collection":[{"href":"https:\/\/www.ohselection.com\/en\/wp-json\/wp\/v2\/product"}],"about":[{"href":"https:\/\/www.ohselection.com\/en\/wp-json\/wp\/v2\/types\/product"}],"replies":[{"embeddable":true,"href":"https:\/\/www.ohselection.com\/en\/wp-json\/wp\/v2\/comments?post=108797"}],"wp:featuredmedia":[{"embeddable":true,"href":"https:\/\/www.ohselection.com\/en\/wp-json\/wp\/v2\/media\/108834"}],"wp:attachment":[{"href":"https:\/\/www.ohselection.com\/en\/wp-json\/wp\/v2\/media?parent=108797"}],"wp:term":[{"taxonomy":"pwb-brand","embeddable":true,"href":"https:\/\/www.ohselection.com\/en\/wp-json\/wp\/v2\/pwb-brand?post=108797"},{"taxonomy":"product_brand","embeddable":true,"href":"https:\/\/www.ohselection.com\/en\/wp-json\/wp\/v2\/product_brand?post=108797"},{"taxonomy":"product_cat","embeddable":true,"href":"https:\/\/www.ohselection.com\/en\/wp-json\/wp\/v2\/product_cat?post=108797"},{"taxonomy":"product_tag","embeddable":true,"href":"https:\/\/www.ohselection.com\/en\/wp-json\/wp\/v2\/product_tag?post=108797"}],"curies":[{"name":"wp","href":"https:\/\/api.w.org\/{rel}","templated":true}]}}