{"id":108799,"date":"2025-04-22T16:20:36","date_gmt":"2025-04-22T14:20:36","guid":{"rendered":"https:\/\/www.ohselection.com\/produit\/abp-concept-elastic-nylon-fabric-solid-color-watch-strap\/"},"modified":"2025-09-27T10:30:56","modified_gmt":"2025-09-27T08:30:56","slug":"abp-concept-elastic-nylon-fabric-solid-color-watch-strap","status":"publish","type":"product","link":"https:\/\/www.ohselection.com\/en\/produit\/abp-concept-elastic-nylon-fabric-solid-color-watch-strap\/","title":{"rendered":"ABP Concept Elastic Nylon Fabric Solid Color Watch Strap"},"content":{"rendered":"<h3><img decoding=\"async\" class=\"alignnone size-full wp-image-6386\" src=\"\/wp-content\/uploads\/2017\/07\/Capture-d%E2%80%99e%C4%9Bcran-2017-08-02-a%C4%9A-15.48.12.png\" alt=\"\" width=\"50\"> Description<\/h3>\n<p>Opt for an elastic nylon watch strap, which is both durable, comfortable, and easy to adjust. Crafted from a high-quality stretch fabric, it perfectly conforms to the shape of the wrist for optimal daily support. Available in 14 solid colors \u2013 from classic black or beige to more daring shades like orange, pink, or electric blue \u2013 it adapts to all styles and preferences.  <\/p>\n<p>Available in a wide range of widths (from 17mm to 24mm), this strap is easily installed on most watches with compatible lug widths (Omega, Rolex, Breitling, Panerai, Tudor, Seiko, etc.). Handcrafted, it requires a one-week production time before shipping from our Parisian workshop. <\/p>\n<p>To choose the correct length, measure your wrist circumference and the distance between your watch&#8217;s lugs. Apply the following formula: (Wrist circumference in mm) &#8211; (lug distance) + 10mm. Then select the closest length. Should you have any questions, our team is available to assist you.   <\/p>\n<h3><img decoding=\"async\" class=\"alignnone size-full wp-image-6386\" src=\"\/wp-content\/uploads\/2017\/07\/Capture-d%E2%80%99e%C4%9Bcran-2017-08-02-a%C4%9A-15.48.12.png\" alt=\"\" width=\"50\"> Presentation Video<\/h3>\n<p><iframe loading=\"lazy\" title=\"YouTube video player\" src=\"https:\/\/www.youtube.com\/embed\/a_VDjHM72dU\" width=\"1200\" height=\"800\" frameborder=\"0\" allowfullscreen=\"allowfullscreen\"><\/iframe><\/p>\n","protected":false},"excerpt":{"rendered":"<p>Elastic nylon watch strap, durable and ultra-comfortable, handcrafted in Paris. Available in 14 colors and several sizes (17 to 24 mm) to fit all watches. Ideal for personalizing your watch with style and lightness.  <\/p>\n<p><strong><em>Shipping within 2 to 6 days<\/em><\/strong><\/p>\n<p>&nbsp;<\/p>\n<p><strong><em>Shipping within 2 to 6 days<\/em><\/strong><\/p>\n<p>&nbsp;<\/p>\n<p><strong><em>Shipping within 2 to 6 days<\/em><\/strong><\/p>\n<p>&nbsp;<\/p>\n<p><strong><em>Shipping within 2 to 6 days<\/em><\/strong><\/p>\n<p>&nbsp;<\/p>\n","protected":false},"featured_media":108136,"comment_status":"open","ping_status":"closed","template":"","meta":[],"pwb-brand":[577],"product_brand":[697],"product_cat":[833,834,829,840,824],"product_tag":[],"class_list":{"0":"post-108799","1":"product","2":"type-product","3":"status-publish","4":"has-post-thumbnail","6":"pwb-brand-abp-concept","7":"product_brand-abp-concept","8":"product_cat-fabric-watch-strap","9":"product_cat-gifts-under-e50","10":"product_cat-omega-strap","11":"product_cat-rolex-strap","12":"product_cat-watch-straps","13":"product_shipping_class-lightweight-supplier","15":"first","16":"instock","17":"taxable","18":"shipping-taxable","19":"purchasable","20":"product-type-simple"},"yoast_head":"<!-- This site is optimized with the Yoast SEO plugin v27.0 - https:\/\/yoast.com\/product\/yoast-seo-wordpress\/ -->\n<title>ABP Concept Elastic Nylon Fabric Solid Color Watch Strap | OH SELECTION<\/title>\n<meta name=\"description\" content=\"Elastic nylon watch strap, durable and ultra-comfortable, handcrafted in Paris. Available in 14 colors and several sizes (17 to 24 mm) to fit all watches. Ideal for personalizing your watch with style and lightness.  Shipping within 2 to 6 days &nbsp; Shipping within 2 to 6 days &nbsp; Shipping within 2 to 6 days &nbsp; Shipping within 2 to 6 days &nbsp;\" \/>\n<meta name=\"robots\" content=\"index, follow, max-snippet:-1, max-image-preview:large, max-video-preview:-1\" \/>\n<link rel=\"canonical\" href=\"https:\/\/www.ohselection.com\/en\/produit\/abp-concept-elastic-nylon-fabric-solid-color-watch-strap\/\" \/>\n<meta property=\"og:locale\" content=\"en_US\" \/>\n<meta property=\"og:type\" content=\"article\" \/>\n<meta property=\"og:title\" content=\"ABP Concept Elastic Nylon Fabric Solid Color Watch Strap | OH SELECTION\" \/>\n<meta property=\"og:description\" content=\"Elastic nylon watch strap, durable and ultra-comfortable, handcrafted in Paris. Available in 14 colors and several sizes (17 to 24 mm) to fit all watches. Ideal for personalizing your watch with style and lightness.  Shipping within 2 to 6 days &nbsp; Shipping within 2 to 6 days &nbsp; Shipping within 2 to 6 days &nbsp; Shipping within 2 to 6 days &nbsp;\" \/>\n<meta property=\"og:url\" content=\"https:\/\/www.ohselection.com\/en\/produit\/abp-concept-elastic-nylon-fabric-solid-color-watch-strap\/\" \/>\n<meta property=\"og:site_name\" content=\"OH SELECTION\" \/>\n<meta property=\"article:publisher\" content=\"https:\/\/www.facebook.com\/ohselectionparis\/\" \/>\n<meta property=\"article:modified_time\" content=\"2025-09-27T08:30:56+00:00\" \/>\n<meta property=\"og:image\" content=\"https:\/\/www.ohselection.com\/wp-content\/uploads\/2025\/04\/bracelet-elastique-couv-uni.jpeg\" \/>\n\t<meta property=\"og:image:width\" content=\"1800\" \/>\n\t<meta property=\"og:image:height\" content=\"900\" \/>\n\t<meta property=\"og:image:type\" content=\"image\/jpeg\" \/>\n<meta name=\"twitter:card\" content=\"summary_large_image\" \/>\n<meta name=\"twitter:label1\" content=\"Est. reading time\" \/>\n\t<meta name=\"twitter:data1\" content=\"1 minute\" \/>\n<script type=\"application\/ld+json\" class=\"yoast-schema-graph\">{\"@context\":\"https:\/\/schema.org\",\"@graph\":[{\"@type\":\"WebPage\",\"@id\":\"https:\/\/www.ohselection.com\/en\/produit\/abp-concept-elastic-nylon-fabric-solid-color-watch-strap\/\",\"url\":\"https:\/\/www.ohselection.com\/en\/produit\/abp-concept-elastic-nylon-fabric-solid-color-watch-strap\/\",\"name\":\"ABP Concept Elastic Nylon Fabric Solid Color Watch Strap | OH SELECTION\",\"isPartOf\":{\"@id\":\"https:\/\/www.ohselection.com\/en\/#website\"},\"primaryImageOfPage\":{\"@id\":\"https:\/\/www.ohselection.com\/en\/produit\/abp-concept-elastic-nylon-fabric-solid-color-watch-strap\/#primaryimage\"},\"image\":{\"@id\":\"https:\/\/www.ohselection.com\/en\/produit\/abp-concept-elastic-nylon-fabric-solid-color-watch-strap\/#primaryimage\"},\"thumbnailUrl\":\"https:\/\/www.ohselection.com\/wp-content\/uploads\/2025\/04\/bracelet-elastique-couv-uni.jpeg\",\"datePublished\":\"2025-04-22T14:20:36+00:00\",\"dateModified\":\"2025-09-27T08:30:56+00:00\",\"description\":\"Elastic nylon watch strap, durable and ultra-comfortable, handcrafted in Paris. Available in 14 colors and several sizes (17 to 24 mm) to fit all watches. Ideal for personalizing your watch with style and lightness. Shipping within 2 to 6 days &nbsp; Shipping within 2 to 6 days &nbsp; Shipping within 2 to 6 days &nbsp; Shipping within 2 to 6 days &nbsp;\",\"breadcrumb\":{\"@id\":\"https:\/\/www.ohselection.com\/en\/produit\/abp-concept-elastic-nylon-fabric-solid-color-watch-strap\/#breadcrumb\"},\"inLanguage\":\"en-US\",\"potentialAction\":[{\"@type\":\"ReadAction\",\"target\":[\"https:\/\/www.ohselection.com\/en\/produit\/abp-concept-elastic-nylon-fabric-solid-color-watch-strap\/\"]}]},{\"@type\":\"ImageObject\",\"inLanguage\":\"en-US\",\"@id\":\"https:\/\/www.ohselection.com\/en\/produit\/abp-concept-elastic-nylon-fabric-solid-color-watch-strap\/#primaryimage\",\"url\":\"https:\/\/www.ohselection.com\/wp-content\/uploads\/2025\/04\/bracelet-elastique-couv-uni.jpeg\",\"contentUrl\":\"https:\/\/www.ohselection.com\/wp-content\/uploads\/2025\/04\/bracelet-elastique-couv-uni.jpeg\",\"width\":1800,\"height\":900,\"caption\":\"elastic-solid-color-strap\"},{\"@type\":\"BreadcrumbList\",\"@id\":\"https:\/\/www.ohselection.com\/en\/produit\/abp-concept-elastic-nylon-fabric-solid-color-watch-strap\/#breadcrumb\",\"itemListElement\":[{\"@type\":\"ListItem\",\"position\":1,\"name\":\"Accueil\",\"item\":\"https:\/\/www.ohselection.com\/shop\/?lang=en\"},{\"@type\":\"ListItem\",\"position\":2,\"name\":\"Watch straps\",\"item\":\"https:\/\/www.ohselection.com\/en\/product-category\/watch-straps\/\"},{\"@type\":\"ListItem\",\"position\":3,\"name\":\"Fabric Watch Strap\",\"item\":\"https:\/\/www.ohselection.com\/en\/product-category\/fabric-watch-strap\/\"},{\"@type\":\"ListItem\",\"position\":4,\"name\":\"ABP Concept Elastic Nylon Fabric Solid Color Watch Strap\"}]},{\"@type\":\"WebSite\",\"@id\":\"https:\/\/www.ohselection.com\/en\/#website\",\"url\":\"https:\/\/www.ohselection.com\/en\/\",\"name\":\"OH Selection\",\"description\":\"Une s\u00e9lection de produits test\u00e9s et approuv\u00e9s par nos horlogers\",\"publisher\":{\"@id\":\"https:\/\/www.ohselection.com\/en\/#organization\"},\"alternateName\":\"Boutique sp\u00e9cialis\u00e9e dans les accessoires d'horlogerie\",\"potentialAction\":[{\"@type\":\"SearchAction\",\"target\":{\"@type\":\"EntryPoint\",\"urlTemplate\":\"https:\/\/www.ohselection.com\/en\/?s={search_term_string}\"},\"query-input\":{\"@type\":\"PropertyValueSpecification\",\"valueRequired\":true,\"valueName\":\"search_term_string\"}}],\"inLanguage\":\"en-US\"},{\"@type\":\"Organization\",\"@id\":\"https:\/\/www.ohselection.com\/en\/#organization\",\"name\":\"OH SELECTION\",\"alternateName\":\"OHSelection\",\"url\":\"https:\/\/www.ohselection.com\/en\/\",\"logo\":{\"@type\":\"ImageObject\",\"inLanguage\":\"en-US\",\"@id\":\"https:\/\/www.ohselection.com\/en\/#\/schema\/logo\/image\/\",\"url\":\"https:\/\/www.ohselection.com\/wp-content\/uploads\/2025\/04\/Logo-OHS-N.jpg\",\"contentUrl\":\"https:\/\/www.ohselection.com\/wp-content\/uploads\/2025\/04\/Logo-OHS-N.jpg\",\"width\":1385,\"height\":325,\"caption\":\"OH SELECTION\"},\"image\":{\"@id\":\"https:\/\/www.ohselection.com\/en\/#\/schema\/logo\/image\/\"},\"sameAs\":[\"https:\/\/www.facebook.com\/ohselectionparis\/\",\"https:\/\/www.instagram.com\/ohselectionparis\/\"]}]}<\/script>\n<!-- \/ Yoast SEO plugin. -->","yoast_head_json":{"title":"ABP Concept Elastic Nylon Fabric Solid Color Watch Strap | OH SELECTION","description":"Elastic nylon watch strap, durable and ultra-comfortable, handcrafted in Paris. Available in 14 colors and several sizes (17 to 24 mm) to fit all watches. Ideal for personalizing your watch with style and lightness.  Shipping within 2 to 6 days &nbsp; Shipping within 2 to 6 days &nbsp; Shipping within 2 to 6 days &nbsp; Shipping within 2 to 6 days &nbsp;","robots":{"index":"index","follow":"follow","max-snippet":"max-snippet:-1","max-image-preview":"max-image-preview:large","max-video-preview":"max-video-preview:-1"},"canonical":"https:\/\/www.ohselection.com\/en\/produit\/abp-concept-elastic-nylon-fabric-solid-color-watch-strap\/","og_locale":"en_US","og_type":"article","og_title":"ABP Concept Elastic Nylon Fabric Solid Color Watch Strap | OH SELECTION","og_description":"Elastic nylon watch strap, durable and ultra-comfortable, handcrafted in Paris. Available in 14 colors and several sizes (17 to 24 mm) to fit all watches. Ideal for personalizing your watch with style and lightness.  Shipping within 2 to 6 days &nbsp; Shipping within 2 to 6 days &nbsp; Shipping within 2 to 6 days &nbsp; Shipping within 2 to 6 days &nbsp;","og_url":"https:\/\/www.ohselection.com\/en\/produit\/abp-concept-elastic-nylon-fabric-solid-color-watch-strap\/","og_site_name":"OH SELECTION","article_publisher":"https:\/\/www.facebook.com\/ohselectionparis\/","article_modified_time":"2025-09-27T08:30:56+00:00","og_image":[{"width":1800,"height":900,"url":"https:\/\/www.ohselection.com\/wp-content\/uploads\/2025\/04\/bracelet-elastique-couv-uni.jpeg","type":"image\/jpeg"}],"twitter_card":"summary_large_image","twitter_misc":{"Est. reading time":"1 minute"},"schema":{"@context":"https:\/\/schema.org","@graph":[{"@type":"WebPage","@id":"https:\/\/www.ohselection.com\/en\/produit\/abp-concept-elastic-nylon-fabric-solid-color-watch-strap\/","url":"https:\/\/www.ohselection.com\/en\/produit\/abp-concept-elastic-nylon-fabric-solid-color-watch-strap\/","name":"ABP Concept Elastic Nylon Fabric Solid Color Watch Strap | OH SELECTION","isPartOf":{"@id":"https:\/\/www.ohselection.com\/en\/#website"},"primaryImageOfPage":{"@id":"https:\/\/www.ohselection.com\/en\/produit\/abp-concept-elastic-nylon-fabric-solid-color-watch-strap\/#primaryimage"},"image":{"@id":"https:\/\/www.ohselection.com\/en\/produit\/abp-concept-elastic-nylon-fabric-solid-color-watch-strap\/#primaryimage"},"thumbnailUrl":"https:\/\/www.ohselection.com\/wp-content\/uploads\/2025\/04\/bracelet-elastique-couv-uni.jpeg","datePublished":"2025-04-22T14:20:36+00:00","dateModified":"2025-09-27T08:30:56+00:00","description":"Elastic nylon watch strap, durable and ultra-comfortable, handcrafted in Paris. Available in 14 colors and several sizes (17 to 24 mm) to fit all watches. Ideal for personalizing your watch with style and lightness. Shipping within 2 to 6 days &nbsp; Shipping within 2 to 6 days &nbsp; Shipping within 2 to 6 days &nbsp; Shipping within 2 to 6 days &nbsp;","breadcrumb":{"@id":"https:\/\/www.ohselection.com\/en\/produit\/abp-concept-elastic-nylon-fabric-solid-color-watch-strap\/#breadcrumb"},"inLanguage":"en-US","potentialAction":[{"@type":"ReadAction","target":["https:\/\/www.ohselection.com\/en\/produit\/abp-concept-elastic-nylon-fabric-solid-color-watch-strap\/"]}]},{"@type":"ImageObject","inLanguage":"en-US","@id":"https:\/\/www.ohselection.com\/en\/produit\/abp-concept-elastic-nylon-fabric-solid-color-watch-strap\/#primaryimage","url":"https:\/\/www.ohselection.com\/wp-content\/uploads\/2025\/04\/bracelet-elastique-couv-uni.jpeg","contentUrl":"https:\/\/www.ohselection.com\/wp-content\/uploads\/2025\/04\/bracelet-elastique-couv-uni.jpeg","width":1800,"height":900,"caption":"elastic-solid-color-strap"},{"@type":"BreadcrumbList","@id":"https:\/\/www.ohselection.com\/en\/produit\/abp-concept-elastic-nylon-fabric-solid-color-watch-strap\/#breadcrumb","itemListElement":[{"@type":"ListItem","position":1,"name":"Accueil","item":"https:\/\/www.ohselection.com\/shop\/?lang=en"},{"@type":"ListItem","position":2,"name":"Watch straps","item":"https:\/\/www.ohselection.com\/en\/product-category\/watch-straps\/"},{"@type":"ListItem","position":3,"name":"Fabric Watch Strap","item":"https:\/\/www.ohselection.com\/en\/product-category\/fabric-watch-strap\/"},{"@type":"ListItem","position":4,"name":"ABP Concept Elastic Nylon Fabric Solid Color Watch Strap"}]},{"@type":"WebSite","@id":"https:\/\/www.ohselection.com\/en\/#website","url":"https:\/\/www.ohselection.com\/en\/","name":"OH Selection","description":"Une s\u00e9lection de produits test\u00e9s et approuv\u00e9s par nos horlogers","publisher":{"@id":"https:\/\/www.ohselection.com\/en\/#organization"},"alternateName":"Boutique sp\u00e9cialis\u00e9e dans les accessoires d'horlogerie","potentialAction":[{"@type":"SearchAction","target":{"@type":"EntryPoint","urlTemplate":"https:\/\/www.ohselection.com\/en\/?s={search_term_string}"},"query-input":{"@type":"PropertyValueSpecification","valueRequired":true,"valueName":"search_term_string"}}],"inLanguage":"en-US"},{"@type":"Organization","@id":"https:\/\/www.ohselection.com\/en\/#organization","name":"OH SELECTION","alternateName":"OHSelection","url":"https:\/\/www.ohselection.com\/en\/","logo":{"@type":"ImageObject","inLanguage":"en-US","@id":"https:\/\/www.ohselection.com\/en\/#\/schema\/logo\/image\/","url":"https:\/\/www.ohselection.com\/wp-content\/uploads\/2025\/04\/Logo-OHS-N.jpg","contentUrl":"https:\/\/www.ohselection.com\/wp-content\/uploads\/2025\/04\/Logo-OHS-N.jpg","width":1385,"height":325,"caption":"OH SELECTION"},"image":{"@id":"https:\/\/www.ohselection.com\/en\/#\/schema\/logo\/image\/"},"sameAs":["https:\/\/www.facebook.com\/ohselectionparis\/","https:\/\/www.instagram.com\/ohselectionparis\/"]}]}},"brands":[{"id":577,"name":"ABP Concept","slug":"abp-concept"}],"_links":{"self":[{"href":"https:\/\/www.ohselection.com\/en\/wp-json\/wp\/v2\/product\/108799","targetHints":{"allow":["GET"]}}],"collection":[{"href":"https:\/\/www.ohselection.com\/en\/wp-json\/wp\/v2\/product"}],"about":[{"href":"https:\/\/www.ohselection.com\/en\/wp-json\/wp\/v2\/types\/product"}],"replies":[{"embeddable":true,"href":"https:\/\/www.ohselection.com\/en\/wp-json\/wp\/v2\/comments?post=108799"}],"wp:featuredmedia":[{"embeddable":true,"href":"https:\/\/www.ohselection.com\/en\/wp-json\/wp\/v2\/media\/108136"}],"wp:attachment":[{"href":"https:\/\/www.ohselection.com\/en\/wp-json\/wp\/v2\/media?parent=108799"}],"wp:term":[{"taxonomy":"pwb-brand","embeddable":true,"href":"https:\/\/www.ohselection.com\/en\/wp-json\/wp\/v2\/pwb-brand?post=108799"},{"taxonomy":"product_brand","embeddable":true,"href":"https:\/\/www.ohselection.com\/en\/wp-json\/wp\/v2\/product_brand?post=108799"},{"taxonomy":"product_cat","embeddable":true,"href":"https:\/\/www.ohselection.com\/en\/wp-json\/wp\/v2\/product_cat?post=108799"},{"taxonomy":"product_tag","embeddable":true,"href":"https:\/\/www.ohselection.com\/en\/wp-json\/wp\/v2\/product_tag?post=108799"}],"curies":[{"name":"wp","href":"https:\/\/api.w.org\/{rel}","templated":true}]}}