{"id":109451,"date":"2019-07-11T15:05:03","date_gmt":"2019-07-11T13:05:03","guid":{"rendered":"https:\/\/www.ohselection.com\/produit\/oh-selection-gaspard-watch-strap\/"},"modified":"2025-09-26T15:43:29","modified_gmt":"2025-09-26T13:43:29","slug":"oh-selection-gaspard-watch-strap","status":"publish","type":"product","link":"https:\/\/www.ohselection.com\/en\/produit\/oh-selection-gaspard-watch-strap\/","title":{"rendered":"OH Selection Gaspard Watch Strap"},"content":{"rendered":"<p>[vc_row][vc_column][vc_separator][\/vc_column][\/vc_row][vc_row][vc_column width=&#8221;1\/2&#8243;][vc_column_text css=&#8221;.vc_custom_1505817814659{margin-top: 20px !important;}&#8221;]<\/p>\n<h5><img decoding=\"async\" class=\"alignnone size-full wp-image-6386\" src=\"\/wp-content\/uploads\/2017\/07\/Capture-d%E2%80%99e%C4%9Bcran-2017-08-02-a%C4%9A-15.48.12.png\" alt=\"\" width=\"50\"> Description<\/h5>\n<p>[\/vc_column_text][vc_column_text]<\/p>\n<ul>\n<li>OH Selection Gaspard Watch Strap<\/li>\n<li>Crafted from premium Italian leather<\/li>\n<li>Subtle contrasting ecru stitching<\/li>\n<li>A rubberized calfskin lining<\/li>\n<li>Water resistant bracelet<\/li>\n<li>Stainless steel buckle<\/li>\n<li>Thickness of 2 to 3mm<\/li>\n<li>Watch strap available in 4 colors: black, light brown, dark brown, or blue<\/li>\n<li>2-year warranty<\/li>\n<\/ul>\n<p>[\/vc_column_text][\/vc_column][vc_column width=&#8221;1\/2&#8243;][vc_column_text css=&#8221;.vc_custom_1505817822505{margin-top: 20px !important;}&#8221;]<\/p>\n<h5><img decoding=\"async\" class=\"alignnone size-full wp-image-6386\" src=\"\/wp-content\/uploads\/2017\/07\/Capture-d%E2%80%99e%C4%9Bcran-2017-08-02-a%C4%9A-15.48.12.png\" alt=\"\" width=\"50\"> Our Expert&#8217;s Opinion<\/h5>\n<p>[\/vc_column_text][vc_column_text]<img loading=\"lazy\" decoding=\"async\" class=\" wp-image-6394 alignleft\" src=\"\/wp-content\/uploads\/2017\/08\/DSC_2112a-132x150.png\" alt=\"\" width=\"103\" height=\"118\">&#8220;Simple and elegant, this leather watch strap will adapt to all styles. Available in light brown, dark brown, blue, or black, this OH Selection Gaspard watch strap features refined details such as its contrasting topstitching.&#8221;  <span class=\"s1\">&#8221; <\/span>[\/vc_column_text][\/vc_column][\/vc_row][vc_row][vc_column][vc_column_text css=&#8221;.vc_custom_1505817875257{margin-top: 20px !important;}&#8221; el_class=&#8221;zoomproduit&#8221;]<\/p>\n<h5><img decoding=\"async\" class=\"alignnone size-full wp-image-6386\" src=\"\/wp-content\/uploads\/2017\/07\/Capture-d%E2%80%99e%C4%9Bcran-2017-08-02-a%C4%9A-15.48.12.png\" alt=\"\" width=\"50\"> Product Overview<\/h5>\n<p>[\/vc_column_text][vc_column_text][bracelet-gaspard][\/vc_column_text][\/vc_column][\/vc_row]<\/p>\n","protected":false},"excerpt":{"rendered":"<p><a href=\"\/wp-content\/uploads\/2017\/08\/oh-selection.png\"><img loading=\"lazy\" decoding=\"async\" class=\"alignnone wp-image-7686 \" src=\"\/wp-content\/uploads\/2017\/08\/oh-selection-300x94.png\" alt=\"\" width=\"163\" height=\"51\" srcset=\"https:\/\/www.ohselection.com\/wp-content\/uploads\/2017\/08\/oh-selection-300x94.png 300w, https:\/\/www.ohselection.com\/wp-content\/uploads\/2017\/08\/oh-selection-120x38.png 120w, https:\/\/www.ohselection.com\/wp-content\/uploads\/2017\/08\/oh-selection-64x20.png 64w, https:\/\/www.ohselection.com\/wp-content\/uploads\/2017\/08\/oh-selection-150x47.png 150w, https:\/\/www.ohselection.com\/wp-content\/uploads\/2017\/08\/oh-selection.png 500w\" sizes=\"auto, (max-width: 163px) 100vw, 163px\" \/><\/a><\/p>\n<p><span style=\"color: #1f0505;\">OH Selection Gaspard Watch Strap<span style=\"color: #1f0505;\">..<em>. <\/em><a class=\"woocommerce-description-link\" href=\"#\"><em>Read more<\/em>&#8230;<\/a><\/span><\/span><\/p>\n","protected":false},"featured_media":109452,"comment_status":"open","ping_status":"closed","template":"","meta":[],"pwb-brand":[570],"product_brand":[700],"product_cat":[830,827,824],"product_tag":[],"class_list":{"0":"post-109451","1":"product","2":"type-product","3":"status-publish","4":"has-post-thumbnail","6":"pwb-brand-ohselection","7":"product_brand-oh-selection","8":"product_cat-gifts-under-100-euros","9":"product_cat-leather-watch-strap","10":"product_cat-watch-straps","11":"product_shipping_class-low-stock","12":"pa_couleur-black","13":"pa_couleur-blue","14":"pa_couleur-dark-brown","15":"pa_couleur-light-brown","16":"pa_taille-18-14-mm","17":"pa_taille-20-16-mm","18":"pa_taille-22-18-mm","20":"first","21":"instock","22":"taxable","23":"shipping-taxable","24":"purchasable","25":"product-type-variable"},"yoast_head":"<!-- This site is optimized with the Yoast SEO plugin v27.0 - https:\/\/yoast.com\/product\/yoast-seo-wordpress\/ -->\n<title>OH Selection Gaspard Ultra-Trendy Dark Blue Denim Watch Strap<\/title>\n<meta name=\"description\" content=\"Shop at OH Selection for the refined OH Selection Gaspard ultra-trendy leather watch strap for a cutting-edge look!\" \/>\n<meta name=\"robots\" content=\"index, follow, max-snippet:-1, max-image-preview:large, max-video-preview:-1\" \/>\n<link rel=\"canonical\" href=\"https:\/\/www.ohselection.com\/en\/produit\/oh-selection-gaspard-watch-strap\/\" \/>\n<meta property=\"og:locale\" content=\"en_US\" \/>\n<meta property=\"og:type\" content=\"article\" \/>\n<meta property=\"og:title\" content=\"OH Selection Gaspard Ultra-Trendy Dark Blue Denim Watch Strap\" \/>\n<meta property=\"og:description\" content=\"Shop at OH Selection for the refined OH Selection Gaspard ultra-trendy leather watch strap for a cutting-edge look!\" \/>\n<meta property=\"og:url\" content=\"https:\/\/www.ohselection.com\/en\/produit\/oh-selection-gaspard-watch-strap\/\" \/>\n<meta property=\"og:site_name\" content=\"OH SELECTION\" \/>\n<meta property=\"article:publisher\" content=\"https:\/\/www.facebook.com\/ohselectionparis\/\" \/>\n<meta property=\"article:modified_time\" content=\"2025-09-26T13:43:29+00:00\" \/>\n<meta property=\"og:image\" content=\"https:\/\/www.ohselection.com\/wp-content\/uploads\/2019\/07\/P1220394.jpg\" \/>\n\t<meta property=\"og:image:width\" content=\"1592\" \/>\n\t<meta property=\"og:image:height\" content=\"896\" \/>\n\t<meta property=\"og:image:type\" content=\"image\/jpeg\" \/>\n<meta name=\"twitter:card\" content=\"summary_large_image\" \/>\n<meta name=\"twitter:label1\" content=\"Est. reading time\" \/>\n\t<meta name=\"twitter:data1\" content=\"1 minute\" \/>\n<script type=\"application\/ld+json\" class=\"yoast-schema-graph\">{\"@context\":\"https:\/\/schema.org\",\"@graph\":[{\"@type\":\"WebPage\",\"@id\":\"https:\/\/www.ohselection.com\/en\/produit\/oh-selection-gaspard-watch-strap\/\",\"url\":\"https:\/\/www.ohselection.com\/en\/produit\/oh-selection-gaspard-watch-strap\/\",\"name\":\"OH Selection Gaspard Ultra-Trendy Dark Blue Denim Watch Strap\",\"isPartOf\":{\"@id\":\"https:\/\/www.ohselection.com\/en\/#website\"},\"primaryImageOfPage\":{\"@id\":\"https:\/\/www.ohselection.com\/en\/produit\/oh-selection-gaspard-watch-strap\/#primaryimage\"},\"image\":{\"@id\":\"https:\/\/www.ohselection.com\/en\/produit\/oh-selection-gaspard-watch-strap\/#primaryimage\"},\"thumbnailUrl\":\"https:\/\/www.ohselection.com\/wp-content\/uploads\/2019\/07\/P1220394.jpg\",\"datePublished\":\"2019-07-11T13:05:03+00:00\",\"dateModified\":\"2025-09-26T13:43:29+00:00\",\"description\":\"Shop at OH Selection for the refined OH Selection Gaspard ultra-trendy leather watch strap for a cutting-edge look!\",\"breadcrumb\":{\"@id\":\"https:\/\/www.ohselection.com\/en\/produit\/oh-selection-gaspard-watch-strap\/#breadcrumb\"},\"inLanguage\":\"en-US\",\"potentialAction\":[{\"@type\":\"ReadAction\",\"target\":[\"https:\/\/www.ohselection.com\/en\/produit\/oh-selection-gaspard-watch-strap\/\"]}]},{\"@type\":\"ImageObject\",\"inLanguage\":\"en-US\",\"@id\":\"https:\/\/www.ohselection.com\/en\/produit\/oh-selection-gaspard-watch-strap\/#primaryimage\",\"url\":\"https:\/\/www.ohselection.com\/wp-content\/uploads\/2019\/07\/P1220394.jpg\",\"contentUrl\":\"https:\/\/www.ohselection.com\/wp-content\/uploads\/2019\/07\/P1220394.jpg\",\"width\":1592,\"height\":896},{\"@type\":\"BreadcrumbList\",\"@id\":\"https:\/\/www.ohselection.com\/en\/produit\/oh-selection-gaspard-watch-strap\/#breadcrumb\",\"itemListElement\":[{\"@type\":\"ListItem\",\"position\":1,\"name\":\"Accueil\",\"item\":\"https:\/\/www.ohselection.com\/shop\/?lang=en\"},{\"@type\":\"ListItem\",\"position\":2,\"name\":\"Watch straps\",\"item\":\"https:\/\/www.ohselection.com\/en\/product-category\/watch-straps\/\"},{\"@type\":\"ListItem\",\"position\":3,\"name\":\"Leather Watch Strap\",\"item\":\"https:\/\/www.ohselection.com\/en\/product-category\/leather-watch-strap\/\"},{\"@type\":\"ListItem\",\"position\":4,\"name\":\"OH Selection Gaspard Watch Strap\"}]},{\"@type\":\"WebSite\",\"@id\":\"https:\/\/www.ohselection.com\/en\/#website\",\"url\":\"https:\/\/www.ohselection.com\/en\/\",\"name\":\"OH Selection\",\"description\":\"Une s\u00e9lection de produits test\u00e9s et approuv\u00e9s par nos horlogers\",\"publisher\":{\"@id\":\"https:\/\/www.ohselection.com\/en\/#organization\"},\"alternateName\":\"Boutique sp\u00e9cialis\u00e9e dans les accessoires d'horlogerie\",\"potentialAction\":[{\"@type\":\"SearchAction\",\"target\":{\"@type\":\"EntryPoint\",\"urlTemplate\":\"https:\/\/www.ohselection.com\/en\/?s={search_term_string}\"},\"query-input\":{\"@type\":\"PropertyValueSpecification\",\"valueRequired\":true,\"valueName\":\"search_term_string\"}}],\"inLanguage\":\"en-US\"},{\"@type\":\"Organization\",\"@id\":\"https:\/\/www.ohselection.com\/en\/#organization\",\"name\":\"OH SELECTION\",\"alternateName\":\"OHSelection\",\"url\":\"https:\/\/www.ohselection.com\/en\/\",\"logo\":{\"@type\":\"ImageObject\",\"inLanguage\":\"en-US\",\"@id\":\"https:\/\/www.ohselection.com\/en\/#\/schema\/logo\/image\/\",\"url\":\"https:\/\/www.ohselection.com\/wp-content\/uploads\/2025\/04\/Logo-OHS-N.jpg\",\"contentUrl\":\"https:\/\/www.ohselection.com\/wp-content\/uploads\/2025\/04\/Logo-OHS-N.jpg\",\"width\":1385,\"height\":325,\"caption\":\"OH SELECTION\"},\"image\":{\"@id\":\"https:\/\/www.ohselection.com\/en\/#\/schema\/logo\/image\/\"},\"sameAs\":[\"https:\/\/www.facebook.com\/ohselectionparis\/\",\"https:\/\/www.instagram.com\/ohselectionparis\/\"]}]}<\/script>\n<!-- \/ Yoast SEO plugin. -->","yoast_head_json":{"title":"OH Selection Gaspard Ultra-Trendy Dark Blue Denim Watch Strap","description":"Shop at OH Selection for the refined OH Selection Gaspard ultra-trendy leather watch strap for a cutting-edge look!","robots":{"index":"index","follow":"follow","max-snippet":"max-snippet:-1","max-image-preview":"max-image-preview:large","max-video-preview":"max-video-preview:-1"},"canonical":"https:\/\/www.ohselection.com\/en\/produit\/oh-selection-gaspard-watch-strap\/","og_locale":"en_US","og_type":"article","og_title":"OH Selection Gaspard Ultra-Trendy Dark Blue Denim Watch Strap","og_description":"Shop at OH Selection for the refined OH Selection Gaspard ultra-trendy leather watch strap for a cutting-edge look!","og_url":"https:\/\/www.ohselection.com\/en\/produit\/oh-selection-gaspard-watch-strap\/","og_site_name":"OH SELECTION","article_publisher":"https:\/\/www.facebook.com\/ohselectionparis\/","article_modified_time":"2025-09-26T13:43:29+00:00","og_image":[{"width":1592,"height":896,"url":"https:\/\/www.ohselection.com\/wp-content\/uploads\/2019\/07\/P1220394.jpg","type":"image\/jpeg"}],"twitter_card":"summary_large_image","twitter_misc":{"Est. reading time":"1 minute"},"schema":{"@context":"https:\/\/schema.org","@graph":[{"@type":"WebPage","@id":"https:\/\/www.ohselection.com\/en\/produit\/oh-selection-gaspard-watch-strap\/","url":"https:\/\/www.ohselection.com\/en\/produit\/oh-selection-gaspard-watch-strap\/","name":"OH Selection Gaspard Ultra-Trendy Dark Blue Denim Watch Strap","isPartOf":{"@id":"https:\/\/www.ohselection.com\/en\/#website"},"primaryImageOfPage":{"@id":"https:\/\/www.ohselection.com\/en\/produit\/oh-selection-gaspard-watch-strap\/#primaryimage"},"image":{"@id":"https:\/\/www.ohselection.com\/en\/produit\/oh-selection-gaspard-watch-strap\/#primaryimage"},"thumbnailUrl":"https:\/\/www.ohselection.com\/wp-content\/uploads\/2019\/07\/P1220394.jpg","datePublished":"2019-07-11T13:05:03+00:00","dateModified":"2025-09-26T13:43:29+00:00","description":"Shop at OH Selection for the refined OH Selection Gaspard ultra-trendy leather watch strap for a cutting-edge look!","breadcrumb":{"@id":"https:\/\/www.ohselection.com\/en\/produit\/oh-selection-gaspard-watch-strap\/#breadcrumb"},"inLanguage":"en-US","potentialAction":[{"@type":"ReadAction","target":["https:\/\/www.ohselection.com\/en\/produit\/oh-selection-gaspard-watch-strap\/"]}]},{"@type":"ImageObject","inLanguage":"en-US","@id":"https:\/\/www.ohselection.com\/en\/produit\/oh-selection-gaspard-watch-strap\/#primaryimage","url":"https:\/\/www.ohselection.com\/wp-content\/uploads\/2019\/07\/P1220394.jpg","contentUrl":"https:\/\/www.ohselection.com\/wp-content\/uploads\/2019\/07\/P1220394.jpg","width":1592,"height":896},{"@type":"BreadcrumbList","@id":"https:\/\/www.ohselection.com\/en\/produit\/oh-selection-gaspard-watch-strap\/#breadcrumb","itemListElement":[{"@type":"ListItem","position":1,"name":"Accueil","item":"https:\/\/www.ohselection.com\/shop\/?lang=en"},{"@type":"ListItem","position":2,"name":"Watch straps","item":"https:\/\/www.ohselection.com\/en\/product-category\/watch-straps\/"},{"@type":"ListItem","position":3,"name":"Leather Watch Strap","item":"https:\/\/www.ohselection.com\/en\/product-category\/leather-watch-strap\/"},{"@type":"ListItem","position":4,"name":"OH Selection Gaspard Watch Strap"}]},{"@type":"WebSite","@id":"https:\/\/www.ohselection.com\/en\/#website","url":"https:\/\/www.ohselection.com\/en\/","name":"OH Selection","description":"Une s\u00e9lection de produits test\u00e9s et approuv\u00e9s par nos horlogers","publisher":{"@id":"https:\/\/www.ohselection.com\/en\/#organization"},"alternateName":"Boutique sp\u00e9cialis\u00e9e dans les accessoires d'horlogerie","potentialAction":[{"@type":"SearchAction","target":{"@type":"EntryPoint","urlTemplate":"https:\/\/www.ohselection.com\/en\/?s={search_term_string}"},"query-input":{"@type":"PropertyValueSpecification","valueRequired":true,"valueName":"search_term_string"}}],"inLanguage":"en-US"},{"@type":"Organization","@id":"https:\/\/www.ohselection.com\/en\/#organization","name":"OH SELECTION","alternateName":"OHSelection","url":"https:\/\/www.ohselection.com\/en\/","logo":{"@type":"ImageObject","inLanguage":"en-US","@id":"https:\/\/www.ohselection.com\/en\/#\/schema\/logo\/image\/","url":"https:\/\/www.ohselection.com\/wp-content\/uploads\/2025\/04\/Logo-OHS-N.jpg","contentUrl":"https:\/\/www.ohselection.com\/wp-content\/uploads\/2025\/04\/Logo-OHS-N.jpg","width":1385,"height":325,"caption":"OH SELECTION"},"image":{"@id":"https:\/\/www.ohselection.com\/en\/#\/schema\/logo\/image\/"},"sameAs":["https:\/\/www.facebook.com\/ohselectionparis\/","https:\/\/www.instagram.com\/ohselectionparis\/"]}]}},"brands":[{"id":570,"name":"OH Selection","slug":"ohselection"}],"_links":{"self":[{"href":"https:\/\/www.ohselection.com\/en\/wp-json\/wp\/v2\/product\/109451","targetHints":{"allow":["GET"]}}],"collection":[{"href":"https:\/\/www.ohselection.com\/en\/wp-json\/wp\/v2\/product"}],"about":[{"href":"https:\/\/www.ohselection.com\/en\/wp-json\/wp\/v2\/types\/product"}],"replies":[{"embeddable":true,"href":"https:\/\/www.ohselection.com\/en\/wp-json\/wp\/v2\/comments?post=109451"}],"wp:featuredmedia":[{"embeddable":true,"href":"https:\/\/www.ohselection.com\/en\/wp-json\/wp\/v2\/media\/109452"}],"wp:attachment":[{"href":"https:\/\/www.ohselection.com\/en\/wp-json\/wp\/v2\/media?parent=109451"}],"wp:term":[{"taxonomy":"pwb-brand","embeddable":true,"href":"https:\/\/www.ohselection.com\/en\/wp-json\/wp\/v2\/pwb-brand?post=109451"},{"taxonomy":"product_brand","embeddable":true,"href":"https:\/\/www.ohselection.com\/en\/wp-json\/wp\/v2\/product_brand?post=109451"},{"taxonomy":"product_cat","embeddable":true,"href":"https:\/\/www.ohselection.com\/en\/wp-json\/wp\/v2\/product_cat?post=109451"},{"taxonomy":"product_tag","embeddable":true,"href":"https:\/\/www.ohselection.com\/en\/wp-json\/wp\/v2\/product_tag?post=109451"}],"curies":[{"name":"wp","href":"https:\/\/api.w.org\/{rel}","templated":true}]}}