{"id":109495,"date":"2025-02-09T21:42:11","date_gmt":"2025-02-09T20:42:11","guid":{"rendered":"https:\/\/www.ohselection.com\/produit\/blue-and-white-marine-nato-strap\/"},"modified":"2025-09-26T15:43:07","modified_gmt":"2025-09-26T13:43:07","slug":"blue-and-white-marine-nato-strap","status":"publish","type":"product","link":"https:\/\/www.ohselection.com\/en\/product\/blue-and-white-marine-nato-strap\/","title":{"rendered":"Blue and White Marine NATO Strap"},"content":{"rendered":"<h5><img decoding=\"async\" class=\"alignnone size-full wp-image-6386\" src=\"\/wp-content\/uploads\/2017\/07\/Capture-d%E2%80%99e%C4%9Bcran-2017-08-02-a%C4%9A-15.48.12.png\" alt=\"\" width=\"50\"> Description<\/h5>\n<ul>\n<li>Navy Blue NATO Strap with a White Stripe in the Middle<\/li>\n<li>This model is for men and women<\/li>\n<li>Authentic models with fixed buckles<\/li>\n<li>Water-Resistant Straps<\/li>\n<li>These straps are available in 4 sizes: 18mm, 22mm, or 24mm.<\/li>\n<li>1.2mm thick nylon<\/li>\n<li>Variable length: approximately 27cm<\/li>\n<li>Suitable for all types of watches: vintage, modern, sports, or diver.<\/li>\n<li>Can be fitted on a Rolex, Omega, Longines, Zenith, etc.<\/li>\n<\/ul>\n<p><em>The colors of our straps are subject to change depending on supplier availability.<\/em><\/p>\n","protected":false},"excerpt":{"rendered":"<p>Marine-style NATO strap in blue with a white stripe in the middle. Perfect for equipping your watch and giving it a new look! <\/p>\n","protected":false},"featured_media":109496,"comment_status":"closed","ping_status":"closed","template":"","meta":[],"pwb-brand":[],"product_brand":[700],"product_cat":[834,838,829,840,824],"product_tag":[],"class_list":{"0":"post-109495","1":"product","2":"type-product","3":"status-publish","4":"has-post-thumbnail","6":"product_brand-oh-selection","7":"product_cat-gifts-under-e50","8":"product_cat-nato-watch-strap","9":"product_cat-omega-strap","10":"product_cat-rolex-strap","11":"product_cat-watch-straps","12":"pa_taille-18mm","13":"pa_taille-20mm","14":"pa_taille-22mm","15":"pa_taille-24mm","17":"first","18":"instock","19":"sale","20":"taxable","21":"shipping-taxable","22":"purchasable","23":"product-type-variable"},"yoast_head":"<!-- This site is optimized with the Yoast SEO plugin v27.0 - https:\/\/yoast.com\/product\/yoast-seo-wordpress\/ -->\n<title>Blue and White Marine NATO Strap | OH SELECTION<\/title>\n<meta name=\"description\" content=\"Marine-style NATO strap in blue with a white stripe in the middle. Perfect for equipping your watch and giving it a new look!\" \/>\n<meta name=\"robots\" content=\"index, follow, max-snippet:-1, max-image-preview:large, max-video-preview:-1\" \/>\n<link rel=\"canonical\" href=\"https:\/\/www.ohselection.com\/en\/product\/blue-and-white-marine-nato-strap\/\" \/>\n<meta property=\"og:locale\" content=\"en_US\" \/>\n<meta property=\"og:type\" content=\"article\" \/>\n<meta property=\"og:title\" content=\"Blue and White Marine NATO Strap | OH SELECTION\" \/>\n<meta property=\"og:description\" content=\"Marine-style NATO strap in blue with a white stripe in the middle. Perfect for equipping your watch and giving it a new look!\" \/>\n<meta property=\"og:url\" content=\"https:\/\/www.ohselection.com\/en\/product\/blue-and-white-marine-nato-strap\/\" \/>\n<meta property=\"og:site_name\" content=\"OH SELECTION\" \/>\n<meta property=\"article:publisher\" content=\"https:\/\/www.facebook.com\/ohselectionparis\/\" \/>\n<meta property=\"article:modified_time\" content=\"2025-09-26T13:43:07+00:00\" \/>\n<meta property=\"og:image\" content=\"https:\/\/www.ohselection.com\/wp-content\/uploads\/2025\/02\/Bracelet-NATO-Marine-Blanc-et-Bleu-BNMBB.jpg\" \/>\n\t<meta property=\"og:image:width\" content=\"1000\" \/>\n\t<meta property=\"og:image:height\" content=\"1000\" \/>\n\t<meta property=\"og:image:type\" content=\"image\/jpeg\" \/>\n<meta name=\"twitter:card\" content=\"summary_large_image\" \/>\n<script type=\"application\/ld+json\" class=\"yoast-schema-graph\">{\"@context\":\"https:\/\/schema.org\",\"@graph\":[{\"@type\":\"WebPage\",\"@id\":\"https:\/\/www.ohselection.com\/en\/product\/blue-and-white-marine-nato-strap\/\",\"url\":\"https:\/\/www.ohselection.com\/en\/product\/blue-and-white-marine-nato-strap\/\",\"name\":\"Blue and White Marine NATO Strap | OH SELECTION\",\"isPartOf\":{\"@id\":\"https:\/\/www.ohselection.com\/en\/#website\"},\"primaryImageOfPage\":{\"@id\":\"https:\/\/www.ohselection.com\/en\/product\/blue-and-white-marine-nato-strap\/#primaryimage\"},\"image\":{\"@id\":\"https:\/\/www.ohselection.com\/en\/product\/blue-and-white-marine-nato-strap\/#primaryimage\"},\"thumbnailUrl\":\"https:\/\/www.ohselection.com\/wp-content\/uploads\/2025\/02\/Bracelet-NATO-Marine-Blanc-et-Bleu-BNMBB.jpg\",\"datePublished\":\"2025-02-09T20:42:11+00:00\",\"dateModified\":\"2025-09-26T13:43:07+00:00\",\"description\":\"Marine-style NATO strap in blue with a white stripe in the middle. Perfect for equipping your watch and giving it a new look!\",\"breadcrumb\":{\"@id\":\"https:\/\/www.ohselection.com\/en\/product\/blue-and-white-marine-nato-strap\/#breadcrumb\"},\"inLanguage\":\"en-US\",\"potentialAction\":[{\"@type\":\"ReadAction\",\"target\":[\"https:\/\/www.ohselection.com\/en\/product\/blue-and-white-marine-nato-strap\/\"]}]},{\"@type\":\"ImageObject\",\"inLanguage\":\"en-US\",\"@id\":\"https:\/\/www.ohselection.com\/en\/product\/blue-and-white-marine-nato-strap\/#primaryimage\",\"url\":\"https:\/\/www.ohselection.com\/wp-content\/uploads\/2025\/02\/Bracelet-NATO-Marine-Blanc-et-Bleu-BNMBB.jpg\",\"contentUrl\":\"https:\/\/www.ohselection.com\/wp-content\/uploads\/2025\/02\/Bracelet-NATO-Marine-Blanc-et-Bleu-BNMBB.jpg\",\"width\":1000,\"height\":1000,\"caption\":\"Marine White and Blue NATO Strap BNMBB\"},{\"@type\":\"BreadcrumbList\",\"@id\":\"https:\/\/www.ohselection.com\/en\/product\/blue-and-white-marine-nato-strap\/#breadcrumb\",\"itemListElement\":[{\"@type\":\"ListItem\",\"position\":1,\"name\":\"Accueil\",\"item\":\"https:\/\/www.ohselection.com\/shop\/?lang=en\"},{\"@type\":\"ListItem\",\"position\":2,\"name\":\"Watch straps\",\"item\":\"https:\/\/www.ohselection.com\/en\/product-category\/watch-straps\/\"},{\"@type\":\"ListItem\",\"position\":3,\"name\":\"NATO Watch Strap\",\"item\":\"https:\/\/www.ohselection.com\/en\/product-category\/nato-watch-strap\/\"},{\"@type\":\"ListItem\",\"position\":4,\"name\":\"Blue and White Marine NATO Strap\"}]},{\"@type\":\"WebSite\",\"@id\":\"https:\/\/www.ohselection.com\/en\/#website\",\"url\":\"https:\/\/www.ohselection.com\/en\/\",\"name\":\"OH Selection\",\"description\":\"Une s\u00e9lection de produits test\u00e9s et approuv\u00e9s par nos horlogers\",\"publisher\":{\"@id\":\"https:\/\/www.ohselection.com\/en\/#organization\"},\"alternateName\":\"Boutique sp\u00e9cialis\u00e9e dans les accessoires d'horlogerie\",\"potentialAction\":[{\"@type\":\"SearchAction\",\"target\":{\"@type\":\"EntryPoint\",\"urlTemplate\":\"https:\/\/www.ohselection.com\/en\/?s={search_term_string}\"},\"query-input\":{\"@type\":\"PropertyValueSpecification\",\"valueRequired\":true,\"valueName\":\"search_term_string\"}}],\"inLanguage\":\"en-US\"},{\"@type\":\"Organization\",\"@id\":\"https:\/\/www.ohselection.com\/en\/#organization\",\"name\":\"OH SELECTION\",\"alternateName\":\"OHSelection\",\"url\":\"https:\/\/www.ohselection.com\/en\/\",\"logo\":{\"@type\":\"ImageObject\",\"inLanguage\":\"en-US\",\"@id\":\"https:\/\/www.ohselection.com\/en\/#\/schema\/logo\/image\/\",\"url\":\"https:\/\/www.ohselection.com\/wp-content\/uploads\/2025\/04\/Logo-OHS-N.jpg\",\"contentUrl\":\"https:\/\/www.ohselection.com\/wp-content\/uploads\/2025\/04\/Logo-OHS-N.jpg\",\"width\":1385,\"height\":325,\"caption\":\"OH SELECTION\"},\"image\":{\"@id\":\"https:\/\/www.ohselection.com\/en\/#\/schema\/logo\/image\/\"},\"sameAs\":[\"https:\/\/www.facebook.com\/ohselectionparis\/\",\"https:\/\/www.instagram.com\/ohselectionparis\/\"]}]}<\/script>\n<!-- \/ Yoast SEO plugin. -->","yoast_head_json":{"title":"Blue and White Marine NATO Strap | OH SELECTION","description":"Marine-style NATO strap in blue with a white stripe in the middle. Perfect for equipping your watch and giving it a new look!","robots":{"index":"index","follow":"follow","max-snippet":"max-snippet:-1","max-image-preview":"max-image-preview:large","max-video-preview":"max-video-preview:-1"},"canonical":"https:\/\/www.ohselection.com\/en\/product\/blue-and-white-marine-nato-strap\/","og_locale":"en_US","og_type":"article","og_title":"Blue and White Marine NATO Strap | OH SELECTION","og_description":"Marine-style NATO strap in blue with a white stripe in the middle. Perfect for equipping your watch and giving it a new look!","og_url":"https:\/\/www.ohselection.com\/en\/product\/blue-and-white-marine-nato-strap\/","og_site_name":"OH SELECTION","article_publisher":"https:\/\/www.facebook.com\/ohselectionparis\/","article_modified_time":"2025-09-26T13:43:07+00:00","og_image":[{"width":1000,"height":1000,"url":"https:\/\/www.ohselection.com\/wp-content\/uploads\/2025\/02\/Bracelet-NATO-Marine-Blanc-et-Bleu-BNMBB.jpg","type":"image\/jpeg"}],"twitter_card":"summary_large_image","schema":{"@context":"https:\/\/schema.org","@graph":[{"@type":"WebPage","@id":"https:\/\/www.ohselection.com\/en\/product\/blue-and-white-marine-nato-strap\/","url":"https:\/\/www.ohselection.com\/en\/product\/blue-and-white-marine-nato-strap\/","name":"Blue and White Marine NATO Strap | OH SELECTION","isPartOf":{"@id":"https:\/\/www.ohselection.com\/en\/#website"},"primaryImageOfPage":{"@id":"https:\/\/www.ohselection.com\/en\/product\/blue-and-white-marine-nato-strap\/#primaryimage"},"image":{"@id":"https:\/\/www.ohselection.com\/en\/product\/blue-and-white-marine-nato-strap\/#primaryimage"},"thumbnailUrl":"https:\/\/www.ohselection.com\/wp-content\/uploads\/2025\/02\/Bracelet-NATO-Marine-Blanc-et-Bleu-BNMBB.jpg","datePublished":"2025-02-09T20:42:11+00:00","dateModified":"2025-09-26T13:43:07+00:00","description":"Marine-style NATO strap in blue with a white stripe in the middle. Perfect for equipping your watch and giving it a new look!","breadcrumb":{"@id":"https:\/\/www.ohselection.com\/en\/product\/blue-and-white-marine-nato-strap\/#breadcrumb"},"inLanguage":"en-US","potentialAction":[{"@type":"ReadAction","target":["https:\/\/www.ohselection.com\/en\/product\/blue-and-white-marine-nato-strap\/"]}]},{"@type":"ImageObject","inLanguage":"en-US","@id":"https:\/\/www.ohselection.com\/en\/product\/blue-and-white-marine-nato-strap\/#primaryimage","url":"https:\/\/www.ohselection.com\/wp-content\/uploads\/2025\/02\/Bracelet-NATO-Marine-Blanc-et-Bleu-BNMBB.jpg","contentUrl":"https:\/\/www.ohselection.com\/wp-content\/uploads\/2025\/02\/Bracelet-NATO-Marine-Blanc-et-Bleu-BNMBB.jpg","width":1000,"height":1000,"caption":"Marine White and Blue NATO Strap BNMBB"},{"@type":"BreadcrumbList","@id":"https:\/\/www.ohselection.com\/en\/product\/blue-and-white-marine-nato-strap\/#breadcrumb","itemListElement":[{"@type":"ListItem","position":1,"name":"Accueil","item":"https:\/\/www.ohselection.com\/shop\/?lang=en"},{"@type":"ListItem","position":2,"name":"Watch straps","item":"https:\/\/www.ohselection.com\/en\/product-category\/watch-straps\/"},{"@type":"ListItem","position":3,"name":"NATO Watch Strap","item":"https:\/\/www.ohselection.com\/en\/product-category\/nato-watch-strap\/"},{"@type":"ListItem","position":4,"name":"Blue and White Marine NATO Strap"}]},{"@type":"WebSite","@id":"https:\/\/www.ohselection.com\/en\/#website","url":"https:\/\/www.ohselection.com\/en\/","name":"OH Selection","description":"Une s\u00e9lection de produits test\u00e9s et approuv\u00e9s par nos horlogers","publisher":{"@id":"https:\/\/www.ohselection.com\/en\/#organization"},"alternateName":"Boutique sp\u00e9cialis\u00e9e dans les accessoires d'horlogerie","potentialAction":[{"@type":"SearchAction","target":{"@type":"EntryPoint","urlTemplate":"https:\/\/www.ohselection.com\/en\/?s={search_term_string}"},"query-input":{"@type":"PropertyValueSpecification","valueRequired":true,"valueName":"search_term_string"}}],"inLanguage":"en-US"},{"@type":"Organization","@id":"https:\/\/www.ohselection.com\/en\/#organization","name":"OH SELECTION","alternateName":"OHSelection","url":"https:\/\/www.ohselection.com\/en\/","logo":{"@type":"ImageObject","inLanguage":"en-US","@id":"https:\/\/www.ohselection.com\/en\/#\/schema\/logo\/image\/","url":"https:\/\/www.ohselection.com\/wp-content\/uploads\/2025\/04\/Logo-OHS-N.jpg","contentUrl":"https:\/\/www.ohselection.com\/wp-content\/uploads\/2025\/04\/Logo-OHS-N.jpg","width":1385,"height":325,"caption":"OH SELECTION"},"image":{"@id":"https:\/\/www.ohselection.com\/en\/#\/schema\/logo\/image\/"},"sameAs":["https:\/\/www.facebook.com\/ohselectionparis\/","https:\/\/www.instagram.com\/ohselectionparis\/"]}]}},"brands":[],"_links":{"self":[{"href":"https:\/\/www.ohselection.com\/en\/wp-json\/wp\/v2\/product\/109495","targetHints":{"allow":["GET"]}}],"collection":[{"href":"https:\/\/www.ohselection.com\/en\/wp-json\/wp\/v2\/product"}],"about":[{"href":"https:\/\/www.ohselection.com\/en\/wp-json\/wp\/v2\/types\/product"}],"replies":[{"embeddable":true,"href":"https:\/\/www.ohselection.com\/en\/wp-json\/wp\/v2\/comments?post=109495"}],"wp:featuredmedia":[{"embeddable":true,"href":"https:\/\/www.ohselection.com\/en\/wp-json\/wp\/v2\/media\/109496"}],"wp:attachment":[{"href":"https:\/\/www.ohselection.com\/en\/wp-json\/wp\/v2\/media?parent=109495"}],"wp:term":[{"taxonomy":"pwb-brand","embeddable":true,"href":"https:\/\/www.ohselection.com\/en\/wp-json\/wp\/v2\/pwb-brand?post=109495"},{"taxonomy":"product_brand","embeddable":true,"href":"https:\/\/www.ohselection.com\/en\/wp-json\/wp\/v2\/product_brand?post=109495"},{"taxonomy":"product_cat","embeddable":true,"href":"https:\/\/www.ohselection.com\/en\/wp-json\/wp\/v2\/product_cat?post=109495"},{"taxonomy":"product_tag","embeddable":true,"href":"https:\/\/www.ohselection.com\/en\/wp-json\/wp\/v2\/product_tag?post=109495"}],"curies":[{"name":"wp","href":"https:\/\/api.w.org\/{rel}","templated":true}]}}