{"id":109612,"date":"2025-03-22T10:44:36","date_gmt":"2025-03-22T09:44:36","guid":{"rendered":"https:\/\/www.ohselection.com\/produit\/brown-leather-military-nato-strap\/"},"modified":"2025-09-26T15:44:07","modified_gmt":"2025-09-26T13:44:07","slug":"brown-leather-military-nato-strap","status":"publish","type":"product","link":"https:\/\/www.ohselection.com\/en\/product\/brown-leather-military-nato-strap\/","title":{"rendered":"Brown Leather Military NATO Strap"},"content":{"rendered":"<h5><img decoding=\"async\" class=\"alignnone size-full wp-image-6386\" src=\"\/wp-content\/uploads\/2017\/07\/Capture-d%E2%80%99e%C4%9Bcran-2017-08-02-a%C4%9A-15.48.12.png\" alt=\"\" width=\"50\"> Description<\/h5>\n<ul>\n<li>Brown Leather NATO Strap with a Military Style<\/li>\n<li>This Military NATO strap model is unisex.<\/li>\n<li>Authentic models with fixed buckles<\/li>\n<li>These straps are available in: 20 mm, 22 mm, and 24 mm<\/li>\n<li>Leather Strap<\/li>\n<li>Adjustable length: approximately 27 cm<\/li>\n<li>Suitable for all types of watches: military, adventure, or vintage<\/li>\n<li>Can be fitted to watches of all brands.<\/li>\n<\/ul>\n<p><em>The colors of our straps are subject to change depending on supplier availability.<\/em><\/p>\n","protected":false},"excerpt":{"rendered":"<p>This brown leather NATO strap combines military style and vintage elegance to enhance both adventure watches and classic models. Unisex and robust, it easily adapts to all brands thanks to its various sizes. <\/p>\n<p>&nbsp;<\/p>\n","protected":false},"featured_media":109613,"comment_status":"closed","ping_status":"closed","template":"","meta":[],"pwb-brand":[570],"product_brand":[700],"product_cat":[834,827,838,824],"product_tag":[],"class_list":{"0":"post-109612","1":"product","2":"type-product","3":"status-publish","4":"has-post-thumbnail","6":"pwb-brand-ohselection","7":"product_brand-oh-selection","8":"product_cat-gifts-under-e50","9":"product_cat-leather-watch-strap","10":"product_cat-nato-watch-strap","11":"product_cat-watch-straps","12":"pa_taille-20mm","13":"pa_taille-22mm","14":"pa_taille-24mm","16":"first","17":"instock","18":"sale","19":"taxable","20":"shipping-taxable","21":"purchasable","22":"product-type-variable"},"yoast_head":"<!-- This site is optimized with the Yoast SEO plugin v27.0 - https:\/\/yoast.com\/product\/yoast-seo-wordpress\/ -->\n<title>Brown Leather Military NATO Strap | OH SELECTION<\/title>\n<meta name=\"description\" content=\"This brown leather NATO strap combines military style and vintage elegance to enhance both adventure watches and classic models. Unisex and robust, it easily adapts to all brands thanks to its various sizes.  &nbsp;\" \/>\n<meta name=\"robots\" content=\"index, follow, max-snippet:-1, max-image-preview:large, max-video-preview:-1\" \/>\n<link rel=\"canonical\" href=\"https:\/\/www.ohselection.com\/en\/product\/brown-leather-military-nato-strap\/\" \/>\n<meta property=\"og:locale\" content=\"en_US\" \/>\n<meta property=\"og:type\" content=\"article\" \/>\n<meta property=\"og:title\" content=\"Brown Leather Military NATO Strap | OH SELECTION\" \/>\n<meta property=\"og:description\" content=\"This brown leather NATO strap combines military style and vintage elegance to enhance both adventure watches and classic models. Unisex and robust, it easily adapts to all brands thanks to its various sizes.  &nbsp;\" \/>\n<meta property=\"og:url\" content=\"https:\/\/www.ohselection.com\/en\/product\/brown-leather-military-nato-strap\/\" \/>\n<meta property=\"og:site_name\" content=\"OH SELECTION\" \/>\n<meta property=\"article:publisher\" content=\"https:\/\/www.facebook.com\/ohselectionparis\/\" \/>\n<meta property=\"article:modified_time\" content=\"2025-09-26T13:44:07+00:00\" \/>\n<meta property=\"og:image\" content=\"https:\/\/www.ohselection.com\/wp-content\/uploads\/2025\/03\/Bracelet-montre-nato-miltaire-cuir-marron.jpg\" \/>\n\t<meta property=\"og:image:width\" content=\"1200\" \/>\n\t<meta property=\"og:image:height\" content=\"902\" \/>\n\t<meta property=\"og:image:type\" content=\"image\/jpeg\" \/>\n<meta name=\"twitter:card\" content=\"summary_large_image\" \/>\n<script type=\"application\/ld+json\" class=\"yoast-schema-graph\">{\"@context\":\"https:\/\/schema.org\",\"@graph\":[{\"@type\":\"WebPage\",\"@id\":\"https:\/\/www.ohselection.com\/en\/product\/brown-leather-military-nato-strap\/\",\"url\":\"https:\/\/www.ohselection.com\/en\/product\/brown-leather-military-nato-strap\/\",\"name\":\"Brown Leather Military NATO Strap | OH SELECTION\",\"isPartOf\":{\"@id\":\"https:\/\/www.ohselection.com\/en\/#website\"},\"primaryImageOfPage\":{\"@id\":\"https:\/\/www.ohselection.com\/en\/product\/brown-leather-military-nato-strap\/#primaryimage\"},\"image\":{\"@id\":\"https:\/\/www.ohselection.com\/en\/product\/brown-leather-military-nato-strap\/#primaryimage\"},\"thumbnailUrl\":\"https:\/\/www.ohselection.com\/wp-content\/uploads\/2025\/03\/Bracelet-montre-nato-miltaire-cuir-marron.jpg\",\"datePublished\":\"2025-03-22T09:44:36+00:00\",\"dateModified\":\"2025-09-26T13:44:07+00:00\",\"description\":\"This brown leather NATO strap combines military style and vintage elegance to enhance both adventure watches and classic models. Unisex and robust, it easily adapts to all brands thanks to its various sizes. &nbsp;\",\"breadcrumb\":{\"@id\":\"https:\/\/www.ohselection.com\/en\/product\/brown-leather-military-nato-strap\/#breadcrumb\"},\"inLanguage\":\"en-US\",\"potentialAction\":[{\"@type\":\"ReadAction\",\"target\":[\"https:\/\/www.ohselection.com\/en\/product\/brown-leather-military-nato-strap\/\"]}]},{\"@type\":\"ImageObject\",\"inLanguage\":\"en-US\",\"@id\":\"https:\/\/www.ohselection.com\/en\/product\/brown-leather-military-nato-strap\/#primaryimage\",\"url\":\"https:\/\/www.ohselection.com\/wp-content\/uploads\/2025\/03\/Bracelet-montre-nato-miltaire-cuir-marron.jpg\",\"contentUrl\":\"https:\/\/www.ohselection.com\/wp-content\/uploads\/2025\/03\/Bracelet-montre-nato-miltaire-cuir-marron.jpg\",\"width\":1200,\"height\":902,\"caption\":\"Brown Leather Military NATO Watch Strap\"},{\"@type\":\"BreadcrumbList\",\"@id\":\"https:\/\/www.ohselection.com\/en\/product\/brown-leather-military-nato-strap\/#breadcrumb\",\"itemListElement\":[{\"@type\":\"ListItem\",\"position\":1,\"name\":\"Accueil\",\"item\":\"https:\/\/www.ohselection.com\/shop\/?lang=en\"},{\"@type\":\"ListItem\",\"position\":2,\"name\":\"Watch straps\",\"item\":\"https:\/\/www.ohselection.com\/en\/product-category\/watch-straps\/\"},{\"@type\":\"ListItem\",\"position\":3,\"name\":\"NATO Watch Strap\",\"item\":\"https:\/\/www.ohselection.com\/en\/product-category\/nato-watch-strap\/\"},{\"@type\":\"ListItem\",\"position\":4,\"name\":\"Brown Leather Military NATO Strap\"}]},{\"@type\":\"WebSite\",\"@id\":\"https:\/\/www.ohselection.com\/en\/#website\",\"url\":\"https:\/\/www.ohselection.com\/en\/\",\"name\":\"OH Selection\",\"description\":\"Une s\u00e9lection de produits test\u00e9s et approuv\u00e9s par nos horlogers\",\"publisher\":{\"@id\":\"https:\/\/www.ohselection.com\/en\/#organization\"},\"alternateName\":\"Boutique sp\u00e9cialis\u00e9e dans les accessoires d'horlogerie\",\"potentialAction\":[{\"@type\":\"SearchAction\",\"target\":{\"@type\":\"EntryPoint\",\"urlTemplate\":\"https:\/\/www.ohselection.com\/en\/?s={search_term_string}\"},\"query-input\":{\"@type\":\"PropertyValueSpecification\",\"valueRequired\":true,\"valueName\":\"search_term_string\"}}],\"inLanguage\":\"en-US\"},{\"@type\":\"Organization\",\"@id\":\"https:\/\/www.ohselection.com\/en\/#organization\",\"name\":\"OH SELECTION\",\"alternateName\":\"OHSelection\",\"url\":\"https:\/\/www.ohselection.com\/en\/\",\"logo\":{\"@type\":\"ImageObject\",\"inLanguage\":\"en-US\",\"@id\":\"https:\/\/www.ohselection.com\/en\/#\/schema\/logo\/image\/\",\"url\":\"https:\/\/www.ohselection.com\/wp-content\/uploads\/2025\/04\/Logo-OHS-N.jpg\",\"contentUrl\":\"https:\/\/www.ohselection.com\/wp-content\/uploads\/2025\/04\/Logo-OHS-N.jpg\",\"width\":1385,\"height\":325,\"caption\":\"OH SELECTION\"},\"image\":{\"@id\":\"https:\/\/www.ohselection.com\/en\/#\/schema\/logo\/image\/\"},\"sameAs\":[\"https:\/\/www.facebook.com\/ohselectionparis\/\",\"https:\/\/www.instagram.com\/ohselectionparis\/\"]}]}<\/script>\n<!-- \/ Yoast SEO plugin. -->","yoast_head_json":{"title":"Brown Leather Military NATO Strap | OH SELECTION","description":"This brown leather NATO strap combines military style and vintage elegance to enhance both adventure watches and classic models. Unisex and robust, it easily adapts to all brands thanks to its various sizes.  &nbsp;","robots":{"index":"index","follow":"follow","max-snippet":"max-snippet:-1","max-image-preview":"max-image-preview:large","max-video-preview":"max-video-preview:-1"},"canonical":"https:\/\/www.ohselection.com\/en\/product\/brown-leather-military-nato-strap\/","og_locale":"en_US","og_type":"article","og_title":"Brown Leather Military NATO Strap | OH SELECTION","og_description":"This brown leather NATO strap combines military style and vintage elegance to enhance both adventure watches and classic models. Unisex and robust, it easily adapts to all brands thanks to its various sizes.  &nbsp;","og_url":"https:\/\/www.ohselection.com\/en\/product\/brown-leather-military-nato-strap\/","og_site_name":"OH SELECTION","article_publisher":"https:\/\/www.facebook.com\/ohselectionparis\/","article_modified_time":"2025-09-26T13:44:07+00:00","og_image":[{"width":1200,"height":902,"url":"https:\/\/www.ohselection.com\/wp-content\/uploads\/2025\/03\/Bracelet-montre-nato-miltaire-cuir-marron.jpg","type":"image\/jpeg"}],"twitter_card":"summary_large_image","schema":{"@context":"https:\/\/schema.org","@graph":[{"@type":"WebPage","@id":"https:\/\/www.ohselection.com\/en\/product\/brown-leather-military-nato-strap\/","url":"https:\/\/www.ohselection.com\/en\/product\/brown-leather-military-nato-strap\/","name":"Brown Leather Military NATO Strap | OH SELECTION","isPartOf":{"@id":"https:\/\/www.ohselection.com\/en\/#website"},"primaryImageOfPage":{"@id":"https:\/\/www.ohselection.com\/en\/product\/brown-leather-military-nato-strap\/#primaryimage"},"image":{"@id":"https:\/\/www.ohselection.com\/en\/product\/brown-leather-military-nato-strap\/#primaryimage"},"thumbnailUrl":"https:\/\/www.ohselection.com\/wp-content\/uploads\/2025\/03\/Bracelet-montre-nato-miltaire-cuir-marron.jpg","datePublished":"2025-03-22T09:44:36+00:00","dateModified":"2025-09-26T13:44:07+00:00","description":"This brown leather NATO strap combines military style and vintage elegance to enhance both adventure watches and classic models. Unisex and robust, it easily adapts to all brands thanks to its various sizes. &nbsp;","breadcrumb":{"@id":"https:\/\/www.ohselection.com\/en\/product\/brown-leather-military-nato-strap\/#breadcrumb"},"inLanguage":"en-US","potentialAction":[{"@type":"ReadAction","target":["https:\/\/www.ohselection.com\/en\/product\/brown-leather-military-nato-strap\/"]}]},{"@type":"ImageObject","inLanguage":"en-US","@id":"https:\/\/www.ohselection.com\/en\/product\/brown-leather-military-nato-strap\/#primaryimage","url":"https:\/\/www.ohselection.com\/wp-content\/uploads\/2025\/03\/Bracelet-montre-nato-miltaire-cuir-marron.jpg","contentUrl":"https:\/\/www.ohselection.com\/wp-content\/uploads\/2025\/03\/Bracelet-montre-nato-miltaire-cuir-marron.jpg","width":1200,"height":902,"caption":"Brown Leather Military NATO Watch Strap"},{"@type":"BreadcrumbList","@id":"https:\/\/www.ohselection.com\/en\/product\/brown-leather-military-nato-strap\/#breadcrumb","itemListElement":[{"@type":"ListItem","position":1,"name":"Accueil","item":"https:\/\/www.ohselection.com\/shop\/?lang=en"},{"@type":"ListItem","position":2,"name":"Watch straps","item":"https:\/\/www.ohselection.com\/en\/product-category\/watch-straps\/"},{"@type":"ListItem","position":3,"name":"NATO Watch Strap","item":"https:\/\/www.ohselection.com\/en\/product-category\/nato-watch-strap\/"},{"@type":"ListItem","position":4,"name":"Brown Leather Military NATO Strap"}]},{"@type":"WebSite","@id":"https:\/\/www.ohselection.com\/en\/#website","url":"https:\/\/www.ohselection.com\/en\/","name":"OH Selection","description":"Une s\u00e9lection de produits test\u00e9s et approuv\u00e9s par nos horlogers","publisher":{"@id":"https:\/\/www.ohselection.com\/en\/#organization"},"alternateName":"Boutique sp\u00e9cialis\u00e9e dans les accessoires d'horlogerie","potentialAction":[{"@type":"SearchAction","target":{"@type":"EntryPoint","urlTemplate":"https:\/\/www.ohselection.com\/en\/?s={search_term_string}"},"query-input":{"@type":"PropertyValueSpecification","valueRequired":true,"valueName":"search_term_string"}}],"inLanguage":"en-US"},{"@type":"Organization","@id":"https:\/\/www.ohselection.com\/en\/#organization","name":"OH SELECTION","alternateName":"OHSelection","url":"https:\/\/www.ohselection.com\/en\/","logo":{"@type":"ImageObject","inLanguage":"en-US","@id":"https:\/\/www.ohselection.com\/en\/#\/schema\/logo\/image\/","url":"https:\/\/www.ohselection.com\/wp-content\/uploads\/2025\/04\/Logo-OHS-N.jpg","contentUrl":"https:\/\/www.ohselection.com\/wp-content\/uploads\/2025\/04\/Logo-OHS-N.jpg","width":1385,"height":325,"caption":"OH SELECTION"},"image":{"@id":"https:\/\/www.ohselection.com\/en\/#\/schema\/logo\/image\/"},"sameAs":["https:\/\/www.facebook.com\/ohselectionparis\/","https:\/\/www.instagram.com\/ohselectionparis\/"]}]}},"brands":[{"id":570,"name":"OH Selection","slug":"ohselection"}],"_links":{"self":[{"href":"https:\/\/www.ohselection.com\/en\/wp-json\/wp\/v2\/product\/109612","targetHints":{"allow":["GET"]}}],"collection":[{"href":"https:\/\/www.ohselection.com\/en\/wp-json\/wp\/v2\/product"}],"about":[{"href":"https:\/\/www.ohselection.com\/en\/wp-json\/wp\/v2\/types\/product"}],"replies":[{"embeddable":true,"href":"https:\/\/www.ohselection.com\/en\/wp-json\/wp\/v2\/comments?post=109612"}],"wp:featuredmedia":[{"embeddable":true,"href":"https:\/\/www.ohselection.com\/en\/wp-json\/wp\/v2\/media\/109613"}],"wp:attachment":[{"href":"https:\/\/www.ohselection.com\/en\/wp-json\/wp\/v2\/media?parent=109612"}],"wp:term":[{"taxonomy":"pwb-brand","embeddable":true,"href":"https:\/\/www.ohselection.com\/en\/wp-json\/wp\/v2\/pwb-brand?post=109612"},{"taxonomy":"product_brand","embeddable":true,"href":"https:\/\/www.ohselection.com\/en\/wp-json\/wp\/v2\/product_brand?post=109612"},{"taxonomy":"product_cat","embeddable":true,"href":"https:\/\/www.ohselection.com\/en\/wp-json\/wp\/v2\/product_cat?post=109612"},{"taxonomy":"product_tag","embeddable":true,"href":"https:\/\/www.ohselection.com\/en\/wp-json\/wp\/v2\/product_tag?post=109612"}],"curies":[{"name":"wp","href":"https:\/\/api.w.org\/{rel}","templated":true}]}}