{"id":109659,"date":"2025-03-22T12:16:54","date_gmt":"2025-03-22T11:16:54","guid":{"rendered":"https:\/\/www.ohselection.com\/produit\/oh-selection-expert-tool-kit\/"},"modified":"2025-09-26T15:44:44","modified_gmt":"2025-09-26T13:44:44","slug":"oh-selection-expert-tool-kit","status":"publish","type":"product","link":"https:\/\/www.ohselection.com\/en\/produit\/oh-selection-expert-tool-kit\/","title":{"rendered":"OH Selection Expert Tool Kit"},"content":{"rendered":"<p>[vc_row][vc_column][vc_separator][\/vc_column][\/vc_row][vc_row][vc_column width=&#8221;1\/2&#8243;][vc_column_text css=&#8221;.vc_custom_1505817814659{margin-top: 20px !important;}&#8221;]<\/p>\n<h3><img decoding=\"async\" class=\"alignnone size-full wp-image-6386\" src=\"\/wp-content\/uploads\/2017\/07\/Capture-d%E2%80%99e%C4%9Bcran-2017-08-02-a%C4%9A-15.48.12.png\" alt=\"\" width=\"50\"> Description<\/h3>\n<p>[\/vc_column_text][vc_column_text]<\/p>\n<ul>\n<li>Expert Tool Kit<\/li>\n<li>Other kits are also available on our website: the strap tool kit and the amateur tool kit.<\/li>\n<li>This kit is sold with its storage pouch.<\/li>\n<li>2-year warranty<\/li>\n<\/ul>\n<p>[\/vc_column_text][\/vc_column][vc_column width=&#8221;1\/2&#8243;][vc_column_text css=&#8221;.vc_custom_1505817822505{margin-top: 20px !important;}&#8221;]<\/p>\n<h3><img decoding=\"async\" class=\"alignnone size-full wp-image-6386\" src=\"\/wp-content\/uploads\/2017\/07\/Capture-d%E2%80%99e%C4%9Bcran-2017-08-02-a%C4%9A-15.48.12.png\" alt=\"\" width=\"50\"> Our Expert&#8217;s Opinion<\/h3>\n<p>[\/vc_column_text][vc_column_text]<img loading=\"lazy\" decoding=\"async\" class=\" wp-image-6394 alignleft\" src=\"\/wp-content\/uploads\/2017\/08\/DSC_2112a-132x150.png\" alt=\"\" width=\"103\" height=\"118\"><span class=\"s1\">&#8220;This tool kit is intended for all watchmakers, whether they are amateurs or experts. You will find all the necessary tools to properly handle your movements and watches. Its portable case is truly very practical.&#8221;   <\/span>&#8220;[\/vc_column_text][\/vc_column][\/vc_row]<\/p>\n<h3><img decoding=\"async\" class=\"alignnone size-full wp-image-6386\" src=\"\/wp-content\/uploads\/2017\/07\/Capture-d%E2%80%99e%C4%9Bcran-2017-08-02-a%C4%9A-15.48.12.png\" alt=\"\" width=\"50\"> Features<\/h3>\n<p>[vc_row][vc_column][vc_separator][\/vc_column][\/vc_row][vc_row][vc_column width=&#8221;1\/2&#8243;][vc_column_text css=&#8221;.vc_custom_1505817814659{margin-top: 20px !important;}&#8221;]<\/p>\n<p>The kit contains:<\/p>\n<p>[\/vc_column_text][vc_column_text]<\/p>\n<ul>\n<li>a BERGEON strap changing tool<\/li>\n<li>two forks for the strap changing tool<\/li>\n<li>7 screwdrivers with spare blades, a microfiber cloth<\/li>\n<li>a pair of tweezers<\/li>\n<li>a wooden stick<\/li>\n<li>a compartmentalized box<\/li>\n<li>two loupes<\/li>\n<li>a movement holder<\/li>\n<\/ul>\n<p>[\/vc_column_text][\/vc_column][vc_column width=&#8221;1\/2&#8243;][vc_column_text css=&#8221;.vc_custom_1505817822505{margin-top: 20px !important;}&#8221;]<\/p>\n<p>[\/vc_column_text][vc_column_text]<\/p>\n<ul>\n<li>a case opener<\/li>\n<li>oil for lubricating jewels<\/li>\n<li>case back knife<\/li>\n<li>a dust blower, finger cots<\/li>\n<li>a demagnetizing bell with its stand<\/li>\n<li>an oiler, 4 oil picks for Bergeon oil, and finally a premium Bergeon Rodico paste<\/li>\n<li>a hand remover<\/li>\n<li>a hand-setting tool.<\/li>\n<\/ul>\n<p>[\/vc_column_text][\/vc_column][\/vc_row]<\/p>\n<p><em>Items may vary depending on the availability of different suppliers.<\/em><\/p>\n","protected":false},"excerpt":{"rendered":"<p><img loading=\"lazy\" decoding=\"async\" class=\"wp-image-5807 size-thumbnail alignnone\" src=\"\/wp-content\/uploads\/2017\/05\/oh-selection-150x47.png\" alt=\"\" width=\"150\" height=\"47\" srcset=\"https:\/\/www.ohselection.com\/wp-content\/uploads\/2017\/05\/oh-selection-150x47.png 150w, https:\/\/www.ohselection.com\/wp-content\/uploads\/2017\/05\/oh-selection-120x38.png 120w, https:\/\/www.ohselection.com\/wp-content\/uploads\/2017\/05\/oh-selection-750x235.png 750w, https:\/\/www.ohselection.com\/wp-content\/uploads\/2017\/05\/oh-selection-64x20.png 64w, https:\/\/www.ohselection.com\/wp-content\/uploads\/2017\/05\/oh-selection-300x94.png 300w, https:\/\/www.ohselection.com\/wp-content\/uploads\/2017\/05\/oh-selection-768x241.png 768w, https:\/\/www.ohselection.com\/wp-content\/uploads\/2017\/05\/oh-selection-1024x321.png 1024w\" sizes=\"auto, (max-width: 150px) 100vw, 150px\" \/><\/p>\n<p><span style=\"color: #1f0505;\">This expert tool kit brings together all the essential instruments for working on and maintaining watches: precision screwdrivers, case opener, loupe, watch oil, movement holder&#8230; supplied in a practical storage case. Guaranteed for 2 years, it is suitable for both experienced enthusiasts and professional watchmakers. <\/span><\/p>\n","protected":false},"featured_media":23624,"comment_status":"open","ping_status":"closed","template":"","meta":[],"pwb-brand":[569],"product_brand":[702],"product_cat":[828,831],"product_tag":[],"class_list":{"0":"post-109659","1":"product","2":"type-product","3":"status-publish","4":"has-post-thumbnail","6":"pwb-brand-kronokeeper","7":"product_brand-kronokeeper","8":"product_cat-gifts-under-500-euros","9":"product_cat-watchmaking-tools","10":"product_shipping_class-other","12":"first","13":"instock","14":"featured","15":"taxable","16":"shipping-taxable","17":"purchasable","18":"product-type-simple"},"yoast_head":"<!-- This site is optimized with the Yoast SEO plugin v27.0 - https:\/\/yoast.com\/product\/yoast-seo-wordpress\/ -->\n<title>Expert Watchmaking Tool Kit, the Essential Tools for Watchmaking<\/title>\n<meta name=\"description\" content=\"Purchase an expert watchmaking tool kit on OH Selection now. You will then be able to disassemble and reassemble your watch, change the strap...\" \/>\n<meta name=\"robots\" content=\"index, follow, max-snippet:-1, max-image-preview:large, max-video-preview:-1\" \/>\n<link rel=\"canonical\" href=\"https:\/\/www.ohselection.com\/en\/produit\/oh-selection-expert-tool-kit\/\" \/>\n<meta property=\"og:locale\" content=\"en_US\" \/>\n<meta property=\"og:type\" content=\"article\" \/>\n<meta property=\"og:title\" content=\"Expert Watchmaking Tool Kit, the Essential Tools for Watchmaking\" \/>\n<meta property=\"og:description\" content=\"Purchase an expert watchmaking tool kit on OH Selection now. You will then be able to disassemble and reassemble your watch, change the strap...\" \/>\n<meta property=\"og:url\" content=\"https:\/\/www.ohselection.com\/en\/produit\/oh-selection-expert-tool-kit\/\" \/>\n<meta property=\"og:site_name\" content=\"OH SELECTION\" \/>\n<meta property=\"article:publisher\" content=\"https:\/\/www.facebook.com\/ohselectionparis\/\" \/>\n<meta property=\"article:modified_time\" content=\"2025-09-26T13:44:44+00:00\" \/>\n<meta property=\"og:image\" content=\"https:\/\/www.ohselection.com\/wp-content\/uploads\/2025\/03\/coffret-kit-outils-expert.jpg\" \/>\n\t<meta property=\"og:image:width\" content=\"2000\" \/>\n\t<meta property=\"og:image:height\" content=\"900\" \/>\n\t<meta property=\"og:image:type\" content=\"image\/jpeg\" \/>\n<meta name=\"twitter:card\" content=\"summary_large_image\" \/>\n<meta name=\"twitter:label1\" content=\"Est. reading time\" \/>\n\t<meta name=\"twitter:data1\" content=\"1 minute\" \/>\n<script type=\"application\/ld+json\" class=\"yoast-schema-graph\">{\"@context\":\"https:\/\/schema.org\",\"@graph\":[{\"@type\":\"WebPage\",\"@id\":\"https:\/\/www.ohselection.com\/en\/produit\/oh-selection-expert-tool-kit\/\",\"url\":\"https:\/\/www.ohselection.com\/en\/produit\/oh-selection-expert-tool-kit\/\",\"name\":\"Expert Watchmaking Tool Kit, the Essential Tools for Watchmaking\",\"isPartOf\":{\"@id\":\"https:\/\/www.ohselection.com\/en\/#website\"},\"primaryImageOfPage\":{\"@id\":\"https:\/\/www.ohselection.com\/en\/produit\/oh-selection-expert-tool-kit\/#primaryimage\"},\"image\":{\"@id\":\"https:\/\/www.ohselection.com\/en\/produit\/oh-selection-expert-tool-kit\/#primaryimage\"},\"thumbnailUrl\":\"https:\/\/www.ohselection.com\/wp-content\/uploads\/2025\/03\/coffret-kit-outils-expert.jpg\",\"datePublished\":\"2025-03-22T11:16:54+00:00\",\"dateModified\":\"2025-09-26T13:44:44+00:00\",\"description\":\"Purchase an expert watchmaking tool kit on OH Selection now. You will then be able to disassemble and reassemble your watch, change the strap...\",\"breadcrumb\":{\"@id\":\"https:\/\/www.ohselection.com\/en\/produit\/oh-selection-expert-tool-kit\/#breadcrumb\"},\"inLanguage\":\"en-US\",\"potentialAction\":[{\"@type\":\"ReadAction\",\"target\":[\"https:\/\/www.ohselection.com\/en\/produit\/oh-selection-expert-tool-kit\/\"]}]},{\"@type\":\"ImageObject\",\"inLanguage\":\"en-US\",\"@id\":\"https:\/\/www.ohselection.com\/en\/produit\/oh-selection-expert-tool-kit\/#primaryimage\",\"url\":\"https:\/\/www.ohselection.com\/wp-content\/uploads\/2025\/03\/coffret-kit-outils-expert.jpg\",\"contentUrl\":\"https:\/\/www.ohselection.com\/wp-content\/uploads\/2025\/03\/coffret-kit-outils-expert.jpg\",\"width\":2000,\"height\":900,\"caption\":\"coffret-kit-outils-expert\"},{\"@type\":\"BreadcrumbList\",\"@id\":\"https:\/\/www.ohselection.com\/en\/produit\/oh-selection-expert-tool-kit\/#breadcrumb\",\"itemListElement\":[{\"@type\":\"ListItem\",\"position\":1,\"name\":\"Accueil\",\"item\":\"https:\/\/www.ohselection.com\/shop\/?lang=en\"},{\"@type\":\"ListItem\",\"position\":2,\"name\":\"Gifts under 500 euros\",\"item\":\"https:\/\/www.ohselection.com\/en\/product-category\/gifts-under-500-euros\/\"},{\"@type\":\"ListItem\",\"position\":3,\"name\":\"OH Selection Expert Tool Kit\"}]},{\"@type\":\"WebSite\",\"@id\":\"https:\/\/www.ohselection.com\/en\/#website\",\"url\":\"https:\/\/www.ohselection.com\/en\/\",\"name\":\"OH Selection\",\"description\":\"Une s\u00e9lection de produits test\u00e9s et approuv\u00e9s par nos horlogers\",\"publisher\":{\"@id\":\"https:\/\/www.ohselection.com\/en\/#organization\"},\"alternateName\":\"Boutique sp\u00e9cialis\u00e9e dans les accessoires d'horlogerie\",\"potentialAction\":[{\"@type\":\"SearchAction\",\"target\":{\"@type\":\"EntryPoint\",\"urlTemplate\":\"https:\/\/www.ohselection.com\/en\/?s={search_term_string}\"},\"query-input\":{\"@type\":\"PropertyValueSpecification\",\"valueRequired\":true,\"valueName\":\"search_term_string\"}}],\"inLanguage\":\"en-US\"},{\"@type\":\"Organization\",\"@id\":\"https:\/\/www.ohselection.com\/en\/#organization\",\"name\":\"OH SELECTION\",\"alternateName\":\"OHSelection\",\"url\":\"https:\/\/www.ohselection.com\/en\/\",\"logo\":{\"@type\":\"ImageObject\",\"inLanguage\":\"en-US\",\"@id\":\"https:\/\/www.ohselection.com\/en\/#\/schema\/logo\/image\/\",\"url\":\"https:\/\/www.ohselection.com\/wp-content\/uploads\/2025\/04\/Logo-OHS-N.jpg\",\"contentUrl\":\"https:\/\/www.ohselection.com\/wp-content\/uploads\/2025\/04\/Logo-OHS-N.jpg\",\"width\":1385,\"height\":325,\"caption\":\"OH SELECTION\"},\"image\":{\"@id\":\"https:\/\/www.ohselection.com\/en\/#\/schema\/logo\/image\/\"},\"sameAs\":[\"https:\/\/www.facebook.com\/ohselectionparis\/\",\"https:\/\/www.instagram.com\/ohselectionparis\/\"]}]}<\/script>\n<!-- \/ Yoast SEO plugin. -->","yoast_head_json":{"title":"Expert Watchmaking Tool Kit, the Essential Tools for Watchmaking","description":"Purchase an expert watchmaking tool kit on OH Selection now. You will then be able to disassemble and reassemble your watch, change the strap...","robots":{"index":"index","follow":"follow","max-snippet":"max-snippet:-1","max-image-preview":"max-image-preview:large","max-video-preview":"max-video-preview:-1"},"canonical":"https:\/\/www.ohselection.com\/en\/produit\/oh-selection-expert-tool-kit\/","og_locale":"en_US","og_type":"article","og_title":"Expert Watchmaking Tool Kit, the Essential Tools for Watchmaking","og_description":"Purchase an expert watchmaking tool kit on OH Selection now. You will then be able to disassemble and reassemble your watch, change the strap...","og_url":"https:\/\/www.ohselection.com\/en\/produit\/oh-selection-expert-tool-kit\/","og_site_name":"OH SELECTION","article_publisher":"https:\/\/www.facebook.com\/ohselectionparis\/","article_modified_time":"2025-09-26T13:44:44+00:00","og_image":[{"width":2000,"height":900,"url":"https:\/\/www.ohselection.com\/wp-content\/uploads\/2025\/03\/coffret-kit-outils-expert.jpg","type":"image\/jpeg"}],"twitter_card":"summary_large_image","twitter_misc":{"Est. reading time":"1 minute"},"schema":{"@context":"https:\/\/schema.org","@graph":[{"@type":"WebPage","@id":"https:\/\/www.ohselection.com\/en\/produit\/oh-selection-expert-tool-kit\/","url":"https:\/\/www.ohselection.com\/en\/produit\/oh-selection-expert-tool-kit\/","name":"Expert Watchmaking Tool Kit, the Essential Tools for Watchmaking","isPartOf":{"@id":"https:\/\/www.ohselection.com\/en\/#website"},"primaryImageOfPage":{"@id":"https:\/\/www.ohselection.com\/en\/produit\/oh-selection-expert-tool-kit\/#primaryimage"},"image":{"@id":"https:\/\/www.ohselection.com\/en\/produit\/oh-selection-expert-tool-kit\/#primaryimage"},"thumbnailUrl":"https:\/\/www.ohselection.com\/wp-content\/uploads\/2025\/03\/coffret-kit-outils-expert.jpg","datePublished":"2025-03-22T11:16:54+00:00","dateModified":"2025-09-26T13:44:44+00:00","description":"Purchase an expert watchmaking tool kit on OH Selection now. You will then be able to disassemble and reassemble your watch, change the strap...","breadcrumb":{"@id":"https:\/\/www.ohselection.com\/en\/produit\/oh-selection-expert-tool-kit\/#breadcrumb"},"inLanguage":"en-US","potentialAction":[{"@type":"ReadAction","target":["https:\/\/www.ohselection.com\/en\/produit\/oh-selection-expert-tool-kit\/"]}]},{"@type":"ImageObject","inLanguage":"en-US","@id":"https:\/\/www.ohselection.com\/en\/produit\/oh-selection-expert-tool-kit\/#primaryimage","url":"https:\/\/www.ohselection.com\/wp-content\/uploads\/2025\/03\/coffret-kit-outils-expert.jpg","contentUrl":"https:\/\/www.ohselection.com\/wp-content\/uploads\/2025\/03\/coffret-kit-outils-expert.jpg","width":2000,"height":900,"caption":"coffret-kit-outils-expert"},{"@type":"BreadcrumbList","@id":"https:\/\/www.ohselection.com\/en\/produit\/oh-selection-expert-tool-kit\/#breadcrumb","itemListElement":[{"@type":"ListItem","position":1,"name":"Accueil","item":"https:\/\/www.ohselection.com\/shop\/?lang=en"},{"@type":"ListItem","position":2,"name":"Gifts under 500 euros","item":"https:\/\/www.ohselection.com\/en\/product-category\/gifts-under-500-euros\/"},{"@type":"ListItem","position":3,"name":"OH Selection Expert Tool Kit"}]},{"@type":"WebSite","@id":"https:\/\/www.ohselection.com\/en\/#website","url":"https:\/\/www.ohselection.com\/en\/","name":"OH Selection","description":"Une s\u00e9lection de produits test\u00e9s et approuv\u00e9s par nos horlogers","publisher":{"@id":"https:\/\/www.ohselection.com\/en\/#organization"},"alternateName":"Boutique sp\u00e9cialis\u00e9e dans les accessoires d'horlogerie","potentialAction":[{"@type":"SearchAction","target":{"@type":"EntryPoint","urlTemplate":"https:\/\/www.ohselection.com\/en\/?s={search_term_string}"},"query-input":{"@type":"PropertyValueSpecification","valueRequired":true,"valueName":"search_term_string"}}],"inLanguage":"en-US"},{"@type":"Organization","@id":"https:\/\/www.ohselection.com\/en\/#organization","name":"OH SELECTION","alternateName":"OHSelection","url":"https:\/\/www.ohselection.com\/en\/","logo":{"@type":"ImageObject","inLanguage":"en-US","@id":"https:\/\/www.ohselection.com\/en\/#\/schema\/logo\/image\/","url":"https:\/\/www.ohselection.com\/wp-content\/uploads\/2025\/04\/Logo-OHS-N.jpg","contentUrl":"https:\/\/www.ohselection.com\/wp-content\/uploads\/2025\/04\/Logo-OHS-N.jpg","width":1385,"height":325,"caption":"OH SELECTION"},"image":{"@id":"https:\/\/www.ohselection.com\/en\/#\/schema\/logo\/image\/"},"sameAs":["https:\/\/www.facebook.com\/ohselectionparis\/","https:\/\/www.instagram.com\/ohselectionparis\/"]}]}},"brands":[{"id":569,"name":"Kronokeeper","slug":"kronokeeper"}],"_links":{"self":[{"href":"https:\/\/www.ohselection.com\/en\/wp-json\/wp\/v2\/product\/109659","targetHints":{"allow":["GET"]}}],"collection":[{"href":"https:\/\/www.ohselection.com\/en\/wp-json\/wp\/v2\/product"}],"about":[{"href":"https:\/\/www.ohselection.com\/en\/wp-json\/wp\/v2\/types\/product"}],"replies":[{"embeddable":true,"href":"https:\/\/www.ohselection.com\/en\/wp-json\/wp\/v2\/comments?post=109659"}],"wp:featuredmedia":[{"embeddable":true,"href":"https:\/\/www.ohselection.com\/en\/wp-json\/wp\/v2\/media\/23624"}],"wp:attachment":[{"href":"https:\/\/www.ohselection.com\/en\/wp-json\/wp\/v2\/media?parent=109659"}],"wp:term":[{"taxonomy":"pwb-brand","embeddable":true,"href":"https:\/\/www.ohselection.com\/en\/wp-json\/wp\/v2\/pwb-brand?post=109659"},{"taxonomy":"product_brand","embeddable":true,"href":"https:\/\/www.ohselection.com\/en\/wp-json\/wp\/v2\/product_brand?post=109659"},{"taxonomy":"product_cat","embeddable":true,"href":"https:\/\/www.ohselection.com\/en\/wp-json\/wp\/v2\/product_cat?post=109659"},{"taxonomy":"product_tag","embeddable":true,"href":"https:\/\/www.ohselection.com\/en\/wp-json\/wp\/v2\/product_tag?post=109659"}],"curies":[{"name":"wp","href":"https:\/\/api.w.org\/{rel}","templated":true}]}}