{"id":109684,"date":"2025-03-31T11:02:18","date_gmt":"2025-03-31T09:02:18","guid":{"rendered":"https:\/\/www.ohselection.com\/produit\/bergeon-watch-strap-changing-tool-kit\/"},"modified":"2025-09-26T15:44:45","modified_gmt":"2025-09-26T13:44:45","slug":"bergeon-watch-strap-changing-tool-kit","status":"publish","type":"product","link":"https:\/\/www.ohselection.com\/en\/product\/bergeon-watch-strap-changing-tool-kit\/","title":{"rendered":"BERGEON Watch Strap Changing Tool Kit"},"content":{"rendered":"<p>[vc_row][vc_column][vc_separator][\/vc_column][\/vc_row][vc_row][vc_column width=&#8221;1\/2&#8243;][vc_column_text css=&#8221;.vc_custom_1505817814659{margin-top: 20px !important;}&#8221;]<\/p>\n<h5><img decoding=\"async\" class=\"alignnone size-full wp-image-6386\" src=\"\/wp-content\/uploads\/2017\/07\/Capture-d%E2%80%99e%C4%9Bcran-2017-08-02-a%C4%9A-15.48.12.png\" alt=\"\" width=\"50\"> Description<\/h5>\n<p>[\/vc_column_text][vc_column_text]<\/p>\n<div id=\"cc-shop-product-desc-text-11422903527\" class=\"description\">\n<ul>\n<li>Watch Strap Changing Tool Kit<\/li>\n<li>Other tool kits are also available on our website: the amateur tool kit and the expert tool kit.<\/li>\n<li>This kit is sold with its storage pouch.<\/li>\n<li>2-year warranty<\/li>\n<\/ul>\n<\/div>\n<p>[\/vc_column_text][\/vc_column][vc_column width=&#8221;1\/2&#8243;][vc_column_text css=&#8221;.vc_custom_1505817822505{margin-top: 20px !important;}&#8221;]<\/p>\n<h5><img decoding=\"async\" class=\"alignnone size-full wp-image-6386\" src=\"\/wp-content\/uploads\/2017\/07\/Capture-d%E2%80%99e%C4%9Bcran-2017-08-02-a%C4%9A-15.48.12.png\" alt=\"\" width=\"50\"> Our Expert&#8217;s Opinion<\/h5>\n<p>[\/vc_column_text][vc_column_text]<img loading=\"lazy\" decoding=\"async\" class=\" wp-image-6394 alignleft\" src=\"\/wp-content\/uploads\/2017\/08\/DSC_2112a-132x150.png\" alt=\"\" width=\"103\" height=\"118\">&#8220;<span class=\"s1\">This mini tool kit is essential for changing your watch strap. Practical and useful, these various tools are of excellent quality. You can use the velvet flat surface of the pouch as a work surface to protect your watch.<\/span>&#8220;[\/vc_column_text][\/vc_column][\/vc_row][vc_row][vc_column][vc_column_text]<\/p>\n<ul>\n<li>The kit contains: a BERGEON 7767-S watch strap changing tool, two forks for the 6767-A and 6767-B strap changing tool: one fine (1 mm) and one wider (3 mm), a tip for the strap changing tool, a 1.6 mm screwdriver, and a microfiber cloth.<\/li>\n<\/ul>\n<p>[\/vc_column_text][vc_column_text css=&#8221;.vc_custom_1505817875257{margin-top: 20px !important;}&#8221; el_class=&#8221;zoomproduit&#8221;][:en][vc_row][vc_column][vc_separator][\/vc_column][\/vc_row]<\/p>\n<p>&nbsp;<\/p>\n","protected":false},"excerpt":{"rendered":"<p>This precision tool kit is ideal for easily and safely changing your watch strap. It includes a BERGEON 7767-S tool, two interchangeable forks, a precision tip, a 1.6 mm screwdriver, and a microfiber cloth. Practical and compact, it comes with a storage pouch whose velvet interior can serve as a work surface to protect your watch.  <\/p>\n","protected":false},"featured_media":109692,"comment_status":"open","ping_status":"closed","template":"","meta":[],"pwb-brand":[569],"product_brand":[702],"product_cat":[834,831],"product_tag":[991],"class_list":{"0":"post-109684","1":"product","2":"type-product","3":"status-publish","4":"has-post-thumbnail","6":"pwb-brand-kronokeeper","7":"product_brand-kronokeeper","8":"product_cat-gifts-under-e50","9":"product_cat-watchmaking-tools","10":"product_tag-shamballa-and-macrame-bracelets","11":"product_shipping_class-other","13":"first","14":"instock","15":"featured","16":"taxable","17":"shipping-taxable","18":"purchasable","19":"product-type-simple"},"yoast_head":"<!-- This site is optimized with the Yoast SEO plugin v27.0 - https:\/\/yoast.com\/product\/yoast-seo-wordpress\/ -->\n<title>Watch Strap Changing Tool Kit on OH Selection<\/title>\n<meta name=\"description\" content=\"This mini tool kit is essential for changing your watch strap. Purchase it directly from the specialist OH Selection.\" \/>\n<meta name=\"robots\" content=\"index, follow, max-snippet:-1, max-image-preview:large, max-video-preview:-1\" \/>\n<link rel=\"canonical\" href=\"https:\/\/www.ohselection.com\/en\/product\/bergeon-watch-strap-changing-tool-kit\/\" \/>\n<meta property=\"og:locale\" content=\"en_US\" \/>\n<meta property=\"og:type\" content=\"article\" \/>\n<meta property=\"og:title\" content=\"Watch Strap Changing Tool Kit on OH Selection\" \/>\n<meta property=\"og:description\" content=\"This mini tool kit is essential for changing your watch strap. Purchase it directly from the specialist OH Selection.\" \/>\n<meta property=\"og:url\" content=\"https:\/\/www.ohselection.com\/en\/product\/bergeon-watch-strap-changing-tool-kit\/\" \/>\n<meta property=\"og:site_name\" content=\"OH SELECTION\" \/>\n<meta property=\"article:publisher\" content=\"https:\/\/www.facebook.com\/ohselectionparis\/\" \/>\n<meta property=\"article:modified_time\" content=\"2025-09-26T13:44:45+00:00\" \/>\n<meta property=\"og:image\" content=\"https:\/\/www.ohselection.com\/wp-content\/uploads\/2025\/03\/Kit-doutils-de-changement-de-bracelet.jpg\" \/>\n\t<meta property=\"og:image:width\" content=\"1500\" \/>\n\t<meta property=\"og:image:height\" content=\"900\" \/>\n\t<meta property=\"og:image:type\" content=\"image\/jpeg\" \/>\n<meta name=\"twitter:card\" content=\"summary_large_image\" \/>\n<meta name=\"twitter:label1\" content=\"Est. reading time\" \/>\n\t<meta name=\"twitter:data1\" content=\"1 minute\" \/>\n<script type=\"application\/ld+json\" class=\"yoast-schema-graph\">{\"@context\":\"https:\/\/schema.org\",\"@graph\":[{\"@type\":\"WebPage\",\"@id\":\"https:\/\/www.ohselection.com\/en\/product\/bergeon-watch-strap-changing-tool-kit\/\",\"url\":\"https:\/\/www.ohselection.com\/en\/product\/bergeon-watch-strap-changing-tool-kit\/\",\"name\":\"Watch Strap Changing Tool Kit on OH Selection\",\"isPartOf\":{\"@id\":\"https:\/\/www.ohselection.com\/en\/#website\"},\"primaryImageOfPage\":{\"@id\":\"https:\/\/www.ohselection.com\/en\/product\/bergeon-watch-strap-changing-tool-kit\/#primaryimage\"},\"image\":{\"@id\":\"https:\/\/www.ohselection.com\/en\/product\/bergeon-watch-strap-changing-tool-kit\/#primaryimage\"},\"thumbnailUrl\":\"https:\/\/www.ohselection.com\/wp-content\/uploads\/2025\/03\/Kit-doutils-de-changement-de-bracelet.jpg\",\"datePublished\":\"2025-03-31T09:02:18+00:00\",\"dateModified\":\"2025-09-26T13:44:45+00:00\",\"description\":\"This mini tool kit is essential for changing your watch strap. Purchase it directly from the specialist OH Selection.\",\"breadcrumb\":{\"@id\":\"https:\/\/www.ohselection.com\/en\/product\/bergeon-watch-strap-changing-tool-kit\/#breadcrumb\"},\"inLanguage\":\"en-US\",\"potentialAction\":[{\"@type\":\"ReadAction\",\"target\":[\"https:\/\/www.ohselection.com\/en\/product\/bergeon-watch-strap-changing-tool-kit\/\"]}]},{\"@type\":\"ImageObject\",\"inLanguage\":\"en-US\",\"@id\":\"https:\/\/www.ohselection.com\/en\/product\/bergeon-watch-strap-changing-tool-kit\/#primaryimage\",\"url\":\"https:\/\/www.ohselection.com\/wp-content\/uploads\/2025\/03\/Kit-doutils-de-changement-de-bracelet.jpg\",\"contentUrl\":\"https:\/\/www.ohselection.com\/wp-content\/uploads\/2025\/03\/Kit-doutils-de-changement-de-bracelet.jpg\",\"width\":1500,\"height\":900,\"caption\":\"Watch Strap Changing Tool Kit\"},{\"@type\":\"BreadcrumbList\",\"@id\":\"https:\/\/www.ohselection.com\/en\/product\/bergeon-watch-strap-changing-tool-kit\/#breadcrumb\",\"itemListElement\":[{\"@type\":\"ListItem\",\"position\":1,\"name\":\"Accueil\",\"item\":\"https:\/\/www.ohselection.com\/shop\/?lang=en\"},{\"@type\":\"ListItem\",\"position\":2,\"name\":\"Watchmaking tools\",\"item\":\"https:\/\/www.ohselection.com\/en\/product-category\/watchmaking-tools\/\"},{\"@type\":\"ListItem\",\"position\":3,\"name\":\"BERGEON Watch Strap Changing Tool Kit\"}]},{\"@type\":\"WebSite\",\"@id\":\"https:\/\/www.ohselection.com\/en\/#website\",\"url\":\"https:\/\/www.ohselection.com\/en\/\",\"name\":\"OH Selection\",\"description\":\"Une s\u00e9lection de produits test\u00e9s et approuv\u00e9s par nos horlogers\",\"publisher\":{\"@id\":\"https:\/\/www.ohselection.com\/en\/#organization\"},\"alternateName\":\"Boutique sp\u00e9cialis\u00e9e dans les accessoires d'horlogerie\",\"potentialAction\":[{\"@type\":\"SearchAction\",\"target\":{\"@type\":\"EntryPoint\",\"urlTemplate\":\"https:\/\/www.ohselection.com\/en\/?s={search_term_string}\"},\"query-input\":{\"@type\":\"PropertyValueSpecification\",\"valueRequired\":true,\"valueName\":\"search_term_string\"}}],\"inLanguage\":\"en-US\"},{\"@type\":\"Organization\",\"@id\":\"https:\/\/www.ohselection.com\/en\/#organization\",\"name\":\"OH SELECTION\",\"alternateName\":\"OHSelection\",\"url\":\"https:\/\/www.ohselection.com\/en\/\",\"logo\":{\"@type\":\"ImageObject\",\"inLanguage\":\"en-US\",\"@id\":\"https:\/\/www.ohselection.com\/en\/#\/schema\/logo\/image\/\",\"url\":\"https:\/\/www.ohselection.com\/wp-content\/uploads\/2025\/04\/Logo-OHS-N.jpg\",\"contentUrl\":\"https:\/\/www.ohselection.com\/wp-content\/uploads\/2025\/04\/Logo-OHS-N.jpg\",\"width\":1385,\"height\":325,\"caption\":\"OH SELECTION\"},\"image\":{\"@id\":\"https:\/\/www.ohselection.com\/en\/#\/schema\/logo\/image\/\"},\"sameAs\":[\"https:\/\/www.facebook.com\/ohselectionparis\/\",\"https:\/\/www.instagram.com\/ohselectionparis\/\"]}]}<\/script>\n<!-- \/ Yoast SEO plugin. -->","yoast_head_json":{"title":"Watch Strap Changing Tool Kit on OH Selection","description":"This mini tool kit is essential for changing your watch strap. Purchase it directly from the specialist OH Selection.","robots":{"index":"index","follow":"follow","max-snippet":"max-snippet:-1","max-image-preview":"max-image-preview:large","max-video-preview":"max-video-preview:-1"},"canonical":"https:\/\/www.ohselection.com\/en\/product\/bergeon-watch-strap-changing-tool-kit\/","og_locale":"en_US","og_type":"article","og_title":"Watch Strap Changing Tool Kit on OH Selection","og_description":"This mini tool kit is essential for changing your watch strap. Purchase it directly from the specialist OH Selection.","og_url":"https:\/\/www.ohselection.com\/en\/product\/bergeon-watch-strap-changing-tool-kit\/","og_site_name":"OH SELECTION","article_publisher":"https:\/\/www.facebook.com\/ohselectionparis\/","article_modified_time":"2025-09-26T13:44:45+00:00","og_image":[{"width":1500,"height":900,"url":"https:\/\/www.ohselection.com\/wp-content\/uploads\/2025\/03\/Kit-doutils-de-changement-de-bracelet.jpg","type":"image\/jpeg"}],"twitter_card":"summary_large_image","twitter_misc":{"Est. reading time":"1 minute"},"schema":{"@context":"https:\/\/schema.org","@graph":[{"@type":"WebPage","@id":"https:\/\/www.ohselection.com\/en\/product\/bergeon-watch-strap-changing-tool-kit\/","url":"https:\/\/www.ohselection.com\/en\/product\/bergeon-watch-strap-changing-tool-kit\/","name":"Watch Strap Changing Tool Kit on OH Selection","isPartOf":{"@id":"https:\/\/www.ohselection.com\/en\/#website"},"primaryImageOfPage":{"@id":"https:\/\/www.ohselection.com\/en\/product\/bergeon-watch-strap-changing-tool-kit\/#primaryimage"},"image":{"@id":"https:\/\/www.ohselection.com\/en\/product\/bergeon-watch-strap-changing-tool-kit\/#primaryimage"},"thumbnailUrl":"https:\/\/www.ohselection.com\/wp-content\/uploads\/2025\/03\/Kit-doutils-de-changement-de-bracelet.jpg","datePublished":"2025-03-31T09:02:18+00:00","dateModified":"2025-09-26T13:44:45+00:00","description":"This mini tool kit is essential for changing your watch strap. Purchase it directly from the specialist OH Selection.","breadcrumb":{"@id":"https:\/\/www.ohselection.com\/en\/product\/bergeon-watch-strap-changing-tool-kit\/#breadcrumb"},"inLanguage":"en-US","potentialAction":[{"@type":"ReadAction","target":["https:\/\/www.ohselection.com\/en\/product\/bergeon-watch-strap-changing-tool-kit\/"]}]},{"@type":"ImageObject","inLanguage":"en-US","@id":"https:\/\/www.ohselection.com\/en\/product\/bergeon-watch-strap-changing-tool-kit\/#primaryimage","url":"https:\/\/www.ohselection.com\/wp-content\/uploads\/2025\/03\/Kit-doutils-de-changement-de-bracelet.jpg","contentUrl":"https:\/\/www.ohselection.com\/wp-content\/uploads\/2025\/03\/Kit-doutils-de-changement-de-bracelet.jpg","width":1500,"height":900,"caption":"Watch Strap Changing Tool Kit"},{"@type":"BreadcrumbList","@id":"https:\/\/www.ohselection.com\/en\/product\/bergeon-watch-strap-changing-tool-kit\/#breadcrumb","itemListElement":[{"@type":"ListItem","position":1,"name":"Accueil","item":"https:\/\/www.ohselection.com\/shop\/?lang=en"},{"@type":"ListItem","position":2,"name":"Watchmaking tools","item":"https:\/\/www.ohselection.com\/en\/product-category\/watchmaking-tools\/"},{"@type":"ListItem","position":3,"name":"BERGEON Watch Strap Changing Tool Kit"}]},{"@type":"WebSite","@id":"https:\/\/www.ohselection.com\/en\/#website","url":"https:\/\/www.ohselection.com\/en\/","name":"OH Selection","description":"Une s\u00e9lection de produits test\u00e9s et approuv\u00e9s par nos horlogers","publisher":{"@id":"https:\/\/www.ohselection.com\/en\/#organization"},"alternateName":"Boutique sp\u00e9cialis\u00e9e dans les accessoires d'horlogerie","potentialAction":[{"@type":"SearchAction","target":{"@type":"EntryPoint","urlTemplate":"https:\/\/www.ohselection.com\/en\/?s={search_term_string}"},"query-input":{"@type":"PropertyValueSpecification","valueRequired":true,"valueName":"search_term_string"}}],"inLanguage":"en-US"},{"@type":"Organization","@id":"https:\/\/www.ohselection.com\/en\/#organization","name":"OH SELECTION","alternateName":"OHSelection","url":"https:\/\/www.ohselection.com\/en\/","logo":{"@type":"ImageObject","inLanguage":"en-US","@id":"https:\/\/www.ohselection.com\/en\/#\/schema\/logo\/image\/","url":"https:\/\/www.ohselection.com\/wp-content\/uploads\/2025\/04\/Logo-OHS-N.jpg","contentUrl":"https:\/\/www.ohselection.com\/wp-content\/uploads\/2025\/04\/Logo-OHS-N.jpg","width":1385,"height":325,"caption":"OH SELECTION"},"image":{"@id":"https:\/\/www.ohselection.com\/en\/#\/schema\/logo\/image\/"},"sameAs":["https:\/\/www.facebook.com\/ohselectionparis\/","https:\/\/www.instagram.com\/ohselectionparis\/"]}]}},"brands":[{"id":569,"name":"Kronokeeper","slug":"kronokeeper"}],"_links":{"self":[{"href":"https:\/\/www.ohselection.com\/en\/wp-json\/wp\/v2\/product\/109684","targetHints":{"allow":["GET"]}}],"collection":[{"href":"https:\/\/www.ohselection.com\/en\/wp-json\/wp\/v2\/product"}],"about":[{"href":"https:\/\/www.ohselection.com\/en\/wp-json\/wp\/v2\/types\/product"}],"replies":[{"embeddable":true,"href":"https:\/\/www.ohselection.com\/en\/wp-json\/wp\/v2\/comments?post=109684"}],"wp:featuredmedia":[{"embeddable":true,"href":"https:\/\/www.ohselection.com\/en\/wp-json\/wp\/v2\/media\/109692"}],"wp:attachment":[{"href":"https:\/\/www.ohselection.com\/en\/wp-json\/wp\/v2\/media?parent=109684"}],"wp:term":[{"taxonomy":"pwb-brand","embeddable":true,"href":"https:\/\/www.ohselection.com\/en\/wp-json\/wp\/v2\/pwb-brand?post=109684"},{"taxonomy":"product_brand","embeddable":true,"href":"https:\/\/www.ohselection.com\/en\/wp-json\/wp\/v2\/product_brand?post=109684"},{"taxonomy":"product_cat","embeddable":true,"href":"https:\/\/www.ohselection.com\/en\/wp-json\/wp\/v2\/product_cat?post=109684"},{"taxonomy":"product_tag","embeddable":true,"href":"https:\/\/www.ohselection.com\/en\/wp-json\/wp\/v2\/product_tag?post=109684"}],"curies":[{"name":"wp","href":"https:\/\/api.w.org\/{rel}","templated":true}]}}