{"id":109694,"date":"2025-03-31T22:54:38","date_gmt":"2025-03-31T20:54:38","guid":{"rendered":"https:\/\/www.ohselection.com\/produit\/apb-concept-bell-ross-rubber-summer-set-watch-strap\/"},"modified":"2025-09-26T15:44:53","modified_gmt":"2025-09-26T13:44:53","slug":"apb-concept-bell-ross-rubber-summer-set-watch-strap","status":"publish","type":"product","link":"https:\/\/www.ohselection.com\/en\/produit\/apb-concept-bell-ross-rubber-summer-set-watch-strap\/","title":{"rendered":"APB Concept Bell &amp; Ross Rubber Summer Set Watch Strap"},"content":{"rendered":"<h5><img decoding=\"async\" class=\"alignnone size-full wp-image-6386\" src=\"\/wp-content\/uploads\/2017\/07\/Capture-d%E2%80%99e%C4%9Bcran-2017-08-02-a%C4%9A-15.48.12.png\" alt=\"\" width=\"50\"> Description<\/h5>\n<p>Add a touch of summer style to your Bell &amp; Ross BR 01 or BR 03 watch with our collection of rubber watch straps. Designed to perfectly fit the brand&#8217;s iconic cases, these straps offer comfort, durability, and personalization, no matter your look. <\/p>\n<p>Available in several themed packs, they cater to all your preferences:<\/p>\n<ul>\n<li><strong>Summer Set Ultimate<\/strong>: 9 vibrant colors including Blue, White, Red, Orange, Black, Grey, Brown, Khaki, and Beige<\/li>\n<li><strong>Republic Pack<\/strong>: Blue, White, Red trio for a bold style<\/li>\n<li><strong>Commando Pack<\/strong>: a bold mix of Khaki, Orange, and Brown<\/li>\n<li><strong>Urban Pack<\/strong>: Grey, Beige, and Black for a modern and understated look<\/li>\n<\/ul>\n<p>Made from high-quality rubber, these straps guarantee optimal comfort on the wrist. Their 125 mm \/ 80 mm size is suitable for wrists from 16.5 to 19 cm, with a width of 24 mm at the watch side and 22 mm at the buckle side. Each strap comes with a steel pin buckle.  <\/p>\n<p>Compatible with Bell &amp; Ross BR 01 and BR 03 watches, they ensure simple installation and a secure fit. ABP Concept is not affiliated with any watch brand; the use of model names is solely to identify product compatibility. <\/p>\n<p>Give your watch a new lease on life without compromising on style or quality.<\/p>\n","protected":false},"excerpt":{"rendered":"<p>Personalize your Bell &amp; Ross BR 01 or BR 03 watch with our premium rubber straps, designed for optimal comfort and maximum durability. Available in several themed packs, they adapt to all styles, from urban classic to a bold summer look. Easy installation, secure fit, and refined finish for an elegant look on the wrist.  <\/p>\n<p><strong><em>Shipping within 2 to 6 days<\/em><\/strong><\/p>\n<p>&nbsp;<\/p>\n","protected":false},"featured_media":109701,"comment_status":"open","ping_status":"closed","template":"","meta":[],"pwb-brand":[577],"product_brand":[697],"product_cat":[830,825,824],"product_tag":[],"class_list":{"0":"post-109694","1":"product","2":"type-product","3":"status-publish","4":"has-post-thumbnail","6":"pwb-brand-abp-concept","7":"product_brand-abp-concept","8":"product_cat-gifts-under-100-euros","9":"product_cat-rubber-watch-straps","10":"product_cat-watch-straps","12":"first","13":"instock","14":"taxable","15":"shipping-taxable","16":"purchasable","17":"product-type-variable"},"yoast_head":"<!-- This site is optimized with the Yoast SEO plugin v27.0 - https:\/\/yoast.com\/product\/yoast-seo-wordpress\/ -->\n<title>APB Concept Bell &amp; Ross Rubber Summer Set Watch Strap | OH SELECTION<\/title>\n<meta name=\"description\" content=\"Personalize your Bell &amp; Ross BR 01 or BR 03 watch with our premium rubber straps, designed for optimal comfort and maximum durability. Available in several themed packs, they adapt to all styles, from urban classic to a bold summer look. Easy installation, secure fit, and refined finish for an elegant look on the wrist.  Shipping within 2 to 6 days &nbsp;\" \/>\n<meta name=\"robots\" content=\"index, follow, max-snippet:-1, max-image-preview:large, max-video-preview:-1\" \/>\n<link rel=\"canonical\" href=\"https:\/\/www.ohselection.com\/en\/produit\/apb-concept-bell-ross-rubber-summer-set-watch-strap\/\" \/>\n<meta property=\"og:locale\" content=\"en_US\" \/>\n<meta property=\"og:type\" content=\"article\" \/>\n<meta property=\"og:title\" content=\"APB Concept Bell &amp; Ross Rubber Summer Set Watch Strap | OH SELECTION\" \/>\n<meta property=\"og:description\" content=\"Personalize your Bell &amp; Ross BR 01 or BR 03 watch with our premium rubber straps, designed for optimal comfort and maximum durability. Available in several themed packs, they adapt to all styles, from urban classic to a bold summer look. Easy installation, secure fit, and refined finish for an elegant look on the wrist.  Shipping within 2 to 6 days &nbsp;\" \/>\n<meta property=\"og:url\" content=\"https:\/\/www.ohselection.com\/en\/produit\/apb-concept-bell-ross-rubber-summer-set-watch-strap\/\" \/>\n<meta property=\"og:site_name\" content=\"OH SELECTION\" \/>\n<meta property=\"article:publisher\" content=\"https:\/\/www.facebook.com\/ohselectionparis\/\" \/>\n<meta property=\"article:modified_time\" content=\"2025-09-26T13:44:53+00:00\" \/>\n<meta property=\"og:image\" content=\"https:\/\/www.ohselection.com\/wp-content\/uploads\/2025\/03\/Summer-Set-Rubber-Strap-BB-Ultimate.jpg\" \/>\n\t<meta property=\"og:image:width\" content=\"1800\" \/>\n\t<meta property=\"og:image:height\" content=\"900\" \/>\n\t<meta property=\"og:image:type\" content=\"image\/jpeg\" \/>\n<meta name=\"twitter:card\" content=\"summary_large_image\" \/>\n<meta name=\"twitter:label1\" content=\"Est. reading time\" \/>\n\t<meta name=\"twitter:data1\" content=\"1 minute\" \/>\n<script type=\"application\/ld+json\" class=\"yoast-schema-graph\">{\"@context\":\"https:\/\/schema.org\",\"@graph\":[{\"@type\":\"WebPage\",\"@id\":\"https:\/\/www.ohselection.com\/en\/produit\/apb-concept-bell-ross-rubber-summer-set-watch-strap\/\",\"url\":\"https:\/\/www.ohselection.com\/en\/produit\/apb-concept-bell-ross-rubber-summer-set-watch-strap\/\",\"name\":\"APB Concept Bell &amp; Ross Rubber Summer Set Watch Strap | OH SELECTION\",\"isPartOf\":{\"@id\":\"https:\/\/www.ohselection.com\/en\/#website\"},\"primaryImageOfPage\":{\"@id\":\"https:\/\/www.ohselection.com\/en\/produit\/apb-concept-bell-ross-rubber-summer-set-watch-strap\/#primaryimage\"},\"image\":{\"@id\":\"https:\/\/www.ohselection.com\/en\/produit\/apb-concept-bell-ross-rubber-summer-set-watch-strap\/#primaryimage\"},\"thumbnailUrl\":\"https:\/\/www.ohselection.com\/wp-content\/uploads\/2025\/03\/Summer-Set-Rubber-Strap-BB-Ultimate.jpg\",\"datePublished\":\"2025-03-31T20:54:38+00:00\",\"dateModified\":\"2025-09-26T13:44:53+00:00\",\"description\":\"Personalize your Bell &amp; Ross BR 01 or BR 03 watch with our premium rubber straps, designed for optimal comfort and maximum durability. Available in several themed packs, they adapt to all styles, from urban classic to a bold summer look. Easy installation, secure fit, and refined finish for an elegant look on the wrist. Shipping within 2 to 6 days &nbsp;\",\"breadcrumb\":{\"@id\":\"https:\/\/www.ohselection.com\/en\/produit\/apb-concept-bell-ross-rubber-summer-set-watch-strap\/#breadcrumb\"},\"inLanguage\":\"en-US\",\"potentialAction\":[{\"@type\":\"ReadAction\",\"target\":[\"https:\/\/www.ohselection.com\/en\/produit\/apb-concept-bell-ross-rubber-summer-set-watch-strap\/\"]}]},{\"@type\":\"ImageObject\",\"inLanguage\":\"en-US\",\"@id\":\"https:\/\/www.ohselection.com\/en\/produit\/apb-concept-bell-ross-rubber-summer-set-watch-strap\/#primaryimage\",\"url\":\"https:\/\/www.ohselection.com\/wp-content\/uploads\/2025\/03\/Summer-Set-Rubber-Strap-BB-Ultimate.jpg\",\"contentUrl\":\"https:\/\/www.ohselection.com\/wp-content\/uploads\/2025\/03\/Summer-Set-Rubber-Strap-BB-Ultimate.jpg\",\"width\":1800,\"height\":900,\"caption\":\"Summer-Set-Rubber-Strap-BB-Ultimate\"},{\"@type\":\"BreadcrumbList\",\"@id\":\"https:\/\/www.ohselection.com\/en\/produit\/apb-concept-bell-ross-rubber-summer-set-watch-strap\/#breadcrumb\",\"itemListElement\":[{\"@type\":\"ListItem\",\"position\":1,\"name\":\"Accueil\",\"item\":\"https:\/\/www.ohselection.com\/shop\/?lang=en\"},{\"@type\":\"ListItem\",\"position\":2,\"name\":\"Watch straps\",\"item\":\"https:\/\/www.ohselection.com\/en\/product-category\/watch-straps\/\"},{\"@type\":\"ListItem\",\"position\":3,\"name\":\"Rubber Watch Straps\",\"item\":\"https:\/\/www.ohselection.com\/en\/product-category\/rubber-watch-straps\/\"},{\"@type\":\"ListItem\",\"position\":4,\"name\":\"APB Concept Bell &amp; Ross Rubber Summer Set Watch Strap\"}]},{\"@type\":\"WebSite\",\"@id\":\"https:\/\/www.ohselection.com\/en\/#website\",\"url\":\"https:\/\/www.ohselection.com\/en\/\",\"name\":\"OH Selection\",\"description\":\"Une s\u00e9lection de produits test\u00e9s et approuv\u00e9s par nos horlogers\",\"publisher\":{\"@id\":\"https:\/\/www.ohselection.com\/en\/#organization\"},\"alternateName\":\"Boutique sp\u00e9cialis\u00e9e dans les accessoires d'horlogerie\",\"potentialAction\":[{\"@type\":\"SearchAction\",\"target\":{\"@type\":\"EntryPoint\",\"urlTemplate\":\"https:\/\/www.ohselection.com\/en\/?s={search_term_string}\"},\"query-input\":{\"@type\":\"PropertyValueSpecification\",\"valueRequired\":true,\"valueName\":\"search_term_string\"}}],\"inLanguage\":\"en-US\"},{\"@type\":\"Organization\",\"@id\":\"https:\/\/www.ohselection.com\/en\/#organization\",\"name\":\"OH SELECTION\",\"alternateName\":\"OHSelection\",\"url\":\"https:\/\/www.ohselection.com\/en\/\",\"logo\":{\"@type\":\"ImageObject\",\"inLanguage\":\"en-US\",\"@id\":\"https:\/\/www.ohselection.com\/en\/#\/schema\/logo\/image\/\",\"url\":\"https:\/\/www.ohselection.com\/wp-content\/uploads\/2025\/04\/Logo-OHS-N.jpg\",\"contentUrl\":\"https:\/\/www.ohselection.com\/wp-content\/uploads\/2025\/04\/Logo-OHS-N.jpg\",\"width\":1385,\"height\":325,\"caption\":\"OH SELECTION\"},\"image\":{\"@id\":\"https:\/\/www.ohselection.com\/en\/#\/schema\/logo\/image\/\"},\"sameAs\":[\"https:\/\/www.facebook.com\/ohselectionparis\/\",\"https:\/\/www.instagram.com\/ohselectionparis\/\"]}]}<\/script>\n<!-- \/ Yoast SEO plugin. -->","yoast_head_json":{"title":"APB Concept Bell &amp; Ross Rubber Summer Set Watch Strap | OH SELECTION","description":"Personalize your Bell &amp; Ross BR 01 or BR 03 watch with our premium rubber straps, designed for optimal comfort and maximum durability. Available in several themed packs, they adapt to all styles, from urban classic to a bold summer look. Easy installation, secure fit, and refined finish for an elegant look on the wrist.  Shipping within 2 to 6 days &nbsp;","robots":{"index":"index","follow":"follow","max-snippet":"max-snippet:-1","max-image-preview":"max-image-preview:large","max-video-preview":"max-video-preview:-1"},"canonical":"https:\/\/www.ohselection.com\/en\/produit\/apb-concept-bell-ross-rubber-summer-set-watch-strap\/","og_locale":"en_US","og_type":"article","og_title":"APB Concept Bell &amp; Ross Rubber Summer Set Watch Strap | OH SELECTION","og_description":"Personalize your Bell &amp; Ross BR 01 or BR 03 watch with our premium rubber straps, designed for optimal comfort and maximum durability. Available in several themed packs, they adapt to all styles, from urban classic to a bold summer look. Easy installation, secure fit, and refined finish for an elegant look on the wrist.  Shipping within 2 to 6 days &nbsp;","og_url":"https:\/\/www.ohselection.com\/en\/produit\/apb-concept-bell-ross-rubber-summer-set-watch-strap\/","og_site_name":"OH SELECTION","article_publisher":"https:\/\/www.facebook.com\/ohselectionparis\/","article_modified_time":"2025-09-26T13:44:53+00:00","og_image":[{"width":1800,"height":900,"url":"https:\/\/www.ohselection.com\/wp-content\/uploads\/2025\/03\/Summer-Set-Rubber-Strap-BB-Ultimate.jpg","type":"image\/jpeg"}],"twitter_card":"summary_large_image","twitter_misc":{"Est. reading time":"1 minute"},"schema":{"@context":"https:\/\/schema.org","@graph":[{"@type":"WebPage","@id":"https:\/\/www.ohselection.com\/en\/produit\/apb-concept-bell-ross-rubber-summer-set-watch-strap\/","url":"https:\/\/www.ohselection.com\/en\/produit\/apb-concept-bell-ross-rubber-summer-set-watch-strap\/","name":"APB Concept Bell &amp; Ross Rubber Summer Set Watch Strap | OH SELECTION","isPartOf":{"@id":"https:\/\/www.ohselection.com\/en\/#website"},"primaryImageOfPage":{"@id":"https:\/\/www.ohselection.com\/en\/produit\/apb-concept-bell-ross-rubber-summer-set-watch-strap\/#primaryimage"},"image":{"@id":"https:\/\/www.ohselection.com\/en\/produit\/apb-concept-bell-ross-rubber-summer-set-watch-strap\/#primaryimage"},"thumbnailUrl":"https:\/\/www.ohselection.com\/wp-content\/uploads\/2025\/03\/Summer-Set-Rubber-Strap-BB-Ultimate.jpg","datePublished":"2025-03-31T20:54:38+00:00","dateModified":"2025-09-26T13:44:53+00:00","description":"Personalize your Bell &amp; Ross BR 01 or BR 03 watch with our premium rubber straps, designed for optimal comfort and maximum durability. Available in several themed packs, they adapt to all styles, from urban classic to a bold summer look. Easy installation, secure fit, and refined finish for an elegant look on the wrist. Shipping within 2 to 6 days &nbsp;","breadcrumb":{"@id":"https:\/\/www.ohselection.com\/en\/produit\/apb-concept-bell-ross-rubber-summer-set-watch-strap\/#breadcrumb"},"inLanguage":"en-US","potentialAction":[{"@type":"ReadAction","target":["https:\/\/www.ohselection.com\/en\/produit\/apb-concept-bell-ross-rubber-summer-set-watch-strap\/"]}]},{"@type":"ImageObject","inLanguage":"en-US","@id":"https:\/\/www.ohselection.com\/en\/produit\/apb-concept-bell-ross-rubber-summer-set-watch-strap\/#primaryimage","url":"https:\/\/www.ohselection.com\/wp-content\/uploads\/2025\/03\/Summer-Set-Rubber-Strap-BB-Ultimate.jpg","contentUrl":"https:\/\/www.ohselection.com\/wp-content\/uploads\/2025\/03\/Summer-Set-Rubber-Strap-BB-Ultimate.jpg","width":1800,"height":900,"caption":"Summer-Set-Rubber-Strap-BB-Ultimate"},{"@type":"BreadcrumbList","@id":"https:\/\/www.ohselection.com\/en\/produit\/apb-concept-bell-ross-rubber-summer-set-watch-strap\/#breadcrumb","itemListElement":[{"@type":"ListItem","position":1,"name":"Accueil","item":"https:\/\/www.ohselection.com\/shop\/?lang=en"},{"@type":"ListItem","position":2,"name":"Watch straps","item":"https:\/\/www.ohselection.com\/en\/product-category\/watch-straps\/"},{"@type":"ListItem","position":3,"name":"Rubber Watch Straps","item":"https:\/\/www.ohselection.com\/en\/product-category\/rubber-watch-straps\/"},{"@type":"ListItem","position":4,"name":"APB Concept Bell &amp; Ross Rubber Summer Set Watch Strap"}]},{"@type":"WebSite","@id":"https:\/\/www.ohselection.com\/en\/#website","url":"https:\/\/www.ohselection.com\/en\/","name":"OH Selection","description":"Une s\u00e9lection de produits test\u00e9s et approuv\u00e9s par nos horlogers","publisher":{"@id":"https:\/\/www.ohselection.com\/en\/#organization"},"alternateName":"Boutique sp\u00e9cialis\u00e9e dans les accessoires d'horlogerie","potentialAction":[{"@type":"SearchAction","target":{"@type":"EntryPoint","urlTemplate":"https:\/\/www.ohselection.com\/en\/?s={search_term_string}"},"query-input":{"@type":"PropertyValueSpecification","valueRequired":true,"valueName":"search_term_string"}}],"inLanguage":"en-US"},{"@type":"Organization","@id":"https:\/\/www.ohselection.com\/en\/#organization","name":"OH SELECTION","alternateName":"OHSelection","url":"https:\/\/www.ohselection.com\/en\/","logo":{"@type":"ImageObject","inLanguage":"en-US","@id":"https:\/\/www.ohselection.com\/en\/#\/schema\/logo\/image\/","url":"https:\/\/www.ohselection.com\/wp-content\/uploads\/2025\/04\/Logo-OHS-N.jpg","contentUrl":"https:\/\/www.ohselection.com\/wp-content\/uploads\/2025\/04\/Logo-OHS-N.jpg","width":1385,"height":325,"caption":"OH SELECTION"},"image":{"@id":"https:\/\/www.ohselection.com\/en\/#\/schema\/logo\/image\/"},"sameAs":["https:\/\/www.facebook.com\/ohselectionparis\/","https:\/\/www.instagram.com\/ohselectionparis\/"]}]}},"brands":[{"id":577,"name":"ABP Concept","slug":"abp-concept"}],"_links":{"self":[{"href":"https:\/\/www.ohselection.com\/en\/wp-json\/wp\/v2\/product\/109694","targetHints":{"allow":["GET"]}}],"collection":[{"href":"https:\/\/www.ohselection.com\/en\/wp-json\/wp\/v2\/product"}],"about":[{"href":"https:\/\/www.ohselection.com\/en\/wp-json\/wp\/v2\/types\/product"}],"replies":[{"embeddable":true,"href":"https:\/\/www.ohselection.com\/en\/wp-json\/wp\/v2\/comments?post=109694"}],"wp:featuredmedia":[{"embeddable":true,"href":"https:\/\/www.ohselection.com\/en\/wp-json\/wp\/v2\/media\/109701"}],"wp:attachment":[{"href":"https:\/\/www.ohselection.com\/en\/wp-json\/wp\/v2\/media?parent=109694"}],"wp:term":[{"taxonomy":"pwb-brand","embeddable":true,"href":"https:\/\/www.ohselection.com\/en\/wp-json\/wp\/v2\/pwb-brand?post=109694"},{"taxonomy":"product_brand","embeddable":true,"href":"https:\/\/www.ohselection.com\/en\/wp-json\/wp\/v2\/product_brand?post=109694"},{"taxonomy":"product_cat","embeddable":true,"href":"https:\/\/www.ohselection.com\/en\/wp-json\/wp\/v2\/product_cat?post=109694"},{"taxonomy":"product_tag","embeddable":true,"href":"https:\/\/www.ohselection.com\/en\/wp-json\/wp\/v2\/product_tag?post=109694"}],"curies":[{"name":"wp","href":"https:\/\/api.w.org\/{rel}","templated":true}]}}