{"id":109732,"date":"2025-04-09T10:22:58","date_gmt":"2025-04-09T08:22:58","guid":{"rendered":"https:\/\/www.ohselection.com\/produit\/apb-concept-bund-style-vintage-paul-newman-daytona-watch-strap-in-alligator-leather\/"},"modified":"2025-09-26T15:45:06","modified_gmt":"2025-09-26T13:45:06","slug":"apb-concept-bund-style-vintage-paul-newman-daytona-watch-strap-in-alligator-leather","status":"publish","type":"product","link":"https:\/\/www.ohselection.com\/en\/product\/apb-concept-bund-style-vintage-paul-newman-daytona-watch-strap-in-alligator-leather\/","title":{"rendered":"APB Concept Bund-style Vintage Paul Newman Daytona Watch Strap in Alligator Leather"},"content":{"rendered":"<h3><img decoding=\"async\" class=\"alignnone size-full wp-image-6386\" src=\"\/wp-content\/uploads\/2017\/07\/Capture-d%E2%80%99e%C4%9Bcran-2017-08-02-a%C4%9A-15.48.12.png\" alt=\"\" width=\"50\"> Description<\/h3>\n<p>Elevate your Rolex Daytona Paul Newman with this exceptional alligator strap. Handcrafted in our Parisian workshops, it combines artisanal tradition and refinement to enhance the iconic lines of your watch. <\/p>\n<p>The alligator leather used is carefully selected for its suppleness, robustness, and naturally elegant grain. Each piece is unique, with high-end finishes that reflect the excellence of watchmaking craftsmanship. <\/p>\n<p>Compatible with the Rolex Daytona Paul Newman case, this strap perfectly fits the case and respects the aesthetic balance of the timepiece. Optimal wrist comfort is ensured by a soft calfskin lining and meticulous attention to detail, from the hand-stitching to the dyed and polished edges. <\/p>\n<p>Available in several colors and finishes upon request, this strap can be customized to match your preferences. The production time is 1 to 2 weeks, a testament to the artisanal and custom manufacturing that has built ABP&#8217;s reputation. <\/p>\n","protected":false},"excerpt":{"rendered":"<p>Enhance your Rolex Daytona Paul Newman with this alligator strap handcrafted in Paris. Featuring noble leather selected for its quality, high-end finishes, and incomparable comfort. <\/p>\n<p><strong><em>Production and delivery time is 1 to 2 weeks.<\/em><\/strong><\/p>\n","protected":false},"featured_media":109733,"comment_status":"open","ping_status":"closed","template":"","meta":[],"pwb-brand":[577],"product_brand":[697],"product_cat":[828,827,840,824],"product_tag":[],"class_list":{"0":"post-109732","1":"product","2":"type-product","3":"status-publish","4":"has-post-thumbnail","6":"pwb-brand-abp-concept","7":"product_brand-abp-concept","8":"product_cat-gifts-under-500-euros","9":"product_cat-leather-watch-strap","10":"product_cat-rolex-strap","11":"product_cat-watch-straps","13":"first","14":"instock","15":"taxable","16":"shipping-taxable","17":"purchasable","18":"product-type-simple"},"yoast_head":"<!-- This site is optimized with the Yoast SEO plugin v27.0 - https:\/\/yoast.com\/product\/yoast-seo-wordpress\/ -->\n<title>APB Concept Bund-style Vintage Paul Newman Daytona Watch Strap in Alligator Leather | OH SELECTION<\/title>\n<meta name=\"description\" content=\"Enhance your Rolex Daytona Paul Newman with this alligator strap handcrafted in Paris. Featuring noble leather selected for its quality, high-end finishes, and incomparable comfort.  Production and delivery time is 1 to 2 weeks.\" \/>\n<meta name=\"robots\" content=\"index, follow, max-snippet:-1, max-image-preview:large, max-video-preview:-1\" \/>\n<link rel=\"canonical\" href=\"https:\/\/www.ohselection.com\/en\/product\/apb-concept-bund-style-vintage-paul-newman-daytona-watch-strap-in-alligator-leather\/\" \/>\n<meta property=\"og:locale\" content=\"en_US\" \/>\n<meta property=\"og:type\" content=\"article\" \/>\n<meta property=\"og:title\" content=\"APB Concept Bund-style Vintage Paul Newman Daytona Watch Strap in Alligator Leather | OH SELECTION\" \/>\n<meta property=\"og:description\" content=\"Enhance your Rolex Daytona Paul Newman with this alligator strap handcrafted in Paris. Featuring noble leather selected for its quality, high-end finishes, and incomparable comfort.  Production and delivery time is 1 to 2 weeks.\" \/>\n<meta property=\"og:url\" content=\"https:\/\/www.ohselection.com\/en\/product\/apb-concept-bund-style-vintage-paul-newman-daytona-watch-strap-in-alligator-leather\/\" \/>\n<meta property=\"og:site_name\" content=\"OH SELECTION\" \/>\n<meta property=\"article:publisher\" content=\"https:\/\/www.facebook.com\/ohselectionparis\/\" \/>\n<meta property=\"article:modified_time\" content=\"2025-09-26T13:45:06+00:00\" \/>\n<meta property=\"og:image\" content=\"https:\/\/www.ohselection.com\/wp-content\/uploads\/2025\/04\/Bund_Paul_Newman.jpeg\" \/>\n\t<meta property=\"og:image:width\" content=\"1800\" \/>\n\t<meta property=\"og:image:height\" content=\"900\" \/>\n\t<meta property=\"og:image:type\" content=\"image\/jpeg\" \/>\n<meta name=\"twitter:card\" content=\"summary_large_image\" \/>\n<meta name=\"twitter:label1\" content=\"Est. reading time\" \/>\n\t<meta name=\"twitter:data1\" content=\"1 minute\" \/>\n<script type=\"application\/ld+json\" class=\"yoast-schema-graph\">{\"@context\":\"https:\/\/schema.org\",\"@graph\":[{\"@type\":\"WebPage\",\"@id\":\"https:\/\/www.ohselection.com\/en\/product\/apb-concept-bund-style-vintage-paul-newman-daytona-watch-strap-in-alligator-leather\/\",\"url\":\"https:\/\/www.ohselection.com\/en\/product\/apb-concept-bund-style-vintage-paul-newman-daytona-watch-strap-in-alligator-leather\/\",\"name\":\"APB Concept Bund-style Vintage Paul Newman Daytona Watch Strap in Alligator Leather | OH SELECTION\",\"isPartOf\":{\"@id\":\"https:\/\/www.ohselection.com\/en\/#website\"},\"primaryImageOfPage\":{\"@id\":\"https:\/\/www.ohselection.com\/en\/product\/apb-concept-bund-style-vintage-paul-newman-daytona-watch-strap-in-alligator-leather\/#primaryimage\"},\"image\":{\"@id\":\"https:\/\/www.ohselection.com\/en\/product\/apb-concept-bund-style-vintage-paul-newman-daytona-watch-strap-in-alligator-leather\/#primaryimage\"},\"thumbnailUrl\":\"https:\/\/www.ohselection.com\/wp-content\/uploads\/2025\/04\/Bund_Paul_Newman.jpeg\",\"datePublished\":\"2025-04-09T08:22:58+00:00\",\"dateModified\":\"2025-09-26T13:45:06+00:00\",\"description\":\"Enhance your Rolex Daytona Paul Newman with this alligator strap handcrafted in Paris. Featuring noble leather selected for its quality, high-end finishes, and incomparable comfort. Production and delivery time is 1 to 2 weeks.\",\"breadcrumb\":{\"@id\":\"https:\/\/www.ohselection.com\/en\/product\/apb-concept-bund-style-vintage-paul-newman-daytona-watch-strap-in-alligator-leather\/#breadcrumb\"},\"inLanguage\":\"en-US\",\"potentialAction\":[{\"@type\":\"ReadAction\",\"target\":[\"https:\/\/www.ohselection.com\/en\/product\/apb-concept-bund-style-vintage-paul-newman-daytona-watch-strap-in-alligator-leather\/\"]}]},{\"@type\":\"ImageObject\",\"inLanguage\":\"en-US\",\"@id\":\"https:\/\/www.ohselection.com\/en\/product\/apb-concept-bund-style-vintage-paul-newman-daytona-watch-strap-in-alligator-leather\/#primaryimage\",\"url\":\"https:\/\/www.ohselection.com\/wp-content\/uploads\/2025\/04\/Bund_Paul_Newman.jpeg\",\"contentUrl\":\"https:\/\/www.ohselection.com\/wp-content\/uploads\/2025\/04\/Bund_Paul_Newman.jpeg\",\"width\":1800,\"height\":900,\"caption\":\"Bund_Paul_Newman\"},{\"@type\":\"BreadcrumbList\",\"@id\":\"https:\/\/www.ohselection.com\/en\/product\/apb-concept-bund-style-vintage-paul-newman-daytona-watch-strap-in-alligator-leather\/#breadcrumb\",\"itemListElement\":[{\"@type\":\"ListItem\",\"position\":1,\"name\":\"Accueil\",\"item\":\"https:\/\/www.ohselection.com\/shop\/?lang=en\"},{\"@type\":\"ListItem\",\"position\":2,\"name\":\"Watch straps\",\"item\":\"https:\/\/www.ohselection.com\/en\/product-category\/watch-straps\/\"},{\"@type\":\"ListItem\",\"position\":3,\"name\":\"APB Concept Bund-style Vintage Paul Newman Daytona Watch Strap in Alligator Leather\"}]},{\"@type\":\"WebSite\",\"@id\":\"https:\/\/www.ohselection.com\/en\/#website\",\"url\":\"https:\/\/www.ohselection.com\/en\/\",\"name\":\"OH Selection\",\"description\":\"Une s\u00e9lection de produits test\u00e9s et approuv\u00e9s par nos horlogers\",\"publisher\":{\"@id\":\"https:\/\/www.ohselection.com\/en\/#organization\"},\"alternateName\":\"Boutique sp\u00e9cialis\u00e9e dans les accessoires d'horlogerie\",\"potentialAction\":[{\"@type\":\"SearchAction\",\"target\":{\"@type\":\"EntryPoint\",\"urlTemplate\":\"https:\/\/www.ohselection.com\/en\/?s={search_term_string}\"},\"query-input\":{\"@type\":\"PropertyValueSpecification\",\"valueRequired\":true,\"valueName\":\"search_term_string\"}}],\"inLanguage\":\"en-US\"},{\"@type\":\"Organization\",\"@id\":\"https:\/\/www.ohselection.com\/en\/#organization\",\"name\":\"OH SELECTION\",\"alternateName\":\"OHSelection\",\"url\":\"https:\/\/www.ohselection.com\/en\/\",\"logo\":{\"@type\":\"ImageObject\",\"inLanguage\":\"en-US\",\"@id\":\"https:\/\/www.ohselection.com\/en\/#\/schema\/logo\/image\/\",\"url\":\"https:\/\/www.ohselection.com\/wp-content\/uploads\/2025\/04\/Logo-OHS-N.jpg\",\"contentUrl\":\"https:\/\/www.ohselection.com\/wp-content\/uploads\/2025\/04\/Logo-OHS-N.jpg\",\"width\":1385,\"height\":325,\"caption\":\"OH SELECTION\"},\"image\":{\"@id\":\"https:\/\/www.ohselection.com\/en\/#\/schema\/logo\/image\/\"},\"sameAs\":[\"https:\/\/www.facebook.com\/ohselectionparis\/\",\"https:\/\/www.instagram.com\/ohselectionparis\/\"]}]}<\/script>\n<!-- \/ Yoast SEO plugin. -->","yoast_head_json":{"title":"APB Concept Bund-style Vintage Paul Newman Daytona Watch Strap in Alligator Leather | OH SELECTION","description":"Enhance your Rolex Daytona Paul Newman with this alligator strap handcrafted in Paris. Featuring noble leather selected for its quality, high-end finishes, and incomparable comfort.  Production and delivery time is 1 to 2 weeks.","robots":{"index":"index","follow":"follow","max-snippet":"max-snippet:-1","max-image-preview":"max-image-preview:large","max-video-preview":"max-video-preview:-1"},"canonical":"https:\/\/www.ohselection.com\/en\/product\/apb-concept-bund-style-vintage-paul-newman-daytona-watch-strap-in-alligator-leather\/","og_locale":"en_US","og_type":"article","og_title":"APB Concept Bund-style Vintage Paul Newman Daytona Watch Strap in Alligator Leather | OH SELECTION","og_description":"Enhance your Rolex Daytona Paul Newman with this alligator strap handcrafted in Paris. Featuring noble leather selected for its quality, high-end finishes, and incomparable comfort.  Production and delivery time is 1 to 2 weeks.","og_url":"https:\/\/www.ohselection.com\/en\/product\/apb-concept-bund-style-vintage-paul-newman-daytona-watch-strap-in-alligator-leather\/","og_site_name":"OH SELECTION","article_publisher":"https:\/\/www.facebook.com\/ohselectionparis\/","article_modified_time":"2025-09-26T13:45:06+00:00","og_image":[{"width":1800,"height":900,"url":"https:\/\/www.ohselection.com\/wp-content\/uploads\/2025\/04\/Bund_Paul_Newman.jpeg","type":"image\/jpeg"}],"twitter_card":"summary_large_image","twitter_misc":{"Est. reading time":"1 minute"},"schema":{"@context":"https:\/\/schema.org","@graph":[{"@type":"WebPage","@id":"https:\/\/www.ohselection.com\/en\/product\/apb-concept-bund-style-vintage-paul-newman-daytona-watch-strap-in-alligator-leather\/","url":"https:\/\/www.ohselection.com\/en\/product\/apb-concept-bund-style-vintage-paul-newman-daytona-watch-strap-in-alligator-leather\/","name":"APB Concept Bund-style Vintage Paul Newman Daytona Watch Strap in Alligator Leather | OH SELECTION","isPartOf":{"@id":"https:\/\/www.ohselection.com\/en\/#website"},"primaryImageOfPage":{"@id":"https:\/\/www.ohselection.com\/en\/product\/apb-concept-bund-style-vintage-paul-newman-daytona-watch-strap-in-alligator-leather\/#primaryimage"},"image":{"@id":"https:\/\/www.ohselection.com\/en\/product\/apb-concept-bund-style-vintage-paul-newman-daytona-watch-strap-in-alligator-leather\/#primaryimage"},"thumbnailUrl":"https:\/\/www.ohselection.com\/wp-content\/uploads\/2025\/04\/Bund_Paul_Newman.jpeg","datePublished":"2025-04-09T08:22:58+00:00","dateModified":"2025-09-26T13:45:06+00:00","description":"Enhance your Rolex Daytona Paul Newman with this alligator strap handcrafted in Paris. Featuring noble leather selected for its quality, high-end finishes, and incomparable comfort. Production and delivery time is 1 to 2 weeks.","breadcrumb":{"@id":"https:\/\/www.ohselection.com\/en\/product\/apb-concept-bund-style-vintage-paul-newman-daytona-watch-strap-in-alligator-leather\/#breadcrumb"},"inLanguage":"en-US","potentialAction":[{"@type":"ReadAction","target":["https:\/\/www.ohselection.com\/en\/product\/apb-concept-bund-style-vintage-paul-newman-daytona-watch-strap-in-alligator-leather\/"]}]},{"@type":"ImageObject","inLanguage":"en-US","@id":"https:\/\/www.ohselection.com\/en\/product\/apb-concept-bund-style-vintage-paul-newman-daytona-watch-strap-in-alligator-leather\/#primaryimage","url":"https:\/\/www.ohselection.com\/wp-content\/uploads\/2025\/04\/Bund_Paul_Newman.jpeg","contentUrl":"https:\/\/www.ohselection.com\/wp-content\/uploads\/2025\/04\/Bund_Paul_Newman.jpeg","width":1800,"height":900,"caption":"Bund_Paul_Newman"},{"@type":"BreadcrumbList","@id":"https:\/\/www.ohselection.com\/en\/product\/apb-concept-bund-style-vintage-paul-newman-daytona-watch-strap-in-alligator-leather\/#breadcrumb","itemListElement":[{"@type":"ListItem","position":1,"name":"Accueil","item":"https:\/\/www.ohselection.com\/shop\/?lang=en"},{"@type":"ListItem","position":2,"name":"Watch straps","item":"https:\/\/www.ohselection.com\/en\/product-category\/watch-straps\/"},{"@type":"ListItem","position":3,"name":"APB Concept Bund-style Vintage Paul Newman Daytona Watch Strap in Alligator Leather"}]},{"@type":"WebSite","@id":"https:\/\/www.ohselection.com\/en\/#website","url":"https:\/\/www.ohselection.com\/en\/","name":"OH Selection","description":"Une s\u00e9lection de produits test\u00e9s et approuv\u00e9s par nos horlogers","publisher":{"@id":"https:\/\/www.ohselection.com\/en\/#organization"},"alternateName":"Boutique sp\u00e9cialis\u00e9e dans les accessoires d'horlogerie","potentialAction":[{"@type":"SearchAction","target":{"@type":"EntryPoint","urlTemplate":"https:\/\/www.ohselection.com\/en\/?s={search_term_string}"},"query-input":{"@type":"PropertyValueSpecification","valueRequired":true,"valueName":"search_term_string"}}],"inLanguage":"en-US"},{"@type":"Organization","@id":"https:\/\/www.ohselection.com\/en\/#organization","name":"OH SELECTION","alternateName":"OHSelection","url":"https:\/\/www.ohselection.com\/en\/","logo":{"@type":"ImageObject","inLanguage":"en-US","@id":"https:\/\/www.ohselection.com\/en\/#\/schema\/logo\/image\/","url":"https:\/\/www.ohselection.com\/wp-content\/uploads\/2025\/04\/Logo-OHS-N.jpg","contentUrl":"https:\/\/www.ohselection.com\/wp-content\/uploads\/2025\/04\/Logo-OHS-N.jpg","width":1385,"height":325,"caption":"OH SELECTION"},"image":{"@id":"https:\/\/www.ohselection.com\/en\/#\/schema\/logo\/image\/"},"sameAs":["https:\/\/www.facebook.com\/ohselectionparis\/","https:\/\/www.instagram.com\/ohselectionparis\/"]}]}},"brands":[{"id":577,"name":"ABP Concept","slug":"abp-concept"}],"_links":{"self":[{"href":"https:\/\/www.ohselection.com\/en\/wp-json\/wp\/v2\/product\/109732","targetHints":{"allow":["GET"]}}],"collection":[{"href":"https:\/\/www.ohselection.com\/en\/wp-json\/wp\/v2\/product"}],"about":[{"href":"https:\/\/www.ohselection.com\/en\/wp-json\/wp\/v2\/types\/product"}],"replies":[{"embeddable":true,"href":"https:\/\/www.ohselection.com\/en\/wp-json\/wp\/v2\/comments?post=109732"}],"wp:featuredmedia":[{"embeddable":true,"href":"https:\/\/www.ohselection.com\/en\/wp-json\/wp\/v2\/media\/109733"}],"wp:attachment":[{"href":"https:\/\/www.ohselection.com\/en\/wp-json\/wp\/v2\/media?parent=109732"}],"wp:term":[{"taxonomy":"pwb-brand","embeddable":true,"href":"https:\/\/www.ohselection.com\/en\/wp-json\/wp\/v2\/pwb-brand?post=109732"},{"taxonomy":"product_brand","embeddable":true,"href":"https:\/\/www.ohselection.com\/en\/wp-json\/wp\/v2\/product_brand?post=109732"},{"taxonomy":"product_cat","embeddable":true,"href":"https:\/\/www.ohselection.com\/en\/wp-json\/wp\/v2\/product_cat?post=109732"},{"taxonomy":"product_tag","embeddable":true,"href":"https:\/\/www.ohselection.com\/en\/wp-json\/wp\/v2\/product_tag?post=109732"}],"curies":[{"name":"wp","href":"https:\/\/api.w.org\/{rel}","templated":true}]}}