{"id":109750,"date":"2025-04-09T22:23:09","date_gmt":"2025-04-09T20:23:09","guid":{"rendered":"https:\/\/www.ohselection.com\/produit\/abp-concept-alligator-leather-watch-strap-compatible-with-rolex-daytona\/"},"modified":"2025-09-26T15:45:12","modified_gmt":"2025-09-26T13:45:12","slug":"abp-concept-alligator-leather-watch-strap-compatible-with-rolex-daytona","status":"publish","type":"product","link":"https:\/\/www.ohselection.com\/en\/product\/abp-concept-alligator-leather-watch-strap-compatible-with-rolex-daytona\/","title":{"rendered":"ABP Concept Alligator Leather Watch Strap &#8211; Compatible with Rolex Daytona"},"content":{"rendered":"<h3><img decoding=\"async\" class=\"alignnone size-full wp-image-6386\" src=\"\/wp-content\/uploads\/2017\/07\/Capture-d%E2%80%99e%C4%9Bcran-2017-08-02-a%C4%9A-15.48.12.png\" alt=\"\" width=\"50\"> Description<\/h3>\n<p>Elevate your gold Rolex Cosmograph Daytona with a high-end leather strap, handcrafted from genuine alligator by Atelier du Bracelet Parisien (ABP). This bespoke strap, made in France, combines timeless elegance and exceptional artisanal craftsmanship. Its matte-tanned leather offers a soft touch and perfectly calibrated square scales, for a luxurious and refined finish.  <\/p>\n<p>Available in five elegant hues \u2014 black, grey, blue, dark brown, and medium brown \u2014 this strap harmonizes perfectly with the gold case of your Rolex Daytona. The tone-on-tone stitching and the domed 5 mm thickness enhance its premium aesthetic, while a black rubberized calfskin lining ensures daily comfort and durability. <\/p>\n<p>Two sizes are offered to perfectly fit your wrist:<\/p>\n<ul>\n<li>65\/55 mm for a wrist between 14.5 and 16.5 cm<\/li>\n<li>75\/65 mm for a wrist between 16.5 and 18.5 cm<\/li>\n<\/ul>\n<p>This strap features a width of 20 mm at the lug and 16 mm at the buckle side. This model is strictly compatible with original Rolex Daytona deployant clasps. <\/p>\n<p>ABP is not affiliated with any watch brand; the denominations are mentioned for informational purposes to ensure optimal compatibility.<\/p>\n","protected":false},"excerpt":{"rendered":"<p>Add a new dimension to your gold Rolex Daytona with this genuine alligator leather strap, handcrafted in France by Atelier du Bracelet Parisien. Combining elegance, comfort, and durability, this bespoke strap perfectly adjusts to your wrist and matches original Rolex deployant clasps. Available in five refined colors, it enhances your watch with a unique and artisanal style.  <\/p>\n<p><em><strong>Available for online order, this artisanal strap is crafted within 1 to 2 weeks.<\/strong><\/em><\/p>\n","protected":false},"featured_media":109756,"comment_status":"open","ping_status":"closed","template":"","meta":[],"pwb-brand":[577],"product_brand":[697],"product_cat":[828,827,840,824],"product_tag":[],"class_list":{"0":"post-109750","1":"product","2":"type-product","3":"status-publish","4":"has-post-thumbnail","6":"pwb-brand-abp-concept","7":"product_brand-abp-concept","8":"product_cat-gifts-under-500-euros","9":"product_cat-leather-watch-strap","10":"product_cat-rolex-strap","11":"product_cat-watch-straps","12":"product_shipping_class-low-stock","14":"first","15":"instock","16":"taxable","17":"shipping-taxable","18":"purchasable","19":"product-type-simple"},"yoast_head":"<!-- This site is optimized with the Yoast SEO plugin v27.0 - https:\/\/yoast.com\/product\/yoast-seo-wordpress\/ -->\n<title>ABP Concept Alligator Leather Watch Strap - Compatible with Rolex Daytona | OH SELECTION<\/title>\n<meta name=\"description\" content=\"Add a new dimension to your gold Rolex Daytona with this genuine alligator leather strap, handcrafted in France by Atelier du Bracelet Parisien. Combining elegance, comfort, and durability, this bespoke strap perfectly adjusts to your wrist and matches original Rolex deployant clasps. Available in five refined colors, it enhances your watch with a unique and artisanal style.  Available for online order, this artisanal strap is crafted within 1 to 2 weeks.\" \/>\n<meta name=\"robots\" content=\"index, follow, max-snippet:-1, max-image-preview:large, max-video-preview:-1\" \/>\n<link rel=\"canonical\" href=\"https:\/\/www.ohselection.com\/en\/product\/abp-concept-alligator-leather-watch-strap-compatible-with-rolex-daytona\/\" \/>\n<meta property=\"og:locale\" content=\"en_US\" \/>\n<meta property=\"og:type\" content=\"article\" \/>\n<meta property=\"og:title\" content=\"ABP Concept Alligator Leather Watch Strap - Compatible with Rolex Daytona | OH SELECTION\" \/>\n<meta property=\"og:description\" content=\"Add a new dimension to your gold Rolex Daytona with this genuine alligator leather strap, handcrafted in France by Atelier du Bracelet Parisien. Combining elegance, comfort, and durability, this bespoke strap perfectly adjusts to your wrist and matches original Rolex deployant clasps. Available in five refined colors, it enhances your watch with a unique and artisanal style.  Available for online order, this artisanal strap is crafted within 1 to 2 weeks.\" \/>\n<meta property=\"og:url\" content=\"https:\/\/www.ohselection.com\/en\/product\/abp-concept-alligator-leather-watch-strap-compatible-with-rolex-daytona\/\" \/>\n<meta property=\"og:site_name\" content=\"OH SELECTION\" \/>\n<meta property=\"article:publisher\" content=\"https:\/\/www.facebook.com\/ohselectionparis\/\" \/>\n<meta property=\"article:modified_time\" content=\"2025-09-26T13:45:12+00:00\" \/>\n<meta property=\"og:image\" content=\"https:\/\/www.ohselection.com\/wp-content\/uploads\/2025\/03\/rolex-daytona-elements-couv.jpg\" \/>\n\t<meta property=\"og:image:width\" content=\"1500\" \/>\n\t<meta property=\"og:image:height\" content=\"900\" \/>\n\t<meta property=\"og:image:type\" content=\"image\/jpeg\" \/>\n<meta name=\"twitter:card\" content=\"summary_large_image\" \/>\n<meta name=\"twitter:label1\" content=\"Est. reading time\" \/>\n\t<meta name=\"twitter:data1\" content=\"1 minute\" \/>\n<script type=\"application\/ld+json\" class=\"yoast-schema-graph\">{\"@context\":\"https:\/\/schema.org\",\"@graph\":[{\"@type\":\"WebPage\",\"@id\":\"https:\/\/www.ohselection.com\/en\/product\/abp-concept-alligator-leather-watch-strap-compatible-with-rolex-daytona\/\",\"url\":\"https:\/\/www.ohselection.com\/en\/product\/abp-concept-alligator-leather-watch-strap-compatible-with-rolex-daytona\/\",\"name\":\"ABP Concept Alligator Leather Watch Strap - Compatible with Rolex Daytona | OH SELECTION\",\"isPartOf\":{\"@id\":\"https:\/\/www.ohselection.com\/en\/#website\"},\"primaryImageOfPage\":{\"@id\":\"https:\/\/www.ohselection.com\/en\/product\/abp-concept-alligator-leather-watch-strap-compatible-with-rolex-daytona\/#primaryimage\"},\"image\":{\"@id\":\"https:\/\/www.ohselection.com\/en\/product\/abp-concept-alligator-leather-watch-strap-compatible-with-rolex-daytona\/#primaryimage\"},\"thumbnailUrl\":\"https:\/\/www.ohselection.com\/wp-content\/uploads\/2025\/03\/rolex-daytona-elements-couv.jpg\",\"datePublished\":\"2025-04-09T20:23:09+00:00\",\"dateModified\":\"2025-09-26T13:45:12+00:00\",\"description\":\"Add a new dimension to your gold Rolex Daytona with this genuine alligator leather strap, handcrafted in France by Atelier du Bracelet Parisien. Combining elegance, comfort, and durability, this bespoke strap perfectly adjusts to your wrist and matches original Rolex deployant clasps. Available in five refined colors, it enhances your watch with a unique and artisanal style. Available for online order, this artisanal strap is crafted within 1 to 2 weeks.\",\"breadcrumb\":{\"@id\":\"https:\/\/www.ohselection.com\/en\/product\/abp-concept-alligator-leather-watch-strap-compatible-with-rolex-daytona\/#breadcrumb\"},\"inLanguage\":\"en-US\",\"potentialAction\":[{\"@type\":\"ReadAction\",\"target\":[\"https:\/\/www.ohselection.com\/en\/product\/abp-concept-alligator-leather-watch-strap-compatible-with-rolex-daytona\/\"]}]},{\"@type\":\"ImageObject\",\"inLanguage\":\"en-US\",\"@id\":\"https:\/\/www.ohselection.com\/en\/product\/abp-concept-alligator-leather-watch-strap-compatible-with-rolex-daytona\/#primaryimage\",\"url\":\"https:\/\/www.ohselection.com\/wp-content\/uploads\/2025\/03\/rolex-daytona-elements-couv.jpg\",\"contentUrl\":\"https:\/\/www.ohselection.com\/wp-content\/uploads\/2025\/03\/rolex-daytona-elements-couv.jpg\",\"width\":1500,\"height\":900,\"caption\":\"rolex-daytona-elements-couv\"},{\"@type\":\"BreadcrumbList\",\"@id\":\"https:\/\/www.ohselection.com\/en\/product\/abp-concept-alligator-leather-watch-strap-compatible-with-rolex-daytona\/#breadcrumb\",\"itemListElement\":[{\"@type\":\"ListItem\",\"position\":1,\"name\":\"Accueil\",\"item\":\"https:\/\/www.ohselection.com\/shop\/?lang=en\"},{\"@type\":\"ListItem\",\"position\":2,\"name\":\"Watch straps\",\"item\":\"https:\/\/www.ohselection.com\/en\/product-category\/watch-straps\/\"},{\"@type\":\"ListItem\",\"position\":3,\"name\":\"Leather Watch Strap\",\"item\":\"https:\/\/www.ohselection.com\/en\/product-category\/leather-watch-strap\/\"},{\"@type\":\"ListItem\",\"position\":4,\"name\":\"ABP Concept Alligator Leather Watch Strap &#8211; Compatible with Rolex Daytona\"}]},{\"@type\":\"WebSite\",\"@id\":\"https:\/\/www.ohselection.com\/en\/#website\",\"url\":\"https:\/\/www.ohselection.com\/en\/\",\"name\":\"OH Selection\",\"description\":\"Une s\u00e9lection de produits test\u00e9s et approuv\u00e9s par nos horlogers\",\"publisher\":{\"@id\":\"https:\/\/www.ohselection.com\/en\/#organization\"},\"alternateName\":\"Boutique sp\u00e9cialis\u00e9e dans les accessoires d'horlogerie\",\"potentialAction\":[{\"@type\":\"SearchAction\",\"target\":{\"@type\":\"EntryPoint\",\"urlTemplate\":\"https:\/\/www.ohselection.com\/en\/?s={search_term_string}\"},\"query-input\":{\"@type\":\"PropertyValueSpecification\",\"valueRequired\":true,\"valueName\":\"search_term_string\"}}],\"inLanguage\":\"en-US\"},{\"@type\":\"Organization\",\"@id\":\"https:\/\/www.ohselection.com\/en\/#organization\",\"name\":\"OH SELECTION\",\"alternateName\":\"OHSelection\",\"url\":\"https:\/\/www.ohselection.com\/en\/\",\"logo\":{\"@type\":\"ImageObject\",\"inLanguage\":\"en-US\",\"@id\":\"https:\/\/www.ohselection.com\/en\/#\/schema\/logo\/image\/\",\"url\":\"https:\/\/www.ohselection.com\/wp-content\/uploads\/2025\/04\/Logo-OHS-N.jpg\",\"contentUrl\":\"https:\/\/www.ohselection.com\/wp-content\/uploads\/2025\/04\/Logo-OHS-N.jpg\",\"width\":1385,\"height\":325,\"caption\":\"OH SELECTION\"},\"image\":{\"@id\":\"https:\/\/www.ohselection.com\/en\/#\/schema\/logo\/image\/\"},\"sameAs\":[\"https:\/\/www.facebook.com\/ohselectionparis\/\",\"https:\/\/www.instagram.com\/ohselectionparis\/\"]}]}<\/script>\n<!-- \/ Yoast SEO plugin. -->","yoast_head_json":{"title":"ABP Concept Alligator Leather Watch Strap - Compatible with Rolex Daytona | OH SELECTION","description":"Add a new dimension to your gold Rolex Daytona with this genuine alligator leather strap, handcrafted in France by Atelier du Bracelet Parisien. Combining elegance, comfort, and durability, this bespoke strap perfectly adjusts to your wrist and matches original Rolex deployant clasps. Available in five refined colors, it enhances your watch with a unique and artisanal style.  Available for online order, this artisanal strap is crafted within 1 to 2 weeks.","robots":{"index":"index","follow":"follow","max-snippet":"max-snippet:-1","max-image-preview":"max-image-preview:large","max-video-preview":"max-video-preview:-1"},"canonical":"https:\/\/www.ohselection.com\/en\/product\/abp-concept-alligator-leather-watch-strap-compatible-with-rolex-daytona\/","og_locale":"en_US","og_type":"article","og_title":"ABP Concept Alligator Leather Watch Strap - Compatible with Rolex Daytona | OH SELECTION","og_description":"Add a new dimension to your gold Rolex Daytona with this genuine alligator leather strap, handcrafted in France by Atelier du Bracelet Parisien. Combining elegance, comfort, and durability, this bespoke strap perfectly adjusts to your wrist and matches original Rolex deployant clasps. Available in five refined colors, it enhances your watch with a unique and artisanal style.  Available for online order, this artisanal strap is crafted within 1 to 2 weeks.","og_url":"https:\/\/www.ohselection.com\/en\/product\/abp-concept-alligator-leather-watch-strap-compatible-with-rolex-daytona\/","og_site_name":"OH SELECTION","article_publisher":"https:\/\/www.facebook.com\/ohselectionparis\/","article_modified_time":"2025-09-26T13:45:12+00:00","og_image":[{"width":1500,"height":900,"url":"https:\/\/www.ohselection.com\/wp-content\/uploads\/2025\/03\/rolex-daytona-elements-couv.jpg","type":"image\/jpeg"}],"twitter_card":"summary_large_image","twitter_misc":{"Est. reading time":"1 minute"},"schema":{"@context":"https:\/\/schema.org","@graph":[{"@type":"WebPage","@id":"https:\/\/www.ohselection.com\/en\/product\/abp-concept-alligator-leather-watch-strap-compatible-with-rolex-daytona\/","url":"https:\/\/www.ohselection.com\/en\/product\/abp-concept-alligator-leather-watch-strap-compatible-with-rolex-daytona\/","name":"ABP Concept Alligator Leather Watch Strap - Compatible with Rolex Daytona | OH SELECTION","isPartOf":{"@id":"https:\/\/www.ohselection.com\/en\/#website"},"primaryImageOfPage":{"@id":"https:\/\/www.ohselection.com\/en\/product\/abp-concept-alligator-leather-watch-strap-compatible-with-rolex-daytona\/#primaryimage"},"image":{"@id":"https:\/\/www.ohselection.com\/en\/product\/abp-concept-alligator-leather-watch-strap-compatible-with-rolex-daytona\/#primaryimage"},"thumbnailUrl":"https:\/\/www.ohselection.com\/wp-content\/uploads\/2025\/03\/rolex-daytona-elements-couv.jpg","datePublished":"2025-04-09T20:23:09+00:00","dateModified":"2025-09-26T13:45:12+00:00","description":"Add a new dimension to your gold Rolex Daytona with this genuine alligator leather strap, handcrafted in France by Atelier du Bracelet Parisien. Combining elegance, comfort, and durability, this bespoke strap perfectly adjusts to your wrist and matches original Rolex deployant clasps. Available in five refined colors, it enhances your watch with a unique and artisanal style. Available for online order, this artisanal strap is crafted within 1 to 2 weeks.","breadcrumb":{"@id":"https:\/\/www.ohselection.com\/en\/product\/abp-concept-alligator-leather-watch-strap-compatible-with-rolex-daytona\/#breadcrumb"},"inLanguage":"en-US","potentialAction":[{"@type":"ReadAction","target":["https:\/\/www.ohselection.com\/en\/product\/abp-concept-alligator-leather-watch-strap-compatible-with-rolex-daytona\/"]}]},{"@type":"ImageObject","inLanguage":"en-US","@id":"https:\/\/www.ohselection.com\/en\/product\/abp-concept-alligator-leather-watch-strap-compatible-with-rolex-daytona\/#primaryimage","url":"https:\/\/www.ohselection.com\/wp-content\/uploads\/2025\/03\/rolex-daytona-elements-couv.jpg","contentUrl":"https:\/\/www.ohselection.com\/wp-content\/uploads\/2025\/03\/rolex-daytona-elements-couv.jpg","width":1500,"height":900,"caption":"rolex-daytona-elements-couv"},{"@type":"BreadcrumbList","@id":"https:\/\/www.ohselection.com\/en\/product\/abp-concept-alligator-leather-watch-strap-compatible-with-rolex-daytona\/#breadcrumb","itemListElement":[{"@type":"ListItem","position":1,"name":"Accueil","item":"https:\/\/www.ohselection.com\/shop\/?lang=en"},{"@type":"ListItem","position":2,"name":"Watch straps","item":"https:\/\/www.ohselection.com\/en\/product-category\/watch-straps\/"},{"@type":"ListItem","position":3,"name":"Leather Watch Strap","item":"https:\/\/www.ohselection.com\/en\/product-category\/leather-watch-strap\/"},{"@type":"ListItem","position":4,"name":"ABP Concept Alligator Leather Watch Strap &#8211; Compatible with Rolex Daytona"}]},{"@type":"WebSite","@id":"https:\/\/www.ohselection.com\/en\/#website","url":"https:\/\/www.ohselection.com\/en\/","name":"OH Selection","description":"Une s\u00e9lection de produits test\u00e9s et approuv\u00e9s par nos horlogers","publisher":{"@id":"https:\/\/www.ohselection.com\/en\/#organization"},"alternateName":"Boutique sp\u00e9cialis\u00e9e dans les accessoires d'horlogerie","potentialAction":[{"@type":"SearchAction","target":{"@type":"EntryPoint","urlTemplate":"https:\/\/www.ohselection.com\/en\/?s={search_term_string}"},"query-input":{"@type":"PropertyValueSpecification","valueRequired":true,"valueName":"search_term_string"}}],"inLanguage":"en-US"},{"@type":"Organization","@id":"https:\/\/www.ohselection.com\/en\/#organization","name":"OH SELECTION","alternateName":"OHSelection","url":"https:\/\/www.ohselection.com\/en\/","logo":{"@type":"ImageObject","inLanguage":"en-US","@id":"https:\/\/www.ohselection.com\/en\/#\/schema\/logo\/image\/","url":"https:\/\/www.ohselection.com\/wp-content\/uploads\/2025\/04\/Logo-OHS-N.jpg","contentUrl":"https:\/\/www.ohselection.com\/wp-content\/uploads\/2025\/04\/Logo-OHS-N.jpg","width":1385,"height":325,"caption":"OH SELECTION"},"image":{"@id":"https:\/\/www.ohselection.com\/en\/#\/schema\/logo\/image\/"},"sameAs":["https:\/\/www.facebook.com\/ohselectionparis\/","https:\/\/www.instagram.com\/ohselectionparis\/"]}]}},"brands":[{"id":577,"name":"ABP Concept","slug":"abp-concept"}],"_links":{"self":[{"href":"https:\/\/www.ohselection.com\/en\/wp-json\/wp\/v2\/product\/109750","targetHints":{"allow":["GET"]}}],"collection":[{"href":"https:\/\/www.ohselection.com\/en\/wp-json\/wp\/v2\/product"}],"about":[{"href":"https:\/\/www.ohselection.com\/en\/wp-json\/wp\/v2\/types\/product"}],"replies":[{"embeddable":true,"href":"https:\/\/www.ohselection.com\/en\/wp-json\/wp\/v2\/comments?post=109750"}],"wp:featuredmedia":[{"embeddable":true,"href":"https:\/\/www.ohselection.com\/en\/wp-json\/wp\/v2\/media\/109756"}],"wp:attachment":[{"href":"https:\/\/www.ohselection.com\/en\/wp-json\/wp\/v2\/media?parent=109750"}],"wp:term":[{"taxonomy":"pwb-brand","embeddable":true,"href":"https:\/\/www.ohselection.com\/en\/wp-json\/wp\/v2\/pwb-brand?post=109750"},{"taxonomy":"product_brand","embeddable":true,"href":"https:\/\/www.ohselection.com\/en\/wp-json\/wp\/v2\/product_brand?post=109750"},{"taxonomy":"product_cat","embeddable":true,"href":"https:\/\/www.ohselection.com\/en\/wp-json\/wp\/v2\/product_cat?post=109750"},{"taxonomy":"product_tag","embeddable":true,"href":"https:\/\/www.ohselection.com\/en\/wp-json\/wp\/v2\/product_tag?post=109750"}],"curies":[{"name":"wp","href":"https:\/\/api.w.org\/{rel}","templated":true}]}}