{"id":109767,"date":"2025-04-10T12:23:16","date_gmt":"2025-04-10T10:23:16","guid":{"rendered":"https:\/\/www.ohselection.com\/produit\/abp-concept-watch-strap-for-rolex-daytona-in-black-white-brown-blue-calf-leather\/"},"modified":"2025-09-26T15:45:18","modified_gmt":"2025-09-26T13:45:18","slug":"abp-concept-watch-strap-for-rolex-daytona-in-black-white-brown-blue-calf-leather","status":"publish","type":"product","link":"https:\/\/www.ohselection.com\/en\/product\/abp-concept-watch-strap-for-rolex-daytona-in-black-white-brown-blue-calf-leather\/","title":{"rendered":"ABP Concept Watch Strap for Rolex Daytona in Black, White, Brown, Blue Calf Leather"},"content":{"rendered":"<h3><img decoding=\"async\" class=\"alignnone size-full wp-image-6386\" src=\"\/wp-content\/uploads\/2017\/07\/Capture-d%E2%80%99e%C4%9Bcran-2017-08-02-a%C4%9A-15.48.12.png\" alt=\"\" width=\"50\"> Description<\/h3>\n<p>Elevate your Rolex Daytona with a premium genuine calf leather strap, handcrafted in our Parisian workshop. Featuring a refined design, vintage stitching, and meticulous finishing for timeless elegance. Available in several colors: brushed black calf (white stitching), white box calf (grey stitching), brushed brown calf (ecru stitching), and brushed blue calf (red stitching). With a 3 mm thickness for optimal wrist comfort.   <\/p>\n<p>This strap is compatible with Rolex Daytona models, as well as a wide range of other models from the brand such as Oyster Perpetual, Datejust, GMT Master, or Submariner. Three lengths are available (105\/65mm, 115\/75mm, 125\/85mm) to fit all wrists, with a standard width of 20mm at the watch end and 16mm at the buckle end. <\/p>\n<p>Choose your buckle from our options in steel, rose gold, gold-plated, or black, or use your original Rolex buckle.<\/p>\n<p><strong><em>Each strap is made in France to order, with a production time of 1 to 2 weeks.<\/em><\/strong><\/p>\n","protected":false},"excerpt":{"rendered":"<p>Premium leather strap for Rolex Daytona, handcrafted in France from genuine calf leather. Available in several colors and sizes, compatible with many Rolex models: Daytona, Submariner, Datejust, GMT Master, Oyster Perpetual. <\/p>\n<p><strong><em>Each strap is made in France to order, with a production time of 1 to 2 weeks.<\/em><\/strong><\/p>\n<p>&nbsp;<\/p>\n","protected":false},"featured_media":109773,"comment_status":"open","ping_status":"closed","template":"","meta":[],"pwb-brand":[577],"product_brand":[697],"product_cat":[832,827,840,824],"product_tag":[],"class_list":{"0":"post-109767","1":"product","2":"type-product","3":"status-publish","4":"has-post-thumbnail","6":"pwb-brand-abp-concept","7":"product_brand-abp-concept","8":"product_cat-gift-under-200-euros","9":"product_cat-leather-watch-strap","10":"product_cat-rolex-strap","11":"product_cat-watch-straps","12":"product_shipping_class-low-stock","14":"first","15":"instock","16":"taxable","17":"shipping-taxable","18":"purchasable","19":"product-type-simple"},"yoast_head":"<!-- This site is optimized with the Yoast SEO plugin v27.0 - https:\/\/yoast.com\/product\/yoast-seo-wordpress\/ -->\n<title>ABP Concept Watch Strap for Rolex Daytona in Black, White, Brown, Blue Calf Leather | OH SELECTION<\/title>\n<meta name=\"description\" content=\"Premium leather strap for Rolex Daytona, handcrafted in France from genuine calf leather. Available in several colors and sizes, compatible with many Rolex models: Daytona, Submariner, Datejust, GMT Master, Oyster Perpetual.  Each strap is made in France to order, with a production time of 1 to 2 weeks. &nbsp;\" \/>\n<meta name=\"robots\" content=\"index, follow, max-snippet:-1, max-image-preview:large, max-video-preview:-1\" \/>\n<link rel=\"canonical\" href=\"https:\/\/www.ohselection.com\/en\/product\/abp-concept-watch-strap-for-rolex-daytona-in-black-white-brown-blue-calf-leather\/\" \/>\n<meta property=\"og:locale\" content=\"en_US\" \/>\n<meta property=\"og:type\" content=\"article\" \/>\n<meta property=\"og:title\" content=\"ABP Concept Watch Strap for Rolex Daytona in Black, White, Brown, Blue Calf Leather | OH SELECTION\" \/>\n<meta property=\"og:description\" content=\"Premium leather strap for Rolex Daytona, handcrafted in France from genuine calf leather. Available in several colors and sizes, compatible with many Rolex models: Daytona, Submariner, Datejust, GMT Master, Oyster Perpetual.  Each strap is made in France to order, with a production time of 1 to 2 weeks. &nbsp;\" \/>\n<meta property=\"og:url\" content=\"https:\/\/www.ohselection.com\/en\/product\/abp-concept-watch-strap-for-rolex-daytona-in-black-white-brown-blue-calf-leather\/\" \/>\n<meta property=\"og:site_name\" content=\"OH SELECTION\" \/>\n<meta property=\"article:publisher\" content=\"https:\/\/www.facebook.com\/ohselectionparis\/\" \/>\n<meta property=\"article:modified_time\" content=\"2025-09-26T13:45:18+00:00\" \/>\n<meta property=\"og:image\" content=\"https:\/\/www.ohselection.com\/wp-content\/uploads\/2025\/03\/rolex-daytona-bracelet-montre-cuir-leather-veau-calf-composition.jpg\" \/>\n\t<meta property=\"og:image:width\" content=\"1500\" \/>\n\t<meta property=\"og:image:height\" content=\"900\" \/>\n\t<meta property=\"og:image:type\" content=\"image\/jpeg\" \/>\n<meta name=\"twitter:card\" content=\"summary_large_image\" \/>\n<meta name=\"twitter:label1\" content=\"Est. reading time\" \/>\n\t<meta name=\"twitter:data1\" content=\"1 minute\" \/>\n<script type=\"application\/ld+json\" class=\"yoast-schema-graph\">{\"@context\":\"https:\/\/schema.org\",\"@graph\":[{\"@type\":\"WebPage\",\"@id\":\"https:\/\/www.ohselection.com\/en\/product\/abp-concept-watch-strap-for-rolex-daytona-in-black-white-brown-blue-calf-leather\/\",\"url\":\"https:\/\/www.ohselection.com\/en\/product\/abp-concept-watch-strap-for-rolex-daytona-in-black-white-brown-blue-calf-leather\/\",\"name\":\"ABP Concept Watch Strap for Rolex Daytona in Black, White, Brown, Blue Calf Leather | OH SELECTION\",\"isPartOf\":{\"@id\":\"https:\/\/www.ohselection.com\/en\/#website\"},\"primaryImageOfPage\":{\"@id\":\"https:\/\/www.ohselection.com\/en\/product\/abp-concept-watch-strap-for-rolex-daytona-in-black-white-brown-blue-calf-leather\/#primaryimage\"},\"image\":{\"@id\":\"https:\/\/www.ohselection.com\/en\/product\/abp-concept-watch-strap-for-rolex-daytona-in-black-white-brown-blue-calf-leather\/#primaryimage\"},\"thumbnailUrl\":\"https:\/\/www.ohselection.com\/wp-content\/uploads\/2025\/03\/rolex-daytona-bracelet-montre-cuir-leather-veau-calf-composition.jpg\",\"datePublished\":\"2025-04-10T10:23:16+00:00\",\"dateModified\":\"2025-09-26T13:45:18+00:00\",\"description\":\"Premium leather strap for Rolex Daytona, handcrafted in France from genuine calf leather. Available in several colors and sizes, compatible with many Rolex models: Daytona, Submariner, Datejust, GMT Master, Oyster Perpetual. Each strap is made in France to order, with a production time of 1 to 2 weeks. &nbsp;\",\"breadcrumb\":{\"@id\":\"https:\/\/www.ohselection.com\/en\/product\/abp-concept-watch-strap-for-rolex-daytona-in-black-white-brown-blue-calf-leather\/#breadcrumb\"},\"inLanguage\":\"en-US\",\"potentialAction\":[{\"@type\":\"ReadAction\",\"target\":[\"https:\/\/www.ohselection.com\/en\/product\/abp-concept-watch-strap-for-rolex-daytona-in-black-white-brown-blue-calf-leather\/\"]}]},{\"@type\":\"ImageObject\",\"inLanguage\":\"en-US\",\"@id\":\"https:\/\/www.ohselection.com\/en\/product\/abp-concept-watch-strap-for-rolex-daytona-in-black-white-brown-blue-calf-leather\/#primaryimage\",\"url\":\"https:\/\/www.ohselection.com\/wp-content\/uploads\/2025\/03\/rolex-daytona-bracelet-montre-cuir-leather-veau-calf-composition.jpg\",\"contentUrl\":\"https:\/\/www.ohselection.com\/wp-content\/uploads\/2025\/03\/rolex-daytona-bracelet-montre-cuir-leather-veau-calf-composition.jpg\",\"width\":1500,\"height\":900,\"caption\":\"rolex-daytona-watch-strap-calf-leather-composition\"},{\"@type\":\"BreadcrumbList\",\"@id\":\"https:\/\/www.ohselection.com\/en\/product\/abp-concept-watch-strap-for-rolex-daytona-in-black-white-brown-blue-calf-leather\/#breadcrumb\",\"itemListElement\":[{\"@type\":\"ListItem\",\"position\":1,\"name\":\"Accueil\",\"item\":\"https:\/\/www.ohselection.com\/shop\/?lang=en\"},{\"@type\":\"ListItem\",\"position\":2,\"name\":\"Watch straps\",\"item\":\"https:\/\/www.ohselection.com\/en\/product-category\/watch-straps\/\"},{\"@type\":\"ListItem\",\"position\":3,\"name\":\"Leather Watch Strap\",\"item\":\"https:\/\/www.ohselection.com\/en\/product-category\/leather-watch-strap\/\"},{\"@type\":\"ListItem\",\"position\":4,\"name\":\"ABP Concept Watch Strap for Rolex Daytona in Black, White, Brown, Blue Calf Leather\"}]},{\"@type\":\"WebSite\",\"@id\":\"https:\/\/www.ohselection.com\/en\/#website\",\"url\":\"https:\/\/www.ohselection.com\/en\/\",\"name\":\"OH Selection\",\"description\":\"Une s\u00e9lection de produits test\u00e9s et approuv\u00e9s par nos horlogers\",\"publisher\":{\"@id\":\"https:\/\/www.ohselection.com\/en\/#organization\"},\"alternateName\":\"Boutique sp\u00e9cialis\u00e9e dans les accessoires d'horlogerie\",\"potentialAction\":[{\"@type\":\"SearchAction\",\"target\":{\"@type\":\"EntryPoint\",\"urlTemplate\":\"https:\/\/www.ohselection.com\/en\/?s={search_term_string}\"},\"query-input\":{\"@type\":\"PropertyValueSpecification\",\"valueRequired\":true,\"valueName\":\"search_term_string\"}}],\"inLanguage\":\"en-US\"},{\"@type\":\"Organization\",\"@id\":\"https:\/\/www.ohselection.com\/en\/#organization\",\"name\":\"OH SELECTION\",\"alternateName\":\"OHSelection\",\"url\":\"https:\/\/www.ohselection.com\/en\/\",\"logo\":{\"@type\":\"ImageObject\",\"inLanguage\":\"en-US\",\"@id\":\"https:\/\/www.ohselection.com\/en\/#\/schema\/logo\/image\/\",\"url\":\"https:\/\/www.ohselection.com\/wp-content\/uploads\/2025\/04\/Logo-OHS-N.jpg\",\"contentUrl\":\"https:\/\/www.ohselection.com\/wp-content\/uploads\/2025\/04\/Logo-OHS-N.jpg\",\"width\":1385,\"height\":325,\"caption\":\"OH SELECTION\"},\"image\":{\"@id\":\"https:\/\/www.ohselection.com\/en\/#\/schema\/logo\/image\/\"},\"sameAs\":[\"https:\/\/www.facebook.com\/ohselectionparis\/\",\"https:\/\/www.instagram.com\/ohselectionparis\/\"]}]}<\/script>\n<!-- \/ Yoast SEO plugin. -->","yoast_head_json":{"title":"ABP Concept Watch Strap for Rolex Daytona in Black, White, Brown, Blue Calf Leather | OH SELECTION","description":"Premium leather strap for Rolex Daytona, handcrafted in France from genuine calf leather. Available in several colors and sizes, compatible with many Rolex models: Daytona, Submariner, Datejust, GMT Master, Oyster Perpetual.  Each strap is made in France to order, with a production time of 1 to 2 weeks. &nbsp;","robots":{"index":"index","follow":"follow","max-snippet":"max-snippet:-1","max-image-preview":"max-image-preview:large","max-video-preview":"max-video-preview:-1"},"canonical":"https:\/\/www.ohselection.com\/en\/product\/abp-concept-watch-strap-for-rolex-daytona-in-black-white-brown-blue-calf-leather\/","og_locale":"en_US","og_type":"article","og_title":"ABP Concept Watch Strap for Rolex Daytona in Black, White, Brown, Blue Calf Leather | OH SELECTION","og_description":"Premium leather strap for Rolex Daytona, handcrafted in France from genuine calf leather. Available in several colors and sizes, compatible with many Rolex models: Daytona, Submariner, Datejust, GMT Master, Oyster Perpetual.  Each strap is made in France to order, with a production time of 1 to 2 weeks. &nbsp;","og_url":"https:\/\/www.ohselection.com\/en\/product\/abp-concept-watch-strap-for-rolex-daytona-in-black-white-brown-blue-calf-leather\/","og_site_name":"OH SELECTION","article_publisher":"https:\/\/www.facebook.com\/ohselectionparis\/","article_modified_time":"2025-09-26T13:45:18+00:00","og_image":[{"width":1500,"height":900,"url":"https:\/\/www.ohselection.com\/wp-content\/uploads\/2025\/03\/rolex-daytona-bracelet-montre-cuir-leather-veau-calf-composition.jpg","type":"image\/jpeg"}],"twitter_card":"summary_large_image","twitter_misc":{"Est. reading time":"1 minute"},"schema":{"@context":"https:\/\/schema.org","@graph":[{"@type":"WebPage","@id":"https:\/\/www.ohselection.com\/en\/product\/abp-concept-watch-strap-for-rolex-daytona-in-black-white-brown-blue-calf-leather\/","url":"https:\/\/www.ohselection.com\/en\/product\/abp-concept-watch-strap-for-rolex-daytona-in-black-white-brown-blue-calf-leather\/","name":"ABP Concept Watch Strap for Rolex Daytona in Black, White, Brown, Blue Calf Leather | OH SELECTION","isPartOf":{"@id":"https:\/\/www.ohselection.com\/en\/#website"},"primaryImageOfPage":{"@id":"https:\/\/www.ohselection.com\/en\/product\/abp-concept-watch-strap-for-rolex-daytona-in-black-white-brown-blue-calf-leather\/#primaryimage"},"image":{"@id":"https:\/\/www.ohselection.com\/en\/product\/abp-concept-watch-strap-for-rolex-daytona-in-black-white-brown-blue-calf-leather\/#primaryimage"},"thumbnailUrl":"https:\/\/www.ohselection.com\/wp-content\/uploads\/2025\/03\/rolex-daytona-bracelet-montre-cuir-leather-veau-calf-composition.jpg","datePublished":"2025-04-10T10:23:16+00:00","dateModified":"2025-09-26T13:45:18+00:00","description":"Premium leather strap for Rolex Daytona, handcrafted in France from genuine calf leather. Available in several colors and sizes, compatible with many Rolex models: Daytona, Submariner, Datejust, GMT Master, Oyster Perpetual. Each strap is made in France to order, with a production time of 1 to 2 weeks. &nbsp;","breadcrumb":{"@id":"https:\/\/www.ohselection.com\/en\/product\/abp-concept-watch-strap-for-rolex-daytona-in-black-white-brown-blue-calf-leather\/#breadcrumb"},"inLanguage":"en-US","potentialAction":[{"@type":"ReadAction","target":["https:\/\/www.ohselection.com\/en\/product\/abp-concept-watch-strap-for-rolex-daytona-in-black-white-brown-blue-calf-leather\/"]}]},{"@type":"ImageObject","inLanguage":"en-US","@id":"https:\/\/www.ohselection.com\/en\/product\/abp-concept-watch-strap-for-rolex-daytona-in-black-white-brown-blue-calf-leather\/#primaryimage","url":"https:\/\/www.ohselection.com\/wp-content\/uploads\/2025\/03\/rolex-daytona-bracelet-montre-cuir-leather-veau-calf-composition.jpg","contentUrl":"https:\/\/www.ohselection.com\/wp-content\/uploads\/2025\/03\/rolex-daytona-bracelet-montre-cuir-leather-veau-calf-composition.jpg","width":1500,"height":900,"caption":"rolex-daytona-watch-strap-calf-leather-composition"},{"@type":"BreadcrumbList","@id":"https:\/\/www.ohselection.com\/en\/product\/abp-concept-watch-strap-for-rolex-daytona-in-black-white-brown-blue-calf-leather\/#breadcrumb","itemListElement":[{"@type":"ListItem","position":1,"name":"Accueil","item":"https:\/\/www.ohselection.com\/shop\/?lang=en"},{"@type":"ListItem","position":2,"name":"Watch straps","item":"https:\/\/www.ohselection.com\/en\/product-category\/watch-straps\/"},{"@type":"ListItem","position":3,"name":"Leather Watch Strap","item":"https:\/\/www.ohselection.com\/en\/product-category\/leather-watch-strap\/"},{"@type":"ListItem","position":4,"name":"ABP Concept Watch Strap for Rolex Daytona in Black, White, Brown, Blue Calf Leather"}]},{"@type":"WebSite","@id":"https:\/\/www.ohselection.com\/en\/#website","url":"https:\/\/www.ohselection.com\/en\/","name":"OH Selection","description":"Une s\u00e9lection de produits test\u00e9s et approuv\u00e9s par nos horlogers","publisher":{"@id":"https:\/\/www.ohselection.com\/en\/#organization"},"alternateName":"Boutique sp\u00e9cialis\u00e9e dans les accessoires d'horlogerie","potentialAction":[{"@type":"SearchAction","target":{"@type":"EntryPoint","urlTemplate":"https:\/\/www.ohselection.com\/en\/?s={search_term_string}"},"query-input":{"@type":"PropertyValueSpecification","valueRequired":true,"valueName":"search_term_string"}}],"inLanguage":"en-US"},{"@type":"Organization","@id":"https:\/\/www.ohselection.com\/en\/#organization","name":"OH SELECTION","alternateName":"OHSelection","url":"https:\/\/www.ohselection.com\/en\/","logo":{"@type":"ImageObject","inLanguage":"en-US","@id":"https:\/\/www.ohselection.com\/en\/#\/schema\/logo\/image\/","url":"https:\/\/www.ohselection.com\/wp-content\/uploads\/2025\/04\/Logo-OHS-N.jpg","contentUrl":"https:\/\/www.ohselection.com\/wp-content\/uploads\/2025\/04\/Logo-OHS-N.jpg","width":1385,"height":325,"caption":"OH SELECTION"},"image":{"@id":"https:\/\/www.ohselection.com\/en\/#\/schema\/logo\/image\/"},"sameAs":["https:\/\/www.facebook.com\/ohselectionparis\/","https:\/\/www.instagram.com\/ohselectionparis\/"]}]}},"brands":[{"id":577,"name":"ABP Concept","slug":"abp-concept"}],"_links":{"self":[{"href":"https:\/\/www.ohselection.com\/en\/wp-json\/wp\/v2\/product\/109767","targetHints":{"allow":["GET"]}}],"collection":[{"href":"https:\/\/www.ohselection.com\/en\/wp-json\/wp\/v2\/product"}],"about":[{"href":"https:\/\/www.ohselection.com\/en\/wp-json\/wp\/v2\/types\/product"}],"replies":[{"embeddable":true,"href":"https:\/\/www.ohselection.com\/en\/wp-json\/wp\/v2\/comments?post=109767"}],"wp:featuredmedia":[{"embeddable":true,"href":"https:\/\/www.ohselection.com\/en\/wp-json\/wp\/v2\/media\/109773"}],"wp:attachment":[{"href":"https:\/\/www.ohselection.com\/en\/wp-json\/wp\/v2\/media?parent=109767"}],"wp:term":[{"taxonomy":"pwb-brand","embeddable":true,"href":"https:\/\/www.ohselection.com\/en\/wp-json\/wp\/v2\/pwb-brand?post=109767"},{"taxonomy":"product_brand","embeddable":true,"href":"https:\/\/www.ohselection.com\/en\/wp-json\/wp\/v2\/product_brand?post=109767"},{"taxonomy":"product_cat","embeddable":true,"href":"https:\/\/www.ohselection.com\/en\/wp-json\/wp\/v2\/product_cat?post=109767"},{"taxonomy":"product_tag","embeddable":true,"href":"https:\/\/www.ohselection.com\/en\/wp-json\/wp\/v2\/product_tag?post=109767"}],"curies":[{"name":"wp","href":"https:\/\/api.w.org\/{rel}","templated":true}]}}