{"id":109799,"date":"2025-04-16T23:31:21","date_gmt":"2025-04-16T21:31:21","guid":{"rendered":"https:\/\/www.ohselection.com\/produit\/abp-concept-vintage-calf-leather-watch-strap\/"},"modified":"2025-09-26T15:45:33","modified_gmt":"2025-09-26T13:45:33","slug":"abp-concept-vintage-calf-leather-watch-strap","status":"publish","type":"product","link":"https:\/\/www.ohselection.com\/en\/produit\/abp-concept-vintage-calf-leather-watch-strap\/","title":{"rendered":"ABP Concept Vintage Calf Leather Watch Strap"},"content":{"rendered":"<h3><img decoding=\"async\" class=\"alignnone size-full wp-image-6386\" src=\"\/wp-content\/uploads\/2017\/07\/Capture-d%E2%80%99e%C4%9Bcran-2017-08-02-a%C4%9A-15.48.12.png\" alt=\"\" width=\"50\"> Description<\/h3>\n<p>Add a touch of timeless elegance to your watch with this genuine leather strap, crafted from premium calfskin. Designed to enhance vintage watches, this strap features a refined style and meticulous finish, ideal for classic watch enthusiasts. <\/p>\n<p>With a thickness of 4 mm, it offers a distinctive presence on the wrist while ensuring optimal comfort thanks to its soft, moisture-resistant black rubberized calfskin lining. Available in several colors \u2014 black, brown, blue, and red \u2014 it easily adapts to your style and timepiece. <\/p>\n<p>Initially designed for iconic collector&#8217;s watches, this strap remains compatible with a wide range of traditional cases. An elegant and personalized alternative to refresh your watch with sophistication. <\/p>\n","protected":false},"excerpt":{"rendered":"<p>Enhance your vintage watch with this premium calfskin strap featuring a classic and refined style. 4 mm thick, it combines elegance, comfort, and durability thanks to its rubberized calfskin lining. Available in several colors, it adapts to many traditional cases for a refined and personalized look.  <\/p>\n<p><strong><em>Shipping within 2 to 6 days<\/em><\/strong><\/p>\n<p>&nbsp;<\/p>\n","protected":false},"featured_media":109807,"comment_status":"open","ping_status":"closed","template":"","meta":[],"pwb-brand":[577],"product_brand":[697],"product_cat":[830,827,824],"product_tag":[],"class_list":{"0":"post-109799","1":"product","2":"type-product","3":"status-publish","4":"has-post-thumbnail","6":"pwb-brand-abp-concept","7":"product_brand-abp-concept","8":"product_cat-gifts-under-100-euros","9":"product_cat-leather-watch-strap","10":"product_cat-watch-straps","12":"first","13":"instock","14":"taxable","15":"shipping-taxable","16":"purchasable","17":"product-type-simple"},"yoast_head":"<!-- This site is optimized with the Yoast SEO plugin v27.0 - https:\/\/yoast.com\/product\/yoast-seo-wordpress\/ -->\n<title>ABP Concept Vintage Calf Leather Watch Strap | OH SELECTION<\/title>\n<meta name=\"description\" content=\"Enhance your vintage watch with this premium calfskin strap featuring a classic and refined style. 4 mm thick, it combines elegance, comfort, and durability thanks to its rubberized calfskin lining. Available in several colors, it adapts to many traditional cases for a refined and personalized look.  Shipping within 2 to 6 days &nbsp;\" \/>\n<meta name=\"robots\" content=\"index, follow, max-snippet:-1, max-image-preview:large, max-video-preview:-1\" \/>\n<link rel=\"canonical\" href=\"https:\/\/www.ohselection.com\/en\/produit\/abp-concept-vintage-calf-leather-watch-strap\/\" \/>\n<meta property=\"og:locale\" content=\"en_US\" \/>\n<meta property=\"og:type\" content=\"article\" \/>\n<meta property=\"og:title\" content=\"ABP Concept Vintage Calf Leather Watch Strap | OH SELECTION\" \/>\n<meta property=\"og:description\" content=\"Enhance your vintage watch with this premium calfskin strap featuring a classic and refined style. 4 mm thick, it combines elegance, comfort, and durability thanks to its rubberized calfskin lining. Available in several colors, it adapts to many traditional cases for a refined and personalized look.  Shipping within 2 to 6 days &nbsp;\" \/>\n<meta property=\"og:url\" content=\"https:\/\/www.ohselection.com\/en\/produit\/abp-concept-vintage-calf-leather-watch-strap\/\" \/>\n<meta property=\"og:site_name\" content=\"OH SELECTION\" \/>\n<meta property=\"article:publisher\" content=\"https:\/\/www.facebook.com\/ohselectionparis\/\" \/>\n<meta property=\"article:modified_time\" content=\"2025-09-26T13:45:33+00:00\" \/>\n<meta property=\"og:image\" content=\"https:\/\/www.ohselection.com\/wp-content\/uploads\/2025\/04\/compo-bracelet-montre-veau-vintage.jpg\" \/>\n\t<meta property=\"og:image:width\" content=\"1800\" \/>\n\t<meta property=\"og:image:height\" content=\"900\" \/>\n\t<meta property=\"og:image:type\" content=\"image\/jpeg\" \/>\n<meta name=\"twitter:card\" content=\"summary_large_image\" \/>\n<meta name=\"twitter:label1\" content=\"Est. reading time\" \/>\n\t<meta name=\"twitter:data1\" content=\"1 minute\" \/>\n<script type=\"application\/ld+json\" class=\"yoast-schema-graph\">{\"@context\":\"https:\/\/schema.org\",\"@graph\":[{\"@type\":\"WebPage\",\"@id\":\"https:\/\/www.ohselection.com\/en\/produit\/abp-concept-vintage-calf-leather-watch-strap\/\",\"url\":\"https:\/\/www.ohselection.com\/en\/produit\/abp-concept-vintage-calf-leather-watch-strap\/\",\"name\":\"ABP Concept Vintage Calf Leather Watch Strap | OH SELECTION\",\"isPartOf\":{\"@id\":\"https:\/\/www.ohselection.com\/en\/#website\"},\"primaryImageOfPage\":{\"@id\":\"https:\/\/www.ohselection.com\/en\/produit\/abp-concept-vintage-calf-leather-watch-strap\/#primaryimage\"},\"image\":{\"@id\":\"https:\/\/www.ohselection.com\/en\/produit\/abp-concept-vintage-calf-leather-watch-strap\/#primaryimage\"},\"thumbnailUrl\":\"https:\/\/www.ohselection.com\/wp-content\/uploads\/2025\/04\/compo-bracelet-montre-veau-vintage.jpg\",\"datePublished\":\"2025-04-16T21:31:21+00:00\",\"dateModified\":\"2025-09-26T13:45:33+00:00\",\"description\":\"Enhance your vintage watch with this premium calfskin strap featuring a classic and refined style. 4 mm thick, it combines elegance, comfort, and durability thanks to its rubberized calfskin lining. Available in several colors, it adapts to many traditional cases for a refined and personalized look. Shipping within 2 to 6 days &nbsp;\",\"breadcrumb\":{\"@id\":\"https:\/\/www.ohselection.com\/en\/produit\/abp-concept-vintage-calf-leather-watch-strap\/#breadcrumb\"},\"inLanguage\":\"en-US\",\"potentialAction\":[{\"@type\":\"ReadAction\",\"target\":[\"https:\/\/www.ohselection.com\/en\/produit\/abp-concept-vintage-calf-leather-watch-strap\/\"]}]},{\"@type\":\"ImageObject\",\"inLanguage\":\"en-US\",\"@id\":\"https:\/\/www.ohselection.com\/en\/produit\/abp-concept-vintage-calf-leather-watch-strap\/#primaryimage\",\"url\":\"https:\/\/www.ohselection.com\/wp-content\/uploads\/2025\/04\/compo-bracelet-montre-veau-vintage.jpg\",\"contentUrl\":\"https:\/\/www.ohselection.com\/wp-content\/uploads\/2025\/04\/compo-bracelet-montre-veau-vintage.jpg\",\"width\":1800,\"height\":900,\"caption\":\"compo-watch-strap-vintage-calf\"},{\"@type\":\"BreadcrumbList\",\"@id\":\"https:\/\/www.ohselection.com\/en\/produit\/abp-concept-vintage-calf-leather-watch-strap\/#breadcrumb\",\"itemListElement\":[{\"@type\":\"ListItem\",\"position\":1,\"name\":\"Accueil\",\"item\":\"https:\/\/www.ohselection.com\/shop\/?lang=en\"},{\"@type\":\"ListItem\",\"position\":2,\"name\":\"Gifts under 100 Euros\",\"item\":\"https:\/\/www.ohselection.com\/en\/product-category\/gifts-under-100-euros\/\"},{\"@type\":\"ListItem\",\"position\":3,\"name\":\"ABP Concept Vintage Calf Leather Watch Strap\"}]},{\"@type\":\"WebSite\",\"@id\":\"https:\/\/www.ohselection.com\/en\/#website\",\"url\":\"https:\/\/www.ohselection.com\/en\/\",\"name\":\"OH Selection\",\"description\":\"Une s\u00e9lection de produits test\u00e9s et approuv\u00e9s par nos horlogers\",\"publisher\":{\"@id\":\"https:\/\/www.ohselection.com\/en\/#organization\"},\"alternateName\":\"Boutique sp\u00e9cialis\u00e9e dans les accessoires d'horlogerie\",\"potentialAction\":[{\"@type\":\"SearchAction\",\"target\":{\"@type\":\"EntryPoint\",\"urlTemplate\":\"https:\/\/www.ohselection.com\/en\/?s={search_term_string}\"},\"query-input\":{\"@type\":\"PropertyValueSpecification\",\"valueRequired\":true,\"valueName\":\"search_term_string\"}}],\"inLanguage\":\"en-US\"},{\"@type\":\"Organization\",\"@id\":\"https:\/\/www.ohselection.com\/en\/#organization\",\"name\":\"OH SELECTION\",\"alternateName\":\"OHSelection\",\"url\":\"https:\/\/www.ohselection.com\/en\/\",\"logo\":{\"@type\":\"ImageObject\",\"inLanguage\":\"en-US\",\"@id\":\"https:\/\/www.ohselection.com\/en\/#\/schema\/logo\/image\/\",\"url\":\"https:\/\/www.ohselection.com\/wp-content\/uploads\/2025\/04\/Logo-OHS-N.jpg\",\"contentUrl\":\"https:\/\/www.ohselection.com\/wp-content\/uploads\/2025\/04\/Logo-OHS-N.jpg\",\"width\":1385,\"height\":325,\"caption\":\"OH SELECTION\"},\"image\":{\"@id\":\"https:\/\/www.ohselection.com\/en\/#\/schema\/logo\/image\/\"},\"sameAs\":[\"https:\/\/www.facebook.com\/ohselectionparis\/\",\"https:\/\/www.instagram.com\/ohselectionparis\/\"]}]}<\/script>\n<!-- \/ Yoast SEO plugin. -->","yoast_head_json":{"title":"ABP Concept Vintage Calf Leather Watch Strap | OH SELECTION","description":"Enhance your vintage watch with this premium calfskin strap featuring a classic and refined style. 4 mm thick, it combines elegance, comfort, and durability thanks to its rubberized calfskin lining. Available in several colors, it adapts to many traditional cases for a refined and personalized look.  Shipping within 2 to 6 days &nbsp;","robots":{"index":"index","follow":"follow","max-snippet":"max-snippet:-1","max-image-preview":"max-image-preview:large","max-video-preview":"max-video-preview:-1"},"canonical":"https:\/\/www.ohselection.com\/en\/produit\/abp-concept-vintage-calf-leather-watch-strap\/","og_locale":"en_US","og_type":"article","og_title":"ABP Concept Vintage Calf Leather Watch Strap | OH SELECTION","og_description":"Enhance your vintage watch with this premium calfskin strap featuring a classic and refined style. 4 mm thick, it combines elegance, comfort, and durability thanks to its rubberized calfskin lining. Available in several colors, it adapts to many traditional cases for a refined and personalized look.  Shipping within 2 to 6 days &nbsp;","og_url":"https:\/\/www.ohselection.com\/en\/produit\/abp-concept-vintage-calf-leather-watch-strap\/","og_site_name":"OH SELECTION","article_publisher":"https:\/\/www.facebook.com\/ohselectionparis\/","article_modified_time":"2025-09-26T13:45:33+00:00","og_image":[{"width":1800,"height":900,"url":"https:\/\/www.ohselection.com\/wp-content\/uploads\/2025\/04\/compo-bracelet-montre-veau-vintage.jpg","type":"image\/jpeg"}],"twitter_card":"summary_large_image","twitter_misc":{"Est. reading time":"1 minute"},"schema":{"@context":"https:\/\/schema.org","@graph":[{"@type":"WebPage","@id":"https:\/\/www.ohselection.com\/en\/produit\/abp-concept-vintage-calf-leather-watch-strap\/","url":"https:\/\/www.ohselection.com\/en\/produit\/abp-concept-vintage-calf-leather-watch-strap\/","name":"ABP Concept Vintage Calf Leather Watch Strap | OH SELECTION","isPartOf":{"@id":"https:\/\/www.ohselection.com\/en\/#website"},"primaryImageOfPage":{"@id":"https:\/\/www.ohselection.com\/en\/produit\/abp-concept-vintage-calf-leather-watch-strap\/#primaryimage"},"image":{"@id":"https:\/\/www.ohselection.com\/en\/produit\/abp-concept-vintage-calf-leather-watch-strap\/#primaryimage"},"thumbnailUrl":"https:\/\/www.ohselection.com\/wp-content\/uploads\/2025\/04\/compo-bracelet-montre-veau-vintage.jpg","datePublished":"2025-04-16T21:31:21+00:00","dateModified":"2025-09-26T13:45:33+00:00","description":"Enhance your vintage watch with this premium calfskin strap featuring a classic and refined style. 4 mm thick, it combines elegance, comfort, and durability thanks to its rubberized calfskin lining. Available in several colors, it adapts to many traditional cases for a refined and personalized look. Shipping within 2 to 6 days &nbsp;","breadcrumb":{"@id":"https:\/\/www.ohselection.com\/en\/produit\/abp-concept-vintage-calf-leather-watch-strap\/#breadcrumb"},"inLanguage":"en-US","potentialAction":[{"@type":"ReadAction","target":["https:\/\/www.ohselection.com\/en\/produit\/abp-concept-vintage-calf-leather-watch-strap\/"]}]},{"@type":"ImageObject","inLanguage":"en-US","@id":"https:\/\/www.ohselection.com\/en\/produit\/abp-concept-vintage-calf-leather-watch-strap\/#primaryimage","url":"https:\/\/www.ohselection.com\/wp-content\/uploads\/2025\/04\/compo-bracelet-montre-veau-vintage.jpg","contentUrl":"https:\/\/www.ohselection.com\/wp-content\/uploads\/2025\/04\/compo-bracelet-montre-veau-vintage.jpg","width":1800,"height":900,"caption":"compo-watch-strap-vintage-calf"},{"@type":"BreadcrumbList","@id":"https:\/\/www.ohselection.com\/en\/produit\/abp-concept-vintage-calf-leather-watch-strap\/#breadcrumb","itemListElement":[{"@type":"ListItem","position":1,"name":"Accueil","item":"https:\/\/www.ohselection.com\/shop\/?lang=en"},{"@type":"ListItem","position":2,"name":"Gifts under 100 Euros","item":"https:\/\/www.ohselection.com\/en\/product-category\/gifts-under-100-euros\/"},{"@type":"ListItem","position":3,"name":"ABP Concept Vintage Calf Leather Watch Strap"}]},{"@type":"WebSite","@id":"https:\/\/www.ohselection.com\/en\/#website","url":"https:\/\/www.ohselection.com\/en\/","name":"OH Selection","description":"Une s\u00e9lection de produits test\u00e9s et approuv\u00e9s par nos horlogers","publisher":{"@id":"https:\/\/www.ohselection.com\/en\/#organization"},"alternateName":"Boutique sp\u00e9cialis\u00e9e dans les accessoires d'horlogerie","potentialAction":[{"@type":"SearchAction","target":{"@type":"EntryPoint","urlTemplate":"https:\/\/www.ohselection.com\/en\/?s={search_term_string}"},"query-input":{"@type":"PropertyValueSpecification","valueRequired":true,"valueName":"search_term_string"}}],"inLanguage":"en-US"},{"@type":"Organization","@id":"https:\/\/www.ohselection.com\/en\/#organization","name":"OH SELECTION","alternateName":"OHSelection","url":"https:\/\/www.ohselection.com\/en\/","logo":{"@type":"ImageObject","inLanguage":"en-US","@id":"https:\/\/www.ohselection.com\/en\/#\/schema\/logo\/image\/","url":"https:\/\/www.ohselection.com\/wp-content\/uploads\/2025\/04\/Logo-OHS-N.jpg","contentUrl":"https:\/\/www.ohselection.com\/wp-content\/uploads\/2025\/04\/Logo-OHS-N.jpg","width":1385,"height":325,"caption":"OH SELECTION"},"image":{"@id":"https:\/\/www.ohselection.com\/en\/#\/schema\/logo\/image\/"},"sameAs":["https:\/\/www.facebook.com\/ohselectionparis\/","https:\/\/www.instagram.com\/ohselectionparis\/"]}]}},"brands":[{"id":577,"name":"ABP Concept","slug":"abp-concept"}],"_links":{"self":[{"href":"https:\/\/www.ohselection.com\/en\/wp-json\/wp\/v2\/product\/109799","targetHints":{"allow":["GET"]}}],"collection":[{"href":"https:\/\/www.ohselection.com\/en\/wp-json\/wp\/v2\/product"}],"about":[{"href":"https:\/\/www.ohselection.com\/en\/wp-json\/wp\/v2\/types\/product"}],"replies":[{"embeddable":true,"href":"https:\/\/www.ohselection.com\/en\/wp-json\/wp\/v2\/comments?post=109799"}],"wp:featuredmedia":[{"embeddable":true,"href":"https:\/\/www.ohselection.com\/en\/wp-json\/wp\/v2\/media\/109807"}],"wp:attachment":[{"href":"https:\/\/www.ohselection.com\/en\/wp-json\/wp\/v2\/media?parent=109799"}],"wp:term":[{"taxonomy":"pwb-brand","embeddable":true,"href":"https:\/\/www.ohselection.com\/en\/wp-json\/wp\/v2\/pwb-brand?post=109799"},{"taxonomy":"product_brand","embeddable":true,"href":"https:\/\/www.ohselection.com\/en\/wp-json\/wp\/v2\/product_brand?post=109799"},{"taxonomy":"product_cat","embeddable":true,"href":"https:\/\/www.ohselection.com\/en\/wp-json\/wp\/v2\/product_cat?post=109799"},{"taxonomy":"product_tag","embeddable":true,"href":"https:\/\/www.ohselection.com\/en\/wp-json\/wp\/v2\/product_tag?post=109799"}],"curies":[{"name":"wp","href":"https:\/\/api.w.org\/{rel}","templated":true}]}}