{"id":113851,"date":"2017-08-25T10:46:07","date_gmt":"2017-08-25T08:46:07","guid":{"rendered":"https:\/\/www.ohselection.com\/produit\/oh-selection-leo-1-beaded-bracelet\/"},"modified":"2025-09-26T16:01:14","modified_gmt":"2025-09-26T14:01:14","slug":"oh-selection-leo-1-beaded-bracelet","status":"publish","type":"product","link":"https:\/\/www.ohselection.com\/en\/product\/oh-selection-leo-1-beaded-bracelet\/","title":{"rendered":"OH Selection Leo 1 Beaded Bracelet"},"content":{"rendered":"<p>[vc_row][vc_column][vc_separator][\/vc_column][\/vc_row][vc_row][vc_column width=&#8221;1\/2&#8243;][vc_column_text css=&#8221;.vc_custom_1505817814659{margin-top: 20px !important;}&#8221;]<\/p>\n<h5><img decoding=\"async\" class=\"alignnone size-full wp-image-6386\" src=\"\/wp-content\/uploads\/2017\/07\/Capture-d%E2%80%99ee%CC%8Ccran-2017-08-02-aE%CC%8C-15.48.12.png\" alt=\"\" width=\"50\"> Description<\/h5>\n<p>[\/vc_column_text][vc_column_text]<\/p>\n<ul>\n<li>Leo 1 Fashion Bracelet by OH Selection<\/li>\n<li>Matte black rhodium beads, 1 zircon bead, and 2 rhodium beads<\/li>\n<li>Elasticated bracelet to fit all wrists<\/li>\n<li>Bead diameter: 8 mm<\/li>\n<li>Unisex bracelet<\/li>\n<li>Comes with a storage box<\/li>\n<li>2-year warranty<\/li>\n<\/ul>\n<p>[\/vc_column_text][\/vc_column][vc_column width=&#8221;1\/2&#8243;][vc_column_text css=&#8221;.vc_custom_1505817822505{margin-top: 20px !important;}&#8221;]<\/p>\n<h5><img decoding=\"async\" class=\"alignnone size-full wp-image-6386\" src=\"\/wp-content\/uploads\/2017\/07\/Capture-d%E2%80%99ee%CC%8Ccran-2017-08-02-aE%CC%8C-15.48.12.png\" alt=\"\" width=\"50\"> Our Expert&#8217;s Opinion<\/h5>\n<p>[\/vc_column_text][vc_column_text]<img loading=\"lazy\" decoding=\"async\" class=\" wp-image-6394 alignleft\" src=\"\/wp-content\/uploads\/2017\/07\/DSC_0291-1-1-142x150.png\" alt=\"\" width=\"103\" height=\"118\"><\/p>\n<div class=\"wpb_text_column wpb_content_element \">\n<div class=\"wpb_wrapper\">\n<p>&#8220;<span class=\"s1\">Indulge in this trendy zircon and rhodium bracelet. You can combine it with your watch and match it with our red and black Speedometer Official bracelet. A very elegant fashion accessory for a very contemporary style.<\/span>&#8221;<\/p>\n<\/div>\n<\/div>\n<p>[\/vc_column_text][\/vc_column][\/vc_row][vc_row][vc_column][vc_column_text css=&#8221;.vc_custom_1505817875257{margin-top: 20px !important;}&#8221; el_class=&#8221;zoomproduit&#8221;][:en][vc_row][vc_column][vc_separator][\/vc_column][\/vc_row][vc_row][vc_column width=&#8221;1\/2&#8243;][vc_column_text css=&#8221;.vc_custom_1505817814659{margin-top: 20px !important;}&#8221;]<\/p>\n<h5><img decoding=\"async\" class=\"alignnone size-full wp-image-6386\" src=\"\/wp-content\/uploads\/2017\/07\/Capture-d%E2%80%99ee%CC%8Ccran-2017-08-02-aE%CC%8C-15.48.12.png\" alt=\"\" width=\"50\"> Description<\/h5>\n<p>[\/vc_column_text][vc_column_text]<\/p>\n<ul>\n<li>Leo 1 bracelet by OH Selection<\/li>\n<li>Mat black rhodium beads, 1 zircon bead and 2 rhodium beads<\/li>\n<li>Elasticated to fit all wrist sizes<\/li>\n<li>Largest beads have an 8mm diameter<\/li>\n<li>Designed for men and women<\/li>\n<li>Delivered with a presentation box<\/li>\n<li>2-year guarantee<\/li>\n<\/ul>\n<p>[\/vc_column_text][\/vc_column][vc_column width=&#8221;1\/2&#8243;][vc_column_text css=&#8221;.vc_custom_1517418921104{margin-top: 20px !important;}&#8221;]<\/p>\n<h5><img decoding=\"async\" class=\"alignnone size-full wp-image-6386\" src=\"\/wp-content\/uploads\/2017\/07\/Capture-d%E2%80%99ee%CC%8Ccran-2017-08-02-aE%CC%8C-15.48.12.png\" alt=\"\" width=\"50\">  our Expert Says<\/h5>\n<p>[\/vc_column_text][vc_column_text]<img loading=\"lazy\" decoding=\"async\" class=\" wp-image-6394 alignleft\" src=\"\/wp-content\/uploads\/2017\/07\/DSC_0291-1-1-142x150.png\" alt=\"\" width=\"103\" height=\"118\"><\/p>\n<div class=\"wpb_text_column wpb_content_element \">\n<div class=\"wpb_wrapper\">\n<p>&#8220;We just love this ultra-stylish bracelet in zircon and rhodium! It makes a great accessory next to your watch, and especially when paired with our Speedometer Official bracelet in red and black. This is a classy bracelet with contemporary appeal.&#8221;<\/p>\n<\/div>\n<\/div>\n<p>[\/vc_column_text][\/vc_column][\/vc_row][vc_row][vc_column][vc_column_text css=&#8221;.vc_custom_1519664860523{margin-top: 20px !important;}&#8221; el_class=&#8221;zoomproduit&#8221;]<\/p>\n<h5><img decoding=\"async\" class=\"alignnone size-full wp-image-6386\" src=\"\/wp-content\/uploads\/2017\/07\/Capture-d%E2%80%99ee%CC%8Ccran-2017-08-02-aE%CC%8C-15.48.12.png\" alt=\"\" width=\"50\">  Close-up<\/h5>\n<p>[\/vc_column_text][vc_column_text][bracelet-leo-bn1ba][\/vc_column_text][\/vc_column][\/vc_row]<\/p>\n","protected":false},"excerpt":{"rendered":"<p>With its modern design, the OH Selection Leo 1 bracelet combines matte black rhodium beads and zircon for a refined style. Its adjustable elastic makes it an ideal unisex accessory to enhance your wrist daily. <\/p>\n","protected":false},"featured_media":7316,"comment_status":"open","ping_status":"closed","template":"","meta":[],"pwb-brand":[570],"product_brand":[700],"product_cat":[988,830],"product_tag":[991],"class_list":{"0":"post-113851","1":"product","2":"type-product","3":"status-publish","4":"has-post-thumbnail","6":"pwb-brand-ohselection","7":"product_brand-oh-selection","8":"product_cat-fashion-bracelets","9":"product_cat-gifts-under-100-euros","10":"product_tag-shamballa-and-macrame-bracelets","11":"product_shipping_class-low-stock","12":"pa_couleur-black","13":"pa_couleur-blue-red","14":"pa_couleur-pvd-blue-black","15":"pa_couleur-red-black","17":"first","18":"instock","19":"sale","20":"taxable","21":"shipping-taxable","22":"purchasable","23":"product-type-simple"},"yoast_head":"<!-- This site is optimized with the Yoast SEO plugin v27.0 - https:\/\/yoast.com\/product\/yoast-seo-wordpress\/ -->\n<title>Leo 1 Fashion Bracelet, Zircon Rhodium, Unisex<\/title>\n<meta name=\"description\" content=\"Embrace the trend of the matte zircon and rhodium bracelet with the Leo 1 Bracelet model from OH Selection. For men and women.\" \/>\n<meta name=\"robots\" content=\"index, follow, max-snippet:-1, max-image-preview:large, max-video-preview:-1\" \/>\n<link rel=\"canonical\" href=\"https:\/\/www.ohselection.com\/en\/product\/oh-selection-leo-1-beaded-bracelet\/\" \/>\n<meta property=\"og:locale\" content=\"en_US\" \/>\n<meta property=\"og:type\" content=\"article\" \/>\n<meta property=\"og:title\" content=\"Leo 1 Fashion Bracelet, Zircon Rhodium, Unisex\" \/>\n<meta property=\"og:description\" content=\"Embrace the trend of the matte zircon and rhodium bracelet with the Leo 1 Bracelet model from OH Selection. For men and women.\" \/>\n<meta property=\"og:url\" content=\"https:\/\/www.ohselection.com\/en\/product\/oh-selection-leo-1-beaded-bracelet\/\" \/>\n<meta property=\"og:site_name\" content=\"OH SELECTION\" \/>\n<meta property=\"article:publisher\" content=\"https:\/\/www.facebook.com\/ohselectionparis\/\" \/>\n<meta property=\"article:modified_time\" content=\"2025-09-26T14:01:14+00:00\" \/>\n<meta property=\"og:image\" content=\"https:\/\/www.ohselection.com\/wp-content\/uploads\/2017\/08\/20170713-DSC_8060.jpg\" \/>\n\t<meta property=\"og:image:width\" content=\"1208\" \/>\n\t<meta property=\"og:image:height\" content=\"800\" \/>\n\t<meta property=\"og:image:type\" content=\"image\/jpeg\" \/>\n<meta name=\"twitter:card\" content=\"summary_large_image\" \/>\n<meta name=\"twitter:label1\" content=\"Est. reading time\" \/>\n\t<meta name=\"twitter:data1\" content=\"2 minutes\" \/>\n<script type=\"application\/ld+json\" class=\"yoast-schema-graph\">{\"@context\":\"https:\/\/schema.org\",\"@graph\":[{\"@type\":\"WebPage\",\"@id\":\"https:\/\/www.ohselection.com\/en\/product\/oh-selection-leo-1-beaded-bracelet\/\",\"url\":\"https:\/\/www.ohselection.com\/en\/product\/oh-selection-leo-1-beaded-bracelet\/\",\"name\":\"Leo 1 Fashion Bracelet, Zircon Rhodium, Unisex\",\"isPartOf\":{\"@id\":\"https:\/\/www.ohselection.com\/en\/#website\"},\"primaryImageOfPage\":{\"@id\":\"https:\/\/www.ohselection.com\/en\/product\/oh-selection-leo-1-beaded-bracelet\/#primaryimage\"},\"image\":{\"@id\":\"https:\/\/www.ohselection.com\/en\/product\/oh-selection-leo-1-beaded-bracelet\/#primaryimage\"},\"thumbnailUrl\":\"https:\/\/www.ohselection.com\/wp-content\/uploads\/2017\/08\/OH-selection-site-465-15.jpg\",\"datePublished\":\"2017-08-25T08:46:07+00:00\",\"dateModified\":\"2025-09-26T14:01:14+00:00\",\"description\":\"Embrace the trend of the matte zircon and rhodium bracelet with the Leo 1 Bracelet model from OH Selection. For men and women.\",\"breadcrumb\":{\"@id\":\"https:\/\/www.ohselection.com\/en\/product\/oh-selection-leo-1-beaded-bracelet\/#breadcrumb\"},\"inLanguage\":\"en-US\",\"potentialAction\":[{\"@type\":\"ReadAction\",\"target\":[\"https:\/\/www.ohselection.com\/en\/product\/oh-selection-leo-1-beaded-bracelet\/\"]}]},{\"@type\":\"ImageObject\",\"inLanguage\":\"en-US\",\"@id\":\"https:\/\/www.ohselection.com\/en\/product\/oh-selection-leo-1-beaded-bracelet\/#primaryimage\",\"url\":\"https:\/\/www.ohselection.com\/wp-content\/uploads\/2017\/08\/OH-selection-site-465-15.jpg\",\"contentUrl\":\"https:\/\/www.ohselection.com\/wp-content\/uploads\/2017\/08\/OH-selection-site-465-15.jpg\",\"width\":1422,\"height\":800},{\"@type\":\"BreadcrumbList\",\"@id\":\"https:\/\/www.ohselection.com\/en\/product\/oh-selection-leo-1-beaded-bracelet\/#breadcrumb\",\"itemListElement\":[{\"@type\":\"ListItem\",\"position\":1,\"name\":\"Accueil\",\"item\":\"https:\/\/www.ohselection.com\/shop\/?lang=en\"},{\"@type\":\"ListItem\",\"position\":2,\"name\":\"OH Selection Leo 1 Beaded Bracelet\"}]},{\"@type\":\"WebSite\",\"@id\":\"https:\/\/www.ohselection.com\/en\/#website\",\"url\":\"https:\/\/www.ohselection.com\/en\/\",\"name\":\"OH Selection\",\"description\":\"Une s\u00e9lection de produits test\u00e9s et approuv\u00e9s par nos horlogers\",\"publisher\":{\"@id\":\"https:\/\/www.ohselection.com\/en\/#organization\"},\"alternateName\":\"Boutique sp\u00e9cialis\u00e9e dans les accessoires d'horlogerie\",\"potentialAction\":[{\"@type\":\"SearchAction\",\"target\":{\"@type\":\"EntryPoint\",\"urlTemplate\":\"https:\/\/www.ohselection.com\/en\/?s={search_term_string}\"},\"query-input\":{\"@type\":\"PropertyValueSpecification\",\"valueRequired\":true,\"valueName\":\"search_term_string\"}}],\"inLanguage\":\"en-US\"},{\"@type\":\"Organization\",\"@id\":\"https:\/\/www.ohselection.com\/en\/#organization\",\"name\":\"OH SELECTION\",\"alternateName\":\"OHSelection\",\"url\":\"https:\/\/www.ohselection.com\/en\/\",\"logo\":{\"@type\":\"ImageObject\",\"inLanguage\":\"en-US\",\"@id\":\"https:\/\/www.ohselection.com\/en\/#\/schema\/logo\/image\/\",\"url\":\"https:\/\/www.ohselection.com\/wp-content\/uploads\/2025\/04\/Logo-OHS-N.jpg\",\"contentUrl\":\"https:\/\/www.ohselection.com\/wp-content\/uploads\/2025\/04\/Logo-OHS-N.jpg\",\"width\":1385,\"height\":325,\"caption\":\"OH SELECTION\"},\"image\":{\"@id\":\"https:\/\/www.ohselection.com\/en\/#\/schema\/logo\/image\/\"},\"sameAs\":[\"https:\/\/www.facebook.com\/ohselectionparis\/\",\"https:\/\/www.instagram.com\/ohselectionparis\/\"]}]}<\/script>\n<!-- \/ Yoast SEO plugin. -->","yoast_head_json":{"title":"Leo 1 Fashion Bracelet, Zircon Rhodium, Unisex","description":"Embrace the trend of the matte zircon and rhodium bracelet with the Leo 1 Bracelet model from OH Selection. For men and women.","robots":{"index":"index","follow":"follow","max-snippet":"max-snippet:-1","max-image-preview":"max-image-preview:large","max-video-preview":"max-video-preview:-1"},"canonical":"https:\/\/www.ohselection.com\/en\/product\/oh-selection-leo-1-beaded-bracelet\/","og_locale":"en_US","og_type":"article","og_title":"Leo 1 Fashion Bracelet, Zircon Rhodium, Unisex","og_description":"Embrace the trend of the matte zircon and rhodium bracelet with the Leo 1 Bracelet model from OH Selection. For men and women.","og_url":"https:\/\/www.ohselection.com\/en\/product\/oh-selection-leo-1-beaded-bracelet\/","og_site_name":"OH SELECTION","article_publisher":"https:\/\/www.facebook.com\/ohselectionparis\/","article_modified_time":"2025-09-26T14:01:14+00:00","og_image":[{"width":1208,"height":800,"url":"https:\/\/www.ohselection.com\/wp-content\/uploads\/2017\/08\/20170713-DSC_8060.jpg","type":"image\/jpeg"}],"twitter_card":"summary_large_image","twitter_misc":{"Est. reading time":"2 minutes"},"schema":{"@context":"https:\/\/schema.org","@graph":[{"@type":"WebPage","@id":"https:\/\/www.ohselection.com\/en\/product\/oh-selection-leo-1-beaded-bracelet\/","url":"https:\/\/www.ohselection.com\/en\/product\/oh-selection-leo-1-beaded-bracelet\/","name":"Leo 1 Fashion Bracelet, Zircon Rhodium, Unisex","isPartOf":{"@id":"https:\/\/www.ohselection.com\/en\/#website"},"primaryImageOfPage":{"@id":"https:\/\/www.ohselection.com\/en\/product\/oh-selection-leo-1-beaded-bracelet\/#primaryimage"},"image":{"@id":"https:\/\/www.ohselection.com\/en\/product\/oh-selection-leo-1-beaded-bracelet\/#primaryimage"},"thumbnailUrl":"https:\/\/www.ohselection.com\/wp-content\/uploads\/2017\/08\/OH-selection-site-465-15.jpg","datePublished":"2017-08-25T08:46:07+00:00","dateModified":"2025-09-26T14:01:14+00:00","description":"Embrace the trend of the matte zircon and rhodium bracelet with the Leo 1 Bracelet model from OH Selection. For men and women.","breadcrumb":{"@id":"https:\/\/www.ohselection.com\/en\/product\/oh-selection-leo-1-beaded-bracelet\/#breadcrumb"},"inLanguage":"en-US","potentialAction":[{"@type":"ReadAction","target":["https:\/\/www.ohselection.com\/en\/product\/oh-selection-leo-1-beaded-bracelet\/"]}]},{"@type":"ImageObject","inLanguage":"en-US","@id":"https:\/\/www.ohselection.com\/en\/product\/oh-selection-leo-1-beaded-bracelet\/#primaryimage","url":"https:\/\/www.ohselection.com\/wp-content\/uploads\/2017\/08\/OH-selection-site-465-15.jpg","contentUrl":"https:\/\/www.ohselection.com\/wp-content\/uploads\/2017\/08\/OH-selection-site-465-15.jpg","width":1422,"height":800},{"@type":"BreadcrumbList","@id":"https:\/\/www.ohselection.com\/en\/product\/oh-selection-leo-1-beaded-bracelet\/#breadcrumb","itemListElement":[{"@type":"ListItem","position":1,"name":"Accueil","item":"https:\/\/www.ohselection.com\/shop\/?lang=en"},{"@type":"ListItem","position":2,"name":"OH Selection Leo 1 Beaded Bracelet"}]},{"@type":"WebSite","@id":"https:\/\/www.ohselection.com\/en\/#website","url":"https:\/\/www.ohselection.com\/en\/","name":"OH Selection","description":"Une s\u00e9lection de produits test\u00e9s et approuv\u00e9s par nos horlogers","publisher":{"@id":"https:\/\/www.ohselection.com\/en\/#organization"},"alternateName":"Boutique sp\u00e9cialis\u00e9e dans les accessoires d'horlogerie","potentialAction":[{"@type":"SearchAction","target":{"@type":"EntryPoint","urlTemplate":"https:\/\/www.ohselection.com\/en\/?s={search_term_string}"},"query-input":{"@type":"PropertyValueSpecification","valueRequired":true,"valueName":"search_term_string"}}],"inLanguage":"en-US"},{"@type":"Organization","@id":"https:\/\/www.ohselection.com\/en\/#organization","name":"OH SELECTION","alternateName":"OHSelection","url":"https:\/\/www.ohselection.com\/en\/","logo":{"@type":"ImageObject","inLanguage":"en-US","@id":"https:\/\/www.ohselection.com\/en\/#\/schema\/logo\/image\/","url":"https:\/\/www.ohselection.com\/wp-content\/uploads\/2025\/04\/Logo-OHS-N.jpg","contentUrl":"https:\/\/www.ohselection.com\/wp-content\/uploads\/2025\/04\/Logo-OHS-N.jpg","width":1385,"height":325,"caption":"OH SELECTION"},"image":{"@id":"https:\/\/www.ohselection.com\/en\/#\/schema\/logo\/image\/"},"sameAs":["https:\/\/www.facebook.com\/ohselectionparis\/","https:\/\/www.instagram.com\/ohselectionparis\/"]}]}},"brands":[{"id":570,"name":"OH Selection","slug":"ohselection"}],"_links":{"self":[{"href":"https:\/\/www.ohselection.com\/en\/wp-json\/wp\/v2\/product\/113851","targetHints":{"allow":["GET"]}}],"collection":[{"href":"https:\/\/www.ohselection.com\/en\/wp-json\/wp\/v2\/product"}],"about":[{"href":"https:\/\/www.ohselection.com\/en\/wp-json\/wp\/v2\/types\/product"}],"replies":[{"embeddable":true,"href":"https:\/\/www.ohselection.com\/en\/wp-json\/wp\/v2\/comments?post=113851"}],"wp:featuredmedia":[{"embeddable":true,"href":"https:\/\/www.ohselection.com\/en\/wp-json\/wp\/v2\/media\/7316"}],"wp:attachment":[{"href":"https:\/\/www.ohselection.com\/en\/wp-json\/wp\/v2\/media?parent=113851"}],"wp:term":[{"taxonomy":"pwb-brand","embeddable":true,"href":"https:\/\/www.ohselection.com\/en\/wp-json\/wp\/v2\/pwb-brand?post=113851"},{"taxonomy":"product_brand","embeddable":true,"href":"https:\/\/www.ohselection.com\/en\/wp-json\/wp\/v2\/product_brand?post=113851"},{"taxonomy":"product_cat","embeddable":true,"href":"https:\/\/www.ohselection.com\/en\/wp-json\/wp\/v2\/product_cat?post=113851"},{"taxonomy":"product_tag","embeddable":true,"href":"https:\/\/www.ohselection.com\/en\/wp-json\/wp\/v2\/product_tag?post=113851"}],"curies":[{"name":"wp","href":"https:\/\/api.w.org\/{rel}","templated":true}]}}