{"id":113856,"date":"2017-08-24T13:26:23","date_gmt":"2017-08-24T11:26:23","guid":{"rendered":"https:\/\/www.ohselection.com\/produit\/oh-selection-camille-grey-macrame-bracelet\/"},"modified":"2025-09-26T16:01:14","modified_gmt":"2025-09-26T14:01:14","slug":"oh-selection-camille-grey-macrame-bracelet","status":"publish","type":"product","link":"https:\/\/www.ohselection.com\/en\/produit\/oh-selection-camille-grey-macrame-bracelet\/","title":{"rendered":"OH Selection Camille Grey Macrame Bracelet"},"content":{"rendered":"<p>[vc_row][vc_column][vc_separator][\/vc_column][\/vc_row][vc_row][vc_column width=&#8221;1\/2&#8243;][vc_column_text css=&#8221;.vc_custom_1505817814659{margin-top: 20px !important;}&#8221;]<\/p>\n<h5><img decoding=\"async\" class=\"alignnone size-full wp-image-6386\" src=\"\/wp-content\/uploads\/2017\/07\/Capture-d%E2%80%99ee%CC%8Ccran-2017-08-02-aE%CC%8C-15.48.12.png\" alt=\"\" width=\"50\"> Description<\/h5>\n<p>[\/vc_column_text][vc_column_text]<\/p>\n<ul>\n<li>Camille Grey Macrame Fashion Bracelet by OH Selection<\/li>\n<li>Small rhodium beads<\/li>\n<li>Adjustable fit with its grey nylon cord<\/li>\n<li>Small rhodium beads at the end of the cord<\/li>\n<li>Bead diameter: 4 mm<\/li>\n<li>Suitable for men and women<\/li>\n<li>Comes with a storage box<\/li>\n<li>2-year warranty<\/li>\n<\/ul>\n<p>[\/vc_column_text][\/vc_column][vc_column width=&#8221;1\/2&#8243;][vc_column_text css=&#8221;.vc_custom_1505817822505{margin-top: 20px !important;}&#8221;]<\/p>\n<h5><img decoding=\"async\" class=\"alignnone size-full wp-image-6386\" src=\"\/wp-content\/uploads\/2017\/07\/Capture-d%E2%80%99ee%CC%8Ccran-2017-08-02-aE%CC%8C-15.48.12.png\" alt=\"\" width=\"50\"> Our Expert&#8217;s Opinion<\/h5>\n<p>[\/vc_column_text][vc_column_text]<img loading=\"lazy\" decoding=\"async\" class=\" wp-image-6394 alignleft\" src=\"\/wp-content\/uploads\/2017\/07\/DSC_0291-1-1-142x150.png\" alt=\"\" width=\"103\" height=\"118\">\u201cIf you wish to treat yourself or a loved one, please note that this Camille grey bracelet is ideal. It appeals to a wide audience thanks to its refined and classic style, and its small rhodium beads are elegant.\u201d[\/vc_column_text][\/vc_column][\/vc_row][vc_row][vc_column][vc_column_text css=&#8221;.vc_custom_1505817875257{margin-top: 20px !important;}&#8221; el_class=&#8221;zoomproduit&#8221;][:en][vc_row][vc_column][vc_separator][\/vc_column][\/vc_row][vc_row][vc_column width=&#8221;1\/2&#8243;][vc_column_text css=&#8221;.vc_custom_1505817814659{margin-top: 20px !important;}&#8221;]<\/p>\n<h5><img decoding=\"async\" class=\"alignnone size-full wp-image-6386\" src=\"\/wp-content\/uploads\/2017\/07\/Capture-d%E2%80%99ee%CC%8Ccran-2017-08-02-aE%CC%8C-15.48.12.png\" alt=\"\" width=\"50\"> Description<\/h5>\n<p>[\/vc_column_text][vc_column_text]<\/p>\n<ul>\n<li>Camille bracelet in grey by OH Selection<\/li>\n<li>Rhodium beads<\/li>\n<li>Adjusts to fit using a grey nylon cord<\/li>\n<li>Small rhodium beads at each end of the cord<\/li>\n<li>Beads measure 4mm in diameter<\/li>\n<li>For men and women<\/li>\n<li>Delivered with a presentation box<\/li>\n<li>2-year guarantee<\/li>\n<li>\n<\/li>\n<\/ul>\n<p>[\/vc_column_text][\/vc_column][vc_column width=&#8221;1\/2&#8243;][vc_column_text css=&#8221;.vc_custom_1517419628719{margin-top: 20px !important;}&#8221;]<\/p>\n<h5><img decoding=\"async\" class=\"alignnone size-full wp-image-6386\" src=\"\/wp-content\/uploads\/2017\/07\/Capture-d%E2%80%99ee%CC%8Ccran-2017-08-02-aE%CC%8C-15.48.12.png\" alt=\"\" width=\"50\">  our Expert Says<\/h5>\n<p>[\/vc_column_text][vc_column_text]<img loading=\"lazy\" decoding=\"async\" class=\" wp-image-6394 alignleft\" src=\"\/wp-content\/uploads\/2017\/07\/DSC_0291-1-1-142x150.png\" alt=\"\" width=\"103\" height=\"118\"><\/p>\n<p>&#8220;If you want to treat yourself, or someone else, this Camille bracelet in grey is ideal. Its stylish, classic design has wide-ranging appeal, and who could resist the luxurious elegance of rhodium?&#8221;[\/vc_column_text][\/vc_column][\/vc_row][vc_row][vc_column][vc_column_text css=&#8221;.vc_custom_1519664945627{margin-top: 20px !important;}&#8221; el_class=&#8221;zoomproduit&#8221;]<\/p>\n<h5><img decoding=\"async\" class=\"alignnone size-full wp-image-6386\" src=\"\/wp-content\/uploads\/2017\/07\/Capture-d%E2%80%99ee%CC%8Ccran-2017-08-02-aE%CC%8C-15.48.12.png\" alt=\"\" width=\"50\">  Close-up<\/h5>\n<p>[\/vc_column_text][vc_column_text][bracelet-camille-sat0b][\/vc_column_text][\/vc_column][\/vc_row]<\/p>\n","protected":false},"excerpt":{"rendered":"<p>Understated and refined, the OH Selection Camille grey macrame bracelet captivates with its rhodium beads and timeless design. Adjustable and unisex, it elegantly adapts to all styles. <\/p>\n","protected":false},"featured_media":7092,"comment_status":"open","ping_status":"closed","template":"","meta":[],"pwb-brand":[570],"product_brand":[700],"product_cat":[988,834],"product_tag":[991],"class_list":{"0":"post-113856","1":"product","2":"type-product","3":"status-publish","4":"has-post-thumbnail","6":"pwb-brand-ohselection","7":"product_brand-oh-selection","8":"product_cat-fashion-bracelets","9":"product_cat-gifts-under-e50","10":"product_tag-shamballa-and-macrame-bracelets","11":"pa_couleur-black","12":"pa_couleur-blue-red","13":"pa_couleur-pvd-blue-black","14":"pa_couleur-red-black","16":"first","17":"instock","18":"sale","19":"taxable","20":"shipping-taxable","21":"purchasable","22":"product-type-simple"},"yoast_head":"<!-- This site is optimized with the Yoast SEO plugin v27.0 - https:\/\/yoast.com\/product\/yoast-seo-wordpress\/ -->\n<title>Camille Fashion Bracelet with Small Grey Beads by OH Selection<\/title>\n<meta name=\"description\" content=\"OH Selection presents the Camille fashion bracelet. This grey bracelet features beautiful small grey beads to complement your outfits.\" \/>\n<meta name=\"robots\" content=\"index, follow, max-snippet:-1, max-image-preview:large, max-video-preview:-1\" \/>\n<link rel=\"canonical\" href=\"https:\/\/www.ohselection.com\/en\/produit\/oh-selection-camille-grey-macrame-bracelet\/\" \/>\n<meta property=\"og:locale\" content=\"en_US\" \/>\n<meta property=\"og:type\" content=\"article\" \/>\n<meta property=\"og:title\" content=\"Camille Fashion Bracelet with Small Grey Beads by OH Selection\" \/>\n<meta property=\"og:description\" content=\"OH Selection presents the Camille fashion bracelet. This grey bracelet features beautiful small grey beads to complement your outfits.\" \/>\n<meta property=\"og:url\" content=\"https:\/\/www.ohselection.com\/en\/produit\/oh-selection-camille-grey-macrame-bracelet\/\" \/>\n<meta property=\"og:site_name\" content=\"OH SELECTION\" \/>\n<meta property=\"article:publisher\" content=\"https:\/\/www.facebook.com\/ohselectionparis\/\" \/>\n<meta property=\"article:modified_time\" content=\"2025-09-26T14:01:14+00:00\" \/>\n<meta property=\"og:image\" content=\"https:\/\/www.ohselection.com\/wp-content\/uploads\/2017\/08\/20170713-DSC_7985.jpg\" \/>\n\t<meta property=\"og:image:width\" content=\"1208\" \/>\n\t<meta property=\"og:image:height\" content=\"800\" \/>\n\t<meta property=\"og:image:type\" content=\"image\/jpeg\" \/>\n<meta name=\"twitter:card\" content=\"summary_large_image\" \/>\n<meta name=\"twitter:label1\" content=\"Est. reading time\" \/>\n\t<meta name=\"twitter:data1\" content=\"2 minutes\" \/>\n<script type=\"application\/ld+json\" class=\"yoast-schema-graph\">{\"@context\":\"https:\/\/schema.org\",\"@graph\":[{\"@type\":\"WebPage\",\"@id\":\"https:\/\/www.ohselection.com\/en\/produit\/oh-selection-camille-grey-macrame-bracelet\/\",\"url\":\"https:\/\/www.ohselection.com\/en\/produit\/oh-selection-camille-grey-macrame-bracelet\/\",\"name\":\"Camille Fashion Bracelet with Small Grey Beads by OH Selection\",\"isPartOf\":{\"@id\":\"https:\/\/www.ohselection.com\/en\/#website\"},\"primaryImageOfPage\":{\"@id\":\"https:\/\/www.ohselection.com\/en\/produit\/oh-selection-camille-grey-macrame-bracelet\/#primaryimage\"},\"image\":{\"@id\":\"https:\/\/www.ohselection.com\/en\/produit\/oh-selection-camille-grey-macrame-bracelet\/#primaryimage\"},\"thumbnailUrl\":\"https:\/\/www.ohselection.com\/wp-content\/uploads\/2017\/08\/20170713-DSC_7985.jpg\",\"datePublished\":\"2017-08-24T11:26:23+00:00\",\"dateModified\":\"2025-09-26T14:01:14+00:00\",\"description\":\"OH Selection presents the Camille fashion bracelet. This grey bracelet features beautiful small grey beads to complement your outfits.\",\"breadcrumb\":{\"@id\":\"https:\/\/www.ohselection.com\/en\/produit\/oh-selection-camille-grey-macrame-bracelet\/#breadcrumb\"},\"inLanguage\":\"en-US\",\"potentialAction\":[{\"@type\":\"ReadAction\",\"target\":[\"https:\/\/www.ohselection.com\/en\/produit\/oh-selection-camille-grey-macrame-bracelet\/\"]}]},{\"@type\":\"ImageObject\",\"inLanguage\":\"en-US\",\"@id\":\"https:\/\/www.ohselection.com\/en\/produit\/oh-selection-camille-grey-macrame-bracelet\/#primaryimage\",\"url\":\"https:\/\/www.ohselection.com\/wp-content\/uploads\/2017\/08\/20170713-DSC_7985.jpg\",\"contentUrl\":\"https:\/\/www.ohselection.com\/wp-content\/uploads\/2017\/08\/20170713-DSC_7985.jpg\",\"width\":1208,\"height\":800},{\"@type\":\"BreadcrumbList\",\"@id\":\"https:\/\/www.ohselection.com\/en\/produit\/oh-selection-camille-grey-macrame-bracelet\/#breadcrumb\",\"itemListElement\":[{\"@type\":\"ListItem\",\"position\":1,\"name\":\"Accueil\",\"item\":\"https:\/\/www.ohselection.com\/shop\/?lang=en\"},{\"@type\":\"ListItem\",\"position\":2,\"name\":\"OH Selection Camille Grey Macrame Bracelet\"}]},{\"@type\":\"WebSite\",\"@id\":\"https:\/\/www.ohselection.com\/en\/#website\",\"url\":\"https:\/\/www.ohselection.com\/en\/\",\"name\":\"OH Selection\",\"description\":\"Une s\u00e9lection de produits test\u00e9s et approuv\u00e9s par nos horlogers\",\"publisher\":{\"@id\":\"https:\/\/www.ohselection.com\/en\/#organization\"},\"alternateName\":\"Boutique sp\u00e9cialis\u00e9e dans les accessoires d'horlogerie\",\"potentialAction\":[{\"@type\":\"SearchAction\",\"target\":{\"@type\":\"EntryPoint\",\"urlTemplate\":\"https:\/\/www.ohselection.com\/en\/?s={search_term_string}\"},\"query-input\":{\"@type\":\"PropertyValueSpecification\",\"valueRequired\":true,\"valueName\":\"search_term_string\"}}],\"inLanguage\":\"en-US\"},{\"@type\":\"Organization\",\"@id\":\"https:\/\/www.ohselection.com\/en\/#organization\",\"name\":\"OH SELECTION\",\"alternateName\":\"OHSelection\",\"url\":\"https:\/\/www.ohselection.com\/en\/\",\"logo\":{\"@type\":\"ImageObject\",\"inLanguage\":\"en-US\",\"@id\":\"https:\/\/www.ohselection.com\/en\/#\/schema\/logo\/image\/\",\"url\":\"https:\/\/www.ohselection.com\/wp-content\/uploads\/2025\/04\/Logo-OHS-N.jpg\",\"contentUrl\":\"https:\/\/www.ohselection.com\/wp-content\/uploads\/2025\/04\/Logo-OHS-N.jpg\",\"width\":1385,\"height\":325,\"caption\":\"OH SELECTION\"},\"image\":{\"@id\":\"https:\/\/www.ohselection.com\/en\/#\/schema\/logo\/image\/\"},\"sameAs\":[\"https:\/\/www.facebook.com\/ohselectionparis\/\",\"https:\/\/www.instagram.com\/ohselectionparis\/\"]}]}<\/script>\n<!-- \/ Yoast SEO plugin. -->","yoast_head_json":{"title":"Camille Fashion Bracelet with Small Grey Beads by OH Selection","description":"OH Selection presents the Camille fashion bracelet. This grey bracelet features beautiful small grey beads to complement your outfits.","robots":{"index":"index","follow":"follow","max-snippet":"max-snippet:-1","max-image-preview":"max-image-preview:large","max-video-preview":"max-video-preview:-1"},"canonical":"https:\/\/www.ohselection.com\/en\/produit\/oh-selection-camille-grey-macrame-bracelet\/","og_locale":"en_US","og_type":"article","og_title":"Camille Fashion Bracelet with Small Grey Beads by OH Selection","og_description":"OH Selection presents the Camille fashion bracelet. This grey bracelet features beautiful small grey beads to complement your outfits.","og_url":"https:\/\/www.ohselection.com\/en\/produit\/oh-selection-camille-grey-macrame-bracelet\/","og_site_name":"OH SELECTION","article_publisher":"https:\/\/www.facebook.com\/ohselectionparis\/","article_modified_time":"2025-09-26T14:01:14+00:00","og_image":[{"width":1208,"height":800,"url":"https:\/\/www.ohselection.com\/wp-content\/uploads\/2017\/08\/20170713-DSC_7985.jpg","type":"image\/jpeg"}],"twitter_card":"summary_large_image","twitter_misc":{"Est. reading time":"2 minutes"},"schema":{"@context":"https:\/\/schema.org","@graph":[{"@type":"WebPage","@id":"https:\/\/www.ohselection.com\/en\/produit\/oh-selection-camille-grey-macrame-bracelet\/","url":"https:\/\/www.ohselection.com\/en\/produit\/oh-selection-camille-grey-macrame-bracelet\/","name":"Camille Fashion Bracelet with Small Grey Beads by OH Selection","isPartOf":{"@id":"https:\/\/www.ohselection.com\/en\/#website"},"primaryImageOfPage":{"@id":"https:\/\/www.ohselection.com\/en\/produit\/oh-selection-camille-grey-macrame-bracelet\/#primaryimage"},"image":{"@id":"https:\/\/www.ohselection.com\/en\/produit\/oh-selection-camille-grey-macrame-bracelet\/#primaryimage"},"thumbnailUrl":"https:\/\/www.ohselection.com\/wp-content\/uploads\/2017\/08\/20170713-DSC_7985.jpg","datePublished":"2017-08-24T11:26:23+00:00","dateModified":"2025-09-26T14:01:14+00:00","description":"OH Selection presents the Camille fashion bracelet. This grey bracelet features beautiful small grey beads to complement your outfits.","breadcrumb":{"@id":"https:\/\/www.ohselection.com\/en\/produit\/oh-selection-camille-grey-macrame-bracelet\/#breadcrumb"},"inLanguage":"en-US","potentialAction":[{"@type":"ReadAction","target":["https:\/\/www.ohselection.com\/en\/produit\/oh-selection-camille-grey-macrame-bracelet\/"]}]},{"@type":"ImageObject","inLanguage":"en-US","@id":"https:\/\/www.ohselection.com\/en\/produit\/oh-selection-camille-grey-macrame-bracelet\/#primaryimage","url":"https:\/\/www.ohselection.com\/wp-content\/uploads\/2017\/08\/20170713-DSC_7985.jpg","contentUrl":"https:\/\/www.ohselection.com\/wp-content\/uploads\/2017\/08\/20170713-DSC_7985.jpg","width":1208,"height":800},{"@type":"BreadcrumbList","@id":"https:\/\/www.ohselection.com\/en\/produit\/oh-selection-camille-grey-macrame-bracelet\/#breadcrumb","itemListElement":[{"@type":"ListItem","position":1,"name":"Accueil","item":"https:\/\/www.ohselection.com\/shop\/?lang=en"},{"@type":"ListItem","position":2,"name":"OH Selection Camille Grey Macrame Bracelet"}]},{"@type":"WebSite","@id":"https:\/\/www.ohselection.com\/en\/#website","url":"https:\/\/www.ohselection.com\/en\/","name":"OH Selection","description":"Une s\u00e9lection de produits test\u00e9s et approuv\u00e9s par nos horlogers","publisher":{"@id":"https:\/\/www.ohselection.com\/en\/#organization"},"alternateName":"Boutique sp\u00e9cialis\u00e9e dans les accessoires d'horlogerie","potentialAction":[{"@type":"SearchAction","target":{"@type":"EntryPoint","urlTemplate":"https:\/\/www.ohselection.com\/en\/?s={search_term_string}"},"query-input":{"@type":"PropertyValueSpecification","valueRequired":true,"valueName":"search_term_string"}}],"inLanguage":"en-US"},{"@type":"Organization","@id":"https:\/\/www.ohselection.com\/en\/#organization","name":"OH SELECTION","alternateName":"OHSelection","url":"https:\/\/www.ohselection.com\/en\/","logo":{"@type":"ImageObject","inLanguage":"en-US","@id":"https:\/\/www.ohselection.com\/en\/#\/schema\/logo\/image\/","url":"https:\/\/www.ohselection.com\/wp-content\/uploads\/2025\/04\/Logo-OHS-N.jpg","contentUrl":"https:\/\/www.ohselection.com\/wp-content\/uploads\/2025\/04\/Logo-OHS-N.jpg","width":1385,"height":325,"caption":"OH SELECTION"},"image":{"@id":"https:\/\/www.ohselection.com\/en\/#\/schema\/logo\/image\/"},"sameAs":["https:\/\/www.facebook.com\/ohselectionparis\/","https:\/\/www.instagram.com\/ohselectionparis\/"]}]}},"brands":[{"id":570,"name":"OH Selection","slug":"ohselection"}],"_links":{"self":[{"href":"https:\/\/www.ohselection.com\/en\/wp-json\/wp\/v2\/product\/113856","targetHints":{"allow":["GET"]}}],"collection":[{"href":"https:\/\/www.ohselection.com\/en\/wp-json\/wp\/v2\/product"}],"about":[{"href":"https:\/\/www.ohselection.com\/en\/wp-json\/wp\/v2\/types\/product"}],"replies":[{"embeddable":true,"href":"https:\/\/www.ohselection.com\/en\/wp-json\/wp\/v2\/comments?post=113856"}],"wp:featuredmedia":[{"embeddable":true,"href":"https:\/\/www.ohselection.com\/en\/wp-json\/wp\/v2\/media\/7092"}],"wp:attachment":[{"href":"https:\/\/www.ohselection.com\/en\/wp-json\/wp\/v2\/media?parent=113856"}],"wp:term":[{"taxonomy":"pwb-brand","embeddable":true,"href":"https:\/\/www.ohselection.com\/en\/wp-json\/wp\/v2\/pwb-brand?post=113856"},{"taxonomy":"product_brand","embeddable":true,"href":"https:\/\/www.ohselection.com\/en\/wp-json\/wp\/v2\/product_brand?post=113856"},{"taxonomy":"product_cat","embeddable":true,"href":"https:\/\/www.ohselection.com\/en\/wp-json\/wp\/v2\/product_cat?post=113856"},{"taxonomy":"product_tag","embeddable":true,"href":"https:\/\/www.ohselection.com\/en\/wp-json\/wp\/v2\/product_tag?post=113856"}],"curies":[{"name":"wp","href":"https:\/\/api.w.org\/{rel}","templated":true}]}}