{"id":114192,"date":"2018-01-18T13:10:05","date_gmt":"2018-01-18T12:10:05","guid":{"rendered":"https:\/\/www.ohselection.com\/produit\/oh-selection-2-watch-travel-tube-black-blue\/"},"modified":"2025-09-26T16:01:50","modified_gmt":"2025-09-26T14:01:50","slug":"oh-selection-2-watch-travel-tube-black-blue","status":"publish","type":"product","link":"https:\/\/www.ohselection.com\/en\/produit\/oh-selection-2-watch-travel-tube-black-blue\/","title":{"rendered":"OH Selection 2-Watch Travel Tube, Black\/Blue"},"content":{"rendered":"<p>[vc_row][vc_column][vc_separator][\/vc_column][\/vc_row][vc_row][vc_column width=&#8221;1\/2&#8243;][vc_column_text css=&#8221;.vc_custom_1505817814659{margin-top: 20px !important;}&#8221;]<\/p>\n<h5><img decoding=\"async\" class=\"alignnone size-full wp-image-6386\" src=\"\/wp-content\/uploads\/2017\/07\/Capture-d%E2%80%99e%C4%9Bcran-2017-08-02-a%C4%9A-15.48.12.png\" alt=\"\" width=\"50\"> Description<\/h5>\n<p>[\/vc_column_text][vc_column_text]<\/p>\n<ul>\n<li>OH Selection 2-watch travel tube, black\/blue, rigid and durable<\/li>\n<li>Made of genuine black leather<\/li>\n<li>Blue suede interior to protect your watches from scratches and impacts<\/li>\n<li>Space for two watches<\/li>\n<li>Protective cushions in blue suede<\/li>\n<li>This case is suitable for all men&#8217;s or women&#8217;s watches, smartwatches, fitness trackers, or luxury watches<\/li>\n<li>This model is suitable for all watch brands and styles with a maximum diameter of 55 mm<\/li>\n<li>Double zip closure all around the case<\/li>\n<li>Case dimensions: height 17cm and diameter 9cm<\/li>\n<li>Colors available on our website: Black\/Blue, Black\/Orange, Light brown and green<\/li>\n<li>2-year warranty<\/li>\n<li>Product sold individually<\/li>\n<\/ul>\n<p>[\/vc_column_text][\/vc_column][vc_column width=&#8221;1\/2&#8243;][vc_column_text css=&#8221;.vc_custom_1505817822505{margin-top: 20px !important;}&#8221;]<\/p>\n<h5><img decoding=\"async\" class=\"alignnone size-full wp-image-6386\" src=\"\/wp-content\/uploads\/2017\/07\/Capture-d%E2%80%99e%C4%9Bcran-2017-08-02-a%C4%9A-15.48.12.png\" alt=\"\" width=\"50\"> Our Expert&#8217;s Opinion<\/h5>\n<p>[\/vc_column_text][vc_column_text]<img loading=\"lazy\" decoding=\"async\" class=\" wp-image-6394 alignleft\" src=\"\/wp-content\/uploads\/2017\/08\/DSC_2112a-132x150.png\" alt=\"\" width=\"103\" height=\"118\">&#8220;Classic and sleek, this grained leather case will allow you to transport two watches safely and elegantly. The suede interior perfectly protects your timepieces.&#8221;[\/vc_column_text][\/vc_column][\/vc_row]<\/p>\n","protected":false},"excerpt":{"rendered":"<p><img loading=\"lazy\" decoding=\"async\" class=\"wp-image-5807 size-thumbnail alignnone\" src=\"\/wp-content\/uploads\/2017\/05\/oh-selection-150x47.png\" alt=\"\" width=\"150\" height=\"47\" srcset=\"https:\/\/www.ohselection.com\/wp-content\/uploads\/2017\/05\/oh-selection-150x47.png 150w, https:\/\/www.ohselection.com\/wp-content\/uploads\/2017\/05\/oh-selection-120x38.png 120w, https:\/\/www.ohselection.com\/wp-content\/uploads\/2017\/05\/oh-selection-750x235.png 750w, https:\/\/www.ohselection.com\/wp-content\/uploads\/2017\/05\/oh-selection-64x20.png 64w, https:\/\/www.ohselection.com\/wp-content\/uploads\/2017\/05\/oh-selection-300x94.png 300w, https:\/\/www.ohselection.com\/wp-content\/uploads\/2017\/05\/oh-selection-768x241.png 768w, https:\/\/www.ohselection.com\/wp-content\/uploads\/2017\/05\/oh-selection-1024x321.png 1024w\" sizes=\"auto, (max-width: 150px) 100vw, 150px\" \/><\/p>\n<p><span style=\"color: #1f0505;\">OH Selection 2-watch travel tube, black\/blue<span style=\"color: #1f0505;\">&#8230; <a class=\"woocommerce-description-link\" href=\"#\"><em>Read more<\/em>&#8230;<\/a><\/span><\/span><\/p>\n","protected":false},"featured_media":114204,"comment_status":"open","ping_status":"closed","template":"","meta":[],"pwb-brand":[570],"product_brand":[700],"product_cat":[830,902,862,861],"product_tag":[],"class_list":{"0":"post-114192","1":"product","2":"type-product","3":"status-publish","4":"has-post-thumbnail","6":"pwb-brand-ohselection","7":"product_brand-oh-selection","8":"product_cat-gifts-under-100-euros","9":"product_cat-travel-watch-case","10":"product_cat-watch-cases","11":"product_cat-watch-storage","12":"pa_couleur-black-blue","13":"pa_couleur-black-orange","14":"pa_couleur-green","15":"pa_couleur-light-brown","17":"first","18":"instock","19":"featured","20":"taxable","21":"shipping-taxable","22":"purchasable","23":"product-type-variable","24":"has-default-attributes"},"yoast_head":"<!-- This site is optimized with the Yoast SEO plugin v27.0 - https:\/\/yoast.com\/product\/yoast-seo-wordpress\/ -->\n<title>OH Selection 2-Watch Leather Travel Tube with Suede Interior<\/title>\n<meta name=\"description\" content=\"For safely transporting your watches during your travels, nothing is better than our 2-watch travel cases on OH Selection.\" \/>\n<meta name=\"robots\" content=\"index, follow, max-snippet:-1, max-image-preview:large, max-video-preview:-1\" \/>\n<link rel=\"canonical\" href=\"https:\/\/www.ohselection.com\/en\/produit\/oh-selection-2-watch-travel-tube-black-blue\/\" \/>\n<meta property=\"og:locale\" content=\"en_US\" \/>\n<meta property=\"og:type\" content=\"article\" \/>\n<meta property=\"og:title\" content=\"OH Selection 2-Watch Leather Travel Tube with Suede Interior\" \/>\n<meta property=\"og:description\" content=\"For safely transporting your watches during your travels, nothing is better than our 2-watch travel cases on OH Selection.\" \/>\n<meta property=\"og:url\" content=\"https:\/\/www.ohselection.com\/en\/produit\/oh-selection-2-watch-travel-tube-black-blue\/\" \/>\n<meta property=\"og:site_name\" content=\"OH SELECTION\" \/>\n<meta property=\"article:publisher\" content=\"https:\/\/www.facebook.com\/ohselectionparis\/\" \/>\n<meta property=\"article:modified_time\" content=\"2025-09-26T14:01:50+00:00\" \/>\n<meta property=\"og:image\" content=\"https:\/\/www.ohselection.com\/wp-content\/uploads\/2021\/01\/tall-bleu.png\" \/>\n\t<meta property=\"og:image:width\" content=\"1753\" \/>\n\t<meta property=\"og:image:height\" content=\"1240\" \/>\n\t<meta property=\"og:image:type\" content=\"image\/png\" \/>\n<meta name=\"twitter:card\" content=\"summary_large_image\" \/>\n<meta name=\"twitter:label1\" content=\"Est. reading time\" \/>\n\t<meta name=\"twitter:data1\" content=\"1 minute\" \/>\n<script type=\"application\/ld+json\" class=\"yoast-schema-graph\">{\"@context\":\"https:\/\/schema.org\",\"@graph\":[{\"@type\":\"WebPage\",\"@id\":\"https:\/\/www.ohselection.com\/en\/produit\/oh-selection-2-watch-travel-tube-black-blue\/\",\"url\":\"https:\/\/www.ohselection.com\/en\/produit\/oh-selection-2-watch-travel-tube-black-blue\/\",\"name\":\"OH Selection 2-Watch Leather Travel Tube with Suede Interior\",\"isPartOf\":{\"@id\":\"https:\/\/www.ohselection.com\/en\/#website\"},\"primaryImageOfPage\":{\"@id\":\"https:\/\/www.ohselection.com\/en\/produit\/oh-selection-2-watch-travel-tube-black-blue\/#primaryimage\"},\"image\":{\"@id\":\"https:\/\/www.ohselection.com\/en\/produit\/oh-selection-2-watch-travel-tube-black-blue\/#primaryimage\"},\"thumbnailUrl\":\"https:\/\/www.ohselection.com\/wp-content\/uploads\/2021\/01\/tall-bleu.png\",\"datePublished\":\"2018-01-18T12:10:05+00:00\",\"dateModified\":\"2025-09-26T14:01:50+00:00\",\"description\":\"For safely transporting your watches during your travels, nothing is better than our 2-watch travel cases on OH Selection.\",\"breadcrumb\":{\"@id\":\"https:\/\/www.ohselection.com\/en\/produit\/oh-selection-2-watch-travel-tube-black-blue\/#breadcrumb\"},\"inLanguage\":\"en-US\",\"potentialAction\":[{\"@type\":\"ReadAction\",\"target\":[\"https:\/\/www.ohselection.com\/en\/produit\/oh-selection-2-watch-travel-tube-black-blue\/\"]}]},{\"@type\":\"ImageObject\",\"inLanguage\":\"en-US\",\"@id\":\"https:\/\/www.ohselection.com\/en\/produit\/oh-selection-2-watch-travel-tube-black-blue\/#primaryimage\",\"url\":\"https:\/\/www.ohselection.com\/wp-content\/uploads\/2021\/01\/tall-bleu.png\",\"contentUrl\":\"https:\/\/www.ohselection.com\/wp-content\/uploads\/2021\/01\/tall-bleu.png\",\"width\":1753,\"height\":1240},{\"@type\":\"BreadcrumbList\",\"@id\":\"https:\/\/www.ohselection.com\/en\/produit\/oh-selection-2-watch-travel-tube-black-blue\/#breadcrumb\",\"itemListElement\":[{\"@type\":\"ListItem\",\"position\":1,\"name\":\"Accueil\",\"item\":\"https:\/\/www.ohselection.com\/shop\/?lang=en\"},{\"@type\":\"ListItem\",\"position\":2,\"name\":\"OH Selection 2-Watch Travel Tube, Black\/Blue\"}]},{\"@type\":\"WebSite\",\"@id\":\"https:\/\/www.ohselection.com\/en\/#website\",\"url\":\"https:\/\/www.ohselection.com\/en\/\",\"name\":\"OH Selection\",\"description\":\"Une s\u00e9lection de produits test\u00e9s et approuv\u00e9s par nos horlogers\",\"publisher\":{\"@id\":\"https:\/\/www.ohselection.com\/en\/#organization\"},\"alternateName\":\"Boutique sp\u00e9cialis\u00e9e dans les accessoires d'horlogerie\",\"potentialAction\":[{\"@type\":\"SearchAction\",\"target\":{\"@type\":\"EntryPoint\",\"urlTemplate\":\"https:\/\/www.ohselection.com\/en\/?s={search_term_string}\"},\"query-input\":{\"@type\":\"PropertyValueSpecification\",\"valueRequired\":true,\"valueName\":\"search_term_string\"}}],\"inLanguage\":\"en-US\"},{\"@type\":\"Organization\",\"@id\":\"https:\/\/www.ohselection.com\/en\/#organization\",\"name\":\"OH SELECTION\",\"alternateName\":\"OHSelection\",\"url\":\"https:\/\/www.ohselection.com\/en\/\",\"logo\":{\"@type\":\"ImageObject\",\"inLanguage\":\"en-US\",\"@id\":\"https:\/\/www.ohselection.com\/en\/#\/schema\/logo\/image\/\",\"url\":\"https:\/\/www.ohselection.com\/wp-content\/uploads\/2025\/04\/Logo-OHS-N.jpg\",\"contentUrl\":\"https:\/\/www.ohselection.com\/wp-content\/uploads\/2025\/04\/Logo-OHS-N.jpg\",\"width\":1385,\"height\":325,\"caption\":\"OH SELECTION\"},\"image\":{\"@id\":\"https:\/\/www.ohselection.com\/en\/#\/schema\/logo\/image\/\"},\"sameAs\":[\"https:\/\/www.facebook.com\/ohselectionparis\/\",\"https:\/\/www.instagram.com\/ohselectionparis\/\"]}]}<\/script>\n<!-- \/ Yoast SEO plugin. -->","yoast_head_json":{"title":"OH Selection 2-Watch Leather Travel Tube with Suede Interior","description":"For safely transporting your watches during your travels, nothing is better than our 2-watch travel cases on OH Selection.","robots":{"index":"index","follow":"follow","max-snippet":"max-snippet:-1","max-image-preview":"max-image-preview:large","max-video-preview":"max-video-preview:-1"},"canonical":"https:\/\/www.ohselection.com\/en\/produit\/oh-selection-2-watch-travel-tube-black-blue\/","og_locale":"en_US","og_type":"article","og_title":"OH Selection 2-Watch Leather Travel Tube with Suede Interior","og_description":"For safely transporting your watches during your travels, nothing is better than our 2-watch travel cases on OH Selection.","og_url":"https:\/\/www.ohselection.com\/en\/produit\/oh-selection-2-watch-travel-tube-black-blue\/","og_site_name":"OH SELECTION","article_publisher":"https:\/\/www.facebook.com\/ohselectionparis\/","article_modified_time":"2025-09-26T14:01:50+00:00","og_image":[{"width":1753,"height":1240,"url":"https:\/\/www.ohselection.com\/wp-content\/uploads\/2021\/01\/tall-bleu.png","type":"image\/png"}],"twitter_card":"summary_large_image","twitter_misc":{"Est. reading time":"1 minute"},"schema":{"@context":"https:\/\/schema.org","@graph":[{"@type":"WebPage","@id":"https:\/\/www.ohselection.com\/en\/produit\/oh-selection-2-watch-travel-tube-black-blue\/","url":"https:\/\/www.ohselection.com\/en\/produit\/oh-selection-2-watch-travel-tube-black-blue\/","name":"OH Selection 2-Watch Leather Travel Tube with Suede Interior","isPartOf":{"@id":"https:\/\/www.ohselection.com\/en\/#website"},"primaryImageOfPage":{"@id":"https:\/\/www.ohselection.com\/en\/produit\/oh-selection-2-watch-travel-tube-black-blue\/#primaryimage"},"image":{"@id":"https:\/\/www.ohselection.com\/en\/produit\/oh-selection-2-watch-travel-tube-black-blue\/#primaryimage"},"thumbnailUrl":"https:\/\/www.ohselection.com\/wp-content\/uploads\/2021\/01\/tall-bleu.png","datePublished":"2018-01-18T12:10:05+00:00","dateModified":"2025-09-26T14:01:50+00:00","description":"For safely transporting your watches during your travels, nothing is better than our 2-watch travel cases on OH Selection.","breadcrumb":{"@id":"https:\/\/www.ohselection.com\/en\/produit\/oh-selection-2-watch-travel-tube-black-blue\/#breadcrumb"},"inLanguage":"en-US","potentialAction":[{"@type":"ReadAction","target":["https:\/\/www.ohselection.com\/en\/produit\/oh-selection-2-watch-travel-tube-black-blue\/"]}]},{"@type":"ImageObject","inLanguage":"en-US","@id":"https:\/\/www.ohselection.com\/en\/produit\/oh-selection-2-watch-travel-tube-black-blue\/#primaryimage","url":"https:\/\/www.ohselection.com\/wp-content\/uploads\/2021\/01\/tall-bleu.png","contentUrl":"https:\/\/www.ohselection.com\/wp-content\/uploads\/2021\/01\/tall-bleu.png","width":1753,"height":1240},{"@type":"BreadcrumbList","@id":"https:\/\/www.ohselection.com\/en\/produit\/oh-selection-2-watch-travel-tube-black-blue\/#breadcrumb","itemListElement":[{"@type":"ListItem","position":1,"name":"Accueil","item":"https:\/\/www.ohselection.com\/shop\/?lang=en"},{"@type":"ListItem","position":2,"name":"OH Selection 2-Watch Travel Tube, Black\/Blue"}]},{"@type":"WebSite","@id":"https:\/\/www.ohselection.com\/en\/#website","url":"https:\/\/www.ohselection.com\/en\/","name":"OH Selection","description":"Une s\u00e9lection de produits test\u00e9s et approuv\u00e9s par nos horlogers","publisher":{"@id":"https:\/\/www.ohselection.com\/en\/#organization"},"alternateName":"Boutique sp\u00e9cialis\u00e9e dans les accessoires d'horlogerie","potentialAction":[{"@type":"SearchAction","target":{"@type":"EntryPoint","urlTemplate":"https:\/\/www.ohselection.com\/en\/?s={search_term_string}"},"query-input":{"@type":"PropertyValueSpecification","valueRequired":true,"valueName":"search_term_string"}}],"inLanguage":"en-US"},{"@type":"Organization","@id":"https:\/\/www.ohselection.com\/en\/#organization","name":"OH SELECTION","alternateName":"OHSelection","url":"https:\/\/www.ohselection.com\/en\/","logo":{"@type":"ImageObject","inLanguage":"en-US","@id":"https:\/\/www.ohselection.com\/en\/#\/schema\/logo\/image\/","url":"https:\/\/www.ohselection.com\/wp-content\/uploads\/2025\/04\/Logo-OHS-N.jpg","contentUrl":"https:\/\/www.ohselection.com\/wp-content\/uploads\/2025\/04\/Logo-OHS-N.jpg","width":1385,"height":325,"caption":"OH SELECTION"},"image":{"@id":"https:\/\/www.ohselection.com\/en\/#\/schema\/logo\/image\/"},"sameAs":["https:\/\/www.facebook.com\/ohselectionparis\/","https:\/\/www.instagram.com\/ohselectionparis\/"]}]}},"brands":[{"id":570,"name":"OH Selection","slug":"ohselection"}],"_links":{"self":[{"href":"https:\/\/www.ohselection.com\/en\/wp-json\/wp\/v2\/product\/114192","targetHints":{"allow":["GET"]}}],"collection":[{"href":"https:\/\/www.ohselection.com\/en\/wp-json\/wp\/v2\/product"}],"about":[{"href":"https:\/\/www.ohselection.com\/en\/wp-json\/wp\/v2\/types\/product"}],"replies":[{"embeddable":true,"href":"https:\/\/www.ohselection.com\/en\/wp-json\/wp\/v2\/comments?post=114192"}],"wp:featuredmedia":[{"embeddable":true,"href":"https:\/\/www.ohselection.com\/en\/wp-json\/wp\/v2\/media\/114204"}],"wp:attachment":[{"href":"https:\/\/www.ohselection.com\/en\/wp-json\/wp\/v2\/media?parent=114192"}],"wp:term":[{"taxonomy":"pwb-brand","embeddable":true,"href":"https:\/\/www.ohselection.com\/en\/wp-json\/wp\/v2\/pwb-brand?post=114192"},{"taxonomy":"product_brand","embeddable":true,"href":"https:\/\/www.ohselection.com\/en\/wp-json\/wp\/v2\/product_brand?post=114192"},{"taxonomy":"product_cat","embeddable":true,"href":"https:\/\/www.ohselection.com\/en\/wp-json\/wp\/v2\/product_cat?post=114192"},{"taxonomy":"product_tag","embeddable":true,"href":"https:\/\/www.ohselection.com\/en\/wp-json\/wp\/v2\/product_tag?post=114192"}],"curies":[{"name":"wp","href":"https:\/\/api.w.org\/{rel}","templated":true}]}}