{"id":114410,"date":"2019-01-30T11:32:02","date_gmt":"2019-01-30T10:32:02","guid":{"rendered":"https:\/\/www.ohselection.com\/produit\/joseph-bonnie-stainless-steel-mesh-watch-bracelet\/"},"modified":"2025-09-26T16:01:51","modified_gmt":"2025-09-26T14:01:51","slug":"joseph-bonnie-stainless-steel-mesh-watch-bracelet","status":"publish","type":"product","link":"https:\/\/www.ohselection.com\/en\/produit\/joseph-bonnie-stainless-steel-mesh-watch-bracelet\/","title":{"rendered":"Joseph Bonnie Stainless Steel Mesh Watch Bracelet"},"content":{"rendered":"<p>[vc_row][vc_column][vc_separator][\/vc_column][\/vc_row][vc_row][vc_column width=&#8221;1\/2&#8243;][vc_column_text css=&#8221;.vc_custom_1505817814659{margin-top: 20px !important;}&#8221;]<\/p>\n<h5><img decoding=\"async\" class=\"alignnone size-full wp-image-6386\" src=\"\/wp-content\/uploads\/2017\/07\/Capture-d%E2%80%99ee%CC%8Ccran-2017-08-02-aE%CC%8C-15.48.12.png\" alt=\"\" width=\"50\"> Description<\/h5>\n<p>[\/vc_column_text][vc_column_text]<\/p>\n<ul>\n<li>Stainless Steel Watch Bracelet for the Joseph Bonnie Brand<\/li>\n<li>Milanese knitwear<\/li>\n<li>Thickness of 1.5mm<\/li>\n<li>Water resistant bracelet<\/li>\n<li>Adjustable strap to fit all wrists<\/li>\n<li>Mixed model<\/li>\n<li>Product sold with its protective cover<\/li>\n<li>2-year warranty<\/li>\n<\/ul>\n<p>[\/vc_column_text][\/vc_column][vc_column width=&#8221;1\/2&#8243;][vc_column_text css=&#8221;.vc_custom_1505817822505{margin-top: 20px !important;}&#8221;]<\/p>\n<h5><img decoding=\"async\" class=\"alignnone size-full wp-image-6386\" src=\"\/wp-content\/uploads\/2017\/07\/Capture-d%E2%80%99ee%CC%8Ccran-2017-08-02-aE%CC%8C-15.48.12.png\" alt=\"\" width=\"50\"> Our Expert&#8217;s Opinion<\/h5>\n<p>[\/vc_column_text][vc_column_text]<img loading=\"lazy\" decoding=\"async\" class=\" wp-image-6394 alignleft\" src=\"\/wp-content\/uploads\/2017\/08\/DSC_2112a-132x150.png\" alt=\"\" width=\"103\" height=\"118\">&#8220;Water resistant, this stainless steel watch band is ideal for all styles! For men or women, this elegant bracelet is easy to adjust when setting up thanks to its Easy Bar mounting system.&#8221;  <span class=\"s1\">&#8221; <\/span>[\/vc_column_text][\/vc_column][\/vc_row][vc_row][vc_column][vc_column_text css=&#8221;.vc_custom_1505817875257{margin-top: 20px !important;}&#8221; el_class=&#8221;zoomproduit&#8221;]<\/p>\n<h5><img decoding=\"async\" class=\"alignnone size-full wp-image-6386\" src=\"\/wp-content\/uploads\/2017\/07\/Capture-d%E2%80%99ee%CC%8Ccran-2017-08-02-aE%CC%8C-15.48.12.png\" alt=\"\" width=\"50\"> Product Overview<\/h5>\n<p>[\/vc_column_text][vc_column_text][bracelet-mesh][\/vc_column_text][\/vc_column][\/vc_row][:en][vc_row][vc_column][vc_separator][\/vc_column][\/vc_row][vc_row][vc_column width=&#8221;1\/2&#8243;][vc_column_text css=&#8221;.vc_custom_1505817814659{margin-top: 20px !important;}&#8221;]<\/p>\n<h5><img decoding=\"async\" class=\"alignnone size-full wp-image-6386\" src=\"\/wp-content\/uploads\/2017\/07\/Capture-d%E2%80%99ee%CC%8Ccran-2017-08-02-aE%CC%8C-15.48.12.png\" alt=\"\" width=\"50\"> Description<\/h5>\n<p>[\/vc_column_text][vc_column_text]<\/p>\n<ul>\n<li>Stainless steel bracelet for Joseph Bonnie brand watch<\/li>\n<li>Milanese knitwear<\/li>\n<li>Thickness of 1.5mm<\/li>\n<li>Water resistant bracelet<\/li>\n<li>Adjustable strap to fit all wrists<\/li>\n<li>Mixed model<\/li>\n<li>Product sold with its protective cover<\/li>\n<li>2-year warranty<\/li>\n<\/ul>\n<p>[\/vc_column_text][\/vc_column][vc_column width=&#8221;1\/2&#8243;][vc_column_text css=&#8221;.vc_custom_1517416937210{margin-top: 20px !important;}&#8221;]<\/p>\n<h5><img decoding=\"async\" class=\"alignnone size-full wp-image-6386\" src=\"\/wp-content\/uploads\/2017\/07\/Capture-d%E2%80%99ee%CC%8Ccran-2017-08-02-aE%CC%8C-15.48.12.png\" alt=\"\" width=\"50\">  our Expert Says<\/h5>\n<p>[\/vc_column_text][vc_column_text]<img loading=\"lazy\" decoding=\"async\" class=\" wp-image-6394 alignleft\" src=\"\/wp-content\/uploads\/2017\/08\/DSC_2112a-132x150.png\" alt=\"\" width=\"103\" height=\"118\"><\/p>\n<p>&#8220;Water resistant, this stainless steel watch band is ideal for all styles! For men or women, this elegant bracelet is easy to adjust when setting up thanks to its Easy Bar mounting system.&#8221;[\/vc_column_text][\/vc_column][\/vc_row][vc_row][vc_column][vc_column_text css=&#8221;.vc_custom_1519664627540{margin-top: 20px !important;}&#8221; el_class=&#8221;zoomproduit&#8221;]<\/p>\n<h5><img decoding=\"async\" class=\"alignnone size-full wp-image-6386\" src=\"\/wp-content\/uploads\/2017\/07\/Capture-d%E2%80%99ee%CC%8Ccran-2017-08-02-aE%CC%8C-15.48.12.png\" alt=\"\" width=\"50\">  Close-up<\/h5>\n<p>[\/vc_column_text][vc_column_text][bracelet-mesh][\/vc_column_text][\/vc_column][\/vc_row]<\/p>\n","protected":false},"excerpt":{"rendered":"<p><a href=\"\/wp-content\/uploads\/2019\/01\/Capture-d%E2%80%99e%CC%81cran-2019-01-30-a%CC%80-18.33.37.png\"><img loading=\"lazy\" decoding=\"async\" class=\"alignnone wp-image-11611 size-full\" src=\"\/wp-content\/uploads\/2019\/01\/Capture-d%E2%80%99e%CC%81cran-2019-01-30-a%CC%80-18.33.37.png\" alt=\"\" width=\"203\" height=\"39\"><\/a><\/p>\n<p class=\"p1\">Stainless Steel Mesh Watch Bracelet<span style=\"color: #1f0505;\"><span style=\"color: #1f0505;\">..<em>. <\/em><a class=\"woocommerce-description-link\" href=\"#\"><em>Read more<\/em>&#8230;<\/a><\/span><\/span><\/p>\n","protected":false},"featured_media":114419,"comment_status":"open","ping_status":"closed","template":"","meta":[],"pwb-brand":[573],"product_brand":[701],"product_cat":[834,841,824],"product_tag":[1073],"class_list":{"0":"post-114410","1":"product","2":"type-product","3":"status-publish","4":"has-post-thumbnail","6":"pwb-brand-joseph-bonnie","7":"product_brand-joseph-bonnie","8":"product_cat-gifts-under-e50","9":"product_cat-metal-watch-bracelets","10":"product_cat-watch-straps","11":"product_tag-speedometer-official-bracelets","12":"product_shipping_class-low-stock","13":"pa_taille-18mm","14":"pa_taille-20mm","16":"first","17":"instock","18":"taxable","19":"shipping-taxable","20":"purchasable","21":"product-type-variable"},"yoast_head":"<!-- This site is optimized with the Yoast SEO plugin v27.0 - https:\/\/yoast.com\/product\/yoast-seo-wordpress\/ -->\n<title>Speedometer Official Blue\/Red Polished SS Bracelet<\/title>\n<meta name=\"description\" content=\"Purchase the Speedometer Official bracelet from OH Selection, the perfect accessory for a cutting-edge fashion look! An ideal accessory.\" \/>\n<meta name=\"robots\" content=\"index, follow, max-snippet:-1, max-image-preview:large, max-video-preview:-1\" \/>\n<link rel=\"canonical\" href=\"https:\/\/www.ohselection.com\/en\/produit\/joseph-bonnie-stainless-steel-mesh-watch-bracelet\/\" \/>\n<meta property=\"og:locale\" content=\"en_US\" \/>\n<meta property=\"og:type\" content=\"article\" \/>\n<meta property=\"og:title\" content=\"Speedometer Official Blue\/Red Polished SS Bracelet\" \/>\n<meta property=\"og:description\" content=\"Purchase the Speedometer Official bracelet from OH Selection, the perfect accessory for a cutting-edge fashion look! An ideal accessory.\" \/>\n<meta property=\"og:url\" content=\"https:\/\/www.ohselection.com\/en\/produit\/joseph-bonnie-stainless-steel-mesh-watch-bracelet\/\" \/>\n<meta property=\"og:site_name\" content=\"OH SELECTION\" \/>\n<meta property=\"article:publisher\" content=\"https:\/\/www.facebook.com\/ohselectionparis\/\" \/>\n<meta property=\"article:modified_time\" content=\"2025-09-26T14:01:51+00:00\" \/>\n<meta property=\"og:image\" content=\"https:\/\/www.ohselection.com\/wp-content\/uploads\/2019\/01\/Mesh-bracelet-2-1.jpg\" \/>\n\t<meta property=\"og:image:width\" content=\"1500\" \/>\n\t<meta property=\"og:image:height\" content=\"1000\" \/>\n\t<meta property=\"og:image:type\" content=\"image\/jpeg\" \/>\n<meta name=\"twitter:card\" content=\"summary_large_image\" \/>\n<meta name=\"twitter:label1\" content=\"Est. reading time\" \/>\n\t<meta name=\"twitter:data1\" content=\"2 minutes\" \/>\n<script type=\"application\/ld+json\" class=\"yoast-schema-graph\">{\"@context\":\"https:\/\/schema.org\",\"@graph\":[{\"@type\":\"WebPage\",\"@id\":\"https:\/\/www.ohselection.com\/en\/produit\/joseph-bonnie-stainless-steel-mesh-watch-bracelet\/\",\"url\":\"https:\/\/www.ohselection.com\/en\/produit\/joseph-bonnie-stainless-steel-mesh-watch-bracelet\/\",\"name\":\"Speedometer Official Blue\/Red Polished SS Bracelet\",\"isPartOf\":{\"@id\":\"https:\/\/www.ohselection.com\/en\/#website\"},\"primaryImageOfPage\":{\"@id\":\"https:\/\/www.ohselection.com\/en\/produit\/joseph-bonnie-stainless-steel-mesh-watch-bracelet\/#primaryimage\"},\"image\":{\"@id\":\"https:\/\/www.ohselection.com\/en\/produit\/joseph-bonnie-stainless-steel-mesh-watch-bracelet\/#primaryimage\"},\"thumbnailUrl\":\"https:\/\/www.ohselection.com\/wp-content\/uploads\/2019\/01\/Mesh-bracelet-2-1.jpg\",\"datePublished\":\"2019-01-30T10:32:02+00:00\",\"dateModified\":\"2025-09-26T14:01:51+00:00\",\"description\":\"Purchase the Speedometer Official bracelet from OH Selection, the perfect accessory for a cutting-edge fashion look! An ideal accessory.\",\"breadcrumb\":{\"@id\":\"https:\/\/www.ohselection.com\/en\/produit\/joseph-bonnie-stainless-steel-mesh-watch-bracelet\/#breadcrumb\"},\"inLanguage\":\"en-US\",\"potentialAction\":[{\"@type\":\"ReadAction\",\"target\":[\"https:\/\/www.ohselection.com\/en\/produit\/joseph-bonnie-stainless-steel-mesh-watch-bracelet\/\"]}]},{\"@type\":\"ImageObject\",\"inLanguage\":\"en-US\",\"@id\":\"https:\/\/www.ohselection.com\/en\/produit\/joseph-bonnie-stainless-steel-mesh-watch-bracelet\/#primaryimage\",\"url\":\"https:\/\/www.ohselection.com\/wp-content\/uploads\/2019\/01\/Mesh-bracelet-2-1.jpg\",\"contentUrl\":\"https:\/\/www.ohselection.com\/wp-content\/uploads\/2019\/01\/Mesh-bracelet-2-1.jpg\",\"width\":1500,\"height\":1000},{\"@type\":\"BreadcrumbList\",\"@id\":\"https:\/\/www.ohselection.com\/en\/produit\/joseph-bonnie-stainless-steel-mesh-watch-bracelet\/#breadcrumb\",\"itemListElement\":[{\"@type\":\"ListItem\",\"position\":1,\"name\":\"Accueil\",\"item\":\"https:\/\/www.ohselection.com\/shop\/?lang=en\"},{\"@type\":\"ListItem\",\"position\":2,\"name\":\"Joseph Bonnie Stainless Steel Mesh Watch Bracelet\"}]},{\"@type\":\"WebSite\",\"@id\":\"https:\/\/www.ohselection.com\/en\/#website\",\"url\":\"https:\/\/www.ohselection.com\/en\/\",\"name\":\"OH Selection\",\"description\":\"Une s\u00e9lection de produits test\u00e9s et approuv\u00e9s par nos horlogers\",\"publisher\":{\"@id\":\"https:\/\/www.ohselection.com\/en\/#organization\"},\"alternateName\":\"Boutique sp\u00e9cialis\u00e9e dans les accessoires d'horlogerie\",\"potentialAction\":[{\"@type\":\"SearchAction\",\"target\":{\"@type\":\"EntryPoint\",\"urlTemplate\":\"https:\/\/www.ohselection.com\/en\/?s={search_term_string}\"},\"query-input\":{\"@type\":\"PropertyValueSpecification\",\"valueRequired\":true,\"valueName\":\"search_term_string\"}}],\"inLanguage\":\"en-US\"},{\"@type\":\"Organization\",\"@id\":\"https:\/\/www.ohselection.com\/en\/#organization\",\"name\":\"OH SELECTION\",\"alternateName\":\"OHSelection\",\"url\":\"https:\/\/www.ohselection.com\/en\/\",\"logo\":{\"@type\":\"ImageObject\",\"inLanguage\":\"en-US\",\"@id\":\"https:\/\/www.ohselection.com\/en\/#\/schema\/logo\/image\/\",\"url\":\"https:\/\/www.ohselection.com\/wp-content\/uploads\/2025\/04\/Logo-OHS-N.jpg\",\"contentUrl\":\"https:\/\/www.ohselection.com\/wp-content\/uploads\/2025\/04\/Logo-OHS-N.jpg\",\"width\":1385,\"height\":325,\"caption\":\"OH SELECTION\"},\"image\":{\"@id\":\"https:\/\/www.ohselection.com\/en\/#\/schema\/logo\/image\/\"},\"sameAs\":[\"https:\/\/www.facebook.com\/ohselectionparis\/\",\"https:\/\/www.instagram.com\/ohselectionparis\/\"]}]}<\/script>\n<!-- \/ Yoast SEO plugin. -->","yoast_head_json":{"title":"Speedometer Official Blue\/Red Polished SS Bracelet","description":"Purchase the Speedometer Official bracelet from OH Selection, the perfect accessory for a cutting-edge fashion look! An ideal accessory.","robots":{"index":"index","follow":"follow","max-snippet":"max-snippet:-1","max-image-preview":"max-image-preview:large","max-video-preview":"max-video-preview:-1"},"canonical":"https:\/\/www.ohselection.com\/en\/produit\/joseph-bonnie-stainless-steel-mesh-watch-bracelet\/","og_locale":"en_US","og_type":"article","og_title":"Speedometer Official Blue\/Red Polished SS Bracelet","og_description":"Purchase the Speedometer Official bracelet from OH Selection, the perfect accessory for a cutting-edge fashion look! An ideal accessory.","og_url":"https:\/\/www.ohselection.com\/en\/produit\/joseph-bonnie-stainless-steel-mesh-watch-bracelet\/","og_site_name":"OH SELECTION","article_publisher":"https:\/\/www.facebook.com\/ohselectionparis\/","article_modified_time":"2025-09-26T14:01:51+00:00","og_image":[{"width":1500,"height":1000,"url":"https:\/\/www.ohselection.com\/wp-content\/uploads\/2019\/01\/Mesh-bracelet-2-1.jpg","type":"image\/jpeg"}],"twitter_card":"summary_large_image","twitter_misc":{"Est. reading time":"2 minutes"},"schema":{"@context":"https:\/\/schema.org","@graph":[{"@type":"WebPage","@id":"https:\/\/www.ohselection.com\/en\/produit\/joseph-bonnie-stainless-steel-mesh-watch-bracelet\/","url":"https:\/\/www.ohselection.com\/en\/produit\/joseph-bonnie-stainless-steel-mesh-watch-bracelet\/","name":"Speedometer Official Blue\/Red Polished SS Bracelet","isPartOf":{"@id":"https:\/\/www.ohselection.com\/en\/#website"},"primaryImageOfPage":{"@id":"https:\/\/www.ohselection.com\/en\/produit\/joseph-bonnie-stainless-steel-mesh-watch-bracelet\/#primaryimage"},"image":{"@id":"https:\/\/www.ohselection.com\/en\/produit\/joseph-bonnie-stainless-steel-mesh-watch-bracelet\/#primaryimage"},"thumbnailUrl":"https:\/\/www.ohselection.com\/wp-content\/uploads\/2019\/01\/Mesh-bracelet-2-1.jpg","datePublished":"2019-01-30T10:32:02+00:00","dateModified":"2025-09-26T14:01:51+00:00","description":"Purchase the Speedometer Official bracelet from OH Selection, the perfect accessory for a cutting-edge fashion look! An ideal accessory.","breadcrumb":{"@id":"https:\/\/www.ohselection.com\/en\/produit\/joseph-bonnie-stainless-steel-mesh-watch-bracelet\/#breadcrumb"},"inLanguage":"en-US","potentialAction":[{"@type":"ReadAction","target":["https:\/\/www.ohselection.com\/en\/produit\/joseph-bonnie-stainless-steel-mesh-watch-bracelet\/"]}]},{"@type":"ImageObject","inLanguage":"en-US","@id":"https:\/\/www.ohselection.com\/en\/produit\/joseph-bonnie-stainless-steel-mesh-watch-bracelet\/#primaryimage","url":"https:\/\/www.ohselection.com\/wp-content\/uploads\/2019\/01\/Mesh-bracelet-2-1.jpg","contentUrl":"https:\/\/www.ohselection.com\/wp-content\/uploads\/2019\/01\/Mesh-bracelet-2-1.jpg","width":1500,"height":1000},{"@type":"BreadcrumbList","@id":"https:\/\/www.ohselection.com\/en\/produit\/joseph-bonnie-stainless-steel-mesh-watch-bracelet\/#breadcrumb","itemListElement":[{"@type":"ListItem","position":1,"name":"Accueil","item":"https:\/\/www.ohselection.com\/shop\/?lang=en"},{"@type":"ListItem","position":2,"name":"Joseph Bonnie Stainless Steel Mesh Watch Bracelet"}]},{"@type":"WebSite","@id":"https:\/\/www.ohselection.com\/en\/#website","url":"https:\/\/www.ohselection.com\/en\/","name":"OH Selection","description":"Une s\u00e9lection de produits test\u00e9s et approuv\u00e9s par nos horlogers","publisher":{"@id":"https:\/\/www.ohselection.com\/en\/#organization"},"alternateName":"Boutique sp\u00e9cialis\u00e9e dans les accessoires d'horlogerie","potentialAction":[{"@type":"SearchAction","target":{"@type":"EntryPoint","urlTemplate":"https:\/\/www.ohselection.com\/en\/?s={search_term_string}"},"query-input":{"@type":"PropertyValueSpecification","valueRequired":true,"valueName":"search_term_string"}}],"inLanguage":"en-US"},{"@type":"Organization","@id":"https:\/\/www.ohselection.com\/en\/#organization","name":"OH SELECTION","alternateName":"OHSelection","url":"https:\/\/www.ohselection.com\/en\/","logo":{"@type":"ImageObject","inLanguage":"en-US","@id":"https:\/\/www.ohselection.com\/en\/#\/schema\/logo\/image\/","url":"https:\/\/www.ohselection.com\/wp-content\/uploads\/2025\/04\/Logo-OHS-N.jpg","contentUrl":"https:\/\/www.ohselection.com\/wp-content\/uploads\/2025\/04\/Logo-OHS-N.jpg","width":1385,"height":325,"caption":"OH SELECTION"},"image":{"@id":"https:\/\/www.ohselection.com\/en\/#\/schema\/logo\/image\/"},"sameAs":["https:\/\/www.facebook.com\/ohselectionparis\/","https:\/\/www.instagram.com\/ohselectionparis\/"]}]}},"brands":[{"id":573,"name":"Joseph Bonnie","slug":"joseph-bonnie"}],"_links":{"self":[{"href":"https:\/\/www.ohselection.com\/en\/wp-json\/wp\/v2\/product\/114410","targetHints":{"allow":["GET"]}}],"collection":[{"href":"https:\/\/www.ohselection.com\/en\/wp-json\/wp\/v2\/product"}],"about":[{"href":"https:\/\/www.ohselection.com\/en\/wp-json\/wp\/v2\/types\/product"}],"replies":[{"embeddable":true,"href":"https:\/\/www.ohselection.com\/en\/wp-json\/wp\/v2\/comments?post=114410"}],"wp:featuredmedia":[{"embeddable":true,"href":"https:\/\/www.ohselection.com\/en\/wp-json\/wp\/v2\/media\/114419"}],"wp:attachment":[{"href":"https:\/\/www.ohselection.com\/en\/wp-json\/wp\/v2\/media?parent=114410"}],"wp:term":[{"taxonomy":"pwb-brand","embeddable":true,"href":"https:\/\/www.ohselection.com\/en\/wp-json\/wp\/v2\/pwb-brand?post=114410"},{"taxonomy":"product_brand","embeddable":true,"href":"https:\/\/www.ohselection.com\/en\/wp-json\/wp\/v2\/product_brand?post=114410"},{"taxonomy":"product_cat","embeddable":true,"href":"https:\/\/www.ohselection.com\/en\/wp-json\/wp\/v2\/product_cat?post=114410"},{"taxonomy":"product_tag","embeddable":true,"href":"https:\/\/www.ohselection.com\/en\/wp-json\/wp\/v2\/product_tag?post=114410"}],"curies":[{"name":"wp","href":"https:\/\/api.w.org\/{rel}","templated":true}]}}