{"id":129291,"date":"2019-02-18T17:35:54","date_gmt":"2019-02-18T16:35:54","guid":{"rendered":"https:\/\/www.ohselection.com\/produit\/classic-watch-strap-abp-concept-calf\/"},"modified":"2025-09-29T09:57:00","modified_gmt":"2025-09-29T07:57:00","slug":"classic-watch-strap-abp-concept-calf","status":"publish","type":"product","link":"https:\/\/www.ohselection.com\/en\/produit\/classic-watch-strap-abp-concept-calf\/","title":{"rendered":"Classic Watch Strap &#8211; ABP Concept Calf"},"content":{"rendered":"<p>[vc_row][vc_column][vc_separator][\/vc_column][\/vc_row][vc_row][vc_column width=&#8221;1\/2&#8243;][vc_column_text css=&#8221;.vc_custom_1505817814659{margin-top: 20px !important;}&#8221;]<\/p>\n<h5><img decoding=\"async\" class=\"alignnone size-full wp-image-6386\" src=\"\/wp-content\/uploads\/2017\/07\/Capture-d%E2%80%99ee%CC%8Ccran-2017-08-02-aE%CC%8C-15.48.12.png\" alt=\"\" width=\"50\"> Description<\/h5>\n<p>[\/vc_column_text][vc_column_text]<\/p>\n<ul>\n<li>Classic Watch Strap by ABP Concept<\/li>\n<li>In genuine smooth calf leather, with matte tanning<\/li>\n<li>Black rubberized calfskin lining<\/li>\n<li>Flat lug-end thickness 4.5 mm<\/li>\n<li>Tonal stitching<\/li>\n<li>Stainless steel buckle<\/li>\n<li>The Classic &#8211; Calf watch strap is available in several colors on our site: red, white, blue, grey, light brown, dark brown, and grey.<\/li>\n<li>2-year warranty<\/li>\n<\/ul>\n<p><em>Approximately 2 weeks manufacturing time<\/em>[\/vc_column_text][\/vc_column][vc_column width=&#8221;1\/2&#8243;][vc_column_text css=&#8221;.vc_custom_1505817822505{margin-top: 20px !important;}&#8221;]<\/p>\n<h5><img decoding=\"async\" class=\"alignnone size-full wp-image-6386\" src=\"\/wp-content\/uploads\/2017\/07\/Capture-d%E2%80%99ee%CC%8Ccran-2017-08-02-aE%CC%8C-15.48.12.png\" alt=\"\" width=\"50\"> Our Expert&#8217;s Opinion<\/h5>\n<p>[\/vc_column_text][vc_column_text]<img loading=\"lazy\" decoding=\"async\" class=\" wp-image-6394 alignleft\" src=\"\/wp-content\/uploads\/2017\/08\/DSC_2112a-132x150.png\" alt=\"\" width=\"103\" height=\"118\">&#8220;Ultra-elegant, the Classic calf watch strap is a true fashion accessory. Refined, this 100% smooth calf leather strap will enhance your timepiece. Easy to change, you can match your strap color to your outfit!&#8221;   <span class=\"s1\">&#8221; <\/span>[\/vc_column_text][\/vc_column][\/vc_row][vc_row][vc_column][vc_column_text css=&#8221;.vc_custom_1505817875257{margin-top: 20px !important;}&#8221; el_class=&#8221;zoomproduit&#8221;]<\/p>\n<h5><img decoding=\"async\" class=\"alignnone size-full wp-image-6386\" src=\"\/wp-content\/uploads\/2017\/07\/Capture-d%E2%80%99ee%CC%8Ccran-2017-08-02-aE%CC%8C-15.48.12.png\" alt=\"\" width=\"50\"> Product Overview<\/h5>\n<p>[\/vc_column_text][vc_column_text][Bracelet-lisse-veau][\/vc_column_text][\/vc_column][\/vc_row][:en][vc_row][vc_column][vc_separator][\/vc_column][\/vc_row][vc_row][vc_column width=&#8221;1\/2&#8243;][vc_column_text css=&#8221;.vc_custom_1505817814659{margin-top: 20px !important;}&#8221;]<\/p>\n<h5><img decoding=\"async\" class=\"alignnone size-full wp-image-6386\" src=\"\/wp-content\/uploads\/2017\/07\/Capture-d%E2%80%99ee%CC%8Ccran-2017-08-02-aE%CC%8C-15.48.12.png\" alt=\"\" width=\"50\"> Description<\/h5>\n<p>[\/vc_column_text][vc_column_text]<\/p>\n<ul>\n<li>Classic Watch Strap from ABP Concept<\/li>\n<li>In genuine smooth calf leather, matte tanning, square or rectangular scales<\/li>\n<li>Black rubberized calfskin lining<\/li>\n<li>Flat lug-end thickness 4.5 mm<\/li>\n<li>Tonal-on-tone stitching<\/li>\n<li>Stainless steel buckle<\/li>\n<li>The Classic &#8211; Calf watch strap is available in several colors on our site: red, white, blue, gray, light brown, dark brown and grey<\/li>\n<li>2 years warranty<\/li>\n<\/ul>\n<div id=\"tw-target-text-container\" class=\"gsrt tw-ta-container tw-nfl\">\n<p id=\"tw-target-text\" class=\"tw-data-text tw-ta tw-text-medium\" dir=\"ltr\" data-placeholder=\"Traduction\"><em><span lang=\"en\" tabindex=\"0\">About 2 weeks manufacturing time<\/span><\/em><\/p>\n<\/div>\n<p>[\/vc_column_text][\/vc_column][vc_column width=&#8221;1\/2&#8243;][vc_column_text css=&#8221;.vc_custom_1517416937210{margin-top: 20px !important;}&#8221;]<\/p>\n<h5><img decoding=\"async\" class=\"alignnone size-full wp-image-6386\" src=\"\/wp-content\/uploads\/2017\/07\/Capture-d%E2%80%99ee%CC%8Ccran-2017-08-02-aE%CC%8C-15.48.12.png\" alt=\"\" width=\"50\">  our Expert Says<\/h5>\n<p>[\/vc_column_text][vc_column_text]<img loading=\"lazy\" decoding=\"async\" class=\" wp-image-6394 alignleft\" src=\"\/wp-content\/uploads\/2017\/08\/DSC_2112a-132x150.png\" alt=\"\" width=\"103\" height=\"118\"><\/p>\n<p>&#8220;Ultra-elegant, the Classic Calf watch strap is a true fashion accessory. Refined, this 100% smooth calfskin strap will enhance your timepiece. Easy to change, you can match your strap color to your outfit!&#8221;[\/vc_column_text][\/vc_column][\/vc_row][vc_row][vc_column][vc_column_text css=&#8221;.vc_custom_1519664627540{margin-top: 20px !important;}&#8221; el_class=&#8221;zoomproduit&#8221;]<\/p>\n<h5><img decoding=\"async\" class=\"alignnone size-full wp-image-6386\" src=\"\/wp-content\/uploads\/2017\/07\/Capture-d%E2%80%99ee%CC%8Ccran-2017-08-02-aE%CC%8C-15.48.12.png\" alt=\"\" width=\"50\">  Close-up<\/h5>\n<p>[\/vc_column_text][vc_column_text][Bracelet-lisse-veau][\/vc_column_text][\/vc_column][\/vc_row]<\/p>\n","protected":false},"excerpt":{"rendered":"<p><a href=\"\/wp-content\/uploads\/2019\/01\/logo.png\"><img loading=\"lazy\" decoding=\"async\" class=\"alignnone wp-image-11657 size-full\" src=\"\/wp-content\/uploads\/2019\/01\/logo.png\" alt=\"\" width=\"171\" height=\"95\" srcset=\"https:\/\/www.ohselection.com\/wp-content\/uploads\/2019\/01\/logo.png 171w, https:\/\/www.ohselection.com\/wp-content\/uploads\/2019\/01\/logo-120x67.png 120w, https:\/\/www.ohselection.com\/wp-content\/uploads\/2019\/01\/logo-64x36.png 64w, https:\/\/www.ohselection.com\/wp-content\/uploads\/2019\/01\/logo-150x83.png 150w\" sizes=\"auto, (max-width: 171px) 100vw, 171px\" \/><\/a><\/p>\n<p><span style=\"color: #1f0505;\">Classic Calf Watch Strap APB Concept<span style=\"color: #1f0505;\">..<em>. <\/em><a class=\"woocommerce-description-link\" href=\"#\"><em>Read more<\/em>\u2026<\/a><\/span><\/span><\/p>\n<p><strong><em>Shipping within 2 to 6 days<\/em><\/strong><\/p>\n<p>&nbsp;<\/p>\n","protected":false},"featured_media":129292,"comment_status":"open","ping_status":"closed","template":"","meta":[],"pwb-brand":[577],"product_brand":[697],"product_cat":[830,827],"product_tag":[],"class_list":{"0":"post-129291","1":"product","2":"type-product","3":"status-publish","4":"has-post-thumbnail","6":"pwb-brand-abp-concept","7":"product_brand-abp-concept","8":"product_cat-gifts-under-100-euros","9":"product_cat-leather-watch-strap","10":"pa_couleur-black","11":"pa_couleur-blue","12":"pa_couleur-dark-brown","13":"pa_couleur-grey","14":"pa_couleur-light-brown","15":"pa_couleur-red","16":"pa_couleur-white","17":"pa_taille-10mm","18":"pa_taille-12mm","19":"pa_taille-14mm","20":"pa_taille-15mm","21":"pa_taille-16mm","22":"pa_taille-17mm","23":"pa_taille-18mm","24":"pa_taille-20mm","25":"pa_taille-22mm","26":"pa_taille-24mm","28":"first","29":"instock","30":"purchasable","31":"product-type-variable"},"yoast_head":"<!-- This site is optimized with the Yoast SEO plugin v27.0 - https:\/\/yoast.com\/product\/yoast-seo-wordpress\/ -->\n<title>Classic Watch Strap - ABP Concept Calf | OH SELECTION<\/title>\n<meta name=\"description\" content=\"Classic Calf Watch Strap APB Concept... Read more\u2026 Shipping within 2 to 6 days &nbsp;\" \/>\n<meta name=\"robots\" content=\"index, follow, max-snippet:-1, max-image-preview:large, max-video-preview:-1\" \/>\n<link rel=\"canonical\" href=\"https:\/\/www.ohselection.com\/en\/produit\/classic-watch-strap-abp-concept-calf\/\" \/>\n<meta property=\"og:locale\" content=\"en_US\" \/>\n<meta property=\"og:type\" content=\"article\" \/>\n<meta property=\"og:title\" content=\"Classic Watch Strap - ABP Concept Calf | OH SELECTION\" \/>\n<meta property=\"og:description\" content=\"Classic Calf Watch Strap APB Concept... Read more\u2026 Shipping within 2 to 6 days &nbsp;\" \/>\n<meta property=\"og:url\" content=\"https:\/\/www.ohselection.com\/en\/produit\/classic-watch-strap-abp-concept-calf\/\" \/>\n<meta property=\"og:site_name\" content=\"OH SELECTION\" \/>\n<meta property=\"article:publisher\" content=\"https:\/\/www.facebook.com\/ohselectionparis\/\" \/>\n<meta property=\"article:modified_time\" content=\"2025-09-29T07:57:00+00:00\" \/>\n<meta property=\"og:image\" content=\"https:\/\/www.ohselection.com\/wp-content\/uploads\/2019\/02\/P1210386_V2.jpg\" \/>\n\t<meta property=\"og:image:width\" content=\"1200\" \/>\n\t<meta property=\"og:image:height\" content=\"800\" \/>\n\t<meta property=\"og:image:type\" content=\"image\/jpeg\" \/>\n<meta name=\"twitter:card\" content=\"summary_large_image\" \/>\n<meta name=\"twitter:label1\" content=\"Est. reading time\" \/>\n\t<meta name=\"twitter:data1\" content=\"2 minutes\" \/>\n<script type=\"application\/ld+json\" class=\"yoast-schema-graph\">{\"@context\":\"https:\/\/schema.org\",\"@graph\":[{\"@type\":\"WebPage\",\"@id\":\"https:\/\/www.ohselection.com\/en\/produit\/classic-watch-strap-abp-concept-calf\/\",\"url\":\"https:\/\/www.ohselection.com\/en\/produit\/classic-watch-strap-abp-concept-calf\/\",\"name\":\"Classic Watch Strap - ABP Concept Calf | OH SELECTION\",\"isPartOf\":{\"@id\":\"https:\/\/www.ohselection.com\/en\/#website\"},\"primaryImageOfPage\":{\"@id\":\"https:\/\/www.ohselection.com\/en\/produit\/classic-watch-strap-abp-concept-calf\/#primaryimage\"},\"image\":{\"@id\":\"https:\/\/www.ohselection.com\/en\/produit\/classic-watch-strap-abp-concept-calf\/#primaryimage\"},\"thumbnailUrl\":\"https:\/\/www.ohselection.com\/wp-content\/uploads\/2019\/02\/P1210386_V2.jpg\",\"datePublished\":\"2019-02-18T16:35:54+00:00\",\"dateModified\":\"2025-09-29T07:57:00+00:00\",\"description\":\"Classic Calf Watch Strap APB Concept... Read more\u2026 Shipping within 2 to 6 days &nbsp;\",\"breadcrumb\":{\"@id\":\"https:\/\/www.ohselection.com\/en\/produit\/classic-watch-strap-abp-concept-calf\/#breadcrumb\"},\"inLanguage\":\"en-US\",\"potentialAction\":[{\"@type\":\"ReadAction\",\"target\":[\"https:\/\/www.ohselection.com\/en\/produit\/classic-watch-strap-abp-concept-calf\/\"]}]},{\"@type\":\"ImageObject\",\"inLanguage\":\"en-US\",\"@id\":\"https:\/\/www.ohselection.com\/en\/produit\/classic-watch-strap-abp-concept-calf\/#primaryimage\",\"url\":\"https:\/\/www.ohselection.com\/wp-content\/uploads\/2019\/02\/P1210386_V2.jpg\",\"contentUrl\":\"https:\/\/www.ohselection.com\/wp-content\/uploads\/2019\/02\/P1210386_V2.jpg\",\"width\":1200,\"height\":800,\"caption\":\"ABP Classic Calfskin Strap\"},{\"@type\":\"BreadcrumbList\",\"@id\":\"https:\/\/www.ohselection.com\/en\/produit\/classic-watch-strap-abp-concept-calf\/#breadcrumb\",\"itemListElement\":[{\"@type\":\"ListItem\",\"position\":1,\"name\":\"Accueil\",\"item\":\"https:\/\/www.ohselection.com\/shop\/?lang=en\"},{\"@type\":\"ListItem\",\"position\":2,\"name\":\"Watch straps\",\"item\":\"https:\/\/www.ohselection.com\/en\/product-category\/watch-straps\/\"},{\"@type\":\"ListItem\",\"position\":3,\"name\":\"Leather Watch Strap\",\"item\":\"https:\/\/www.ohselection.com\/en\/product-category\/leather-watch-strap\/\"},{\"@type\":\"ListItem\",\"position\":4,\"name\":\"Classic Watch Strap &#8211; ABP Concept Calf\"}]},{\"@type\":\"WebSite\",\"@id\":\"https:\/\/www.ohselection.com\/en\/#website\",\"url\":\"https:\/\/www.ohselection.com\/en\/\",\"name\":\"OH Selection\",\"description\":\"Une s\u00e9lection de produits test\u00e9s et approuv\u00e9s par nos horlogers\",\"publisher\":{\"@id\":\"https:\/\/www.ohselection.com\/en\/#organization\"},\"alternateName\":\"Boutique sp\u00e9cialis\u00e9e dans les accessoires d'horlogerie\",\"potentialAction\":[{\"@type\":\"SearchAction\",\"target\":{\"@type\":\"EntryPoint\",\"urlTemplate\":\"https:\/\/www.ohselection.com\/en\/?s={search_term_string}\"},\"query-input\":{\"@type\":\"PropertyValueSpecification\",\"valueRequired\":true,\"valueName\":\"search_term_string\"}}],\"inLanguage\":\"en-US\"},{\"@type\":\"Organization\",\"@id\":\"https:\/\/www.ohselection.com\/en\/#organization\",\"name\":\"OH SELECTION\",\"alternateName\":\"OHSelection\",\"url\":\"https:\/\/www.ohselection.com\/en\/\",\"logo\":{\"@type\":\"ImageObject\",\"inLanguage\":\"en-US\",\"@id\":\"https:\/\/www.ohselection.com\/en\/#\/schema\/logo\/image\/\",\"url\":\"https:\/\/www.ohselection.com\/wp-content\/uploads\/2025\/04\/Logo-OHS-N.jpg\",\"contentUrl\":\"https:\/\/www.ohselection.com\/wp-content\/uploads\/2025\/04\/Logo-OHS-N.jpg\",\"width\":1385,\"height\":325,\"caption\":\"OH SELECTION\"},\"image\":{\"@id\":\"https:\/\/www.ohselection.com\/en\/#\/schema\/logo\/image\/\"},\"sameAs\":[\"https:\/\/www.facebook.com\/ohselectionparis\/\",\"https:\/\/www.instagram.com\/ohselectionparis\/\"]}]}<\/script>\n<!-- \/ Yoast SEO plugin. -->","yoast_head_json":{"title":"Classic Watch Strap - ABP Concept Calf | OH SELECTION","description":"Classic Calf Watch Strap APB Concept... Read more\u2026 Shipping within 2 to 6 days &nbsp;","robots":{"index":"index","follow":"follow","max-snippet":"max-snippet:-1","max-image-preview":"max-image-preview:large","max-video-preview":"max-video-preview:-1"},"canonical":"https:\/\/www.ohselection.com\/en\/produit\/classic-watch-strap-abp-concept-calf\/","og_locale":"en_US","og_type":"article","og_title":"Classic Watch Strap - ABP Concept Calf | OH SELECTION","og_description":"Classic Calf Watch Strap APB Concept... Read more\u2026 Shipping within 2 to 6 days &nbsp;","og_url":"https:\/\/www.ohselection.com\/en\/produit\/classic-watch-strap-abp-concept-calf\/","og_site_name":"OH SELECTION","article_publisher":"https:\/\/www.facebook.com\/ohselectionparis\/","article_modified_time":"2025-09-29T07:57:00+00:00","og_image":[{"width":1200,"height":800,"url":"https:\/\/www.ohselection.com\/wp-content\/uploads\/2019\/02\/P1210386_V2.jpg","type":"image\/jpeg"}],"twitter_card":"summary_large_image","twitter_misc":{"Est. reading time":"2 minutes"},"schema":{"@context":"https:\/\/schema.org","@graph":[{"@type":"WebPage","@id":"https:\/\/www.ohselection.com\/en\/produit\/classic-watch-strap-abp-concept-calf\/","url":"https:\/\/www.ohselection.com\/en\/produit\/classic-watch-strap-abp-concept-calf\/","name":"Classic Watch Strap - ABP Concept Calf | OH SELECTION","isPartOf":{"@id":"https:\/\/www.ohselection.com\/en\/#website"},"primaryImageOfPage":{"@id":"https:\/\/www.ohselection.com\/en\/produit\/classic-watch-strap-abp-concept-calf\/#primaryimage"},"image":{"@id":"https:\/\/www.ohselection.com\/en\/produit\/classic-watch-strap-abp-concept-calf\/#primaryimage"},"thumbnailUrl":"https:\/\/www.ohselection.com\/wp-content\/uploads\/2019\/02\/P1210386_V2.jpg","datePublished":"2019-02-18T16:35:54+00:00","dateModified":"2025-09-29T07:57:00+00:00","description":"Classic Calf Watch Strap APB Concept... Read more\u2026 Shipping within 2 to 6 days &nbsp;","breadcrumb":{"@id":"https:\/\/www.ohselection.com\/en\/produit\/classic-watch-strap-abp-concept-calf\/#breadcrumb"},"inLanguage":"en-US","potentialAction":[{"@type":"ReadAction","target":["https:\/\/www.ohselection.com\/en\/produit\/classic-watch-strap-abp-concept-calf\/"]}]},{"@type":"ImageObject","inLanguage":"en-US","@id":"https:\/\/www.ohselection.com\/en\/produit\/classic-watch-strap-abp-concept-calf\/#primaryimage","url":"https:\/\/www.ohselection.com\/wp-content\/uploads\/2019\/02\/P1210386_V2.jpg","contentUrl":"https:\/\/www.ohselection.com\/wp-content\/uploads\/2019\/02\/P1210386_V2.jpg","width":1200,"height":800,"caption":"ABP Classic Calfskin Strap"},{"@type":"BreadcrumbList","@id":"https:\/\/www.ohselection.com\/en\/produit\/classic-watch-strap-abp-concept-calf\/#breadcrumb","itemListElement":[{"@type":"ListItem","position":1,"name":"Accueil","item":"https:\/\/www.ohselection.com\/shop\/?lang=en"},{"@type":"ListItem","position":2,"name":"Watch straps","item":"https:\/\/www.ohselection.com\/en\/product-category\/watch-straps\/"},{"@type":"ListItem","position":3,"name":"Leather Watch Strap","item":"https:\/\/www.ohselection.com\/en\/product-category\/leather-watch-strap\/"},{"@type":"ListItem","position":4,"name":"Classic Watch Strap &#8211; ABP Concept Calf"}]},{"@type":"WebSite","@id":"https:\/\/www.ohselection.com\/en\/#website","url":"https:\/\/www.ohselection.com\/en\/","name":"OH Selection","description":"Une s\u00e9lection de produits test\u00e9s et approuv\u00e9s par nos horlogers","publisher":{"@id":"https:\/\/www.ohselection.com\/en\/#organization"},"alternateName":"Boutique sp\u00e9cialis\u00e9e dans les accessoires d'horlogerie","potentialAction":[{"@type":"SearchAction","target":{"@type":"EntryPoint","urlTemplate":"https:\/\/www.ohselection.com\/en\/?s={search_term_string}"},"query-input":{"@type":"PropertyValueSpecification","valueRequired":true,"valueName":"search_term_string"}}],"inLanguage":"en-US"},{"@type":"Organization","@id":"https:\/\/www.ohselection.com\/en\/#organization","name":"OH SELECTION","alternateName":"OHSelection","url":"https:\/\/www.ohselection.com\/en\/","logo":{"@type":"ImageObject","inLanguage":"en-US","@id":"https:\/\/www.ohselection.com\/en\/#\/schema\/logo\/image\/","url":"https:\/\/www.ohselection.com\/wp-content\/uploads\/2025\/04\/Logo-OHS-N.jpg","contentUrl":"https:\/\/www.ohselection.com\/wp-content\/uploads\/2025\/04\/Logo-OHS-N.jpg","width":1385,"height":325,"caption":"OH SELECTION"},"image":{"@id":"https:\/\/www.ohselection.com\/en\/#\/schema\/logo\/image\/"},"sameAs":["https:\/\/www.facebook.com\/ohselectionparis\/","https:\/\/www.instagram.com\/ohselectionparis\/"]}]}},"brands":[{"id":577,"name":"ABP Concept","slug":"abp-concept"}],"_links":{"self":[{"href":"https:\/\/www.ohselection.com\/en\/wp-json\/wp\/v2\/product\/129291","targetHints":{"allow":["GET"]}}],"collection":[{"href":"https:\/\/www.ohselection.com\/en\/wp-json\/wp\/v2\/product"}],"about":[{"href":"https:\/\/www.ohselection.com\/en\/wp-json\/wp\/v2\/types\/product"}],"replies":[{"embeddable":true,"href":"https:\/\/www.ohselection.com\/en\/wp-json\/wp\/v2\/comments?post=129291"}],"wp:featuredmedia":[{"embeddable":true,"href":"https:\/\/www.ohselection.com\/en\/wp-json\/wp\/v2\/media\/129292"}],"wp:attachment":[{"href":"https:\/\/www.ohselection.com\/en\/wp-json\/wp\/v2\/media?parent=129291"}],"wp:term":[{"taxonomy":"pwb-brand","embeddable":true,"href":"https:\/\/www.ohselection.com\/en\/wp-json\/wp\/v2\/pwb-brand?post=129291"},{"taxonomy":"product_brand","embeddable":true,"href":"https:\/\/www.ohselection.com\/en\/wp-json\/wp\/v2\/product_brand?post=129291"},{"taxonomy":"product_cat","embeddable":true,"href":"https:\/\/www.ohselection.com\/en\/wp-json\/wp\/v2\/product_cat?post=129291"},{"taxonomy":"product_tag","embeddable":true,"href":"https:\/\/www.ohselection.com\/en\/wp-json\/wp\/v2\/product_tag?post=129291"}],"curies":[{"name":"wp","href":"https:\/\/api.w.org\/{rel}","templated":true}]}}