{"id":99531,"date":"2025-09-04T17:33:11","date_gmt":"2025-09-04T15:33:11","guid":{"rendered":"https:\/\/www.ohselection.com\/produit\/apb-concept-essential-alligator-leather-apple-watch-strap\/"},"modified":"2025-09-22T15:48:16","modified_gmt":"2025-09-22T13:48:16","slug":"apb-concept-essential-alligator-leather-apple-watch-strap","status":"publish","type":"product","link":"https:\/\/www.ohselection.com\/en\/product\/apb-concept-essential-alligator-leather-apple-watch-strap\/","title":{"rendered":"APB Concept Essential Alligator Leather Apple Watch Strap"},"content":{"rendered":"<h3><img decoding=\"async\" class=\"alignnone size-full wp-image-6386\" src=\"\/wp-content\/uploads\/2017\/07\/Capture-d%E2%80%99e%C4%9Bcran-2017-08-02-a%C4%9A-15.48.12.png\" alt=\"\" width=\"50\"> Description<\/h3>\n<p>Elevate your Apple Watch with this <strong>classic genuine alligator leather strap<\/strong>, offered by Atelier du Bracelet Parisien (ABP Concept), an independent brand certified as a &#8220;Living Heritage Company&#8221; (Entreprise du Patrimoine Vivant) in France \u2014 a testament to exceptional craftsmanship. This Essential model combines matte-tanned alligator leather, with square or rectangular scales, with a black rubberized calfskin lining for an elegant and durable finish. The domed 4.5 mm thickness at the lugs ensures optimal comfort and a particularly refined visual presence. Available in black, brown, medium brown, grey, or blue, it will subtly blend in or boldly stand out, depending on your preference.   <\/p>\n<h4>A Handcrafted Strap Designed for your Apple Watch<\/h4>\n<ul>\n<li>Tone-on-tone finishes: discreet and elegant stitching, without contrast.<\/li>\n<li>Perfect fit for your watch: generous yet not excessive thickness, for comfortable wear all day long.<\/li>\n<li>Classic and contemporary color choice: from sober black to refined blue.<\/li>\n<\/ul>\n<p>This strap is designed to harmoniously complement your Apple Watch (38 mm to 49 mm models), thanks to the adapters and buckles (pin buckle) available in steel, gold, rose gold, or black. Choose an accessory that is at once refined, easy to match, and resolutely focused on everyday elegance. <\/p>\n<h3><img decoding=\"async\" class=\"alignnone size-full wp-image-6386\" src=\"\/wp-content\/uploads\/2017\/07\/Capture-d%E2%80%99e%C4%9Bcran-2017-08-02-a%C4%9A-15.48.12.png\" alt=\"\" width=\"50\"> Technical Specifications<\/h3>\n<ul>\n<li><strong>Material<\/strong>: genuine alligator leather, matte tanned, square or rectangular scales.<\/li>\n<li><strong>Lining<\/strong>: black rubberized calfskin.<\/li>\n<li><strong>Thickness<\/strong>: 4.5 mm domed at the lugs for a harmonious volume.<\/li>\n<li><strong>Available Colors<\/strong>: black, brown, medium brown, grey, blue.<\/li>\n<li><strong>Sizes (lengths)<\/strong>:\n<ul>\n<li>105\/65 mm for wrist circumference 14.5 to 16.5 cm (S)<\/li>\n<li>115\/75 mm for 16.5 to 18.5 cm (M)<\/li>\n<li>125\/85 mm for 18.5 to 20.5 cm (L)<\/li>\n<\/ul>\n<\/li>\n<li><strong>Buckle &amp; Adapters<\/strong>: Apple Watch style \u2013 pin buckles available in steel, gold, rose gold, or black.<\/li>\n<li><strong>Compatibility<\/strong>: Apple Watch models 38 mm, 40 mm, 41 mm, 42 mm, 44 mm, 45 mm, and 49 mm.<\/li>\n<li><strong>Brand<\/strong>: ABP Concept, French artisan, not affiliated with Apple or other watch brands.<\/li>\n<\/ul>\n","protected":false},"excerpt":{"rendered":"<p>Elevate the style of your Apple Watch with the Essential genuine alligator leather strap, handcrafted in France. Combining watchmaking craftsmanship, premium comfort, and compatibility with all Apple Watch sizes, it is available in several colors and finishes. <\/p>\n<p><strong><em>Shipping within 2 to 8 days<\/em><\/strong><\/p>\n","protected":false},"featured_media":99532,"comment_status":"open","ping_status":"closed","template":"","meta":[],"pwb-brand":[577],"product_brand":[697],"product_cat":[826,827,824],"product_tag":[],"class_list":{"0":"post-99531","1":"product","2":"type-product","3":"status-publish","4":"has-post-thumbnail","6":"pwb-brand-abp-concept","7":"product_brand-abp-concept","8":"product_cat-apple-watch-strap","9":"product_cat-leather-watch-strap","10":"product_cat-watch-straps","12":"first","13":"instock","14":"taxable","15":"shipping-taxable","16":"purchasable","17":"product-type-simple"},"yoast_head":"<!-- This site is optimized with the Yoast SEO plugin v27.0 - https:\/\/yoast.com\/product\/yoast-seo-wordpress\/ -->\n<title>APB Concept Essential Alligator Leather Apple Watch Strap | OH SELECTION<\/title>\n<meta name=\"description\" content=\"Elevate the style of your Apple Watch with the Essential genuine alligator leather strap, handcrafted in France. Combining watchmaking craftsmanship, premium comfort, and compatibility with all Apple Watch sizes, it is available in several colors and finishes.  Shipping within 2 to 8 days\" \/>\n<meta name=\"robots\" content=\"index, follow, max-snippet:-1, max-image-preview:large, max-video-preview:-1\" \/>\n<link rel=\"canonical\" href=\"https:\/\/www.ohselection.com\/en\/product\/apb-concept-essential-alligator-leather-apple-watch-strap\/\" \/>\n<meta property=\"og:locale\" content=\"en_US\" \/>\n<meta property=\"og:type\" content=\"article\" \/>\n<meta property=\"og:title\" content=\"APB Concept Essential Alligator Leather Apple Watch Strap | OH SELECTION\" \/>\n<meta property=\"og:description\" content=\"Elevate the style of your Apple Watch with the Essential genuine alligator leather strap, handcrafted in France. Combining watchmaking craftsmanship, premium comfort, and compatibility with all Apple Watch sizes, it is available in several colors and finishes.  Shipping within 2 to 8 days\" \/>\n<meta property=\"og:url\" content=\"https:\/\/www.ohselection.com\/en\/product\/apb-concept-essential-alligator-leather-apple-watch-strap\/\" \/>\n<meta property=\"og:site_name\" content=\"OH SELECTION\" \/>\n<meta property=\"article:publisher\" content=\"https:\/\/www.facebook.com\/ohselectionparis\/\" \/>\n<meta property=\"article:modified_time\" content=\"2025-09-22T13:48:16+00:00\" \/>\n<meta property=\"og:image\" content=\"https:\/\/www.ohselection.com\/wp-content\/uploads\/2025\/09\/apple-watch-bracelet-montre-classique-essential-cuir-alligator-2048x-v1679404559.jpeg\" \/>\n\t<meta property=\"og:image:width\" content=\"1100\" \/>\n\t<meta property=\"og:image:height\" content=\"800\" \/>\n\t<meta property=\"og:image:type\" content=\"image\/jpeg\" \/>\n<meta name=\"twitter:card\" content=\"summary_large_image\" \/>\n<meta name=\"twitter:label1\" content=\"Est. reading time\" \/>\n\t<meta name=\"twitter:data1\" content=\"1 minute\" \/>\n<script type=\"application\/ld+json\" class=\"yoast-schema-graph\">{\"@context\":\"https:\/\/schema.org\",\"@graph\":[{\"@type\":\"WebPage\",\"@id\":\"https:\/\/www.ohselection.com\/en\/product\/apb-concept-essential-alligator-leather-apple-watch-strap\/\",\"url\":\"https:\/\/www.ohselection.com\/en\/product\/apb-concept-essential-alligator-leather-apple-watch-strap\/\",\"name\":\"APB Concept Essential Alligator Leather Apple Watch Strap | OH SELECTION\",\"isPartOf\":{\"@id\":\"https:\/\/www.ohselection.com\/en\/#website\"},\"primaryImageOfPage\":{\"@id\":\"https:\/\/www.ohselection.com\/en\/product\/apb-concept-essential-alligator-leather-apple-watch-strap\/#primaryimage\"},\"image\":{\"@id\":\"https:\/\/www.ohselection.com\/en\/product\/apb-concept-essential-alligator-leather-apple-watch-strap\/#primaryimage\"},\"thumbnailUrl\":\"https:\/\/www.ohselection.com\/wp-content\/uploads\/2025\/09\/apple-watch-bracelet-montre-classique-essential-cuir-alligator-2048x-v1679404559.jpeg\",\"datePublished\":\"2025-09-04T15:33:11+00:00\",\"dateModified\":\"2025-09-22T13:48:16+00:00\",\"description\":\"Elevate the style of your Apple Watch with the Essential genuine alligator leather strap, handcrafted in France. Combining watchmaking craftsmanship, premium comfort, and compatibility with all Apple Watch sizes, it is available in several colors and finishes. Shipping within 2 to 8 days\",\"breadcrumb\":{\"@id\":\"https:\/\/www.ohselection.com\/en\/product\/apb-concept-essential-alligator-leather-apple-watch-strap\/#breadcrumb\"},\"inLanguage\":\"en-US\",\"potentialAction\":[{\"@type\":\"ReadAction\",\"target\":[\"https:\/\/www.ohselection.com\/en\/product\/apb-concept-essential-alligator-leather-apple-watch-strap\/\"]}]},{\"@type\":\"ImageObject\",\"inLanguage\":\"en-US\",\"@id\":\"https:\/\/www.ohselection.com\/en\/product\/apb-concept-essential-alligator-leather-apple-watch-strap\/#primaryimage\",\"url\":\"https:\/\/www.ohselection.com\/wp-content\/uploads\/2025\/09\/apple-watch-bracelet-montre-classique-essential-cuir-alligator-2048x-v1679404559.jpeg\",\"contentUrl\":\"https:\/\/www.ohselection.com\/wp-content\/uploads\/2025\/09\/apple-watch-bracelet-montre-classique-essential-cuir-alligator-2048x-v1679404559.jpeg\",\"width\":1100,\"height\":800,\"caption\":\"apple-watch-bracelet-montre-classique-essential-cuir-alligator\"},{\"@type\":\"BreadcrumbList\",\"@id\":\"https:\/\/www.ohselection.com\/en\/product\/apb-concept-essential-alligator-leather-apple-watch-strap\/#breadcrumb\",\"itemListElement\":[{\"@type\":\"ListItem\",\"position\":1,\"name\":\"Accueil\",\"item\":\"https:\/\/www.ohselection.com\/shop\/?lang=en\"},{\"@type\":\"ListItem\",\"position\":2,\"name\":\"Watch straps\",\"item\":\"https:\/\/www.ohselection.com\/en\/product-category\/watch-straps\/\"},{\"@type\":\"ListItem\",\"position\":3,\"name\":\"Apple Watch Strap\",\"item\":\"https:\/\/www.ohselection.com\/en\/product-category\/apple-watch-strap\/\"},{\"@type\":\"ListItem\",\"position\":4,\"name\":\"APB Concept Essential Alligator Leather Apple Watch Strap\"}]},{\"@type\":\"WebSite\",\"@id\":\"https:\/\/www.ohselection.com\/en\/#website\",\"url\":\"https:\/\/www.ohselection.com\/en\/\",\"name\":\"OH Selection\",\"description\":\"Une s\u00e9lection de produits test\u00e9s et approuv\u00e9s par nos horlogers\",\"publisher\":{\"@id\":\"https:\/\/www.ohselection.com\/en\/#organization\"},\"alternateName\":\"Boutique sp\u00e9cialis\u00e9e dans les accessoires d'horlogerie\",\"potentialAction\":[{\"@type\":\"SearchAction\",\"target\":{\"@type\":\"EntryPoint\",\"urlTemplate\":\"https:\/\/www.ohselection.com\/en\/?s={search_term_string}\"},\"query-input\":{\"@type\":\"PropertyValueSpecification\",\"valueRequired\":true,\"valueName\":\"search_term_string\"}}],\"inLanguage\":\"en-US\"},{\"@type\":\"Organization\",\"@id\":\"https:\/\/www.ohselection.com\/en\/#organization\",\"name\":\"OH SELECTION\",\"alternateName\":\"OHSelection\",\"url\":\"https:\/\/www.ohselection.com\/en\/\",\"logo\":{\"@type\":\"ImageObject\",\"inLanguage\":\"en-US\",\"@id\":\"https:\/\/www.ohselection.com\/en\/#\/schema\/logo\/image\/\",\"url\":\"https:\/\/www.ohselection.com\/wp-content\/uploads\/2025\/04\/Logo-OHS-N.jpg\",\"contentUrl\":\"https:\/\/www.ohselection.com\/wp-content\/uploads\/2025\/04\/Logo-OHS-N.jpg\",\"width\":1385,\"height\":325,\"caption\":\"OH SELECTION\"},\"image\":{\"@id\":\"https:\/\/www.ohselection.com\/en\/#\/schema\/logo\/image\/\"},\"sameAs\":[\"https:\/\/www.facebook.com\/ohselectionparis\/\",\"https:\/\/www.instagram.com\/ohselectionparis\/\"]}]}<\/script>\n<!-- \/ Yoast SEO plugin. -->","yoast_head_json":{"title":"APB Concept Essential Alligator Leather Apple Watch Strap | OH SELECTION","description":"Elevate the style of your Apple Watch with the Essential genuine alligator leather strap, handcrafted in France. Combining watchmaking craftsmanship, premium comfort, and compatibility with all Apple Watch sizes, it is available in several colors and finishes.  Shipping within 2 to 8 days","robots":{"index":"index","follow":"follow","max-snippet":"max-snippet:-1","max-image-preview":"max-image-preview:large","max-video-preview":"max-video-preview:-1"},"canonical":"https:\/\/www.ohselection.com\/en\/product\/apb-concept-essential-alligator-leather-apple-watch-strap\/","og_locale":"en_US","og_type":"article","og_title":"APB Concept Essential Alligator Leather Apple Watch Strap | OH SELECTION","og_description":"Elevate the style of your Apple Watch with the Essential genuine alligator leather strap, handcrafted in France. Combining watchmaking craftsmanship, premium comfort, and compatibility with all Apple Watch sizes, it is available in several colors and finishes.  Shipping within 2 to 8 days","og_url":"https:\/\/www.ohselection.com\/en\/product\/apb-concept-essential-alligator-leather-apple-watch-strap\/","og_site_name":"OH SELECTION","article_publisher":"https:\/\/www.facebook.com\/ohselectionparis\/","article_modified_time":"2025-09-22T13:48:16+00:00","og_image":[{"width":1100,"height":800,"url":"https:\/\/www.ohselection.com\/wp-content\/uploads\/2025\/09\/apple-watch-bracelet-montre-classique-essential-cuir-alligator-2048x-v1679404559.jpeg","type":"image\/jpeg"}],"twitter_card":"summary_large_image","twitter_misc":{"Est. reading time":"1 minute"},"schema":{"@context":"https:\/\/schema.org","@graph":[{"@type":"WebPage","@id":"https:\/\/www.ohselection.com\/en\/product\/apb-concept-essential-alligator-leather-apple-watch-strap\/","url":"https:\/\/www.ohselection.com\/en\/product\/apb-concept-essential-alligator-leather-apple-watch-strap\/","name":"APB Concept Essential Alligator Leather Apple Watch Strap | OH SELECTION","isPartOf":{"@id":"https:\/\/www.ohselection.com\/en\/#website"},"primaryImageOfPage":{"@id":"https:\/\/www.ohselection.com\/en\/product\/apb-concept-essential-alligator-leather-apple-watch-strap\/#primaryimage"},"image":{"@id":"https:\/\/www.ohselection.com\/en\/product\/apb-concept-essential-alligator-leather-apple-watch-strap\/#primaryimage"},"thumbnailUrl":"https:\/\/www.ohselection.com\/wp-content\/uploads\/2025\/09\/apple-watch-bracelet-montre-classique-essential-cuir-alligator-2048x-v1679404559.jpeg","datePublished":"2025-09-04T15:33:11+00:00","dateModified":"2025-09-22T13:48:16+00:00","description":"Elevate the style of your Apple Watch with the Essential genuine alligator leather strap, handcrafted in France. Combining watchmaking craftsmanship, premium comfort, and compatibility with all Apple Watch sizes, it is available in several colors and finishes. Shipping within 2 to 8 days","breadcrumb":{"@id":"https:\/\/www.ohselection.com\/en\/product\/apb-concept-essential-alligator-leather-apple-watch-strap\/#breadcrumb"},"inLanguage":"en-US","potentialAction":[{"@type":"ReadAction","target":["https:\/\/www.ohselection.com\/en\/product\/apb-concept-essential-alligator-leather-apple-watch-strap\/"]}]},{"@type":"ImageObject","inLanguage":"en-US","@id":"https:\/\/www.ohselection.com\/en\/product\/apb-concept-essential-alligator-leather-apple-watch-strap\/#primaryimage","url":"https:\/\/www.ohselection.com\/wp-content\/uploads\/2025\/09\/apple-watch-bracelet-montre-classique-essential-cuir-alligator-2048x-v1679404559.jpeg","contentUrl":"https:\/\/www.ohselection.com\/wp-content\/uploads\/2025\/09\/apple-watch-bracelet-montre-classique-essential-cuir-alligator-2048x-v1679404559.jpeg","width":1100,"height":800,"caption":"apple-watch-bracelet-montre-classique-essential-cuir-alligator"},{"@type":"BreadcrumbList","@id":"https:\/\/www.ohselection.com\/en\/product\/apb-concept-essential-alligator-leather-apple-watch-strap\/#breadcrumb","itemListElement":[{"@type":"ListItem","position":1,"name":"Accueil","item":"https:\/\/www.ohselection.com\/shop\/?lang=en"},{"@type":"ListItem","position":2,"name":"Watch straps","item":"https:\/\/www.ohselection.com\/en\/product-category\/watch-straps\/"},{"@type":"ListItem","position":3,"name":"Apple Watch Strap","item":"https:\/\/www.ohselection.com\/en\/product-category\/apple-watch-strap\/"},{"@type":"ListItem","position":4,"name":"APB Concept Essential Alligator Leather Apple Watch Strap"}]},{"@type":"WebSite","@id":"https:\/\/www.ohselection.com\/en\/#website","url":"https:\/\/www.ohselection.com\/en\/","name":"OH Selection","description":"Une s\u00e9lection de produits test\u00e9s et approuv\u00e9s par nos horlogers","publisher":{"@id":"https:\/\/www.ohselection.com\/en\/#organization"},"alternateName":"Boutique sp\u00e9cialis\u00e9e dans les accessoires d'horlogerie","potentialAction":[{"@type":"SearchAction","target":{"@type":"EntryPoint","urlTemplate":"https:\/\/www.ohselection.com\/en\/?s={search_term_string}"},"query-input":{"@type":"PropertyValueSpecification","valueRequired":true,"valueName":"search_term_string"}}],"inLanguage":"en-US"},{"@type":"Organization","@id":"https:\/\/www.ohselection.com\/en\/#organization","name":"OH SELECTION","alternateName":"OHSelection","url":"https:\/\/www.ohselection.com\/en\/","logo":{"@type":"ImageObject","inLanguage":"en-US","@id":"https:\/\/www.ohselection.com\/en\/#\/schema\/logo\/image\/","url":"https:\/\/www.ohselection.com\/wp-content\/uploads\/2025\/04\/Logo-OHS-N.jpg","contentUrl":"https:\/\/www.ohselection.com\/wp-content\/uploads\/2025\/04\/Logo-OHS-N.jpg","width":1385,"height":325,"caption":"OH SELECTION"},"image":{"@id":"https:\/\/www.ohselection.com\/en\/#\/schema\/logo\/image\/"},"sameAs":["https:\/\/www.facebook.com\/ohselectionparis\/","https:\/\/www.instagram.com\/ohselectionparis\/"]}]}},"brands":[{"id":577,"name":"ABP Concept","slug":"abp-concept"}],"_links":{"self":[{"href":"https:\/\/www.ohselection.com\/en\/wp-json\/wp\/v2\/product\/99531","targetHints":{"allow":["GET"]}}],"collection":[{"href":"https:\/\/www.ohselection.com\/en\/wp-json\/wp\/v2\/product"}],"about":[{"href":"https:\/\/www.ohselection.com\/en\/wp-json\/wp\/v2\/types\/product"}],"replies":[{"embeddable":true,"href":"https:\/\/www.ohselection.com\/en\/wp-json\/wp\/v2\/comments?post=99531"}],"wp:featuredmedia":[{"embeddable":true,"href":"https:\/\/www.ohselection.com\/en\/wp-json\/wp\/v2\/media\/99532"}],"wp:attachment":[{"href":"https:\/\/www.ohselection.com\/en\/wp-json\/wp\/v2\/media?parent=99531"}],"wp:term":[{"taxonomy":"pwb-brand","embeddable":true,"href":"https:\/\/www.ohselection.com\/en\/wp-json\/wp\/v2\/pwb-brand?post=99531"},{"taxonomy":"product_brand","embeddable":true,"href":"https:\/\/www.ohselection.com\/en\/wp-json\/wp\/v2\/product_brand?post=99531"},{"taxonomy":"product_cat","embeddable":true,"href":"https:\/\/www.ohselection.com\/en\/wp-json\/wp\/v2\/product_cat?post=99531"},{"taxonomy":"product_tag","embeddable":true,"href":"https:\/\/www.ohselection.com\/en\/wp-json\/wp\/v2\/product_tag?post=99531"}],"curies":[{"name":"wp","href":"https:\/\/api.w.org\/{rel}","templated":true}]}}