{"id":99539,"date":"2025-09-01T19:00:43","date_gmt":"2025-09-01T17:00:43","guid":{"rendered":"https:\/\/www.ohselection.com\/produit\/interchangeable-or-quick-release-spring-bars-for-watch-straps\/"},"modified":"2025-09-22T15:48:17","modified_gmt":"2025-09-22T13:48:17","slug":"interchangeable-or-quick-release-spring-bars-for-watch-straps","status":"publish","type":"product","link":"https:\/\/www.ohselection.com\/en\/produit\/interchangeable-or-quick-release-spring-bars-for-watch-straps\/","title":{"rendered":"Interchangeable or Quick-Release Spring Bars for Watch Straps"},"content":{"rendered":"<h3><img decoding=\"async\" class=\"alignnone size-full wp-image-6386\" src=\"\/wp-content\/uploads\/2017\/07\/Capture-d%E2%80%99e%C4%9Bcran-2017-08-02-a%C4%9A-15.48.12.png\" alt=\"\" width=\"50\"> Description<\/h3>\n<p>Interchangeable or quick-release spring bars that can replace classic spring bars. They allow for quick and tool-free changing of watch straps equipped with them. <\/p>\n<p>The interchangeable spring bars we offer are available in 18, 20, and 22 mm sizes.<\/p>\n<h3><img decoding=\"async\" class=\"alignnone size-full wp-image-6386\" src=\"\/wp-content\/uploads\/2017\/07\/Capture-d%E2%80%99e%C4%9Bcran-2017-08-02-a%C4%9A-15.48.12.png\" alt=\"\" width=\"50\"> Technical Specifications<\/h3>\n<ul>\n<li><strong>Material<\/strong>: stainless steel<\/li>\n<li><b>Length<\/b>: 18, 20, and 22 mm<\/li>\n<li><strong>Set<\/strong>: sold in pairs<\/li>\n<\/ul>\n<p>&nbsp;<\/p>\n","protected":false},"excerpt":{"rendered":"<article class=\"text-token-text-primary w-full focus:outline-none scroll-mt-[calc(var(--header-height)+min(200px,max(70px,20svh)))]\" dir=\"auto\" tabindex=\"-1\" data-turn-id=\"request-WEB:2169b8f1-b450-4c4b-8e91-045db277258d-0\" data-testid=\"conversation-turn-2\" data-scroll-anchor=\"true\" data-turn=\"assistant\">\n<div class=\"text-base my-auto mx-auto pb-10 [--thread-content-margin:--spacing(4)] @[37rem]:[--thread-content-margin:--spacing(6)] @[72rem]:[--thread-content-margin:--spacing(16)] px-(--thread-content-margin)\">\n<div class=\"[--thread-content-max-width:32rem] @[34rem]:[--thread-content-max-width:40rem] @[64rem]:[--thread-content-max-width:48rem] mx-auto max-w-(--thread-content-max-width) flex-1 group\/turn-messages focus-visible:outline-hidden relative flex w-full min-w-0 flex-col agent-turn\" tabindex=\"-1\">\n<div class=\"flex max-w-full flex-col grow\">\n<div class=\"min-h-8 text-message relative flex w-full flex-col items-end gap-2 text-start break-words whitespace-normal [.text-message+&amp;]:mt-5\" dir=\"auto\" data-message-author-role=\"assistant\" data-message-id=\"5fe769df-4343-4aae-a2cc-0e1356f1ce29\" data-message-model-slug=\"gpt-4o\">\n<div class=\"flex w-full flex-col gap-1 empty:hidden first:pt-[3px]\">\n<div class=\"markdown prose dark:prose-invert w-full break-words light markdown-new-styling\">\n<article class=\"text-token-text-primary w-full focus:outline-none scroll-mt-[calc(var(--header-height)+min(200px,max(70px,20svh)))]\" dir=\"auto\" tabindex=\"-1\" data-turn-id=\"request-WEB:2169b8f1-b450-4c4b-8e91-045db277258d-1\" data-testid=\"conversation-turn-4\" data-scroll-anchor=\"true\" data-turn=\"assistant\">\n<div class=\"text-base my-auto mx-auto pb-10 [--thread-content-margin:--spacing(4)] @[37rem]:[--thread-content-margin:--spacing(6)] @[72rem]:[--thread-content-margin:--spacing(16)] px-(--thread-content-margin)\">\n<div class=\"[--thread-content-max-width:32rem] @[34rem]:[--thread-content-max-width:40rem] @[64rem]:[--thread-content-max-width:48rem] mx-auto max-w-(--thread-content-max-width) flex-1 group\/turn-messages focus-visible:outline-hidden relative flex w-full min-w-0 flex-col agent-turn\" tabindex=\"-1\">\n<div class=\"flex max-w-full flex-col grow\">\n<div class=\"min-h-8 text-message relative flex w-full flex-col items-end gap-2 text-start break-words whitespace-normal [.text-message+&amp;]:mt-5\" dir=\"auto\" data-message-author-role=\"assistant\" data-message-id=\"88fbb383-4361-4a7a-bd0f-57d2dd321bd1\" data-message-model-slug=\"gpt-4o\">\n<div class=\"flex w-full flex-col gap-1 empty:hidden first:pt-[3px]\">\n<div class=\"markdown prose dark:prose-invert w-full break-words light markdown-new-styling\">\n<p data-start=\"0\" data-end=\"266\" data-is-last-node=\"\" data-is-only-node=\"\">These classic Beco Technic stainless steel spring bars, sold in packs of 2 or 10, securely attach the strap to the watch. With a diameter of 1.8 mm and lengths from 8 to 24 mm, they offer optimal compatibility for many watches. <\/p>\n<\/div>\n<\/div>\n<\/div>\n<\/div>\n<\/div>\n<\/div>\n<\/article>\n<\/div>\n<\/div>\n<\/div>\n<\/div>\n<\/div>\n<\/div>\n<\/article>\n","protected":false},"featured_media":99540,"comment_status":"closed","ping_status":"closed","template":"","meta":[],"pwb-brand":[],"product_brand":[],"product_cat":[831],"product_tag":[],"class_list":{"0":"post-99539","1":"product","2":"type-product","3":"status-publish","4":"has-post-thumbnail","6":"product_cat-watchmaking-tools","7":"product_shipping_class-low-stock","9":"first","10":"instock","11":"taxable","12":"shipping-taxable","13":"purchasable","14":"product-type-simple"},"yoast_head":"<!-- This site is optimized with the Yoast SEO plugin v27.0 - https:\/\/yoast.com\/product\/yoast-seo-wordpress\/ -->\n<title>Interchangeable or Quick-Release Spring Bars for Watch Straps | OH SELECTION<\/title>\n<meta name=\"description\" content=\"These classic Beco Technic stainless steel spring bars, sold in packs of 2 or 10, securely attach the strap to the watch. With a diameter of 1.8 mm and lengths from 8 to 24 mm, they offer optimal compatibility for many watches.\" \/>\n<meta name=\"robots\" content=\"index, follow, max-snippet:-1, max-image-preview:large, max-video-preview:-1\" \/>\n<link rel=\"canonical\" href=\"https:\/\/www.ohselection.com\/en\/produit\/interchangeable-or-quick-release-spring-bars-for-watch-straps\/\" \/>\n<meta property=\"og:locale\" content=\"en_US\" \/>\n<meta property=\"og:type\" content=\"article\" \/>\n<meta property=\"og:title\" content=\"Interchangeable or Quick-Release Spring Bars for Watch Straps | OH SELECTION\" \/>\n<meta property=\"og:description\" content=\"These classic Beco Technic stainless steel spring bars, sold in packs of 2 or 10, securely attach the strap to the watch. With a diameter of 1.8 mm and lengths from 8 to 24 mm, they offer optimal compatibility for many watches.\" \/>\n<meta property=\"og:url\" content=\"https:\/\/www.ohselection.com\/en\/produit\/interchangeable-or-quick-release-spring-bars-for-watch-straps\/\" \/>\n<meta property=\"og:site_name\" content=\"OH SELECTION\" \/>\n<meta property=\"article:publisher\" content=\"https:\/\/www.facebook.com\/ohselectionparis\/\" \/>\n<meta property=\"article:modified_time\" content=\"2025-09-22T13:48:17+00:00\" \/>\n<meta property=\"og:image\" content=\"https:\/\/www.ohselection.com\/wp-content\/uploads\/2025\/09\/Pompes-presto-interchangeables-pour-bracelet-de-montres.jpg\" \/>\n\t<meta property=\"og:image:width\" content=\"1100\" \/>\n\t<meta property=\"og:image:height\" content=\"800\" \/>\n\t<meta property=\"og:image:type\" content=\"image\/jpeg\" \/>\n<meta name=\"twitter:card\" content=\"summary_large_image\" \/>\n<script type=\"application\/ld+json\" class=\"yoast-schema-graph\">{\"@context\":\"https:\/\/schema.org\",\"@graph\":[{\"@type\":\"WebPage\",\"@id\":\"https:\/\/www.ohselection.com\/en\/produit\/interchangeable-or-quick-release-spring-bars-for-watch-straps\/\",\"url\":\"https:\/\/www.ohselection.com\/en\/produit\/interchangeable-or-quick-release-spring-bars-for-watch-straps\/\",\"name\":\"Interchangeable or Quick-Release Spring Bars for Watch Straps | OH SELECTION\",\"isPartOf\":{\"@id\":\"https:\/\/www.ohselection.com\/en\/#website\"},\"primaryImageOfPage\":{\"@id\":\"https:\/\/www.ohselection.com\/en\/produit\/interchangeable-or-quick-release-spring-bars-for-watch-straps\/#primaryimage\"},\"image\":{\"@id\":\"https:\/\/www.ohselection.com\/en\/produit\/interchangeable-or-quick-release-spring-bars-for-watch-straps\/#primaryimage\"},\"thumbnailUrl\":\"https:\/\/www.ohselection.com\/wp-content\/uploads\/2025\/09\/Pompes-presto-interchangeables-pour-bracelet-de-montres.jpg\",\"datePublished\":\"2025-09-01T17:00:43+00:00\",\"dateModified\":\"2025-09-22T13:48:17+00:00\",\"description\":\"These classic Beco Technic stainless steel spring bars, sold in packs of 2 or 10, securely attach the strap to the watch. With a diameter of 1.8 mm and lengths from 8 to 24 mm, they offer optimal compatibility for many watches.\",\"breadcrumb\":{\"@id\":\"https:\/\/www.ohselection.com\/en\/produit\/interchangeable-or-quick-release-spring-bars-for-watch-straps\/#breadcrumb\"},\"inLanguage\":\"en-US\",\"potentialAction\":[{\"@type\":\"ReadAction\",\"target\":[\"https:\/\/www.ohselection.com\/en\/produit\/interchangeable-or-quick-release-spring-bars-for-watch-straps\/\"]}]},{\"@type\":\"ImageObject\",\"inLanguage\":\"en-US\",\"@id\":\"https:\/\/www.ohselection.com\/en\/produit\/interchangeable-or-quick-release-spring-bars-for-watch-straps\/#primaryimage\",\"url\":\"https:\/\/www.ohselection.com\/wp-content\/uploads\/2025\/09\/Pompes-presto-interchangeables-pour-bracelet-de-montres.jpg\",\"contentUrl\":\"https:\/\/www.ohselection.com\/wp-content\/uploads\/2025\/09\/Pompes-presto-interchangeables-pour-bracelet-de-montres.jpg\",\"width\":1100,\"height\":800,\"caption\":\"Quick-release interchangeable spring bars for watch straps\"},{\"@type\":\"BreadcrumbList\",\"@id\":\"https:\/\/www.ohselection.com\/en\/produit\/interchangeable-or-quick-release-spring-bars-for-watch-straps\/#breadcrumb\",\"itemListElement\":[{\"@type\":\"ListItem\",\"position\":1,\"name\":\"Accueil\",\"item\":\"https:\/\/www.ohselection.com\/shop\/?lang=en\"},{\"@type\":\"ListItem\",\"position\":2,\"name\":\"Watchmaking tools\",\"item\":\"https:\/\/www.ohselection.com\/en\/product-category\/watchmaking-tools\/\"},{\"@type\":\"ListItem\",\"position\":3,\"name\":\"Interchangeable or Quick-Release Spring Bars for Watch Straps\"}]},{\"@type\":\"WebSite\",\"@id\":\"https:\/\/www.ohselection.com\/en\/#website\",\"url\":\"https:\/\/www.ohselection.com\/en\/\",\"name\":\"OH Selection\",\"description\":\"Une s\u00e9lection de produits test\u00e9s et approuv\u00e9s par nos horlogers\",\"publisher\":{\"@id\":\"https:\/\/www.ohselection.com\/en\/#organization\"},\"alternateName\":\"Boutique sp\u00e9cialis\u00e9e dans les accessoires d'horlogerie\",\"potentialAction\":[{\"@type\":\"SearchAction\",\"target\":{\"@type\":\"EntryPoint\",\"urlTemplate\":\"https:\/\/www.ohselection.com\/en\/?s={search_term_string}\"},\"query-input\":{\"@type\":\"PropertyValueSpecification\",\"valueRequired\":true,\"valueName\":\"search_term_string\"}}],\"inLanguage\":\"en-US\"},{\"@type\":\"Organization\",\"@id\":\"https:\/\/www.ohselection.com\/en\/#organization\",\"name\":\"OH SELECTION\",\"alternateName\":\"OHSelection\",\"url\":\"https:\/\/www.ohselection.com\/en\/\",\"logo\":{\"@type\":\"ImageObject\",\"inLanguage\":\"en-US\",\"@id\":\"https:\/\/www.ohselection.com\/en\/#\/schema\/logo\/image\/\",\"url\":\"https:\/\/www.ohselection.com\/wp-content\/uploads\/2025\/04\/Logo-OHS-N.jpg\",\"contentUrl\":\"https:\/\/www.ohselection.com\/wp-content\/uploads\/2025\/04\/Logo-OHS-N.jpg\",\"width\":1385,\"height\":325,\"caption\":\"OH SELECTION\"},\"image\":{\"@id\":\"https:\/\/www.ohselection.com\/en\/#\/schema\/logo\/image\/\"},\"sameAs\":[\"https:\/\/www.facebook.com\/ohselectionparis\/\",\"https:\/\/www.instagram.com\/ohselectionparis\/\"]}]}<\/script>\n<!-- \/ Yoast SEO plugin. -->","yoast_head_json":{"title":"Interchangeable or Quick-Release Spring Bars for Watch Straps | OH SELECTION","description":"These classic Beco Technic stainless steel spring bars, sold in packs of 2 or 10, securely attach the strap to the watch. With a diameter of 1.8 mm and lengths from 8 to 24 mm, they offer optimal compatibility for many watches.","robots":{"index":"index","follow":"follow","max-snippet":"max-snippet:-1","max-image-preview":"max-image-preview:large","max-video-preview":"max-video-preview:-1"},"canonical":"https:\/\/www.ohselection.com\/en\/produit\/interchangeable-or-quick-release-spring-bars-for-watch-straps\/","og_locale":"en_US","og_type":"article","og_title":"Interchangeable or Quick-Release Spring Bars for Watch Straps | OH SELECTION","og_description":"These classic Beco Technic stainless steel spring bars, sold in packs of 2 or 10, securely attach the strap to the watch. With a diameter of 1.8 mm and lengths from 8 to 24 mm, they offer optimal compatibility for many watches.","og_url":"https:\/\/www.ohselection.com\/en\/produit\/interchangeable-or-quick-release-spring-bars-for-watch-straps\/","og_site_name":"OH SELECTION","article_publisher":"https:\/\/www.facebook.com\/ohselectionparis\/","article_modified_time":"2025-09-22T13:48:17+00:00","og_image":[{"width":1100,"height":800,"url":"https:\/\/www.ohselection.com\/wp-content\/uploads\/2025\/09\/Pompes-presto-interchangeables-pour-bracelet-de-montres.jpg","type":"image\/jpeg"}],"twitter_card":"summary_large_image","schema":{"@context":"https:\/\/schema.org","@graph":[{"@type":"WebPage","@id":"https:\/\/www.ohselection.com\/en\/produit\/interchangeable-or-quick-release-spring-bars-for-watch-straps\/","url":"https:\/\/www.ohselection.com\/en\/produit\/interchangeable-or-quick-release-spring-bars-for-watch-straps\/","name":"Interchangeable or Quick-Release Spring Bars for Watch Straps | OH SELECTION","isPartOf":{"@id":"https:\/\/www.ohselection.com\/en\/#website"},"primaryImageOfPage":{"@id":"https:\/\/www.ohselection.com\/en\/produit\/interchangeable-or-quick-release-spring-bars-for-watch-straps\/#primaryimage"},"image":{"@id":"https:\/\/www.ohselection.com\/en\/produit\/interchangeable-or-quick-release-spring-bars-for-watch-straps\/#primaryimage"},"thumbnailUrl":"https:\/\/www.ohselection.com\/wp-content\/uploads\/2025\/09\/Pompes-presto-interchangeables-pour-bracelet-de-montres.jpg","datePublished":"2025-09-01T17:00:43+00:00","dateModified":"2025-09-22T13:48:17+00:00","description":"These classic Beco Technic stainless steel spring bars, sold in packs of 2 or 10, securely attach the strap to the watch. With a diameter of 1.8 mm and lengths from 8 to 24 mm, they offer optimal compatibility for many watches.","breadcrumb":{"@id":"https:\/\/www.ohselection.com\/en\/produit\/interchangeable-or-quick-release-spring-bars-for-watch-straps\/#breadcrumb"},"inLanguage":"en-US","potentialAction":[{"@type":"ReadAction","target":["https:\/\/www.ohselection.com\/en\/produit\/interchangeable-or-quick-release-spring-bars-for-watch-straps\/"]}]},{"@type":"ImageObject","inLanguage":"en-US","@id":"https:\/\/www.ohselection.com\/en\/produit\/interchangeable-or-quick-release-spring-bars-for-watch-straps\/#primaryimage","url":"https:\/\/www.ohselection.com\/wp-content\/uploads\/2025\/09\/Pompes-presto-interchangeables-pour-bracelet-de-montres.jpg","contentUrl":"https:\/\/www.ohselection.com\/wp-content\/uploads\/2025\/09\/Pompes-presto-interchangeables-pour-bracelet-de-montres.jpg","width":1100,"height":800,"caption":"Quick-release interchangeable spring bars for watch straps"},{"@type":"BreadcrumbList","@id":"https:\/\/www.ohselection.com\/en\/produit\/interchangeable-or-quick-release-spring-bars-for-watch-straps\/#breadcrumb","itemListElement":[{"@type":"ListItem","position":1,"name":"Accueil","item":"https:\/\/www.ohselection.com\/shop\/?lang=en"},{"@type":"ListItem","position":2,"name":"Watchmaking tools","item":"https:\/\/www.ohselection.com\/en\/product-category\/watchmaking-tools\/"},{"@type":"ListItem","position":3,"name":"Interchangeable or Quick-Release Spring Bars for Watch Straps"}]},{"@type":"WebSite","@id":"https:\/\/www.ohselection.com\/en\/#website","url":"https:\/\/www.ohselection.com\/en\/","name":"OH Selection","description":"Une s\u00e9lection de produits test\u00e9s et approuv\u00e9s par nos horlogers","publisher":{"@id":"https:\/\/www.ohselection.com\/en\/#organization"},"alternateName":"Boutique sp\u00e9cialis\u00e9e dans les accessoires d'horlogerie","potentialAction":[{"@type":"SearchAction","target":{"@type":"EntryPoint","urlTemplate":"https:\/\/www.ohselection.com\/en\/?s={search_term_string}"},"query-input":{"@type":"PropertyValueSpecification","valueRequired":true,"valueName":"search_term_string"}}],"inLanguage":"en-US"},{"@type":"Organization","@id":"https:\/\/www.ohselection.com\/en\/#organization","name":"OH SELECTION","alternateName":"OHSelection","url":"https:\/\/www.ohselection.com\/en\/","logo":{"@type":"ImageObject","inLanguage":"en-US","@id":"https:\/\/www.ohselection.com\/en\/#\/schema\/logo\/image\/","url":"https:\/\/www.ohselection.com\/wp-content\/uploads\/2025\/04\/Logo-OHS-N.jpg","contentUrl":"https:\/\/www.ohselection.com\/wp-content\/uploads\/2025\/04\/Logo-OHS-N.jpg","width":1385,"height":325,"caption":"OH SELECTION"},"image":{"@id":"https:\/\/www.ohselection.com\/en\/#\/schema\/logo\/image\/"},"sameAs":["https:\/\/www.facebook.com\/ohselectionparis\/","https:\/\/www.instagram.com\/ohselectionparis\/"]}]}},"brands":[],"_links":{"self":[{"href":"https:\/\/www.ohselection.com\/en\/wp-json\/wp\/v2\/product\/99539","targetHints":{"allow":["GET"]}}],"collection":[{"href":"https:\/\/www.ohselection.com\/en\/wp-json\/wp\/v2\/product"}],"about":[{"href":"https:\/\/www.ohselection.com\/en\/wp-json\/wp\/v2\/types\/product"}],"replies":[{"embeddable":true,"href":"https:\/\/www.ohselection.com\/en\/wp-json\/wp\/v2\/comments?post=99539"}],"wp:featuredmedia":[{"embeddable":true,"href":"https:\/\/www.ohselection.com\/en\/wp-json\/wp\/v2\/media\/99540"}],"wp:attachment":[{"href":"https:\/\/www.ohselection.com\/en\/wp-json\/wp\/v2\/media?parent=99539"}],"wp:term":[{"taxonomy":"pwb-brand","embeddable":true,"href":"https:\/\/www.ohselection.com\/en\/wp-json\/wp\/v2\/pwb-brand?post=99539"},{"taxonomy":"product_brand","embeddable":true,"href":"https:\/\/www.ohselection.com\/en\/wp-json\/wp\/v2\/product_brand?post=99539"},{"taxonomy":"product_cat","embeddable":true,"href":"https:\/\/www.ohselection.com\/en\/wp-json\/wp\/v2\/product_cat?post=99539"},{"taxonomy":"product_tag","embeddable":true,"href":"https:\/\/www.ohselection.com\/en\/wp-json\/wp\/v2\/product_tag?post=99539"}],"curies":[{"name":"wp","href":"https:\/\/api.w.org\/{rel}","templated":true}]}}