{"id":99555,"date":"2025-09-04T17:32:15","date_gmt":"2025-09-04T15:32:15","guid":{"rendered":"https:\/\/www.ohselection.com\/produit\/apb-concept-solid-color-elastic-nylon-apple-watch-strap\/"},"modified":"2025-09-22T15:48:29","modified_gmt":"2025-09-22T13:48:29","slug":"apb-concept-solid-color-elastic-nylon-apple-watch-strap","status":"publish","type":"product","link":"https:\/\/www.ohselection.com\/en\/produit\/apb-concept-solid-color-elastic-nylon-apple-watch-strap\/","title":{"rendered":"APB Concept Solid Color Elastic Nylon Apple Watch Strap"},"content":{"rendered":"<h3><img decoding=\"async\" class=\"alignnone size-full wp-image-6386\" src=\"\/wp-content\/uploads\/2017\/07\/Capture-d%E2%80%99e%C4%9Bcran-2017-08-02-a%C4%9A-15.48.12.png\" alt=\"\" width=\"50\"> Description<\/h3>\n<p>Give your watch a touch of soft and colorful comfort with the <strong>Elastic Nylon\/Fabric Watch Strap \u2013 Solid Color<\/strong> by ABP Concept. Designed to adapt to all wrist sizes, this woven nylon strap offers an ideal balance between elasticity and robustness, perfect for accompanying your Apple Watch daily. <\/p>\n<h4>Color Palette<\/h4>\n<p>Available in 14 carefully selected colors:<\/p>\n<ul>\n<li>Black, white, grey<\/li>\n<li>Navy blue, duck egg blue, electric blue<\/li>\n<li>Green, khaki<\/li>\n<li>Brown, light brown<\/li>\n<li>Beige, red, orange, pink<\/li>\n<\/ul>\n<h4>Universal Compatibility<\/h4>\n<p>This model is compatible with Apple Watch cases 38mm, 40mm, 41mm, 42mm, 44mm, 45mm, and 49mm :contentReference[oaicite:0]{index=0}. The wide range of lengths (from 17mm to 24mm) ensures adaptation to the lug-to-lug distance of your watch. <\/p>\n<h4>Simple and Precise Size Guide<\/h4>\n<p>To find the ideal size:<\/p>\n<ul>\n<li>Measure your wrist circumference in millimeters.<\/li>\n<li>Subtract the lug-to-lug distance of your watch.<\/li>\n<li>Add 10mm to the result to find the closest strap length.<\/li>\n<\/ul>\n<h4>Manufacturing &amp; Availability<\/h4>\n<p>Manufactured in France at the ABP Concept workshop, this strap has a production lead time of one week before shipping.<\/p>\n<h3><img decoding=\"async\" class=\"alignnone size-full wp-image-6386\" src=\"\/wp-content\/uploads\/2017\/07\/Capture-d%E2%80%99e%C4%9Bcran-2017-08-02-a%C4%9A-15.48.12.png\" alt=\"\" width=\"50\"> Technical Specifications<\/h3>\n<ul>\n<li><strong>Type:<\/strong> Elastic nylon \/ fabric strap<\/li>\n<li><strong>Available Colors:<\/strong> 14 variants (black, white, grey, navy blue, duck egg blue, electric blue, green, khaki, brown, light brown, beige, red, orange, pink)<\/li>\n<li><strong>Compatibility:<\/strong> Apple Watch 38mm, 40mm, 41mm, 42mm, 44mm, 45mm, 49mm<\/li>\n<li><strong>Size Guide:<\/strong> Wrist circumference \u2013 lug-to-lug distance + 10mm :contentReference<\/li>\n<li><strong>Production:<\/strong> 1 week<\/li>\n<li><strong>Origin:<\/strong> ABP Concept, a French brand labeled &#8220;Entreprise du Patrimoine Vivant&#8221;<\/li>\n<\/ul>\n","protected":false},"excerpt":{"rendered":"<p>Choose comfort and style with our elastic woven nylon strap compatible with Apple Watch. Lightweight, durable, and available in 14 trendy colors, it adapts perfectly to all wrists. Made to order, it offers a custom fit to enhance your smartwatch.  <\/p>\n<p><em><strong>Shipping within 6 to 12 days<\/strong><\/em><\/p>\n","protected":false},"featured_media":99570,"comment_status":"open","ping_status":"closed","template":"","meta":[],"pwb-brand":[577],"product_brand":[697],"product_cat":[826,833,834,824],"product_tag":[],"class_list":{"0":"post-99555","1":"product","2":"type-product","3":"status-publish","4":"has-post-thumbnail","6":"pwb-brand-abp-concept","7":"product_brand-abp-concept","8":"product_cat-apple-watch-strap","9":"product_cat-fabric-watch-strap","10":"product_cat-gifts-under-e50","11":"product_cat-watch-straps","13":"first","14":"instock","15":"taxable","16":"shipping-taxable","17":"purchasable","18":"product-type-simple"},"yoast_head":"<!-- This site is optimized with the Yoast SEO plugin v27.0 - https:\/\/yoast.com\/product\/yoast-seo-wordpress\/ -->\n<title>APB Concept Solid Color Elastic Nylon Apple Watch Strap | OH SELECTION<\/title>\n<meta name=\"description\" content=\"Choose comfort and style with our elastic woven nylon strap compatible with Apple Watch. Lightweight, durable, and available in 14 trendy colors, it adapts perfectly to all wrists. Made to order, it offers a custom fit to enhance your smartwatch.  Shipping within 6 to 12 days\" \/>\n<meta name=\"robots\" content=\"index, follow, max-snippet:-1, max-image-preview:large, max-video-preview:-1\" \/>\n<link rel=\"canonical\" href=\"https:\/\/www.ohselection.com\/en\/produit\/apb-concept-solid-color-elastic-nylon-apple-watch-strap\/\" \/>\n<meta property=\"og:locale\" content=\"en_US\" \/>\n<meta property=\"og:type\" content=\"article\" \/>\n<meta property=\"og:title\" content=\"APB Concept Solid Color Elastic Nylon Apple Watch Strap | OH SELECTION\" \/>\n<meta property=\"og:description\" content=\"Choose comfort and style with our elastic woven nylon strap compatible with Apple Watch. Lightweight, durable, and available in 14 trendy colors, it adapts perfectly to all wrists. Made to order, it offers a custom fit to enhance your smartwatch.  Shipping within 6 to 12 days\" \/>\n<meta property=\"og:url\" content=\"https:\/\/www.ohselection.com\/en\/produit\/apb-concept-solid-color-elastic-nylon-apple-watch-strap\/\" \/>\n<meta property=\"og:site_name\" content=\"OH SELECTION\" \/>\n<meta property=\"article:publisher\" content=\"https:\/\/www.facebook.com\/ohselectionparis\/\" \/>\n<meta property=\"article:modified_time\" content=\"2025-09-22T13:48:29+00:00\" \/>\n<meta property=\"og:image\" content=\"https:\/\/www.ohselection.com\/wp-content\/uploads\/2025\/09\/bracelet-elastique-apple-watch-uni-couv.jpeg\" \/>\n\t<meta property=\"og:image:width\" content=\"1100\" \/>\n\t<meta property=\"og:image:height\" content=\"800\" \/>\n\t<meta property=\"og:image:type\" content=\"image\/jpeg\" \/>\n<meta name=\"twitter:card\" content=\"summary_large_image\" \/>\n<meta name=\"twitter:label1\" content=\"Est. reading time\" \/>\n\t<meta name=\"twitter:data1\" content=\"1 minute\" \/>\n<script type=\"application\/ld+json\" class=\"yoast-schema-graph\">{\"@context\":\"https:\/\/schema.org\",\"@graph\":[{\"@type\":\"WebPage\",\"@id\":\"https:\/\/www.ohselection.com\/en\/produit\/apb-concept-solid-color-elastic-nylon-apple-watch-strap\/\",\"url\":\"https:\/\/www.ohselection.com\/en\/produit\/apb-concept-solid-color-elastic-nylon-apple-watch-strap\/\",\"name\":\"APB Concept Solid Color Elastic Nylon Apple Watch Strap | OH SELECTION\",\"isPartOf\":{\"@id\":\"https:\/\/www.ohselection.com\/en\/#website\"},\"primaryImageOfPage\":{\"@id\":\"https:\/\/www.ohselection.com\/en\/produit\/apb-concept-solid-color-elastic-nylon-apple-watch-strap\/#primaryimage\"},\"image\":{\"@id\":\"https:\/\/www.ohselection.com\/en\/produit\/apb-concept-solid-color-elastic-nylon-apple-watch-strap\/#primaryimage\"},\"thumbnailUrl\":\"https:\/\/www.ohselection.com\/wp-content\/uploads\/2025\/09\/bracelet-elastique-apple-watch-uni-couv.jpeg\",\"datePublished\":\"2025-09-04T15:32:15+00:00\",\"dateModified\":\"2025-09-22T13:48:29+00:00\",\"description\":\"Choose comfort and style with our elastic woven nylon strap compatible with Apple Watch. Lightweight, durable, and available in 14 trendy colors, it adapts perfectly to all wrists. Made to order, it offers a custom fit to enhance your smartwatch. Shipping within 6 to 12 days\",\"breadcrumb\":{\"@id\":\"https:\/\/www.ohselection.com\/en\/produit\/apb-concept-solid-color-elastic-nylon-apple-watch-strap\/#breadcrumb\"},\"inLanguage\":\"en-US\",\"potentialAction\":[{\"@type\":\"ReadAction\",\"target\":[\"https:\/\/www.ohselection.com\/en\/produit\/apb-concept-solid-color-elastic-nylon-apple-watch-strap\/\"]}]},{\"@type\":\"ImageObject\",\"inLanguage\":\"en-US\",\"@id\":\"https:\/\/www.ohselection.com\/en\/produit\/apb-concept-solid-color-elastic-nylon-apple-watch-strap\/#primaryimage\",\"url\":\"https:\/\/www.ohselection.com\/wp-content\/uploads\/2025\/09\/bracelet-elastique-apple-watch-uni-couv.jpeg\",\"contentUrl\":\"https:\/\/www.ohselection.com\/wp-content\/uploads\/2025\/09\/bracelet-elastique-apple-watch-uni-couv.jpeg\",\"width\":1100,\"height\":800,\"caption\":\"bracelet-elastique-apple-watch-uni-couv\"},{\"@type\":\"BreadcrumbList\",\"@id\":\"https:\/\/www.ohselection.com\/en\/produit\/apb-concept-solid-color-elastic-nylon-apple-watch-strap\/#breadcrumb\",\"itemListElement\":[{\"@type\":\"ListItem\",\"position\":1,\"name\":\"Accueil\",\"item\":\"https:\/\/www.ohselection.com\/shop\/?lang=en\"},{\"@type\":\"ListItem\",\"position\":2,\"name\":\"Watch straps\",\"item\":\"https:\/\/www.ohselection.com\/en\/product-category\/watch-straps\/\"},{\"@type\":\"ListItem\",\"position\":3,\"name\":\"Apple Watch Strap\",\"item\":\"https:\/\/www.ohselection.com\/en\/product-category\/apple-watch-strap\/\"},{\"@type\":\"ListItem\",\"position\":4,\"name\":\"APB Concept Solid Color Elastic Nylon Apple Watch Strap\"}]},{\"@type\":\"WebSite\",\"@id\":\"https:\/\/www.ohselection.com\/en\/#website\",\"url\":\"https:\/\/www.ohselection.com\/en\/\",\"name\":\"OH Selection\",\"description\":\"Une s\u00e9lection de produits test\u00e9s et approuv\u00e9s par nos horlogers\",\"publisher\":{\"@id\":\"https:\/\/www.ohselection.com\/en\/#organization\"},\"alternateName\":\"Boutique sp\u00e9cialis\u00e9e dans les accessoires d'horlogerie\",\"potentialAction\":[{\"@type\":\"SearchAction\",\"target\":{\"@type\":\"EntryPoint\",\"urlTemplate\":\"https:\/\/www.ohselection.com\/en\/?s={search_term_string}\"},\"query-input\":{\"@type\":\"PropertyValueSpecification\",\"valueRequired\":true,\"valueName\":\"search_term_string\"}}],\"inLanguage\":\"en-US\"},{\"@type\":\"Organization\",\"@id\":\"https:\/\/www.ohselection.com\/en\/#organization\",\"name\":\"OH SELECTION\",\"alternateName\":\"OHSelection\",\"url\":\"https:\/\/www.ohselection.com\/en\/\",\"logo\":{\"@type\":\"ImageObject\",\"inLanguage\":\"en-US\",\"@id\":\"https:\/\/www.ohselection.com\/en\/#\/schema\/logo\/image\/\",\"url\":\"https:\/\/www.ohselection.com\/wp-content\/uploads\/2025\/04\/Logo-OHS-N.jpg\",\"contentUrl\":\"https:\/\/www.ohselection.com\/wp-content\/uploads\/2025\/04\/Logo-OHS-N.jpg\",\"width\":1385,\"height\":325,\"caption\":\"OH SELECTION\"},\"image\":{\"@id\":\"https:\/\/www.ohselection.com\/en\/#\/schema\/logo\/image\/\"},\"sameAs\":[\"https:\/\/www.facebook.com\/ohselectionparis\/\",\"https:\/\/www.instagram.com\/ohselectionparis\/\"]}]}<\/script>\n<!-- \/ Yoast SEO plugin. -->","yoast_head_json":{"title":"APB Concept Solid Color Elastic Nylon Apple Watch Strap | OH SELECTION","description":"Choose comfort and style with our elastic woven nylon strap compatible with Apple Watch. Lightweight, durable, and available in 14 trendy colors, it adapts perfectly to all wrists. Made to order, it offers a custom fit to enhance your smartwatch.  Shipping within 6 to 12 days","robots":{"index":"index","follow":"follow","max-snippet":"max-snippet:-1","max-image-preview":"max-image-preview:large","max-video-preview":"max-video-preview:-1"},"canonical":"https:\/\/www.ohselection.com\/en\/produit\/apb-concept-solid-color-elastic-nylon-apple-watch-strap\/","og_locale":"en_US","og_type":"article","og_title":"APB Concept Solid Color Elastic Nylon Apple Watch Strap | OH SELECTION","og_description":"Choose comfort and style with our elastic woven nylon strap compatible with Apple Watch. Lightweight, durable, and available in 14 trendy colors, it adapts perfectly to all wrists. Made to order, it offers a custom fit to enhance your smartwatch.  Shipping within 6 to 12 days","og_url":"https:\/\/www.ohselection.com\/en\/produit\/apb-concept-solid-color-elastic-nylon-apple-watch-strap\/","og_site_name":"OH SELECTION","article_publisher":"https:\/\/www.facebook.com\/ohselectionparis\/","article_modified_time":"2025-09-22T13:48:29+00:00","og_image":[{"width":1100,"height":800,"url":"https:\/\/www.ohselection.com\/wp-content\/uploads\/2025\/09\/bracelet-elastique-apple-watch-uni-couv.jpeg","type":"image\/jpeg"}],"twitter_card":"summary_large_image","twitter_misc":{"Est. reading time":"1 minute"},"schema":{"@context":"https:\/\/schema.org","@graph":[{"@type":"WebPage","@id":"https:\/\/www.ohselection.com\/en\/produit\/apb-concept-solid-color-elastic-nylon-apple-watch-strap\/","url":"https:\/\/www.ohselection.com\/en\/produit\/apb-concept-solid-color-elastic-nylon-apple-watch-strap\/","name":"APB Concept Solid Color Elastic Nylon Apple Watch Strap | OH SELECTION","isPartOf":{"@id":"https:\/\/www.ohselection.com\/en\/#website"},"primaryImageOfPage":{"@id":"https:\/\/www.ohselection.com\/en\/produit\/apb-concept-solid-color-elastic-nylon-apple-watch-strap\/#primaryimage"},"image":{"@id":"https:\/\/www.ohselection.com\/en\/produit\/apb-concept-solid-color-elastic-nylon-apple-watch-strap\/#primaryimage"},"thumbnailUrl":"https:\/\/www.ohselection.com\/wp-content\/uploads\/2025\/09\/bracelet-elastique-apple-watch-uni-couv.jpeg","datePublished":"2025-09-04T15:32:15+00:00","dateModified":"2025-09-22T13:48:29+00:00","description":"Choose comfort and style with our elastic woven nylon strap compatible with Apple Watch. Lightweight, durable, and available in 14 trendy colors, it adapts perfectly to all wrists. Made to order, it offers a custom fit to enhance your smartwatch. Shipping within 6 to 12 days","breadcrumb":{"@id":"https:\/\/www.ohselection.com\/en\/produit\/apb-concept-solid-color-elastic-nylon-apple-watch-strap\/#breadcrumb"},"inLanguage":"en-US","potentialAction":[{"@type":"ReadAction","target":["https:\/\/www.ohselection.com\/en\/produit\/apb-concept-solid-color-elastic-nylon-apple-watch-strap\/"]}]},{"@type":"ImageObject","inLanguage":"en-US","@id":"https:\/\/www.ohselection.com\/en\/produit\/apb-concept-solid-color-elastic-nylon-apple-watch-strap\/#primaryimage","url":"https:\/\/www.ohselection.com\/wp-content\/uploads\/2025\/09\/bracelet-elastique-apple-watch-uni-couv.jpeg","contentUrl":"https:\/\/www.ohselection.com\/wp-content\/uploads\/2025\/09\/bracelet-elastique-apple-watch-uni-couv.jpeg","width":1100,"height":800,"caption":"bracelet-elastique-apple-watch-uni-couv"},{"@type":"BreadcrumbList","@id":"https:\/\/www.ohselection.com\/en\/produit\/apb-concept-solid-color-elastic-nylon-apple-watch-strap\/#breadcrumb","itemListElement":[{"@type":"ListItem","position":1,"name":"Accueil","item":"https:\/\/www.ohselection.com\/shop\/?lang=en"},{"@type":"ListItem","position":2,"name":"Watch straps","item":"https:\/\/www.ohselection.com\/en\/product-category\/watch-straps\/"},{"@type":"ListItem","position":3,"name":"Apple Watch Strap","item":"https:\/\/www.ohselection.com\/en\/product-category\/apple-watch-strap\/"},{"@type":"ListItem","position":4,"name":"APB Concept Solid Color Elastic Nylon Apple Watch Strap"}]},{"@type":"WebSite","@id":"https:\/\/www.ohselection.com\/en\/#website","url":"https:\/\/www.ohselection.com\/en\/","name":"OH Selection","description":"Une s\u00e9lection de produits test\u00e9s et approuv\u00e9s par nos horlogers","publisher":{"@id":"https:\/\/www.ohselection.com\/en\/#organization"},"alternateName":"Boutique sp\u00e9cialis\u00e9e dans les accessoires d'horlogerie","potentialAction":[{"@type":"SearchAction","target":{"@type":"EntryPoint","urlTemplate":"https:\/\/www.ohselection.com\/en\/?s={search_term_string}"},"query-input":{"@type":"PropertyValueSpecification","valueRequired":true,"valueName":"search_term_string"}}],"inLanguage":"en-US"},{"@type":"Organization","@id":"https:\/\/www.ohselection.com\/en\/#organization","name":"OH SELECTION","alternateName":"OHSelection","url":"https:\/\/www.ohselection.com\/en\/","logo":{"@type":"ImageObject","inLanguage":"en-US","@id":"https:\/\/www.ohselection.com\/en\/#\/schema\/logo\/image\/","url":"https:\/\/www.ohselection.com\/wp-content\/uploads\/2025\/04\/Logo-OHS-N.jpg","contentUrl":"https:\/\/www.ohselection.com\/wp-content\/uploads\/2025\/04\/Logo-OHS-N.jpg","width":1385,"height":325,"caption":"OH SELECTION"},"image":{"@id":"https:\/\/www.ohselection.com\/en\/#\/schema\/logo\/image\/"},"sameAs":["https:\/\/www.facebook.com\/ohselectionparis\/","https:\/\/www.instagram.com\/ohselectionparis\/"]}]}},"brands":[{"id":577,"name":"ABP Concept","slug":"abp-concept"}],"_links":{"self":[{"href":"https:\/\/www.ohselection.com\/en\/wp-json\/wp\/v2\/product\/99555","targetHints":{"allow":["GET"]}}],"collection":[{"href":"https:\/\/www.ohselection.com\/en\/wp-json\/wp\/v2\/product"}],"about":[{"href":"https:\/\/www.ohselection.com\/en\/wp-json\/wp\/v2\/types\/product"}],"replies":[{"embeddable":true,"href":"https:\/\/www.ohselection.com\/en\/wp-json\/wp\/v2\/comments?post=99555"}],"wp:featuredmedia":[{"embeddable":true,"href":"https:\/\/www.ohselection.com\/en\/wp-json\/wp\/v2\/media\/99570"}],"wp:attachment":[{"href":"https:\/\/www.ohselection.com\/en\/wp-json\/wp\/v2\/media?parent=99555"}],"wp:term":[{"taxonomy":"pwb-brand","embeddable":true,"href":"https:\/\/www.ohselection.com\/en\/wp-json\/wp\/v2\/pwb-brand?post=99555"},{"taxonomy":"product_brand","embeddable":true,"href":"https:\/\/www.ohselection.com\/en\/wp-json\/wp\/v2\/product_brand?post=99555"},{"taxonomy":"product_cat","embeddable":true,"href":"https:\/\/www.ohselection.com\/en\/wp-json\/wp\/v2\/product_cat?post=99555"},{"taxonomy":"product_tag","embeddable":true,"href":"https:\/\/www.ohselection.com\/en\/wp-json\/wp\/v2\/product_tag?post=99555"}],"curies":[{"name":"wp","href":"https:\/\/api.w.org\/{rel}","templated":true}]}}