{"id":99905,"date":"2025-07-22T14:36:30","date_gmt":"2025-07-22T12:36:30","guid":{"rendered":"https:\/\/www.ohselection.com\/produit\/large-custom-leather-kronokeeper-90-liter-safe\/"},"modified":"2025-09-22T17:01:48","modified_gmt":"2025-09-22T15:01:48","slug":"large-custom-leather-kronokeeper-90-liter-safe","status":"publish","type":"product","link":"https:\/\/www.ohselection.com\/en\/produit\/large-custom-leather-kronokeeper-90-liter-safe\/","title":{"rendered":"Large Custom Leather Kronokeeper 90-Liter Safe"},"content":{"rendered":"<h3><img decoding=\"async\" class=\"alignnone size-full wp-image-6386\" src=\"\/wp-content\/uploads\/2017\/07\/Capture-d%E2%80%99e%C4%9Bcran-2017-08-02-a%C4%9A-15.48.12.png\" alt=\"\" width=\"50\"> Description<\/h3>\n<p>The <strong>KronoKeeper 90L safe<\/strong> is designed to offer high-end protection for your watches, jewelry, and precious items, and to accommodate several dozen timepieces on watch winders (up to 12) or in fitted drawers. The 90-liter safe is ECB\u2022S certified for <em>theft resistance S2 (EN\u202f14450)<\/em> and fire resistance for 30 minutes (EN\u202f15659), combining robustness, style, and reliability. Each safe features a Class B electronic lock (EN\u202f13000 standard) with a 6-digit code, and an anti-burglary sealing system complemented by &#8220;V&#8221; bolts, ensuring high physical and thermal resistance.  <\/p>\n<h4>A Refined and Customizable Design<\/h4>\n<p>The 90-liter safe can be customized for both the exterior leather (41 colors available) and the interior felt (27 colors).<\/p>\n<h3><img decoding=\"async\" class=\"alignnone size-full wp-image-6386\" src=\"\/wp-content\/uploads\/2017\/07\/Capture-d%E2%80%99e%C4%9Bcran-2017-08-02-a%C4%9A-15.48.12.png\" alt=\"\" width=\"50\"> Technical Specifications<\/h3>\n<ul>\n<li><strong>Volume:<\/strong> 90 liters<\/li>\n<li><strong>Theft Protection:<\/strong> ECB\u2022S Certification, EN\u202f14450 standard \u2013 theft S2<\/li>\n<li><strong>Fire Protection:<\/strong> ECB\u2022S Certification, EN\u202f15659 standard \u2013 up to 30 min<\/li>\n<li><strong>Lock:<\/strong> Electronic Class B, EN\u202f13000 standard, 6-digit code<\/li>\n<li><strong>Anti-Burglary System:<\/strong> &#8220;V&#8221; bolts + sealing<\/li>\n<li><strong>Exterior Covering:<\/strong> Genuine leather (41 shades to choose from)<\/li>\n<li><strong>Interior Covering:<\/strong> Felt (27 colors)<\/li>\n<li><strong>Internal Furnishings:<\/strong> Small drawer (8 watches) lined with microfiber and leather<\/li>\n<li><strong>Construction:<\/strong> High-performance steel alloy, resistant to both fire and theft<\/li>\n<\/ul>\n","protected":false},"excerpt":{"rendered":"<p>Protect your watches with elegance thanks to the large 90-liter Kronokeeper leather safe. Combining security and refinement, it offers a luxurious case to preserve your most precious timepieces. <\/p>\n<p><em><strong>Shipping within 12 to 16 weeks<\/strong><\/em><\/p>\n","protected":false},"featured_media":99906,"comment_status":"open","ping_status":"closed","template":"","meta":[],"pwb-brand":[569],"product_brand":[702],"product_cat":[851],"product_tag":[],"class_list":{"0":"post-99905","1":"product","2":"type-product","3":"status-publish","4":"has-post-thumbnail","6":"pwb-brand-kronokeeper","7":"product_brand-kronokeeper","8":"product_cat-watch-safe","9":"product_shipping_class-low-stock","10":"pa_option-with-swisskubik-masterbox-winder","11":"pa_option-with-swisskubik-startbox-winder","12":"pa_option-without-winder","14":"first","15":"instock","16":"taxable","17":"shipping-taxable","18":"purchasable","19":"product-type-variable"},"yoast_head":"<!-- This site is optimized with the Yoast SEO plugin v27.0 - https:\/\/yoast.com\/product\/yoast-seo-wordpress\/ -->\n<title>Large Custom Leather Kronokeeper 90-Liter Safe | OH SELECTION<\/title>\n<meta name=\"description\" content=\"Protect your watches with elegance thanks to the large 90-liter Kronokeeper leather safe. Combining security and refinement, it offers a luxurious case to preserve your most precious timepieces.  Shipping within 12 to 16 weeks\" \/>\n<meta name=\"robots\" content=\"index, follow, max-snippet:-1, max-image-preview:large, max-video-preview:-1\" \/>\n<link rel=\"canonical\" href=\"https:\/\/www.ohselection.com\/en\/produit\/large-custom-leather-kronokeeper-90-liter-safe\/\" \/>\n<meta property=\"og:locale\" content=\"en_US\" \/>\n<meta property=\"og:type\" content=\"article\" \/>\n<meta property=\"og:title\" content=\"Large Custom Leather Kronokeeper 90-Liter Safe | OH SELECTION\" \/>\n<meta property=\"og:description\" content=\"Protect your watches with elegance thanks to the large 90-liter Kronokeeper leather safe. Combining security and refinement, it offers a luxurious case to preserve your most precious timepieces.  Shipping within 12 to 16 weeks\" \/>\n<meta property=\"og:url\" content=\"https:\/\/www.ohselection.com\/en\/produit\/large-custom-leather-kronokeeper-90-liter-safe\/\" \/>\n<meta property=\"og:site_name\" content=\"OH SELECTION\" \/>\n<meta property=\"article:publisher\" content=\"https:\/\/www.facebook.com\/ohselectionparis\/\" \/>\n<meta property=\"article:modified_time\" content=\"2025-09-22T15:01:48+00:00\" \/>\n<meta property=\"og:image\" content=\"https:\/\/www.ohselection.com\/wp-content\/uploads\/2025\/07\/coffre-kronokeeper-90-litres-pour-montres.jpg\" \/>\n\t<meta property=\"og:image:width\" content=\"1024\" \/>\n\t<meta property=\"og:image:height\" content=\"768\" \/>\n\t<meta property=\"og:image:type\" content=\"image\/jpeg\" \/>\n<meta name=\"twitter:card\" content=\"summary_large_image\" \/>\n<meta name=\"twitter:label1\" content=\"Est. reading time\" \/>\n\t<meta name=\"twitter:data1\" content=\"1 minute\" \/>\n<script type=\"application\/ld+json\" class=\"yoast-schema-graph\">{\"@context\":\"https:\/\/schema.org\",\"@graph\":[{\"@type\":\"WebPage\",\"@id\":\"https:\/\/www.ohselection.com\/en\/produit\/large-custom-leather-kronokeeper-90-liter-safe\/\",\"url\":\"https:\/\/www.ohselection.com\/en\/produit\/large-custom-leather-kronokeeper-90-liter-safe\/\",\"name\":\"Large Custom Leather Kronokeeper 90-Liter Safe | OH SELECTION\",\"isPartOf\":{\"@id\":\"https:\/\/www.ohselection.com\/en\/#website\"},\"primaryImageOfPage\":{\"@id\":\"https:\/\/www.ohselection.com\/en\/produit\/large-custom-leather-kronokeeper-90-liter-safe\/#primaryimage\"},\"image\":{\"@id\":\"https:\/\/www.ohselection.com\/en\/produit\/large-custom-leather-kronokeeper-90-liter-safe\/#primaryimage\"},\"thumbnailUrl\":\"https:\/\/www.ohselection.com\/wp-content\/uploads\/2025\/07\/coffre-kronokeeper-90-litres-pour-montres.jpg\",\"datePublished\":\"2025-07-22T12:36:30+00:00\",\"dateModified\":\"2025-09-22T15:01:48+00:00\",\"description\":\"Protect your watches with elegance thanks to the large 90-liter Kronokeeper leather safe. Combining security and refinement, it offers a luxurious case to preserve your most precious timepieces. Shipping within 12 to 16 weeks\",\"breadcrumb\":{\"@id\":\"https:\/\/www.ohselection.com\/en\/produit\/large-custom-leather-kronokeeper-90-liter-safe\/#breadcrumb\"},\"inLanguage\":\"en-US\",\"potentialAction\":[{\"@type\":\"ReadAction\",\"target\":[\"https:\/\/www.ohselection.com\/en\/produit\/large-custom-leather-kronokeeper-90-liter-safe\/\"]}]},{\"@type\":\"ImageObject\",\"inLanguage\":\"en-US\",\"@id\":\"https:\/\/www.ohselection.com\/en\/produit\/large-custom-leather-kronokeeper-90-liter-safe\/#primaryimage\",\"url\":\"https:\/\/www.ohselection.com\/wp-content\/uploads\/2025\/07\/coffre-kronokeeper-90-litres-pour-montres.jpg\",\"contentUrl\":\"https:\/\/www.ohselection.com\/wp-content\/uploads\/2025\/07\/coffre-kronokeeper-90-litres-pour-montres.jpg\",\"width\":1024,\"height\":768,\"caption\":\"kronokeeper-90-liter-safe-for-watches\"},{\"@type\":\"BreadcrumbList\",\"@id\":\"https:\/\/www.ohselection.com\/en\/produit\/large-custom-leather-kronokeeper-90-liter-safe\/#breadcrumb\",\"itemListElement\":[{\"@type\":\"ListItem\",\"position\":1,\"name\":\"Accueil\",\"item\":\"https:\/\/www.ohselection.com\/shop\/?lang=en\"},{\"@type\":\"ListItem\",\"position\":2,\"name\":\"Watch Safe\",\"item\":\"https:\/\/www.ohselection.com\/en\/product-category\/watch-safe\/\"},{\"@type\":\"ListItem\",\"position\":3,\"name\":\"Large Custom Leather Kronokeeper 90-Liter Safe\"}]},{\"@type\":\"WebSite\",\"@id\":\"https:\/\/www.ohselection.com\/en\/#website\",\"url\":\"https:\/\/www.ohselection.com\/en\/\",\"name\":\"OH Selection\",\"description\":\"Une s\u00e9lection de produits test\u00e9s et approuv\u00e9s par nos horlogers\",\"publisher\":{\"@id\":\"https:\/\/www.ohselection.com\/en\/#organization\"},\"alternateName\":\"Boutique sp\u00e9cialis\u00e9e dans les accessoires d'horlogerie\",\"potentialAction\":[{\"@type\":\"SearchAction\",\"target\":{\"@type\":\"EntryPoint\",\"urlTemplate\":\"https:\/\/www.ohselection.com\/en\/?s={search_term_string}\"},\"query-input\":{\"@type\":\"PropertyValueSpecification\",\"valueRequired\":true,\"valueName\":\"search_term_string\"}}],\"inLanguage\":\"en-US\"},{\"@type\":\"Organization\",\"@id\":\"https:\/\/www.ohselection.com\/en\/#organization\",\"name\":\"OH SELECTION\",\"alternateName\":\"OHSelection\",\"url\":\"https:\/\/www.ohselection.com\/en\/\",\"logo\":{\"@type\":\"ImageObject\",\"inLanguage\":\"en-US\",\"@id\":\"https:\/\/www.ohselection.com\/en\/#\/schema\/logo\/image\/\",\"url\":\"https:\/\/www.ohselection.com\/wp-content\/uploads\/2025\/04\/Logo-OHS-N.jpg\",\"contentUrl\":\"https:\/\/www.ohselection.com\/wp-content\/uploads\/2025\/04\/Logo-OHS-N.jpg\",\"width\":1385,\"height\":325,\"caption\":\"OH SELECTION\"},\"image\":{\"@id\":\"https:\/\/www.ohselection.com\/en\/#\/schema\/logo\/image\/\"},\"sameAs\":[\"https:\/\/www.facebook.com\/ohselectionparis\/\",\"https:\/\/www.instagram.com\/ohselectionparis\/\"]}]}<\/script>\n<!-- \/ Yoast SEO plugin. -->","yoast_head_json":{"title":"Large Custom Leather Kronokeeper 90-Liter Safe | OH SELECTION","description":"Protect your watches with elegance thanks to the large 90-liter Kronokeeper leather safe. Combining security and refinement, it offers a luxurious case to preserve your most precious timepieces.  Shipping within 12 to 16 weeks","robots":{"index":"index","follow":"follow","max-snippet":"max-snippet:-1","max-image-preview":"max-image-preview:large","max-video-preview":"max-video-preview:-1"},"canonical":"https:\/\/www.ohselection.com\/en\/produit\/large-custom-leather-kronokeeper-90-liter-safe\/","og_locale":"en_US","og_type":"article","og_title":"Large Custom Leather Kronokeeper 90-Liter Safe | OH SELECTION","og_description":"Protect your watches with elegance thanks to the large 90-liter Kronokeeper leather safe. Combining security and refinement, it offers a luxurious case to preserve your most precious timepieces.  Shipping within 12 to 16 weeks","og_url":"https:\/\/www.ohselection.com\/en\/produit\/large-custom-leather-kronokeeper-90-liter-safe\/","og_site_name":"OH SELECTION","article_publisher":"https:\/\/www.facebook.com\/ohselectionparis\/","article_modified_time":"2025-09-22T15:01:48+00:00","og_image":[{"width":1024,"height":768,"url":"https:\/\/www.ohselection.com\/wp-content\/uploads\/2025\/07\/coffre-kronokeeper-90-litres-pour-montres.jpg","type":"image\/jpeg"}],"twitter_card":"summary_large_image","twitter_misc":{"Est. reading time":"1 minute"},"schema":{"@context":"https:\/\/schema.org","@graph":[{"@type":"WebPage","@id":"https:\/\/www.ohselection.com\/en\/produit\/large-custom-leather-kronokeeper-90-liter-safe\/","url":"https:\/\/www.ohselection.com\/en\/produit\/large-custom-leather-kronokeeper-90-liter-safe\/","name":"Large Custom Leather Kronokeeper 90-Liter Safe | OH SELECTION","isPartOf":{"@id":"https:\/\/www.ohselection.com\/en\/#website"},"primaryImageOfPage":{"@id":"https:\/\/www.ohselection.com\/en\/produit\/large-custom-leather-kronokeeper-90-liter-safe\/#primaryimage"},"image":{"@id":"https:\/\/www.ohselection.com\/en\/produit\/large-custom-leather-kronokeeper-90-liter-safe\/#primaryimage"},"thumbnailUrl":"https:\/\/www.ohselection.com\/wp-content\/uploads\/2025\/07\/coffre-kronokeeper-90-litres-pour-montres.jpg","datePublished":"2025-07-22T12:36:30+00:00","dateModified":"2025-09-22T15:01:48+00:00","description":"Protect your watches with elegance thanks to the large 90-liter Kronokeeper leather safe. Combining security and refinement, it offers a luxurious case to preserve your most precious timepieces. Shipping within 12 to 16 weeks","breadcrumb":{"@id":"https:\/\/www.ohselection.com\/en\/produit\/large-custom-leather-kronokeeper-90-liter-safe\/#breadcrumb"},"inLanguage":"en-US","potentialAction":[{"@type":"ReadAction","target":["https:\/\/www.ohselection.com\/en\/produit\/large-custom-leather-kronokeeper-90-liter-safe\/"]}]},{"@type":"ImageObject","inLanguage":"en-US","@id":"https:\/\/www.ohselection.com\/en\/produit\/large-custom-leather-kronokeeper-90-liter-safe\/#primaryimage","url":"https:\/\/www.ohselection.com\/wp-content\/uploads\/2025\/07\/coffre-kronokeeper-90-litres-pour-montres.jpg","contentUrl":"https:\/\/www.ohselection.com\/wp-content\/uploads\/2025\/07\/coffre-kronokeeper-90-litres-pour-montres.jpg","width":1024,"height":768,"caption":"kronokeeper-90-liter-safe-for-watches"},{"@type":"BreadcrumbList","@id":"https:\/\/www.ohselection.com\/en\/produit\/large-custom-leather-kronokeeper-90-liter-safe\/#breadcrumb","itemListElement":[{"@type":"ListItem","position":1,"name":"Accueil","item":"https:\/\/www.ohselection.com\/shop\/?lang=en"},{"@type":"ListItem","position":2,"name":"Watch Safe","item":"https:\/\/www.ohselection.com\/en\/product-category\/watch-safe\/"},{"@type":"ListItem","position":3,"name":"Large Custom Leather Kronokeeper 90-Liter Safe"}]},{"@type":"WebSite","@id":"https:\/\/www.ohselection.com\/en\/#website","url":"https:\/\/www.ohselection.com\/en\/","name":"OH Selection","description":"Une s\u00e9lection de produits test\u00e9s et approuv\u00e9s par nos horlogers","publisher":{"@id":"https:\/\/www.ohselection.com\/en\/#organization"},"alternateName":"Boutique sp\u00e9cialis\u00e9e dans les accessoires d'horlogerie","potentialAction":[{"@type":"SearchAction","target":{"@type":"EntryPoint","urlTemplate":"https:\/\/www.ohselection.com\/en\/?s={search_term_string}"},"query-input":{"@type":"PropertyValueSpecification","valueRequired":true,"valueName":"search_term_string"}}],"inLanguage":"en-US"},{"@type":"Organization","@id":"https:\/\/www.ohselection.com\/en\/#organization","name":"OH SELECTION","alternateName":"OHSelection","url":"https:\/\/www.ohselection.com\/en\/","logo":{"@type":"ImageObject","inLanguage":"en-US","@id":"https:\/\/www.ohselection.com\/en\/#\/schema\/logo\/image\/","url":"https:\/\/www.ohselection.com\/wp-content\/uploads\/2025\/04\/Logo-OHS-N.jpg","contentUrl":"https:\/\/www.ohselection.com\/wp-content\/uploads\/2025\/04\/Logo-OHS-N.jpg","width":1385,"height":325,"caption":"OH SELECTION"},"image":{"@id":"https:\/\/www.ohselection.com\/en\/#\/schema\/logo\/image\/"},"sameAs":["https:\/\/www.facebook.com\/ohselectionparis\/","https:\/\/www.instagram.com\/ohselectionparis\/"]}]}},"brands":[{"id":569,"name":"Kronokeeper","slug":"kronokeeper"}],"_links":{"self":[{"href":"https:\/\/www.ohselection.com\/en\/wp-json\/wp\/v2\/product\/99905","targetHints":{"allow":["GET"]}}],"collection":[{"href":"https:\/\/www.ohselection.com\/en\/wp-json\/wp\/v2\/product"}],"about":[{"href":"https:\/\/www.ohselection.com\/en\/wp-json\/wp\/v2\/types\/product"}],"replies":[{"embeddable":true,"href":"https:\/\/www.ohselection.com\/en\/wp-json\/wp\/v2\/comments?post=99905"}],"wp:featuredmedia":[{"embeddable":true,"href":"https:\/\/www.ohselection.com\/en\/wp-json\/wp\/v2\/media\/99906"}],"wp:attachment":[{"href":"https:\/\/www.ohselection.com\/en\/wp-json\/wp\/v2\/media?parent=99905"}],"wp:term":[{"taxonomy":"pwb-brand","embeddable":true,"href":"https:\/\/www.ohselection.com\/en\/wp-json\/wp\/v2\/pwb-brand?post=99905"},{"taxonomy":"product_brand","embeddable":true,"href":"https:\/\/www.ohselection.com\/en\/wp-json\/wp\/v2\/product_brand?post=99905"},{"taxonomy":"product_cat","embeddable":true,"href":"https:\/\/www.ohselection.com\/en\/wp-json\/wp\/v2\/product_cat?post=99905"},{"taxonomy":"product_tag","embeddable":true,"href":"https:\/\/www.ohselection.com\/en\/wp-json\/wp\/v2\/product_tag?post=99905"}],"curies":[{"name":"wp","href":"https:\/\/api.w.org\/{rel}","templated":true}]}}